{"id":36558,"date":"2024-06-05T09:31:29","date_gmt":"2024-06-05T16:31:29","guid":{"rendered":"https:\/\/www.nlacrc.org\/?page_id=36558"},"modified":"2025-07-29T15:06:18","modified_gmt":"2025-07-29T22:06:18","slug":"committees-of-the-board","status":"publish","type":"page","link":"https:\/\/www.nlacrc.org\/hy\/about-us\/public-meetings-governance\/committees-of-the-board\/","title":{"rendered":"\u053d\u0578\u0580\u0570\u0580\u0564\u056b \u0570\u0561\u0576\u0571\u0576\u0561\u056a\u0578\u0572\u0578\u057e\u0576\u0565\u0580"},"content":{"rendered":"<p>\u0537\u056c&nbsp;<a href=\"mailto:boardsupport@nlacrc.org\">boardsupport@nlacrc.org<\/a>&nbsp;\u0569\u0561\u0580\u0563\u0574\u0561\u0576\u0579\u0561\u056f\u0561\u0576 \u056e\u0561\u057c\u0561\u0575\u0578\u0582\u0569\u0575\u0578\u0582\u0576\u0576\u0565\u0580\u056b \u0587\/\u056f\u0561\u0574 \u056c\u0580\u0561\u0581\u0578\u0582\u0581\u056b\u0579 \u056f\u0561\u0581\u0561\u0580\u0561\u0576\u0576\u0565\u0580\u056b \u0570\u0561\u0574\u0561\u0580, \u0578\u0580\u0578\u0576\u0584 \u0571\u0565\u0566 \u056f\u0561\u0580\u0578\u0572 \u0565\u0576 \u0561\u0576\u0570\u0580\u0561\u056a\u0565\u0577\u057f \u056c\u056b\u0576\u0565\u056c:&nbsp;<strong>Requests must be made seven (7) business days before the meeting.<\/strong><\/p>\n\n\n\n<p>Para obtener informaci\u00f3n sobre los servicios de traducci\u00f3n y\/o las adaptaciones que pueda necesitar, env\u00ede un correo electr\u00f3nico a boardsupport@nlacrc.org\u00bb:<strong>&nbsp;&nbsp;Las solicitudes deben hacerse al menos siete d\u00edas h\u00e1biles antes de la reuni\u00f3n.<\/strong><\/p>\n\n\n  \n<section class=\"img_buttons\" style=\"text-align:\">\n    <div class=\"container\"> \n        <!--\n        <div class=\"topTitle \">\n            <h2>CLICKABLE IMAGES<\/h2>\n        <\/div>\n        -->\n        <div class=\"row img_button_row three\">\n                                    <div class=\"col-md-4 img_btn_col\">\n                            <div class=\"img_block\">\n                                                <a href=\"https:\/\/www.nlacrc.org\/hy\/about-us\/public-meetings-governance\/committees-of-the-board\/administrative-affairs-committee\/\" target=\"\">\n                                                                            <div class=\"img-block-wrap\"><img decoding=\"async\" src=\"https:\/\/www.nlacrc.org\/wp-content\/uploads\/2024\/09\/boardroom-discussions-2023-11-27-05-27-11-utc-720x480.jpg\" alt=\"\"><\/div>\n                                                <div class=\"img_block_title\">\n                                                        <span>Executive Finance Committee<\/span>\n                                  \n                        <\/div>\n                                                <\/a>\n                                        <\/div>\n            <\/div>\n                                    <div class=\"col-md-4 img_btn_col\">\n                            <div class=\"img_block\">\n                                                <a href=\"https:\/\/www.nlacrc.org\/hy\/about-us\/public-meetings-governance\/committees-of-the-board\/consumer-advisory-committee\/\" target=\"\">\n                                                                            <div class=\"img-block-wrap\"><img decoding=\"async\" src=\"https:\/\/www.nlacrc.org\/wp-content\/uploads\/2024\/09\/diverse-group-of-people-sitting-in-circle-in-group-2023-11-27-05-09-19-utc-720x480.jpg\" alt=\"\"><\/div>\n                                                <div class=\"img_block_title\">\n                                                        <span>\u054d\u057a\u0561\u057c\u0578\u0572\u0576\u0565\u0580\u056b \u056d\u0578\u0580\u0570\u0580\u0564\u0561\u057f\u057e\u0561\u056f\u0561\u0576 \u056f\u0578\u0574\u056b\u057f\u0565<\/span>\n                                  \n                        <\/div>\n                                                <\/a>\n                                        <\/div>\n            <\/div>\n                                    <div class=\"col-md-4 img_btn_col\">\n                            <div class=\"img_block\">\n                                                <a href=\"https:\/\/www.nlacrc.org\/hy\/about-us\/public-meetings-governance\/committees-of-the-board\/consumer-services-committee\/\" target=\"\">\n                                                                            <div class=\"img-block-wrap\"><img decoding=\"async\" src=\"https:\/\/www.nlacrc.org\/wp-content\/uploads\/2024\/09\/multi-cultural-business-team-having-informal-meeti-2024-03-14-22-27-05-utc-720x480.jpg\" alt=\"\"><\/div>\n                                                <div class=\"img_block_title\">\n                                                        <span>Community Relations Committee<\/span>\n                                  \n                        <\/div>\n                                                <\/a>\n                                        <\/div>\n            <\/div>\n                                    <div class=\"col-md-4 img_btn_col\">\n                            <div class=\"img_block\">\n                                                <a href=\"https:\/\/www.nlacrc.org\/hy\/about-us\/public-meetings-governance\/committees-of-the-board\/nominating-committee\/\" target=\"\">\n                                                                            <div class=\"img-block-wrap\"><img decoding=\"async\" src=\"https:\/\/www.nlacrc.org\/wp-content\/uploads\/2024\/09\/a60b5e1a-1d93-42aa-949a-c5e48763a8bd.jpg\" alt=\"\"><\/div>\n                                                <div class=\"img_block_title\">\n                                                        <span>\u0531\u057c\u0561\u057b\u0561\u0564\u0580\u0578\u0572 \u0570\u0561\u0576\u0571\u0576\u0561\u056a\u0578\u0572\u0578\u057e<\/span>\n                                  \n                        <\/div>\n                                                <\/a>\n                                        <\/div>\n            <\/div>\n                                    <div class=\"col-md-4 img_btn_col\">\n                            <div class=\"img_block\">\n                                                <a href=\"https:\/\/www.nlacrc.org\/hy\/about-us\/public-meetings-governance\/committees-of-the-board\/post-retirement-medical-trust-committee\/\" target=\"\">\n                                                                            <div class=\"img-block-wrap\"><img decoding=\"async\" src=\"https:\/\/www.nlacrc.org\/wp-content\/uploads\/2024\/09\/diverse-business-people-having-a-meeting-2023-11-27-05-14-09-utc-720x480.jpg\" alt=\"\"><\/div>\n                                                <div class=\"img_block_title\">\n                                                        <span>\u0540\u0565\u057f\u0569\u0578\u0577\u0561\u056f\u056b \u0561\u0576\u0581\u0576\u0565\u056c\u0578\u0582\u0581 \u0570\u0565\u057f\u0578 \u0562\u056a\u0577\u056f\u0561\u056f\u0561\u0576 \u057e\u057d\u057f\u0561\u0570\u0578\u0582\u0569\u0575\u0561\u0576 \u0570\u0561\u0576\u0571\u0576\u0561\u056a\u0578\u0572\u0578\u057e<\/span>\n                                  \n                        <\/div>\n                                                <\/a>\n                                        <\/div>\n            <\/div>\n                                    <div class=\"col-md-4 img_btn_col\">\n                            <div class=\"img_block\">\n                                                <a href=\"https:\/\/www.nlacrc.org\/hy\/about-us\/public-meetings-governance\/committees-of-the-board\/vendor-advisory-committee\/\" target=\"\">\n                                                                            <div class=\"img-block-wrap\"><img decoding=\"async\" src=\"https:\/\/www.nlacrc.org\/wp-content\/uploads\/2024\/09\/thumbnail-1.jpg\" alt=\"\"><\/div>\n                                                <div class=\"img_block_title\">\n                                                        <span>\u0544\u0561\u057f\u0561\u056f\u0561\u0580\u0561\u0580\u0576\u0565\u0580\u056b \u056d\u0578\u0580\u0570\u0580\u0564\u0561\u057f\u057e\u0561\u056f\u0561\u0576 \u056f\u0578\u0574\u056b\u057f\u0565<\/span>\n                                  \n                        <\/div>\n                                                <\/a>\n                                        <\/div>\n            <\/div>\n                                    <div class=\"col-md-4 img_btn_col\">\n                            <div class=\"img_block\">\n                                                                        <div class=\"img_block_title\">\n                                  \n                        <\/div>\n                                        <\/div>\n            <\/div>\n             \n        <\/div>\n    <\/div>    \n<\/section>","protected":false},"excerpt":{"rendered":"Email&nbsp;boardsupport@nlacrc.org&nbsp;for translation services and\/or additional accommodation you may need.&nbsp;Requests must be made seven (7) business days before the meeting. Para [&hellip;]","protected":false},"author":3,"featured_media":0,"parent":36546,"menu_order":85,"comment_status":"closed","ping_status":"closed","template":"","meta":{"_acf_changed":false,"advgb_blocks_editor_width":"","advgb_blocks_columns_visual_guide":"","_EventAllDay":false,"_EventTimezone":"","_EventStartDate":"","_EventEndDate":"","_EventStartDateUTC":"","_EventEndDateUTC":"","_EventShowMap":false,"_EventShowMapLink":false,"_EventURL":"","_EventCost":"","_EventCostDescription":"","_EventCurrencySymbol":"","_EventCurrencyCode":"","_EventCurrencyPosition":"","_EventDateTimeSeparator":"","_EventTimeRangeSeparator":"","_EventOrganizerID":[],"_EventVenueID":[],"_OrganizerEmail":"","_OrganizerPhone":"","_OrganizerWebsite":"","_VenueAddress":"","_VenueCity":"","_VenueCountry":"","_VenueProvince":"","_VenueState":"","_VenueZip":"","_VenuePhone":"","_VenueURL":"","_VenueStateProvince":"","_VenueLat":"","_VenueLng":"","_VenueShowMap":false,"_VenueShowMapLink":false,"_tribe_blocks_recurrence_rules":"","_tribe_blocks_recurrence_description":"","_tribe_blocks_recurrence_exclusions":"","footnotes":""},"class_list":["post-36558","page","type-page","status-publish","hentry"],"acf":[],"yoast_head":"<!-- This site is optimized with the Yoast SEO plugin v26.4 - https:\/\/yoast.com\/wordpress\/plugins\/seo\/ -->\n<title>Committees of the Board -<\/title>\n<meta name=\"description\" content=\"Committees of the Board - Email&nbsp;boardsupport@nlacrc.org&nbsp;for translation services and\/or additional accommodation you may need.&nbsp;Requests must be made seven (7)\" \/>\n<meta name=\"robots\" content=\"index, follow, max-snippet:-1, max-image-preview:large, max-video-preview:-1\" \/>\n<link rel=\"canonical\" href=\"https:\/\/nlacrc.org\/es\/about-us\/public-meetings-governance\/committees-of-the-board\/\" \/>\n<meta property=\"og:locale\" content=\"en_US\" \/>\n<meta property=\"og:type\" content=\"article\" \/>\n<meta property=\"og:title\" content=\"Committees of the Board -\" \/>\n<meta property=\"og:description\" content=\"Committees of the Board - Email&nbsp;boardsupport@nlacrc.org&nbsp;for translation services and\/or additional accommodation you may need.&nbsp;Requests must be made seven (7)\" \/>\n<meta property=\"og:url\" content=\"https:\/\/nlacrc.org\/es\/about-us\/public-meetings-governance\/committees-of-the-board\/\" \/>\n<meta property=\"og:site_name\" content=\"North Los Angeles County\" \/>\n<meta property=\"article:publisher\" content=\"https:\/\/www.facebook.com\/NLACRC\/\" \/>\n<meta property=\"article:modified_time\" content=\"2025-07-29T22:06:18+00:00\" \/>\n<meta name=\"twitter:card\" content=\"summary_large_image\" \/>\n<meta name=\"twitter:site\" content=\"@NLACRC\" \/>\n<meta name=\"twitter:label1\" content=\"Est. reading time\" \/>\n\t<meta name=\"twitter:data1\" content=\"1 minute\" \/>\n<script type=\"application\/ld+json\" class=\"yoast-schema-graph\">{\"@context\":\"https:\/\/schema.org\",\"@graph\":[{\"@type\":\"WebPage\",\"@id\":\"https:\/\/nlacrc.org\/es\/about-us\/public-meetings-governance\/committees-of-the-board\/\",\"url\":\"https:\/\/nlacrc.org\/es\/about-us\/public-meetings-governance\/committees-of-the-board\/\",\"name\":\"Committees of the Board -\",\"isPartOf\":{\"@id\":\"https:\/\/www.nlacrc.org\/fa\/#website\"},\"datePublished\":\"2024-06-05T16:31:29+00:00\",\"dateModified\":\"2025-07-29T22:06:18+00:00\",\"description\":\"Committees of the Board - Email&nbsp;boardsupport@nlacrc.org&nbsp;for translation services and\/or additional accommodation you may need.&nbsp;Requests must be made seven (7)\",\"breadcrumb\":{\"@id\":\"https:\/\/nlacrc.org\/es\/about-us\/public-meetings-governance\/committees-of-the-board\/#breadcrumb\"},\"inLanguage\":\"hy\",\"potentialAction\":[{\"@type\":\"ReadAction\",\"target\":[\"https:\/\/nlacrc.org\/es\/about-us\/public-meetings-governance\/committees-of-the-board\/\"]}]},{\"@type\":\"BreadcrumbList\",\"@id\":\"https:\/\/nlacrc.org\/es\/about-us\/public-meetings-governance\/committees-of-the-board\/#breadcrumb\",\"itemListElement\":[{\"@type\":\"ListItem\",\"position\":1,\"name\":\"Home\",\"item\":\"https:\/\/www.nlacrc.org\/\"},{\"@type\":\"ListItem\",\"position\":2,\"name\":\"About Us\",\"item\":\"https:\/\/nlacrc.org\/es\/about-us\/\"},{\"@type\":\"ListItem\",\"position\":3,\"name\":\"Public Meetings, Governance\",\"item\":\"https:\/\/nlacrc.org\/es\/about-us\/public-meetings-governance\/\"},{\"@type\":\"ListItem\",\"position\":4,\"name\":\"Committees of the Board\"}]},{\"@type\":\"WebSite\",\"@id\":\"https:\/\/www.nlacrc.org\/fa\/#website\",\"url\":\"https:\/\/www.nlacrc.org\/fa\/\",\"name\":\"North Los Angeles County\",\"description\":\"Regional Center\",\"publisher\":{\"@id\":\"https:\/\/www.nlacrc.org\/fa\/#organization\"},\"potentialAction\":[{\"@type\":\"SearchAction\",\"target\":{\"@type\":\"EntryPoint\",\"urlTemplate\":\"https:\/\/www.nlacrc.org\/fa\/?s={search_term_string}\"},\"query-input\":{\"@type\":\"PropertyValueSpecification\",\"valueRequired\":true,\"valueName\":\"search_term_string\"}}],\"inLanguage\":\"hy\"},{\"@type\":\"Organization\",\"@id\":\"https:\/\/www.nlacrc.org\/fa\/#organization\",\"name\":\"North Los Angeles County\",\"url\":\"https:\/\/www.nlacrc.org\/fa\/\",\"logo\":{\"@type\":\"ImageObject\",\"inLanguage\":\"hy\",\"@id\":\"https:\/\/www.nlacrc.org\/fa\/#\/schema\/logo\/image\/\",\"url\":\"https:\/\/www.nlacrc.org\/wp-content\/uploads\/2024\/06\/logo.svg\",\"contentUrl\":\"https:\/\/www.nlacrc.org\/wp-content\/uploads\/2024\/06\/logo.svg\",\"width\":131,\"height\":130,\"caption\":\"North Los Angeles County\"},\"image\":{\"@id\":\"https:\/\/www.nlacrc.org\/fa\/#\/schema\/logo\/image\/\"},\"sameAs\":[\"https:\/\/www.facebook.com\/NLACRC\/\",\"https:\/\/x.com\/NLACRC\"]}]}<\/script>\n<!-- \/ Yoast SEO plugin. -->","yoast_head_json":{"title":"Committees of the Board -","description":"Committees of the Board - Email&nbsp;boardsupport@nlacrc.org&nbsp;for translation services and\/or additional accommodation you may need.&nbsp;Requests must be made seven (7)","robots":{"index":"index","follow":"follow","max-snippet":"max-snippet:-1","max-image-preview":"max-image-preview:large","max-video-preview":"max-video-preview:-1"},"canonical":"https:\/\/nlacrc.org\/es\/about-us\/public-meetings-governance\/committees-of-the-board\/","og_locale":"en_US","og_type":"article","og_title":"Committees of the Board -","og_description":"Committees of the Board - Email&nbsp;boardsupport@nlacrc.org&nbsp;for translation services and\/or additional accommodation you may need.&nbsp;Requests must be made seven (7)","og_url":"https:\/\/nlacrc.org\/es\/about-us\/public-meetings-governance\/committees-of-the-board\/","og_site_name":"North Los Angeles County","article_publisher":"https:\/\/www.facebook.com\/NLACRC\/","article_modified_time":"2025-07-29T22:06:18+00:00","twitter_card":"summary_large_image","twitter_site":"@NLACRC","twitter_misc":{"Est. reading time":"1 minute"},"schema":{"@context":"https:\/\/schema.org","@graph":[{"@type":"WebPage","@id":"https:\/\/nlacrc.org\/es\/about-us\/public-meetings-governance\/committees-of-the-board\/","url":"https:\/\/nlacrc.org\/es\/about-us\/public-meetings-governance\/committees-of-the-board\/","name":"Committees of the Board -","isPartOf":{"@id":"https:\/\/www.nlacrc.org\/fa\/#website"},"datePublished":"2024-06-05T16:31:29+00:00","dateModified":"2025-07-29T22:06:18+00:00","description":"Committees of the Board - Email&nbsp;boardsupport@nlacrc.org&nbsp;for translation services and\/or additional accommodation you may need.&nbsp;Requests must be made seven (7)","breadcrumb":{"@id":"https:\/\/nlacrc.org\/es\/about-us\/public-meetings-governance\/committees-of-the-board\/#breadcrumb"},"inLanguage":"hy","potentialAction":[{"@type":"ReadAction","target":["https:\/\/nlacrc.org\/es\/about-us\/public-meetings-governance\/committees-of-the-board\/"]}]},{"@type":"BreadcrumbList","@id":"https:\/\/nlacrc.org\/es\/about-us\/public-meetings-governance\/committees-of-the-board\/#breadcrumb","itemListElement":[{"@type":"ListItem","position":1,"name":"Home","item":"https:\/\/www.nlacrc.org\/"},{"@type":"ListItem","position":2,"name":"About Us","item":"https:\/\/nlacrc.org\/es\/about-us\/"},{"@type":"ListItem","position":3,"name":"Public Meetings, Governance","item":"https:\/\/nlacrc.org\/es\/about-us\/public-meetings-governance\/"},{"@type":"ListItem","position":4,"name":"Committees of the Board"}]},{"@type":"WebSite","@id":"https:\/\/www.nlacrc.org\/fa\/#website","url":"https:\/\/www.nlacrc.org\/fa\/","name":"\u0540\u0575\u0578\u0582\u057d\u056b\u057d\u0561\u0575\u056b\u0576 \u053c\u0578\u057d \u0531\u0576\u057b\u0565\u056c\u0565\u057d \u0577\u0580\u057b\u0561\u0576","description":"\u054f\u0561\u0580\u0561\u056e\u0561\u0577\u0580\u057b\u0561\u0576\u0561\u0575\u056b\u0576 \u056f\u0565\u0576\u057f\u0580\u0578\u0576","publisher":{"@id":"https:\/\/www.nlacrc.org\/fa\/#organization"},"potentialAction":[{"@type":"SearchAction","target":{"@type":"EntryPoint","urlTemplate":"https:\/\/www.nlacrc.org\/fa\/?s={search_term_string}"},"query-input":{"@type":"PropertyValueSpecification","valueRequired":true,"valueName":"search_term_string"}}],"inLanguage":"hy"},{"@type":"Organization","@id":"https:\/\/www.nlacrc.org\/fa\/#organization","name":"\u0540\u0575\u0578\u0582\u057d\u056b\u057d\u0561\u0575\u056b\u0576 \u053c\u0578\u057d \u0531\u0576\u057b\u0565\u056c\u0565\u057d \u0577\u0580\u057b\u0561\u0576","url":"https:\/\/www.nlacrc.org\/fa\/","logo":{"@type":"ImageObject","inLanguage":"hy","@id":"https:\/\/www.nlacrc.org\/fa\/#\/schema\/logo\/image\/","url":"https:\/\/www.nlacrc.org\/wp-content\/uploads\/2024\/06\/logo.svg","contentUrl":"https:\/\/www.nlacrc.org\/wp-content\/uploads\/2024\/06\/logo.svg","width":131,"height":130,"caption":"North Los Angeles County"},"image":{"@id":"https:\/\/www.nlacrc.org\/fa\/#\/schema\/logo\/image\/"},"sameAs":["https:\/\/www.facebook.com\/NLACRC\/","https:\/\/x.com\/NLACRC"]}]}},"coauthors":[],"author_meta":{"author_link":"https:\/\/www.nlacrc.org\/hy\/author\/planeteria\/","display_name":"planeteria"},"relative_dates":{"created":"Posted 2 years ago","modified":"Updated 8 months ago"},"absolute_dates":{"created":"Posted on June 5, 2024","modified":"Updated on July 29, 2025"},"absolute_dates_time":{"created":"Posted on June 5, 2024 9:31 am","modified":"Updated on July 29, 2025 3:06 pm"},"featured_img_caption":"","featured_img":false,"series_order":"","_links":{"self":[{"href":"https:\/\/www.nlacrc.org\/hy\/wp-json\/wp\/v2\/pages\/36558","targetHints":{"allow":["GET"]}}],"collection":[{"href":"https:\/\/www.nlacrc.org\/hy\/wp-json\/wp\/v2\/pages"}],"about":[{"href":"https:\/\/www.nlacrc.org\/hy\/wp-json\/wp\/v2\/types\/page"}],"author":[{"embeddable":true,"href":"https:\/\/www.nlacrc.org\/hy\/wp-json\/wp\/v2\/users\/3"}],"replies":[{"embeddable":true,"href":"https:\/\/www.nlacrc.org\/hy\/wp-json\/wp\/v2\/comments?post=36558"}],"version-history":[{"count":12,"href":"https:\/\/www.nlacrc.org\/hy\/wp-json\/wp\/v2\/pages\/36558\/revisions"}],"predecessor-version":[{"id":58724,"href":"https:\/\/www.nlacrc.org\/hy\/wp-json\/wp\/v2\/pages\/36558\/revisions\/58724"}],"up":[{"embeddable":true,"href":"https:\/\/www.nlacrc.org\/hy\/wp-json\/wp\/v2\/pages\/36546"}],"wp:attachment":[{"href":"https:\/\/www.nlacrc.org\/hy\/wp-json\/wp\/v2\/media?parent=36558"}],"curies":[{"name":"wp","href":"https:\/\/api.w.org\/{rel}","templated":true}]}}