{"id":51696,"date":"2025-02-24T08:39:44","date_gmt":"2025-02-24T16:39:44","guid":{"rendered":"https:\/\/www.nlacrc.org\/?page_id=51696"},"modified":"2025-02-28T18:26:19","modified_gmt":"2025-03-01T02:26:19","slug":"associate-consumer-service-coordinator","status":"publish","type":"page","link":"https:\/\/www.nlacrc.org\/es\/associate-consumer-service-coordinator\/","title":{"rendered":"Coordinador asociado de servicios al consumidor"},"content":{"rendered":"<figure class=\"wp-block-image size-full\"><img loading=\"lazy\" decoding=\"async\" width=\"7360\" height=\"2704\" src=\"https:\/\/www.nlacrc.org\/wp-content\/uploads\/2025\/02\/associate-csc-2-1.png\" alt=\"\" class=\"wp-image-51697\" srcset=\"https:\/\/www.nlacrc.org\/wp-content\/uploads\/2025\/02\/associate-csc-2-1.png 7360w, https:\/\/www.nlacrc.org\/wp-content\/uploads\/2025\/02\/associate-csc-2-1-300x110.png 300w, https:\/\/www.nlacrc.org\/wp-content\/uploads\/2025\/02\/associate-csc-2-1-1024x376.png 1024w, https:\/\/www.nlacrc.org\/wp-content\/uploads\/2025\/02\/associate-csc-2-1-768x282.png 768w, https:\/\/www.nlacrc.org\/wp-content\/uploads\/2025\/02\/associate-csc-2-1-1536x564.png 1536w, https:\/\/www.nlacrc.org\/wp-content\/uploads\/2025\/02\/associate-csc-2-1-2048x752.png 2048w, https:\/\/www.nlacrc.org\/wp-content\/uploads\/2025\/02\/associate-csc-2-1-18x7.png 18w, https:\/\/www.nlacrc.org\/wp-content\/uploads\/2025\/02\/associate-csc-2-1-24x9.png 24w, https:\/\/www.nlacrc.org\/wp-content\/uploads\/2025\/02\/associate-csc-2-1-36x13.png 36w, https:\/\/www.nlacrc.org\/wp-content\/uploads\/2025\/02\/associate-csc-2-1-48x18.png 48w\" sizes=\"auto, (max-width: 7360px) 100vw, 7360px\" \/><\/figure>\n\n\n\n<p>El Centro Regional del Norte del Condado de Los \u00c1ngeles (NLACRC) est\u00e1 buscando estudiantes motivados de CSUN que cursen carreras en Salud y Servicios Humanos o Servicios Sociales y Conductuales para unirse como Coordinadores Asociados de Servicios al Consumidor.<\/p>\n\n\n\n<hr class=\"wp-block-separator has-alpha-channel-opacity\"\/>\n\n\n\n<h2 class=\"wp-block-heading\">\u00bfPor qu\u00e9 considerar un puesto de CSC asociado?<\/h2>\n\n\n\n<ul class=\"wp-block-list\">\n<li>Experiencia pr\u00e1ctica trabajando con personas con discapacidades intelectuales y del desarrollo.<\/li>\n\n\n\n<li>Una oportunidad gratificante para ayudar a otros mientras avanzas en tu carrera.<\/li>\n\n\n\n<li>\u00a1Integre su aprendizaje en el aula con aplicaciones del mundo real!<\/li>\n\n\n\n<li>Ubicaciones de trabajo flexibles en el Valle de San Fernando, el Valle de Santa Clarita y Lancaster.<\/li>\n\n\n\n<li>Turnos flexibles AM y PM.<\/li>\n\n\n\n<li>Salario competitivo de $22,82 por hora.<\/li>\n\n\n\n<li>22 puestos disponibles de inmediato.<\/li>\n<\/ul>\n\n\n\n<hr class=\"wp-block-separator has-alpha-channel-opacity\"\/>\n\n\n\n<blockquote class=\"wp-block-quote has-text-align-center has-secondary-background-color has-background is-layout-flow wp-block-quote-is-layout-flow\">\n<h2 class=\"wp-block-heading\"><strong>\u201cUn d\u00eda en la vida\u201d de un coordinador de servicios<\/strong><\/h2>\n\n\n\n<p>Trabajar en el Centro Regional ofrece una variedad de oportunidades para conectarse con la comunidad local. Algunos d\u00edas estar\u00e1 en la oficina, mientras que otros visitar\u00e1 la casa, la escuela o el lugar de trabajo de alguien. En un d\u00eda normal, hablar\u00e1 con familias, empresas locales y otros miembros de la comunidad para desarrollar planes para que nuestros clientes crezcan y se integren lo m\u00e1s posible a nuestra comunidad. Como coordinadores de servicios, debemos ser flexibles, compasivos y accesibles para apoyar de manera eficaz a quienes atendemos. Cada d\u00eda presenta nuevos desaf\u00edos, lo que nos permite construir relaciones con personas y familias y crear un impacto positivo y duradero en sus vidas.<\/p>\n<cite><strong>Travis C. \u2013 Departamento de Transici\u00f3n<br>M\u00e1s de 11 meses de empleo en NLACRC<\/strong><br><\/cite><\/blockquote>\n\n\n\n<hr class=\"wp-block-separator has-alpha-channel-opacity\"\/>\n\n\n\n<blockquote class=\"wp-block-quote has-text-align-center has-secondary-background-color has-background is-layout-flow wp-block-quote-is-layout-flow\">\n<h2 class=\"wp-block-heading\"><strong>\u00bfCu\u00e1l cree usted que es la mayor fortaleza del NLACRC?<\/strong><\/h2>\n\n\n\n<p>NLACRC es una comunidad que incluye a las personas a las que servimos, a las familias, a los proveedores de servicios y al personal de NLACRC. Si bien nuestra organizaci\u00f3n sigue creciendo, NLACRC sigue teniendo el tama\u00f1o suficiente como para que haya oportunidades para hacer o\u00edr su voz, brindar comentarios y sugerencias y contribuir a la misi\u00f3n de la agencia. NLACRC me ha cuidado como empleado durante los tiempos turbulentos de esta industria, el clima econ\u00f3mico e incluso una pandemia, mientras que otras empresas e industrias desped\u00edan a personas, reduc\u00edan las horas o los salarios. Pero, sobre todo, la fortaleza de NLACRC es el personal. Todos trabajan duro y van m\u00e1s all\u00e1 de lo esperado, y si bien el trabajo es desafiante y la carga de trabajo es alta, todos encontramos formas de apoyarnos mutuamente.<\/p>\n\n\n\n<figure class=\"wp-block-image aligncenter size-large is-resized\"><img loading=\"lazy\" decoding=\"async\" width=\"566\" height=\"561\" src=\"https:\/\/www.nlacrc.org\/wp-content\/uploads\/2025\/02\/sarah-y-photo.png\" alt=\"\" class=\"wp-image-51796\" style=\"width:217px;height:auto\" srcset=\"https:\/\/www.nlacrc.org\/wp-content\/uploads\/2025\/02\/sarah-y-photo.png 566w, https:\/\/www.nlacrc.org\/wp-content\/uploads\/2025\/02\/sarah-y-photo-150x150.png 150w, https:\/\/www.nlacrc.org\/wp-content\/uploads\/2025\/02\/sarah-y-photo-300x297.png 300w, https:\/\/www.nlacrc.org\/wp-content\/uploads\/2025\/02\/sarah-y-photo-12x12.png 12w, https:\/\/www.nlacrc.org\/wp-content\/uploads\/2025\/02\/sarah-y-photo-24x24.png 24w, https:\/\/www.nlacrc.org\/wp-content\/uploads\/2025\/02\/sarah-y-photo-36x36.png 36w, https:\/\/www.nlacrc.org\/wp-content\/uploads\/2025\/02\/sarah-y-photo-48x48.png 48w\" sizes=\"auto, (max-width: 566px) 100vw, 566px\" \/><\/figure>\n<cite><strong>Sarah Y. \u2013 Departamento de Edad Escolar \u2013 <br>M\u00e1s de 19 a\u00f1os de empleo en NLACRC<\/strong><br><\/cite><\/blockquote>\n\n\n\n<hr class=\"wp-block-separator has-alpha-channel-opacity\"\/>\n\n\n\n<h2 class=\"wp-block-heading\">Sesi\u00f3n informativa presencial<\/h2>\n\n\n\n<p>Nos complace invitarlo a nuestra pr\u00f3xima sesi\u00f3n informativa en persona sobre&nbsp;<strong>Jueves,<\/strong> <strong>13 de marzo<\/strong>&nbsp;de&nbsp;<strong>De 11:00 a 13:30 horas<\/strong>&nbsp;en&nbsp;<strong>Sequoia Hall, Sala 112<\/strong>.<\/p>\n\n\n\n<p><strong>Esta sesi\u00f3n contar\u00e1 con dos presentaciones de 30 minutos.<\/strong>:La informaci\u00f3n ser\u00e1 la misma en ambas presentaciones.<\/p>\n\n\n\n<ul class=\"wp-block-list\">\n<li><strong>Primera presentaci\u00f3n:<\/strong>&nbsp;11:20 a. m.<\/li>\n\n\n\n<li><strong>Segunda Presentaci\u00f3n:<\/strong>&nbsp;12:20 p.m.<\/li>\n<\/ul>\n\n\n\n<p>Lo invitamos a asistir y aprovechar esta oportunidad para obtener m\u00e1s informaci\u00f3n sobre una oportunidad gratificante de ayudar a otros mientras avanza en su carrera. Tambi\u00e9n habr\u00e1 tiempo para hacer preguntas y establecer contactos con el personal del NLACRC.<\/p>\n\n\n\n<p><strong>Complete el formulario a continuaci\u00f3n para confirmar su asistencia.<\/strong>No es necesario confirmar su asistencia, pero garantizar\u00e1 que tengamos asientos y materiales adecuados para todos los asistentes.<\/p>\n\n\n\n<p>\u00a1Esperamos verte all\u00ed!<\/p>\n\n\n\n<script type=\"text\/javascript\" src=\"https:\/\/nlacrc.jotform.com\/jsform\/250554973579068\"><\/script>","protected":false},"excerpt":{"rendered":"North Los Angeles County Regional Center (NLACRC) is looking for motivated students from CSUN pursuing degrees in Health &amp; Human [&hellip;]","protected":false},"author":62,"featured_media":51697,"parent":0,"menu_order":0,"comment_status":"closed","ping_status":"closed","template":"","meta":{"_acf_changed":false,"advgb_blocks_editor_width":"","advgb_blocks_columns_visual_guide":"","_EventAllDay":false,"_EventTimezone":"","_EventStartDate":"","_EventEndDate":"","_EventStartDateUTC":"","_EventEndDateUTC":"","_EventShowMap":false,"_EventShowMapLink":false,"_EventURL":"","_EventCost":"","_EventCostDescription":"","_EventCurrencySymbol":"","_EventCurrencyCode":"","_EventCurrencyPosition":"","_EventDateTimeSeparator":"","_EventTimeRangeSeparator":"","_EventOrganizerID":[],"_EventVenueID":[],"_OrganizerEmail":"","_OrganizerPhone":"","_OrganizerWebsite":"","_VenueAddress":"","_VenueCity":"","_VenueCountry":"","_VenueProvince":"","_VenueState":"","_VenueZip":"","_VenuePhone":"","_VenueURL":"","_VenueStateProvince":"","_VenueLat":"","_VenueLng":"","_VenueShowMap":false,"_VenueShowMapLink":false,"_tribe_blocks_recurrence_rules":"","_tribe_blocks_recurrence_description":"","_tribe_blocks_recurrence_exclusions":"","footnotes":""},"class_list":["post-51696","page","type-page","status-publish","has-post-thumbnail","hentry"],"acf":[],"yoast_head":"<!-- This site is optimized with the Yoast SEO plugin v26.4 - https:\/\/yoast.com\/wordpress\/plugins\/seo\/ -->\n<title>Associate Consumer Service Coordinator -<\/title>\n<meta name=\"description\" content=\"Associate Consumer Service Coordinator - North Los Angeles County Regional Center (NLACRC) is looking for motivated students from CSUN pursuing degrees in Health &amp; Human Services or\" \/>\n<meta name=\"robots\" content=\"index, follow, max-snippet:-1, max-image-preview:large, max-video-preview:-1\" \/>\n<link rel=\"canonical\" href=\"https:\/\/www.nlacrc.org\/es\/associate-consumer-service-coordinator\/\" \/>\n<meta property=\"og:locale\" content=\"es_MX\" \/>\n<meta property=\"og:type\" content=\"article\" \/>\n<meta property=\"og:title\" content=\"Associate Consumer Service Coordinator -\" \/>\n<meta property=\"og:description\" content=\"Associate Consumer Service Coordinator - North Los Angeles County Regional Center (NLACRC) is looking for motivated students from CSUN pursuing degrees in Health &amp; Human Services or\" \/>\n<meta property=\"og:url\" content=\"https:\/\/www.nlacrc.org\/es\/associate-consumer-service-coordinator\/\" \/>\n<meta property=\"og:site_name\" content=\"North Los Angeles County\" \/>\n<meta property=\"article:publisher\" content=\"https:\/\/www.facebook.com\/NLACRC\/\" \/>\n<meta property=\"article:modified_time\" content=\"2025-03-01T02:26:19+00:00\" \/>\n<meta property=\"og:image\" content=\"https:\/\/www.nlacrc.org\/wp-content\/uploads\/2025\/02\/associate-csc-2-1-1024x376.png\" \/>\n\t<meta property=\"og:image:width\" content=\"1024\" \/>\n\t<meta property=\"og:image:height\" content=\"376\" \/>\n\t<meta property=\"og:image:type\" content=\"image\/png\" \/>\n<meta name=\"twitter:card\" content=\"summary_large_image\" \/>\n<meta name=\"twitter:site\" content=\"@NLACRC\" \/>\n<meta name=\"twitter:label1\" content=\"Est. reading time\" \/>\n\t<meta name=\"twitter:data1\" content=\"2 minutos\" \/>\n<script type=\"application\/ld+json\" class=\"yoast-schema-graph\">{\"@context\":\"https:\/\/schema.org\",\"@graph\":[{\"@type\":\"WebPage\",\"@id\":\"https:\/\/www.nlacrc.org\/associate-consumer-service-coordinator\/\",\"url\":\"https:\/\/www.nlacrc.org\/associate-consumer-service-coordinator\/\",\"name\":\"Associate Consumer Service Coordinator -\",\"isPartOf\":{\"@id\":\"https:\/\/www.nlacrc.org\/fa\/#website\"},\"primaryImageOfPage\":{\"@id\":\"https:\/\/www.nlacrc.org\/associate-consumer-service-coordinator\/#primaryimage\"},\"image\":{\"@id\":\"https:\/\/www.nlacrc.org\/associate-consumer-service-coordinator\/#primaryimage\"},\"thumbnailUrl\":\"https:\/\/www.nlacrc.org\/wp-content\/uploads\/2025\/02\/associate-csc-2-1.png\",\"datePublished\":\"2025-02-24T16:39:44+00:00\",\"dateModified\":\"2025-03-01T02:26:19+00:00\",\"description\":\"Associate Consumer Service Coordinator - North Los Angeles County Regional Center (NLACRC) is looking for motivated students from CSUN pursuing degrees in Health &amp; Human Services or\",\"breadcrumb\":{\"@id\":\"https:\/\/www.nlacrc.org\/associate-consumer-service-coordinator\/#breadcrumb\"},\"inLanguage\":\"es\",\"potentialAction\":[{\"@type\":\"ReadAction\",\"target\":[\"https:\/\/www.nlacrc.org\/associate-consumer-service-coordinator\/\"]}]},{\"@type\":\"ImageObject\",\"inLanguage\":\"es\",\"@id\":\"https:\/\/www.nlacrc.org\/associate-consumer-service-coordinator\/#primaryimage\",\"url\":\"https:\/\/www.nlacrc.org\/wp-content\/uploads\/2025\/02\/associate-csc-2-1.png\",\"contentUrl\":\"https:\/\/www.nlacrc.org\/wp-content\/uploads\/2025\/02\/associate-csc-2-1.png\",\"width\":7360,\"height\":2704},{\"@type\":\"BreadcrumbList\",\"@id\":\"https:\/\/www.nlacrc.org\/associate-consumer-service-coordinator\/#breadcrumb\",\"itemListElement\":[{\"@type\":\"ListItem\",\"position\":1,\"name\":\"Home\",\"item\":\"https:\/\/www.nlacrc.org\/\"},{\"@type\":\"ListItem\",\"position\":2,\"name\":\"Associate Consumer Service Coordinator\"}]},{\"@type\":\"WebSite\",\"@id\":\"https:\/\/www.nlacrc.org\/fa\/#website\",\"url\":\"https:\/\/www.nlacrc.org\/fa\/\",\"name\":\"North Los Angeles County\",\"description\":\"Regional Center\",\"publisher\":{\"@id\":\"https:\/\/www.nlacrc.org\/fa\/#organization\"},\"potentialAction\":[{\"@type\":\"SearchAction\",\"target\":{\"@type\":\"EntryPoint\",\"urlTemplate\":\"https:\/\/www.nlacrc.org\/fa\/?s={search_term_string}\"},\"query-input\":{\"@type\":\"PropertyValueSpecification\",\"valueRequired\":true,\"valueName\":\"search_term_string\"}}],\"inLanguage\":\"es\"},{\"@type\":\"Organization\",\"@id\":\"https:\/\/www.nlacrc.org\/fa\/#organization\",\"name\":\"North Los Angeles County\",\"url\":\"https:\/\/www.nlacrc.org\/fa\/\",\"logo\":{\"@type\":\"ImageObject\",\"inLanguage\":\"es\",\"@id\":\"https:\/\/www.nlacrc.org\/fa\/#\/schema\/logo\/image\/\",\"url\":\"https:\/\/www.nlacrc.org\/wp-content\/uploads\/2024\/06\/logo.svg\",\"contentUrl\":\"https:\/\/www.nlacrc.org\/wp-content\/uploads\/2024\/06\/logo.svg\",\"width\":131,\"height\":130,\"caption\":\"North Los Angeles County\"},\"image\":{\"@id\":\"https:\/\/www.nlacrc.org\/fa\/#\/schema\/logo\/image\/\"},\"sameAs\":[\"https:\/\/www.facebook.com\/NLACRC\/\",\"https:\/\/x.com\/NLACRC\"]}]}<\/script>\n<!-- \/ Yoast SEO plugin. -->","yoast_head_json":{"title":"Associate Consumer Service Coordinator -","description":"Associate Consumer Service Coordinator - North Los Angeles County Regional Center (NLACRC) is looking for motivated students from CSUN pursuing degrees in Health &amp; Human Services or","robots":{"index":"index","follow":"follow","max-snippet":"max-snippet:-1","max-image-preview":"max-image-preview:large","max-video-preview":"max-video-preview:-1"},"canonical":"https:\/\/www.nlacrc.org\/es\/associate-consumer-service-coordinator\/","og_locale":"es_MX","og_type":"article","og_title":"Associate Consumer Service Coordinator -","og_description":"Associate Consumer Service Coordinator - North Los Angeles County Regional Center (NLACRC) is looking for motivated students from CSUN pursuing degrees in Health &amp; Human Services or","og_url":"https:\/\/www.nlacrc.org\/es\/associate-consumer-service-coordinator\/","og_site_name":"North Los Angeles County","article_publisher":"https:\/\/www.facebook.com\/NLACRC\/","article_modified_time":"2025-03-01T02:26:19+00:00","og_image":[{"width":1024,"height":376,"url":"https:\/\/www.nlacrc.org\/wp-content\/uploads\/2025\/02\/associate-csc-2-1-1024x376.png","type":"image\/png"}],"twitter_card":"summary_large_image","twitter_site":"@NLACRC","twitter_misc":{"Est. reading time":"2 minutos"},"schema":{"@context":"https:\/\/schema.org","@graph":[{"@type":"WebPage","@id":"https:\/\/www.nlacrc.org\/associate-consumer-service-coordinator\/","url":"https:\/\/www.nlacrc.org\/associate-consumer-service-coordinator\/","name":"Associate Consumer Service Coordinator -","isPartOf":{"@id":"https:\/\/www.nlacrc.org\/fa\/#website"},"primaryImageOfPage":{"@id":"https:\/\/www.nlacrc.org\/associate-consumer-service-coordinator\/#primaryimage"},"image":{"@id":"https:\/\/www.nlacrc.org\/associate-consumer-service-coordinator\/#primaryimage"},"thumbnailUrl":"https:\/\/www.nlacrc.org\/wp-content\/uploads\/2025\/02\/associate-csc-2-1.png","datePublished":"2025-02-24T16:39:44+00:00","dateModified":"2025-03-01T02:26:19+00:00","description":"Associate Consumer Service Coordinator - North Los Angeles County Regional Center (NLACRC) is looking for motivated students from CSUN pursuing degrees in Health &amp; Human Services or","breadcrumb":{"@id":"https:\/\/www.nlacrc.org\/associate-consumer-service-coordinator\/#breadcrumb"},"inLanguage":"es","potentialAction":[{"@type":"ReadAction","target":["https:\/\/www.nlacrc.org\/associate-consumer-service-coordinator\/"]}]},{"@type":"ImageObject","inLanguage":"es","@id":"https:\/\/www.nlacrc.org\/associate-consumer-service-coordinator\/#primaryimage","url":"https:\/\/www.nlacrc.org\/wp-content\/uploads\/2025\/02\/associate-csc-2-1.png","contentUrl":"https:\/\/www.nlacrc.org\/wp-content\/uploads\/2025\/02\/associate-csc-2-1.png","width":7360,"height":2704},{"@type":"BreadcrumbList","@id":"https:\/\/www.nlacrc.org\/associate-consumer-service-coordinator\/#breadcrumb","itemListElement":[{"@type":"ListItem","position":1,"name":"Home","item":"https:\/\/www.nlacrc.org\/"},{"@type":"ListItem","position":2,"name":"Associate Consumer Service Coordinator"}]},{"@type":"WebSite","@id":"https:\/\/www.nlacrc.org\/fa\/#website","url":"https:\/\/www.nlacrc.org\/fa\/","name":"Norte del condado de Los \u00c1ngeles","description":"Centro Regional","publisher":{"@id":"https:\/\/www.nlacrc.org\/fa\/#organization"},"potentialAction":[{"@type":"SearchAction","target":{"@type":"EntryPoint","urlTemplate":"https:\/\/www.nlacrc.org\/fa\/?s={search_term_string}"},"query-input":{"@type":"PropertyValueSpecification","valueRequired":true,"valueName":"search_term_string"}}],"inLanguage":"es"},{"@type":"Organization","@id":"https:\/\/www.nlacrc.org\/fa\/#organization","name":"Norte del condado de Los \u00c1ngeles","url":"https:\/\/www.nlacrc.org\/fa\/","logo":{"@type":"ImageObject","inLanguage":"es","@id":"https:\/\/www.nlacrc.org\/fa\/#\/schema\/logo\/image\/","url":"https:\/\/www.nlacrc.org\/wp-content\/uploads\/2024\/06\/logo.svg","contentUrl":"https:\/\/www.nlacrc.org\/wp-content\/uploads\/2024\/06\/logo.svg","width":131,"height":130,"caption":"North Los Angeles County"},"image":{"@id":"https:\/\/www.nlacrc.org\/fa\/#\/schema\/logo\/image\/"},"sameAs":["https:\/\/www.facebook.com\/NLACRC\/","https:\/\/x.com\/NLACRC"]}]}},"coauthors":[],"author_meta":{"author_link":"https:\/\/www.nlacrc.org\/es\/author\/cwhitlock2\/","display_name":"cwhitlock2"},"relative_dates":{"created":"Publicado 1 a\u00f1o hace","modified":"Actualizado 1 a\u00f1o hace"},"absolute_dates":{"created":"Publicado el febrero 24, 2025","modified":"Actualizado el febrero 28, 2025"},"absolute_dates_time":{"created":"Publicado el febrero 24, 2025 8:39 am","modified":"Actualizado el febrero 28, 2025 6:26 pm"},"featured_img_caption":"","featured_img":"https:\/\/www.nlacrc.org\/wp-content\/uploads\/2025\/02\/associate-csc-2-1.png","series_order":"","_links":{"self":[{"href":"https:\/\/www.nlacrc.org\/es\/wp-json\/wp\/v2\/pages\/51696","targetHints":{"allow":["GET"]}}],"collection":[{"href":"https:\/\/www.nlacrc.org\/es\/wp-json\/wp\/v2\/pages"}],"about":[{"href":"https:\/\/www.nlacrc.org\/es\/wp-json\/wp\/v2\/types\/page"}],"author":[{"embeddable":true,"href":"https:\/\/www.nlacrc.org\/es\/wp-json\/wp\/v2\/users\/62"}],"replies":[{"embeddable":true,"href":"https:\/\/www.nlacrc.org\/es\/wp-json\/wp\/v2\/comments?post=51696"}],"version-history":[{"count":5,"href":"https:\/\/www.nlacrc.org\/es\/wp-json\/wp\/v2\/pages\/51696\/revisions"}],"predecessor-version":[{"id":51943,"href":"https:\/\/www.nlacrc.org\/es\/wp-json\/wp\/v2\/pages\/51696\/revisions\/51943"}],"wp:featuredmedia":[{"embeddable":true,"href":"https:\/\/www.nlacrc.org\/es\/wp-json\/wp\/v2\/media\/51697"}],"wp:attachment":[{"href":"https:\/\/www.nlacrc.org\/es\/wp-json\/wp\/v2\/media?parent=51696"}],"curies":[{"name":"wp","href":"https:\/\/api.w.org\/{rel}","templated":true}]}}