{"id":49784,"date":"2024-12-20T12:42:56","date_gmt":"2024-12-20T20:42:56","guid":{"rendered":"https:\/\/www.nlacrc.org\/?page_id=49784"},"modified":"2026-02-02T13:09:28","modified_gmt":"2026-02-02T21:09:28","slug":"community-placement-plan-cpp-community-resource-development-plan-crdp","status":"publish","type":"page","link":"https:\/\/www.nlacrc.org\/es\/service-providers\/community-placement-plan-cpp-community-resource-development-plan-crdp\/","title":{"rendered":"CPP\/CRDP"},"content":{"rendered":"<p><\/p>\n\n\n\n<h2 class=\"wp-block-heading\"><strong>Plan de ubicaci\u00f3n comunitaria (CPP) y Plan de desarrollo de recursos comunitarios (CRDP)<\/strong><\/h2>\n\n\n\n<p>El Departamento de Servicios de Desarrollo (DDS) desarroll\u00f3 el Plan de Colocaci\u00f3n Comunitaria (CPP, por sus siglas en ingl\u00e9s) y el Plan de Desarrollo de Recursos Comunitarios (CRDP, por sus siglas en ingl\u00e9s) para los centros regionales como un medio para mejorar la capacidad del sistema de prestaci\u00f3n de servicios comunitarios, reducir la dependencia del uso de centros de desarrollo y otros entornos de vida restrictivos, y garantizar que las personas con discapacidades intelectuales y del desarrollo vivan en el entorno menos restrictivo, adecuado a sus necesidades. A trav\u00e9s del CPP y el CRDP, el DDS proporciona fondos a los centros regionales para el desarrollo de una variedad de recursos comunitarios dise\u00f1ados para satisfacer las necesidades de servicios y apoyos de las personas que viven en la comunidad, de conformidad con las secciones 4418.25 y 4679(a) del C\u00f3digo de Bienestar e Instituciones.<\/p>\n\n\n\n<h2 class=\"wp-block-heading\"><strong>Aprobaci\u00f3n del plan de puesta en marcha del CPP\/CRDP<\/strong><\/h2>\n\n\n\n<p><a href=\"https:\/\/www.nlacrc.org\/wp-content\/uploads\/2026\/01\/nlacrc-fy-2025-2026-cpp-crdp-approved-projects.pdf\">NLACRC Fiscal Year 2025-2026<\/a><\/p>\n\n\n\n<p><a href=\"https:\/\/www.nlacrc.org\/wp-content\/uploads\/2026\/01\/fy-2024-2025-cpp-crdp-approved-projects-and-awarded-contracts.pdf\">A\u00f1o fiscal 2024-2025 del NLACRC<\/a><\/p>\n\n\n\n<p><strong><a href=\"https:\/\/www.nlacrc.org\/wp-content\/uploads\/2024\/12\/FY-2023-2024-CPP-CRDP-Approved-Projects.pdf\">A\u00f1o fiscal 2023-2024 del NLACRC<\/a><\/strong><\/p>\n\n\n\n<p><a href=\"https:\/\/www.nlacrc.org\/wp-content\/uploads\/2024\/12\/FY-2022-2023-CPP-CRDP-Approved-Projects.pdf\">A\u00f1o fiscal 2022-2023 del NLACRC<\/a><\/p>\n\n\n\n<h2 class=\"wp-block-heading\"><strong>Prioridades del CPP y CRDP del NLACRC<\/strong><\/h2>\n\n\n\n<p><a href=\"https:\/\/www.nlacrc.org\/wp-content\/uploads\/2026\/01\/cpp-crdp-plan-fy-25-26-stakeholder-input-for-website.pdf\">Fiscal Year 2025-2026<\/a><\/p>\n\n\n\n<p><a href=\"https:\/\/www.nlacrc.org\/wp-content\/uploads\/2024\/12\/CPP-CRDP-Plan-Priorities-FY-2024-2025.pdf\">A\u00f1o fiscal 2024-2025<\/a><\/p>\n\n\n\n<p><a href=\"https:\/\/www.nlacrc.org\/wp-content\/uploads\/2024\/12\/CPP-CRDP-Plan-Priorities-FY-2023-2024.pdf\">A\u00f1o fiscal 2023-2024<\/a><\/p>\n\n\n\n<p><a href=\"https:\/\/www.nlacrc.org\/wp-content\/uploads\/2024\/12\/CPP-CRDP-Plan-Priorities-FY-2022-2023.pdf\">A\u00f1o fiscal 2022-2023<\/a><\/p>\n\n\n\n<p><a href=\"https:\/\/www.nlacrc.org\/wp-content\/uploads\/2024\/12\/CPP-CRDP-Plan-Priorities-FY-2021-2022.pdf\">A\u00f1o fiscal 2021-2022<\/a><\/p>\n\n\n\n<p><a href=\"https:\/\/www.nlacrc.org\/wp-content\/uploads\/2024\/12\/CPP-CRDP-Plan-Priorities-FY-2020-2021.pdf\">A\u00f1o fiscal 2020-2021<\/a><\/p>\n\n\n\n<h2 class=\"wp-block-heading\"><strong>Solicitudes de propuestas del CPP\/CRDP<\/strong><\/h2>\n\n\n\n<p><strong>Fiscal Year 2025-2026<\/strong><\/p>\n\n\n\n<p><strong>Project #: NLACRC-2426-1<\/strong><\/p>\n\n\n\n<p><a href=\"https:\/\/nam04.safelinks.protection.outlook.com\/?url=https%3A%2F%2Fwww.nlacrc.org%2Fwp-content%2Fuploads%2F2026%2F01%2Fnlacrc-2526-1-2526-3_ebsh-for-adults-rfp-rev-12-29-2025.pdf&amp;data=05%7C02%7CJVanDeRiet%40nlacrc.org%7C01fb9c19de7140e9501408de4e10dd62%7C2c3a257885bc41a79e242901e077fd5a%7C0%7C0%7C639034031528922749%7CUnknown%7CTWFpbGZsb3d8eyJFbXB0eU1hcGkiOnRydWUsIlYiOiIwLjAuMDAwMCIsIlAiOiJXaW4zMiIsIkFOIjoiTWFpbCIsIldUIjoyfQ%3D%3D%7C0%7C%7C%7C&amp;sdata=JPRx2CtMAVIxbkzCN9uqmhziLOprwaa3KcfREcrFcTI%3D&amp;reserved=0\">Service Provider for Enhanced Behavioral Supports Home (EBSH) for Adults (Male)<\/a><\/p>\n\n\n\n<p>Start-up Funds: $250,000<\/p>\n\n\n\n<p>Proveedor de servicios para atenci\u00f3n comunitaria EBSH con licencia de 4 camas (2 ambulatorias, 2 no ambulatorias) para individuos adultos varones con discapacidad intelectual y\/o necesidades conductuales graves que necesitan ubicaci\u00f3n en la comunidad o desviaci\u00f3n del Centro de Desarrollo de Porterville, Canyon Springs, IMD u otro entorno restrictivo.<\/p>\n\n\n\n<hr class=\"wp-block-separator has-alpha-channel-opacity\"\/>\n\n\n\n<p><strong>Project #: NLACRC-2526-3<\/strong><\/p>\n\n\n\n<p><a href=\"https:\/\/nam04.safelinks.protection.outlook.com\/?url=https%3A%2F%2Fwww.nlacrc.org%2Fwp-content%2Fuploads%2F2026%2F01%2Fnlacrc-2526-1-2526-3_ebsh-for-adults-rfp-rev-12-29-2025.pdf&amp;data=05%7C02%7CJVanDeRiet%40nlacrc.org%7C01fb9c19de7140e9501408de4e10dd62%7C2c3a257885bc41a79e242901e077fd5a%7C0%7C0%7C639034031528947855%7CUnknown%7CTWFpbGZsb3d8eyJFbXB0eU1hcGkiOnRydWUsIlYiOiIwLjAuMDAwMCIsIlAiOiJXaW4zMiIsIkFOIjoiTWFpbCIsIldUIjoyfQ%3D%3D%7C0%7C%7C%7C&amp;sdata=AZIiFbrHaeuPU4488OJI5m4m7jzlTplWhPfAX8LeM6g%3D&amp;reserved=0\">Service Provider for Enhanced Behavioral Supports Home (EBSH) for Adults (Co-ed)<\/a><\/p>\n\n\n\n<p>Start-up Funds: $300,000<\/p>\n\n\n\n<p>Service provider for 4-bed (2 ambulatory, 2 non-ambulatory) Community Care Licensed EBSH for adult individuals with intellectual disability and\/or severe behavioral needs needing community placement or deflection from Porterville Developmental Center, Canyon Springs, IMDs, or other restrictive setting.<\/p>\n\n\n\n<hr class=\"wp-block-separator has-alpha-channel-opacity\"\/>\n\n\n\n<p><strong>Project #: NLACRC-2526-4<\/strong><\/p>\n\n\n\n<p><a href=\"https:\/\/www.nlacrc.org\/wp-content\/uploads\/2026\/02\/nlacrc-2526-4-sud-arf-level-7-rfp-reissue-01-26-2026.pdf\">Service Provider for Adult Residential Facility Level 7 (ARF) for Substance Use Disorder Treatment (SUD)<\/a><\/p>\n\n\n\n<p>Start-up Funds: $250,000<\/p>\n\n\n\n<p>Service provider for a 4-bed (2 ambulatory, 2 non- ambulatory) Adult Residential Facility (ARF) Level 7, with Delayed Egress (formerly known as Specialized Residential Facility \u2013 SRF) to serve individuals with developmental disabilities, substance abuse and mental health service needs who require a structured, licensed setting while working towards transition to a less restrictive residential setting.<\/p>\n\n\n\n<hr class=\"wp-block-separator has-alpha-channel-opacity\"\/>\n\n\n\n<p><strong>Project #: NLACRC-2526-5<\/strong><\/p>\n\n\n\n<p><a href=\"https:\/\/nam04.safelinks.protection.outlook.com\/?url=https%3A%2F%2Fwww.nlacrc.org%2Fwp-content%2Fuploads%2F2026%2F01%2Fnlacrc-2526-5_adaptive-skills-for-children-provider_rfp-draft-11_5_2025.pdf&amp;data=05%7C02%7CJVanDeRiet%40nlacrc.org%7C01fb9c19de7140e9501408de4e10dd62%7C2c3a257885bc41a79e242901e077fd5a%7C0%7C0%7C639034031528988196%7CUnknown%7CTWFpbGZsb3d8eyJFbXB0eU1hcGkiOnRydWUsIlYiOiIwLjAuMDAwMCIsIlAiOiJXaW4zMiIsIkFOIjoiTWFpbCIsIldUIjoyfQ%3D%3D%7C0%7C%7C%7C&amp;sdata=YFDN2NVWxVrhZNFln%2BBNFyPsZ1HQdP91kVpXilD58xY%3D&amp;reserved=0\">Service Provider for Adaptive Skills Training for Children<\/a><\/p>\n\n\n\n<p>Start-up Funds: $30,000<\/p>\n\n\n\n<p>This service will provide ongoing Socialization and Safety Training for youth and young adults with intellectual disability and\/or severe behavioral needs residing in an Enhanced Behavioral Supports Home (EBSH), licensed residential facility, or who are at risk of placement in a licensed setting. Services will be provided outside of school hours.<\/p>\n\n\n\n<hr class=\"wp-block-separator has-alpha-channel-opacity\"\/>\n\n\n\n<p><strong>Project #: NLACRC-2526-8<\/strong><\/p>\n\n\n\n<p><a href=\"https:\/\/nam04.safelinks.protection.outlook.com\/?url=https%3A%2F%2Fwww.nlacrc.org%2Fwp-content%2Fuploads%2F2026%2F01%2Fnlacrc-2526-8_emergency-shelter-services-provider_rfp-12.30.25.pdf&amp;data=05%7C02%7CJVanDeRiet%40nlacrc.org%7C01fb9c19de7140e9501408de4e10dd62%7C2c3a257885bc41a79e242901e077fd5a%7C0%7C0%7C639034031529011039%7CUnknown%7CTWFpbGZsb3d8eyJFbXB0eU1hcGkiOnRydWUsIlYiOiIwLjAuMDAwMCIsIlAiOiJXaW4zMiIsIkFOIjoiTWFpbCIsIldUIjoyfQ%3D%3D%7C0%7C%7C%7C&amp;sdata=Z%2Fb1Iu7hhiok4QWtmMHadI2e8k%2FCpFkrxbIIl1Zaq8Q%3D&amp;reserved=0\">Emergency Short-Term Shelter Services<\/a><\/p>\n\n\n\n<p>Start-up Funds $60,000<\/p>\n\n\n\n<p>Program to provide short-term (approximately 3\u20135 days) emergency shelter services to support clients who must be displaced during disasters at two (2) existing Community Care Licensed facilities\u2014one in the San Fernando Valley, and the other in the Antelope Valley.<\/p>\n\n\n\n<hr class=\"wp-block-separator has-alpha-channel-opacity\"\/>\n\n\n\n<p><strong>Project #: NLACRC-2526-9<\/strong><\/p>\n\n\n\n<p><a href=\"https:\/\/nam04.safelinks.protection.outlook.com\/?url=https%3A%2F%2Fwww.nlacrc.org%2Fwp-content%2Fuploads%2F2025%2F10%2Fstatewide-housing-access-services-rfp.pdf&amp;data=05%7C02%7CJVanDeRiet%40nlacrc.org%7C01fb9c19de7140e9501408de4e10dd62%7C2c3a257885bc41a79e242901e077fd5a%7C0%7C0%7C639034031529033318%7CUnknown%7CTWFpbGZsb3d8eyJFbXB0eU1hcGkiOnRydWUsIlYiOiIwLjAuMDAwMCIsIlAiOiJXaW4zMiIsIkFOIjoiTWFpbCIsIldUIjoyfQ%3D%3D%7C0%7C%7C%7C&amp;sdata=STzgActjOZRDtu5%2BeL6eyTiw8RNS6%2FVmvv2ifKFqMSU%3D&amp;reserved=0\">Housing Access Services<\/a><\/p>\n\n\n\n<p>Start-up Funds: $50,000<\/p>\n\n\n\n<p>Development of new or expansion of existing Housing Access Services businesses resulting in the establishment of local, regional Housing Access Services that will utilize the <strong>On My Own Roommate Matching<\/strong> app. Joint project with Tri-Counties Regional Center.<\/p>\n\n\n\n<p><a id=\"_msocom_1\"><\/a><\/p>","protected":false},"excerpt":{"rendered":"Plan de Ubicaci\u00f3n Comunitaria (CPP) y Plan de Desarrollo de Recursos Comunitarios (CRDP) El Plan de Ubicaci\u00f3n Comunitaria (CPP) y el Plan de Desarrollo de Recursos Comunitarios [\u2026]","protected":false},"author":61,"featured_media":0,"parent":36322,"menu_order":0,"comment_status":"closed","ping_status":"closed","template":"","meta":{"_acf_changed":false,"advgb_blocks_editor_width":"","advgb_blocks_columns_visual_guide":"","_EventAllDay":false,"_EventTimezone":"","_EventStartDate":"","_EventEndDate":"","_EventStartDateUTC":"","_EventEndDateUTC":"","_EventShowMap":false,"_EventShowMapLink":false,"_EventURL":"","_EventCost":"","_EventCostDescription":"","_EventCurrencySymbol":"","_EventCurrencyCode":"","_EventCurrencyPosition":"","_EventDateTimeSeparator":"","_EventTimeRangeSeparator":"","_EventOrganizerID":[],"_EventVenueID":[],"_OrganizerEmail":"","_OrganizerPhone":"","_OrganizerWebsite":"","_VenueAddress":"","_VenueCity":"","_VenueCountry":"","_VenueProvince":"","_VenueState":"","_VenueZip":"","_VenuePhone":"","_VenueURL":"","_VenueStateProvince":"","_VenueLat":"","_VenueLng":"","_VenueShowMap":false,"_VenueShowMapLink":false,"_tribe_blocks_recurrence_rules":"","_tribe_blocks_recurrence_description":"","_tribe_blocks_recurrence_exclusions":"","footnotes":""},"class_list":["post-49784","page","type-page","status-publish","hentry"],"acf":[],"yoast_head":"<!-- This site is optimized with the Yoast SEO plugin v26.4 - https:\/\/yoast.com\/wordpress\/plugins\/seo\/ -->\n<title>CPP\/CRDP -<\/title>\n<meta name=\"description\" content=\"CPP\/CRDP - Community Placement Plan (CPP) &amp; Community Resource Development Plan (CRDP) The Community Placement Plan (CPP) and Community Resource Development Plan\" \/>\n<meta name=\"robots\" content=\"index, follow, max-snippet:-1, max-image-preview:large, max-video-preview:-1\" \/>\n<link rel=\"canonical\" href=\"https:\/\/www.nlacrc.org\/es\/service-providers\/community-placement-plan-cpp-community-resource-development-plan-crdp\/\" \/>\n<meta property=\"og:locale\" content=\"es_MX\" \/>\n<meta property=\"og:type\" content=\"article\" \/>\n<meta property=\"og:title\" content=\"CPP\/CRDP -\" \/>\n<meta property=\"og:description\" content=\"CPP\/CRDP - Community Placement Plan (CPP) &amp; Community Resource Development Plan (CRDP) The Community Placement Plan (CPP) and Community Resource Development Plan\" \/>\n<meta property=\"og:url\" content=\"https:\/\/www.nlacrc.org\/es\/service-providers\/community-placement-plan-cpp-community-resource-development-plan-crdp\/\" \/>\n<meta property=\"og:site_name\" content=\"North Los Angeles County\" \/>\n<meta property=\"article:publisher\" content=\"https:\/\/www.facebook.com\/NLACRC\/\" \/>\n<meta property=\"article:modified_time\" content=\"2026-02-02T21:09:28+00:00\" \/>\n<meta name=\"twitter:card\" content=\"summary_large_image\" \/>\n<meta name=\"twitter:site\" content=\"@NLACRC\" \/>\n<meta name=\"twitter:label1\" content=\"Est. reading time\" \/>\n\t<meta name=\"twitter:data1\" content=\"3 minutos\" \/>\n<script type=\"application\/ld+json\" class=\"yoast-schema-graph\">{\"@context\":\"https:\/\/schema.org\",\"@graph\":[{\"@type\":\"WebPage\",\"@id\":\"https:\/\/www.nlacrc.org\/service-providers\/community-placement-plan-cpp-community-resource-development-plan-crdp\/\",\"url\":\"https:\/\/www.nlacrc.org\/service-providers\/community-placement-plan-cpp-community-resource-development-plan-crdp\/\",\"name\":\"CPP\/CRDP -\",\"isPartOf\":{\"@id\":\"https:\/\/www.nlacrc.org\/fa\/#website\"},\"datePublished\":\"2024-12-20T20:42:56+00:00\",\"dateModified\":\"2026-02-02T21:09:28+00:00\",\"description\":\"CPP\/CRDP - Community Placement Plan (CPP) &amp; Community Resource Development Plan (CRDP) The Community Placement Plan (CPP) and Community Resource Development Plan\",\"breadcrumb\":{\"@id\":\"https:\/\/www.nlacrc.org\/service-providers\/community-placement-plan-cpp-community-resource-development-plan-crdp\/#breadcrumb\"},\"inLanguage\":\"es\",\"potentialAction\":[{\"@type\":\"ReadAction\",\"target\":[\"https:\/\/www.nlacrc.org\/service-providers\/community-placement-plan-cpp-community-resource-development-plan-crdp\/\"]}]},{\"@type\":\"BreadcrumbList\",\"@id\":\"https:\/\/www.nlacrc.org\/service-providers\/community-placement-plan-cpp-community-resource-development-plan-crdp\/#breadcrumb\",\"itemListElement\":[{\"@type\":\"ListItem\",\"position\":1,\"name\":\"Home\",\"item\":\"https:\/\/www.nlacrc.org\/\"},{\"@type\":\"ListItem\",\"position\":2,\"name\":\"Service Providers\",\"item\":\"https:\/\/www.nlacrc.org\/service-providers\/\"},{\"@type\":\"ListItem\",\"position\":3,\"name\":\"CPP\/CRDP\"}]},{\"@type\":\"WebSite\",\"@id\":\"https:\/\/www.nlacrc.org\/fa\/#website\",\"url\":\"https:\/\/www.nlacrc.org\/fa\/\",\"name\":\"North Los Angeles County\",\"description\":\"Regional Center\",\"publisher\":{\"@id\":\"https:\/\/www.nlacrc.org\/fa\/#organization\"},\"potentialAction\":[{\"@type\":\"SearchAction\",\"target\":{\"@type\":\"EntryPoint\",\"urlTemplate\":\"https:\/\/www.nlacrc.org\/fa\/?s={search_term_string}\"},\"query-input\":{\"@type\":\"PropertyValueSpecification\",\"valueRequired\":true,\"valueName\":\"search_term_string\"}}],\"inLanguage\":\"es\"},{\"@type\":\"Organization\",\"@id\":\"https:\/\/www.nlacrc.org\/fa\/#organization\",\"name\":\"North Los Angeles County\",\"url\":\"https:\/\/www.nlacrc.org\/fa\/\",\"logo\":{\"@type\":\"ImageObject\",\"inLanguage\":\"es\",\"@id\":\"https:\/\/www.nlacrc.org\/fa\/#\/schema\/logo\/image\/\",\"url\":\"https:\/\/www.nlacrc.org\/wp-content\/uploads\/2024\/06\/logo.svg\",\"contentUrl\":\"https:\/\/www.nlacrc.org\/wp-content\/uploads\/2024\/06\/logo.svg\",\"width\":131,\"height\":130,\"caption\":\"North Los Angeles County\"},\"image\":{\"@id\":\"https:\/\/www.nlacrc.org\/fa\/#\/schema\/logo\/image\/\"},\"sameAs\":[\"https:\/\/www.facebook.com\/NLACRC\/\",\"https:\/\/x.com\/NLACRC\"]}]}<\/script>\n<!-- \/ Yoast SEO plugin. -->","yoast_head_json":{"title":"CPP\/CRDP -","description":"CPP\/CRDP - Community Placement Plan (CPP) &amp; Community Resource Development Plan (CRDP) The Community Placement Plan (CPP) and Community Resource Development Plan","robots":{"index":"index","follow":"follow","max-snippet":"max-snippet:-1","max-image-preview":"max-image-preview:large","max-video-preview":"max-video-preview:-1"},"canonical":"https:\/\/www.nlacrc.org\/es\/service-providers\/community-placement-plan-cpp-community-resource-development-plan-crdp\/","og_locale":"es_MX","og_type":"article","og_title":"CPP\/CRDP -","og_description":"CPP\/CRDP - Community Placement Plan (CPP) &amp; Community Resource Development Plan (CRDP) The Community Placement Plan (CPP) and Community Resource Development Plan","og_url":"https:\/\/www.nlacrc.org\/es\/service-providers\/community-placement-plan-cpp-community-resource-development-plan-crdp\/","og_site_name":"North Los Angeles County","article_publisher":"https:\/\/www.facebook.com\/NLACRC\/","article_modified_time":"2026-02-02T21:09:28+00:00","twitter_card":"summary_large_image","twitter_site":"@NLACRC","twitter_misc":{"Est. reading time":"3 minutos"},"schema":{"@context":"https:\/\/schema.org","@graph":[{"@type":"WebPage","@id":"https:\/\/www.nlacrc.org\/service-providers\/community-placement-plan-cpp-community-resource-development-plan-crdp\/","url":"https:\/\/www.nlacrc.org\/service-providers\/community-placement-plan-cpp-community-resource-development-plan-crdp\/","name":"CPP\/CRDP -","isPartOf":{"@id":"https:\/\/www.nlacrc.org\/fa\/#website"},"datePublished":"2024-12-20T20:42:56+00:00","dateModified":"2026-02-02T21:09:28+00:00","description":"CPP\/CRDP - Community Placement Plan (CPP) &amp; Community Resource Development Plan (CRDP) The Community Placement Plan (CPP) and Community Resource Development Plan","breadcrumb":{"@id":"https:\/\/www.nlacrc.org\/service-providers\/community-placement-plan-cpp-community-resource-development-plan-crdp\/#breadcrumb"},"inLanguage":"es","potentialAction":[{"@type":"ReadAction","target":["https:\/\/www.nlacrc.org\/service-providers\/community-placement-plan-cpp-community-resource-development-plan-crdp\/"]}]},{"@type":"BreadcrumbList","@id":"https:\/\/www.nlacrc.org\/service-providers\/community-placement-plan-cpp-community-resource-development-plan-crdp\/#breadcrumb","itemListElement":[{"@type":"ListItem","position":1,"name":"Home","item":"https:\/\/www.nlacrc.org\/"},{"@type":"ListItem","position":2,"name":"Service Providers","item":"https:\/\/www.nlacrc.org\/service-providers\/"},{"@type":"ListItem","position":3,"name":"CPP\/CRDP"}]},{"@type":"WebSite","@id":"https:\/\/www.nlacrc.org\/fa\/#website","url":"https:\/\/www.nlacrc.org\/fa\/","name":"Norte del condado de Los \u00c1ngeles","description":"Centro Regional","publisher":{"@id":"https:\/\/www.nlacrc.org\/fa\/#organization"},"potentialAction":[{"@type":"SearchAction","target":{"@type":"EntryPoint","urlTemplate":"https:\/\/www.nlacrc.org\/fa\/?s={search_term_string}"},"query-input":{"@type":"PropertyValueSpecification","valueRequired":true,"valueName":"search_term_string"}}],"inLanguage":"es"},{"@type":"Organization","@id":"https:\/\/www.nlacrc.org\/fa\/#organization","name":"Norte del condado de Los \u00c1ngeles","url":"https:\/\/www.nlacrc.org\/fa\/","logo":{"@type":"ImageObject","inLanguage":"es","@id":"https:\/\/www.nlacrc.org\/fa\/#\/schema\/logo\/image\/","url":"https:\/\/www.nlacrc.org\/wp-content\/uploads\/2024\/06\/logo.svg","contentUrl":"https:\/\/www.nlacrc.org\/wp-content\/uploads\/2024\/06\/logo.svg","width":131,"height":130,"caption":"North Los Angeles County"},"image":{"@id":"https:\/\/www.nlacrc.org\/fa\/#\/schema\/logo\/image\/"},"sameAs":["https:\/\/www.facebook.com\/NLACRC\/","https:\/\/x.com\/NLACRC"]}]}},"coauthors":[],"author_meta":{"author_link":"https:\/\/www.nlacrc.org\/es\/author\/jvanderiet\/","display_name":"jvanderiet"},"relative_dates":{"created":"Publicado 1 a\u00f1o hace","modified":"Actualizado 2 meses hace"},"absolute_dates":{"created":"Publicado el diciembre 20, 2024","modified":"Actualizado el febrero 2, 2026"},"absolute_dates_time":{"created":"Publicado el diciembre 20, 2024 12:42 pm","modified":"Actualizado el febrero 2, 2026 1:09 pm"},"featured_img_caption":"","featured_img":false,"series_order":"","_links":{"self":[{"href":"https:\/\/www.nlacrc.org\/es\/wp-json\/wp\/v2\/pages\/49784","targetHints":{"allow":["GET"]}}],"collection":[{"href":"https:\/\/www.nlacrc.org\/es\/wp-json\/wp\/v2\/pages"}],"about":[{"href":"https:\/\/www.nlacrc.org\/es\/wp-json\/wp\/v2\/types\/page"}],"author":[{"embeddable":true,"href":"https:\/\/www.nlacrc.org\/es\/wp-json\/wp\/v2\/users\/61"}],"replies":[{"embeddable":true,"href":"https:\/\/www.nlacrc.org\/es\/wp-json\/wp\/v2\/comments?post=49784"}],"version-history":[{"count":10,"href":"https:\/\/www.nlacrc.org\/es\/wp-json\/wp\/v2\/pages\/49784\/revisions"}],"predecessor-version":[{"id":59517,"href":"https:\/\/www.nlacrc.org\/es\/wp-json\/wp\/v2\/pages\/49784\/revisions\/59517"}],"up":[{"embeddable":true,"href":"https:\/\/www.nlacrc.org\/es\/wp-json\/wp\/v2\/pages\/36322"}],"wp:attachment":[{"href":"https:\/\/www.nlacrc.org\/es\/wp-json\/wp\/v2\/media?parent=49784"}],"curies":[{"name":"wp","href":"https:\/\/api.w.org\/{rel}","templated":true}]}}