{"id":46677,"date":"2024-08-30T14:54:52","date_gmt":"2024-08-30T21:54:52","guid":{"rendered":"https:\/\/www.nlacrc.org\/?page_id=46677"},"modified":"2024-12-06T14:57:05","modified_gmt":"2024-12-06T22:57:05","slug":"financial-management-service-fms","status":"publish","type":"page","link":"https:\/\/www.nlacrc.org\/es\/consumers-families\/self-determination-program\/financial-management-service-fms\/","title":{"rendered":"Servicio de Gesti\u00f3n Financiera (FMS)"},"content":{"rendered":"<p>Para toda la informaci\u00f3n ver aqu\u00ed: <a href=\"https:\/\/www.nlacrc.org\/wp-content\/uploads\/2024\/11\/NLACRC-FMS-Vendor-list-10.30.2024.pdf\">Proveedores de FMS PDF<\/a><\/p>\n\n\n\n<p>Vea el formulario de resumen de carga del empleado aqu\u00ed: <a href=\"https:\/\/www.dds.ca.gov\/wp-content\/uploads\/2024\/08\/Summary_of_Approved_FMS_Employer_Burden_31072024.pdf\">Formulario de resumen de cargas del empleador (ca.gov)<\/a><\/p>\n\n\n\n<div class=\"wp-block-group alignwide is-layout-constrained wp-block-group-is-layout-constrained\">\n<figure class=\"wp-block-table alignwide is-style-regular has-medium-font-size\"><table class=\"has-fixed-layout\" style=\"border-width:2px\"><tbody><tr><td>FMS<\/td><td>Lenguajes del modelo FMS<\/td><td>Idiomas hablados<\/td><td>Informaci\u00f3n de contacto<\/td><\/tr><tr><td><strong>As<\/strong><br><\/td><td>Pagador de facturas <br>Co-empleador<br>Empleador \u00fanico<\/td><td>Ingl\u00e9s y farsi<\/td><td>Tel\u00e9fono: 833-4-ACE <br>FMS (833-422-3367) Opci\u00f3n 1<br><br><a href=\"mailto:Info@acefms.com\">Informaci\u00f3n@acefms.com<\/a><br><a href=\"http:\/\/AceFMS.com\">http:\/\/AceFMS.com<\/a><br><\/td><\/tr><tr><td><strong>Acci\u00f3n<\/strong><\/td><td>Pagador de facturas <br>Co-empleador<br>Empleador \u00fanico<\/td><td>Ingl\u00e9s y espa\u00f1ol<\/td><td>Tel\u00e9fono: 310-867-8882<br><a href=\"https:\/\/www.actionfms.com\/\">accionfms.com<\/a><br><a href=\"mailto:contact@actionfms.com\">contacto@actionfms.com<\/a><\/td><\/tr><tr><td><strong>Perspicacia<\/strong><\/td><td>Pagador de facturas <br>Empleador \u00fanico<\/td><td>Ingl\u00e9s y espa\u00f1ol<\/td><td>Yvette Torres<br>(424) 210-8810<br><a href=\"mailto:yvettet@acumen2.net\">yvettet@acumen2.net<\/a><\/td><\/tr><tr><td><strong>Arco<\/strong><\/td><td>Pagador de facturas <br>Co-empleador<br>Empleador \u00fanico<\/td><td>Ingl\u00e9s<\/td><td>619-330-7097<br><a href=\"mailto:support@archfms.com\">soporte@archfms.com<\/a><br><a href=\"https:\/\/archfms.com\/\">www.archfms.com<\/a><\/td><\/tr><tr><td><strong>Aveanna<\/strong><br><\/td><td>Pagador de facturas<br>Co-empleador<br>(con enfermer\u00eda<br>A trav\u00e9s de casa<br>agencia de salud<br>solo)<\/td><td>Ingl\u00e9s,<br>Espa\u00f1ol,<br>Vietnamita,<br>canton\u00e9s,<br>Mandar\u00edn y<br>Trieu Chau<\/td><td>(866) 979-1182<br><a href=\"mailto:fmsinfo@aveanna.com\">fmsinfo@aveanna.com<\/a><\/td><\/tr><tr><td><strong>Balance<\/strong><\/td><td>Pagador de facturas <br>Co-empleador<br>Empleador \u00fanico<\/td><td>Ingl\u00e9s y espa\u00f1ol<\/td><td>L\u00ednea principal: (888) 368-3710 <br>Teri Ercoli<br>Tel\u00e9fono: (424)228-9854<br>Correo electr\u00f3nico:<br><a href=\"mailto:info@balancefms.com\">info@balancefms.com<\/a><\/td><\/tr><tr><td><strong>cambriano <\/strong><br><\/td><td>Pagador de facturas <br>Co-empleador<\/td><td>Ingl\u00e9s, espa\u00f1ol, vietnamita, tagalo, farsi<\/td><td>David Ellis<br>(562) 498-1800 Extensi\u00f3n 2231<br><a href=\"mailto:davide@cfms1.com\">Davide@cfms1.com<\/a><\/td><\/tr><tr><td><strong>Casa Fiscal\/<br>Pago esencial<\/strong><\/td><td>Pagador de facturas <br>Co-empleador<\/td><td>Ingl\u00e9s, espa\u00f1ol, mandar\u00edn<\/td><td>(510) 336-2900<br>(833) 268-8530<br><a href=\"mailto:contact@essentialpay.com\">contacto@essentialpay.com<\/a><\/td><\/tr><tr><td><strong>HECHO<\/strong><\/td><td>Pagador de facturas <br>Co-empleador<br>Empleador \u00fanico<\/td><td>Ingl\u00e9s<\/td><td>(310) 475-9629<br><strong>FMS@factfamily.org<\/strong><\/td><\/tr><tr><td><strong>FMS Pay LLC <\/strong><\/td><td>Pagador de facturas<\/td><td>Ingl\u00e9s<br>Espa\u00f1ol<br>Traducci\u00f3n<br>disponible para otros<br>idiomas<\/td><td>Tel\u00e9fono: (858) 281-5910<br>Sitio web:<a href=\"https:\/\/www.myfmspay.com\/\"> www.myfmspay.com<\/a><br><a href=\"mailto:connect@fmspay.com\">Conectarse@fmspay.com<\/a><\/td><\/tr><tr><td><strong>Independencia del GT<\/strong><br><\/td><td>Pagador de facturas<br>Empleador \u00fanico<br>Co-empleador<br>(s\u00f3lo familias existentes)<\/td><td>Todos los idiomas<br>son compatibles<br>para ayudar<br>Individuos en<br>El idioma<br>De su elecci\u00f3n<\/td><td>Elva Ch\u00e1vez<br>(877) 659-4500<br><a href=\"mailto:tjones@gtindependence.com\">tjones@gtindependence.com<\/a><\/td><\/tr><tr><td><strong>Corriente principal <\/strong><br><\/td><td>Pagador de facturas<br>Empleador \u00fanico<br>Co-empleador<\/td><td>Ingl\u00e9s y espa\u00f1ol<\/td><td>Jason Bergquist<br>866-767-4296<br><a href=\"https:\/\/www.mainsl.com\/fms-ca\/\">https:\/\/www.mainsl.com\/fms-ca\/<\/a><\/td><\/tr><tr><td><strong>Sociedades de Asociaciones P\u00fablicas (PPL)<\/strong><\/td><td>Pagador de facturas<br>Empleador \u00fanico<\/td><td>Ingl\u00e9s, espa\u00f1ol y mandar\u00edn<\/td><td>Servicio al cliente<br>Horario: 8 am \u2013 5 pm<br>Hora est\u00e1ndar del Pac\u00edfico 844-902-6665<br>Correo electr\u00f3nico: <a href=\"mailto:pplcalifornia@pplfirst.com\">pplcalifornia@pplfirst.com<\/a> <br>Web: <a href=\"https:\/\/pplfirst.com\/programs\/california\/ca-sdp\/\">CA SDP | PPL Primero<\/a><\/td><\/tr><tr><td><strong>Ritz<\/strong><\/td><td>Pagador de facturas <br>Co-empleador<\/td><td>Ingl\u00e9s, espa\u00f1ol, mandar\u00edn y chino<\/td><td>Sitio web: <a href=\"https:\/\/www.ritzfms.com\/\">Ritzfms.com<\/a><br>Pui de Kitleng<br>kpui@ritzvocational.com<br>(626)-600-4703<\/td><\/tr><tr><td><strong>Centinela Cuatro<\/strong><\/td><td>Pagador de facturas <br>Co-empleador<br>Empleador \u00fanico<\/td><td>Ingl\u00e9s<\/td><td><a href=\"https:\/\/sentinelfour.com\/contact-us\/\">https:\/\/sentinelfour.com\/contact-us\/<\/a><\/td><\/tr><tr><td><strong>SequoiaSD, Inc. <\/strong><br><\/td><td>Pagador de facturas <br>Empleador \u00fanico<\/td><td>Traducci\u00f3n al espa\u00f1ol, ingl\u00e9s <br>Disponible para otros idiomas<\/td><td><a href=\"mailto:info@sequoiasd.com\">info@sequoiasd.com<\/a><br><br>Sitio web: <a href=\"https:\/\/sequoiasd.com\/\">sequoiasd.com<\/a><br><a href=\"mailto:sequoiaenrollment@sequoiasd.com\">sequoiaenrollment@sequoiasd.com<\/a><br>530-515-2948<\/td><\/tr><\/tbody><\/table><\/figure>\n<\/div>\n\n\n\n<p><\/p>","protected":false},"excerpt":{"rendered":"For all information view here: FMS Vendors PDF View the Employee Burden Summary Form here: Employer Burden Summary Form (ca.gov) [&hellip;]","protected":false},"author":61,"featured_media":0,"parent":36653,"menu_order":0,"comment_status":"closed","ping_status":"closed","template":"","meta":{"_acf_changed":false,"advgb_blocks_editor_width":"","advgb_blocks_columns_visual_guide":"","_EventAllDay":false,"_EventTimezone":"","_EventStartDate":"","_EventEndDate":"","_EventStartDateUTC":"","_EventEndDateUTC":"","_EventShowMap":false,"_EventShowMapLink":false,"_EventURL":"","_EventCost":"","_EventCostDescription":"","_EventCurrencySymbol":"","_EventCurrencyCode":"","_EventCurrencyPosition":"","_EventDateTimeSeparator":"","_EventTimeRangeSeparator":"","_EventOrganizerID":[],"_EventVenueID":[],"_OrganizerEmail":"","_OrganizerPhone":"","_OrganizerWebsite":"","_VenueAddress":"","_VenueCity":"","_VenueCountry":"","_VenueProvince":"","_VenueState":"","_VenueZip":"","_VenuePhone":"","_VenueURL":"","_VenueStateProvince":"","_VenueLat":"","_VenueLng":"","_VenueShowMap":false,"_VenueShowMapLink":false,"_tribe_blocks_recurrence_rules":"","_tribe_blocks_recurrence_description":"","_tribe_blocks_recurrence_exclusions":"","footnotes":""},"class_list":["post-46677","page","type-page","status-publish","hentry"],"acf":[],"yoast_head":"<!-- This site is optimized with the Yoast SEO plugin v26.4 - https:\/\/yoast.com\/wordpress\/plugins\/seo\/ -->\n<title>Financial Management Service (FMS) -<\/title>\n<meta name=\"description\" content=\"Financial Management Service (FMS) - For all information view here: FMS Vendors PDF View the Employee Burden Summary Form here: Employer Burden Summary Form (ca.gov) FMSFMS Model\" \/>\n<meta name=\"robots\" content=\"index, follow, max-snippet:-1, max-image-preview:large, max-video-preview:-1\" \/>\n<link rel=\"canonical\" href=\"https:\/\/www.nlacrc.org\/es\/consumers-families\/self-determination-program\/financial-management-service-fms\/\" \/>\n<meta property=\"og:locale\" content=\"es_MX\" \/>\n<meta property=\"og:type\" content=\"article\" \/>\n<meta property=\"og:title\" content=\"Financial Management Service (FMS) -\" \/>\n<meta property=\"og:description\" content=\"Financial Management Service (FMS) - For all information view here: FMS Vendors PDF View the Employee Burden Summary Form here: Employer Burden Summary Form (ca.gov) FMSFMS Model\" \/>\n<meta property=\"og:url\" content=\"https:\/\/www.nlacrc.org\/es\/consumers-families\/self-determination-program\/financial-management-service-fms\/\" \/>\n<meta property=\"og:site_name\" content=\"North Los Angeles County\" \/>\n<meta property=\"article:publisher\" content=\"https:\/\/www.facebook.com\/NLACRC\/\" \/>\n<meta property=\"article:modified_time\" content=\"2024-12-06T22:57:05+00:00\" \/>\n<meta name=\"twitter:card\" content=\"summary_large_image\" \/>\n<meta name=\"twitter:site\" content=\"@NLACRC\" \/>\n<meta name=\"twitter:label1\" content=\"Est. reading time\" \/>\n\t<meta name=\"twitter:data1\" content=\"2 minutos\" \/>\n<script type=\"application\/ld+json\" class=\"yoast-schema-graph\">{\"@context\":\"https:\/\/schema.org\",\"@graph\":[{\"@type\":\"WebPage\",\"@id\":\"https:\/\/www.nlacrc.org\/consumers-families\/self-determination-program\/financial-management-service-fms\/\",\"url\":\"https:\/\/www.nlacrc.org\/consumers-families\/self-determination-program\/financial-management-service-fms\/\",\"name\":\"Financial Management Service (FMS) -\",\"isPartOf\":{\"@id\":\"https:\/\/www.nlacrc.org\/fa\/#website\"},\"datePublished\":\"2024-08-30T21:54:52+00:00\",\"dateModified\":\"2024-12-06T22:57:05+00:00\",\"description\":\"Financial Management Service (FMS) - For all information view here: FMS Vendors PDF View the Employee Burden Summary Form here: Employer Burden Summary Form (ca.gov) FMSFMS Model\",\"breadcrumb\":{\"@id\":\"https:\/\/www.nlacrc.org\/consumers-families\/self-determination-program\/financial-management-service-fms\/#breadcrumb\"},\"inLanguage\":\"es\",\"potentialAction\":[{\"@type\":\"ReadAction\",\"target\":[\"https:\/\/www.nlacrc.org\/consumers-families\/self-determination-program\/financial-management-service-fms\/\"]}]},{\"@type\":\"BreadcrumbList\",\"@id\":\"https:\/\/www.nlacrc.org\/consumers-families\/self-determination-program\/financial-management-service-fms\/#breadcrumb\",\"itemListElement\":[{\"@type\":\"ListItem\",\"position\":1,\"name\":\"Home\",\"item\":\"https:\/\/www.nlacrc.org\/\"},{\"@type\":\"ListItem\",\"position\":2,\"name\":\"Consumers &amp; Families\",\"item\":\"https:\/\/nlacrc.org\/consumers-families\/\"},{\"@type\":\"ListItem\",\"position\":3,\"name\":\"Self-Determination Program\",\"item\":\"https:\/\/www.nlacrc.org\/consumers-families\/self-determination-program\/\"},{\"@type\":\"ListItem\",\"position\":4,\"name\":\"Financial Management Service (FMS)\"}]},{\"@type\":\"WebSite\",\"@id\":\"https:\/\/www.nlacrc.org\/fa\/#website\",\"url\":\"https:\/\/www.nlacrc.org\/fa\/\",\"name\":\"North Los Angeles County\",\"description\":\"Regional Center\",\"publisher\":{\"@id\":\"https:\/\/www.nlacrc.org\/fa\/#organization\"},\"potentialAction\":[{\"@type\":\"SearchAction\",\"target\":{\"@type\":\"EntryPoint\",\"urlTemplate\":\"https:\/\/www.nlacrc.org\/fa\/?s={search_term_string}\"},\"query-input\":{\"@type\":\"PropertyValueSpecification\",\"valueRequired\":true,\"valueName\":\"search_term_string\"}}],\"inLanguage\":\"es\"},{\"@type\":\"Organization\",\"@id\":\"https:\/\/www.nlacrc.org\/fa\/#organization\",\"name\":\"North Los Angeles County\",\"url\":\"https:\/\/www.nlacrc.org\/fa\/\",\"logo\":{\"@type\":\"ImageObject\",\"inLanguage\":\"es\",\"@id\":\"https:\/\/www.nlacrc.org\/fa\/#\/schema\/logo\/image\/\",\"url\":\"https:\/\/www.nlacrc.org\/wp-content\/uploads\/2024\/06\/logo.svg\",\"contentUrl\":\"https:\/\/www.nlacrc.org\/wp-content\/uploads\/2024\/06\/logo.svg\",\"width\":131,\"height\":130,\"caption\":\"North Los Angeles County\"},\"image\":{\"@id\":\"https:\/\/www.nlacrc.org\/fa\/#\/schema\/logo\/image\/\"},\"sameAs\":[\"https:\/\/www.facebook.com\/NLACRC\/\",\"https:\/\/x.com\/NLACRC\"]}]}<\/script>\n<!-- \/ Yoast SEO plugin. -->","yoast_head_json":{"title":"Financial Management Service (FMS) -","description":"Financial Management Service (FMS) - For all information view here: FMS Vendors PDF View the Employee Burden Summary Form here: Employer Burden Summary Form (ca.gov) FMSFMS Model","robots":{"index":"index","follow":"follow","max-snippet":"max-snippet:-1","max-image-preview":"max-image-preview:large","max-video-preview":"max-video-preview:-1"},"canonical":"https:\/\/www.nlacrc.org\/es\/consumers-families\/self-determination-program\/financial-management-service-fms\/","og_locale":"es_MX","og_type":"article","og_title":"Financial Management Service (FMS) -","og_description":"Financial Management Service (FMS) - For all information view here: FMS Vendors PDF View the Employee Burden Summary Form here: Employer Burden Summary Form (ca.gov) FMSFMS Model","og_url":"https:\/\/www.nlacrc.org\/es\/consumers-families\/self-determination-program\/financial-management-service-fms\/","og_site_name":"North Los Angeles County","article_publisher":"https:\/\/www.facebook.com\/NLACRC\/","article_modified_time":"2024-12-06T22:57:05+00:00","twitter_card":"summary_large_image","twitter_site":"@NLACRC","twitter_misc":{"Est. reading time":"2 minutos"},"schema":{"@context":"https:\/\/schema.org","@graph":[{"@type":"WebPage","@id":"https:\/\/www.nlacrc.org\/consumers-families\/self-determination-program\/financial-management-service-fms\/","url":"https:\/\/www.nlacrc.org\/consumers-families\/self-determination-program\/financial-management-service-fms\/","name":"Financial Management Service (FMS) -","isPartOf":{"@id":"https:\/\/www.nlacrc.org\/fa\/#website"},"datePublished":"2024-08-30T21:54:52+00:00","dateModified":"2024-12-06T22:57:05+00:00","description":"Financial Management Service (FMS) - For all information view here: FMS Vendors PDF View the Employee Burden Summary Form here: Employer Burden Summary Form (ca.gov) FMSFMS Model","breadcrumb":{"@id":"https:\/\/www.nlacrc.org\/consumers-families\/self-determination-program\/financial-management-service-fms\/#breadcrumb"},"inLanguage":"es","potentialAction":[{"@type":"ReadAction","target":["https:\/\/www.nlacrc.org\/consumers-families\/self-determination-program\/financial-management-service-fms\/"]}]},{"@type":"BreadcrumbList","@id":"https:\/\/www.nlacrc.org\/consumers-families\/self-determination-program\/financial-management-service-fms\/#breadcrumb","itemListElement":[{"@type":"ListItem","position":1,"name":"Home","item":"https:\/\/www.nlacrc.org\/"},{"@type":"ListItem","position":2,"name":"Consumers &amp; Families","item":"https:\/\/nlacrc.org\/consumers-families\/"},{"@type":"ListItem","position":3,"name":"Self-Determination Program","item":"https:\/\/www.nlacrc.org\/consumers-families\/self-determination-program\/"},{"@type":"ListItem","position":4,"name":"Financial Management Service (FMS)"}]},{"@type":"WebSite","@id":"https:\/\/www.nlacrc.org\/fa\/#website","url":"https:\/\/www.nlacrc.org\/fa\/","name":"Norte del condado de Los \u00c1ngeles","description":"Centro Regional","publisher":{"@id":"https:\/\/www.nlacrc.org\/fa\/#organization"},"potentialAction":[{"@type":"SearchAction","target":{"@type":"EntryPoint","urlTemplate":"https:\/\/www.nlacrc.org\/fa\/?s={search_term_string}"},"query-input":{"@type":"PropertyValueSpecification","valueRequired":true,"valueName":"search_term_string"}}],"inLanguage":"es"},{"@type":"Organization","@id":"https:\/\/www.nlacrc.org\/fa\/#organization","name":"Norte del condado de Los \u00c1ngeles","url":"https:\/\/www.nlacrc.org\/fa\/","logo":{"@type":"ImageObject","inLanguage":"es","@id":"https:\/\/www.nlacrc.org\/fa\/#\/schema\/logo\/image\/","url":"https:\/\/www.nlacrc.org\/wp-content\/uploads\/2024\/06\/logo.svg","contentUrl":"https:\/\/www.nlacrc.org\/wp-content\/uploads\/2024\/06\/logo.svg","width":131,"height":130,"caption":"North Los Angeles County"},"image":{"@id":"https:\/\/www.nlacrc.org\/fa\/#\/schema\/logo\/image\/"},"sameAs":["https:\/\/www.facebook.com\/NLACRC\/","https:\/\/x.com\/NLACRC"]}]}},"coauthors":[],"author_meta":{"author_link":"https:\/\/www.nlacrc.org\/es\/author\/jvanderiet\/","display_name":"jvanderiet"},"relative_dates":{"created":"Publicado 2 a\u00f1os hace","modified":"Actualizado 1 a\u00f1o hace"},"absolute_dates":{"created":"Publicado el agosto 30, 2024","modified":"Actualizado el diciembre 6, 2024"},"absolute_dates_time":{"created":"Publicado el agosto 30, 2024 2:54 pm","modified":"Actualizado el diciembre 6, 2024 2:57 pm"},"featured_img_caption":"","featured_img":false,"series_order":"","_links":{"self":[{"href":"https:\/\/www.nlacrc.org\/es\/wp-json\/wp\/v2\/pages\/46677","targetHints":{"allow":["GET"]}}],"collection":[{"href":"https:\/\/www.nlacrc.org\/es\/wp-json\/wp\/v2\/pages"}],"about":[{"href":"https:\/\/www.nlacrc.org\/es\/wp-json\/wp\/v2\/types\/page"}],"author":[{"embeddable":true,"href":"https:\/\/www.nlacrc.org\/es\/wp-json\/wp\/v2\/users\/61"}],"replies":[{"embeddable":true,"href":"https:\/\/www.nlacrc.org\/es\/wp-json\/wp\/v2\/comments?post=46677"}],"version-history":[{"count":5,"href":"https:\/\/www.nlacrc.org\/es\/wp-json\/wp\/v2\/pages\/46677\/revisions"}],"predecessor-version":[{"id":49462,"href":"https:\/\/www.nlacrc.org\/es\/wp-json\/wp\/v2\/pages\/46677\/revisions\/49462"}],"up":[{"embeddable":true,"href":"https:\/\/www.nlacrc.org\/es\/wp-json\/wp\/v2\/pages\/36653"}],"wp:attachment":[{"href":"https:\/\/www.nlacrc.org\/es\/wp-json\/wp\/v2\/media?parent=46677"}],"curies":[{"name":"wp","href":"https:\/\/api.w.org\/{rel}","templated":true}]}}