{"id":45954,"date":"2024-08-20T19:57:40","date_gmt":"2024-08-21T02:57:40","guid":{"rendered":"https:\/\/www.nlacrc.org\/?page_id=45954"},"modified":"2024-08-20T20:04:29","modified_gmt":"2024-08-21T03:04:29","slug":"medi-cal-managed-care","status":"publish","type":"page","link":"https:\/\/www.nlacrc.org\/es\/medi-cal-managed-care\/","title":{"rendered":"Atenci\u00f3n administrada de Medi-Cal"},"content":{"rendered":"<p><strong>Programa de Atenci\u00f3n de Los \u00c1ngeles<\/strong>&nbsp;<\/p>\n\n\n\n<p>Muchos consumidores de NLACRC han estado inscritos en planes de atenci\u00f3n administrada de Medi-Cal desde julio de 2011. Para ayudar a los consumidores con las preguntas que puedan tener durante esta transici\u00f3n, NLACRC ha trabajado con dos planes de salud en el condado de Los \u00c1ngeles (Health Net y LA Care) para que haya representantes del plan disponibles para responder las preguntas que los consumidores puedan tener una vez que se hayan inscrito en un plan.&nbsp;<br>&nbsp;<br>Si no est\u00e1 en un plan de salud y tiene preguntas sobre qu\u00e9 plan elegir o el proceso de inscripci\u00f3n, llame a: Opciones de atenci\u00f3n m\u00e9dica al 1-800-430-4263.&nbsp;<br>&nbsp;<br>Si es miembro actual de un plan de Health Net y tiene preguntas sobre su plan o beneficio, llame al n\u00famero principal al (800) 526-1898 y solicite hablar con el especialista en programas p\u00fablicos.&nbsp;<br>&nbsp;<br>Si es miembro actual de un plan de atenci\u00f3n de LA y tiene preguntas sobre su plan o beneficio, comun\u00edquese con su centro de llamadas para miembros las 24 horas al 1-888-839-9909.&nbsp;<\/p>\n\n\n\n<p>___________________________________________________________________\u00a0<br>\u00a0<br><strong>Informaci\u00f3n adicional<\/strong>\u00a0<br>\u00a0<br>A continuaci\u00f3n se muestran algunos recursos:<\/p>\n\n\n<section class=\"button_list list\">\n              <div class=\"container\">\n               <!--<h2 class=\"text-center\">Button List<\/h2>-->\n               <div class=\"simple_list_wrap\">\n                    <div class=\"simple_list_info\">\n                        <div class=\"row no-margin 1\">\n\t\t\t\t\t\t\t                            \t\t\t\t\t\t\t\t\t\t\t\t\t\t<div class=\"col-lg-12 col-md-12 simple_list_col\">\n\t\t\t\t\t\t\t                                <a href=\"https:\/\/www.nlacrc.org\/wp-content\/uploads\/2024\/08\/Governors-Coordinated-Care-Initiative-Long-Term-Services-Supports.pdf\" class=\"\" target=\"_blank\">Iniciativa de atenci\u00f3n coordinada del gobernador: servicios y apoyos a largo plazo<\/a>\n                            <\/div>\n                            \t\t\t\t\t\t\t                            \t\t\t\t\t\t\t\t\t\t\t\t\t\t<div class=\"col-lg-12 col-md-12 simple_list_col\">\n\t\t\t\t\t\t\t                                <a href=\"https:\/\/www.nlacrc.org\/wp-content\/uploads\/2024\/08\/Medi-Cal-Changes-Affecting-Seniors-People-with-Disabilities.pdf\" class=\"\" target=\"_blank\">Cambios importantes en Medi-Cal que afectan a personas mayores y personas con discapacidades por el Centro de Derechos en Atenci\u00f3n M\u00e9dica<\/a>\n                            <\/div>\n                            \t\t\t\t\t\t\t                            \t\t\t\t\t\t\t\t\t\t\t\t\t\t<div class=\"col-lg-12 col-md-12 simple_list_col\">\n\t\t\t\t\t\t\t                                <a href=\"https:\/\/www.nlacrc.org\/wp-content\/uploads\/2024\/08\/Medi-Cal-Managed-Care-Information-from-Health-Net.pdf\" class=\"\" target=\"_blank\">Informaci\u00f3n sobre atenci\u00f3n m\u00e9dica administrada de Medi-Cal de Health Net<\/a>\n                            <\/div>\n                            \t\t\t\t\t\t\t                            \t\t\t\t\t\t\t\t\t\t\t\t\t\t<div class=\"col-lg-12 col-md-12 simple_list_col\">\n\t\t\t\t\t\t\t                                <a href=\"http:\/\/www.calduals.org\/\" class=\"\" target=\"\">Manteni\u00e9ndolo informado sobre la integraci\u00f3n de Medicare\/Medi-Cal\u00a0<\/a>\n                            <\/div>\n                            \t\t\t\t\t\t\t                        <\/div>\n                    <\/div>\n            <\/div>\n              <\/div>\n      <\/section>\n\n\n\n<p><\/p>\n\n\n\n<p><\/p>","protected":false},"excerpt":{"rendered":"LA Care Program&nbsp; Many NLACRC consumers have been enrolled in Medi-Cal Managed Care plans since July 2011. In order to [&hellip;]","protected":false},"author":62,"featured_media":0,"parent":0,"menu_order":0,"comment_status":"closed","ping_status":"closed","template":"","meta":{"_acf_changed":false,"advgb_blocks_editor_width":"","advgb_blocks_columns_visual_guide":"","_EventAllDay":false,"_EventTimezone":"","_EventStartDate":"","_EventEndDate":"","_EventStartDateUTC":"","_EventEndDateUTC":"","_EventShowMap":false,"_EventShowMapLink":false,"_EventURL":"","_EventCost":"","_EventCostDescription":"","_EventCurrencySymbol":"","_EventCurrencyCode":"","_EventCurrencyPosition":"","_EventDateTimeSeparator":"","_EventTimeRangeSeparator":"","_EventOrganizerID":[],"_EventVenueID":[],"_OrganizerEmail":"","_OrganizerPhone":"","_OrganizerWebsite":"","_VenueAddress":"","_VenueCity":"","_VenueCountry":"","_VenueProvince":"","_VenueState":"","_VenueZip":"","_VenuePhone":"","_VenueURL":"","_VenueStateProvince":"","_VenueLat":"","_VenueLng":"","_VenueShowMap":false,"_VenueShowMapLink":false,"_tribe_blocks_recurrence_rules":"","_tribe_blocks_recurrence_description":"","_tribe_blocks_recurrence_exclusions":"","footnotes":""},"class_list":["post-45954","page","type-page","status-publish","hentry"],"acf":[],"yoast_head":"<!-- This site is optimized with the Yoast SEO plugin v26.4 - https:\/\/yoast.com\/wordpress\/plugins\/seo\/ -->\n<title>Medi-Cal Managed Care -<\/title>\n<meta name=\"description\" content=\"Medi-Cal Managed Care - LA Care Program&nbsp; Many NLACRC consumers have been enrolled in Medi-Cal Managed Care plans since July 2011. In order to assist consumers with questions\" \/>\n<meta name=\"robots\" content=\"index, follow, max-snippet:-1, max-image-preview:large, max-video-preview:-1\" \/>\n<link rel=\"canonical\" href=\"https:\/\/www.nlacrc.org\/es\/medi-cal-managed-care\/\" \/>\n<meta property=\"og:locale\" content=\"es_MX\" \/>\n<meta property=\"og:type\" content=\"article\" \/>\n<meta property=\"og:title\" content=\"Medi-Cal Managed Care -\" \/>\n<meta property=\"og:description\" content=\"Medi-Cal Managed Care - LA Care Program&nbsp; Many NLACRC consumers have been enrolled in Medi-Cal Managed Care plans since July 2011. In order to assist consumers with questions\" \/>\n<meta property=\"og:url\" content=\"https:\/\/www.nlacrc.org\/es\/medi-cal-managed-care\/\" \/>\n<meta property=\"og:site_name\" content=\"North Los Angeles County\" \/>\n<meta property=\"article:publisher\" content=\"https:\/\/www.facebook.com\/NLACRC\/\" \/>\n<meta property=\"article:modified_time\" content=\"2024-08-21T03:04:29+00:00\" \/>\n<meta name=\"twitter:card\" content=\"summary_large_image\" \/>\n<meta name=\"twitter:site\" content=\"@NLACRC\" \/>\n<meta name=\"twitter:label1\" content=\"Est. reading time\" \/>\n\t<meta name=\"twitter:data1\" content=\"1 minuto\" \/>\n<script type=\"application\/ld+json\" class=\"yoast-schema-graph\">{\"@context\":\"https:\/\/schema.org\",\"@graph\":[{\"@type\":\"WebPage\",\"@id\":\"https:\/\/www.nlacrc.org\/medi-cal-managed-care\/\",\"url\":\"https:\/\/www.nlacrc.org\/medi-cal-managed-care\/\",\"name\":\"Medi-Cal Managed Care -\",\"isPartOf\":{\"@id\":\"https:\/\/www.nlacrc.org\/fa\/#website\"},\"datePublished\":\"2024-08-21T02:57:40+00:00\",\"dateModified\":\"2024-08-21T03:04:29+00:00\",\"description\":\"Medi-Cal Managed Care - LA Care Program&nbsp; Many NLACRC consumers have been enrolled in Medi-Cal Managed Care plans since July 2011. In order to assist consumers with questions\",\"breadcrumb\":{\"@id\":\"https:\/\/www.nlacrc.org\/medi-cal-managed-care\/#breadcrumb\"},\"inLanguage\":\"es\",\"potentialAction\":[{\"@type\":\"ReadAction\",\"target\":[\"https:\/\/www.nlacrc.org\/medi-cal-managed-care\/\"]}]},{\"@type\":\"BreadcrumbList\",\"@id\":\"https:\/\/www.nlacrc.org\/medi-cal-managed-care\/#breadcrumb\",\"itemListElement\":[{\"@type\":\"ListItem\",\"position\":1,\"name\":\"Home\",\"item\":\"https:\/\/www.nlacrc.org\/\"},{\"@type\":\"ListItem\",\"position\":2,\"name\":\"Medi-Cal Managed Care\"}]},{\"@type\":\"WebSite\",\"@id\":\"https:\/\/www.nlacrc.org\/fa\/#website\",\"url\":\"https:\/\/www.nlacrc.org\/fa\/\",\"name\":\"North Los Angeles County\",\"description\":\"Regional Center\",\"publisher\":{\"@id\":\"https:\/\/www.nlacrc.org\/fa\/#organization\"},\"potentialAction\":[{\"@type\":\"SearchAction\",\"target\":{\"@type\":\"EntryPoint\",\"urlTemplate\":\"https:\/\/www.nlacrc.org\/fa\/?s={search_term_string}\"},\"query-input\":{\"@type\":\"PropertyValueSpecification\",\"valueRequired\":true,\"valueName\":\"search_term_string\"}}],\"inLanguage\":\"es\"},{\"@type\":\"Organization\",\"@id\":\"https:\/\/www.nlacrc.org\/fa\/#organization\",\"name\":\"North Los Angeles County\",\"url\":\"https:\/\/www.nlacrc.org\/fa\/\",\"logo\":{\"@type\":\"ImageObject\",\"inLanguage\":\"es\",\"@id\":\"https:\/\/www.nlacrc.org\/fa\/#\/schema\/logo\/image\/\",\"url\":\"https:\/\/www.nlacrc.org\/wp-content\/uploads\/2024\/06\/logo.svg\",\"contentUrl\":\"https:\/\/www.nlacrc.org\/wp-content\/uploads\/2024\/06\/logo.svg\",\"width\":131,\"height\":130,\"caption\":\"North Los Angeles County\"},\"image\":{\"@id\":\"https:\/\/www.nlacrc.org\/fa\/#\/schema\/logo\/image\/\"},\"sameAs\":[\"https:\/\/www.facebook.com\/NLACRC\/\",\"https:\/\/x.com\/NLACRC\"]}]}<\/script>\n<!-- \/ Yoast SEO plugin. -->","yoast_head_json":{"title":"Medi-Cal Managed Care -","description":"Medi-Cal Managed Care - LA Care Program&nbsp; Many NLACRC consumers have been enrolled in Medi-Cal Managed Care plans since July 2011. In order to assist consumers with questions","robots":{"index":"index","follow":"follow","max-snippet":"max-snippet:-1","max-image-preview":"max-image-preview:large","max-video-preview":"max-video-preview:-1"},"canonical":"https:\/\/www.nlacrc.org\/es\/medi-cal-managed-care\/","og_locale":"es_MX","og_type":"article","og_title":"Medi-Cal Managed Care -","og_description":"Medi-Cal Managed Care - LA Care Program&nbsp; Many NLACRC consumers have been enrolled in Medi-Cal Managed Care plans since July 2011. In order to assist consumers with questions","og_url":"https:\/\/www.nlacrc.org\/es\/medi-cal-managed-care\/","og_site_name":"North Los Angeles County","article_publisher":"https:\/\/www.facebook.com\/NLACRC\/","article_modified_time":"2024-08-21T03:04:29+00:00","twitter_card":"summary_large_image","twitter_site":"@NLACRC","twitter_misc":{"Est. reading time":"1 minuto"},"schema":{"@context":"https:\/\/schema.org","@graph":[{"@type":"WebPage","@id":"https:\/\/www.nlacrc.org\/medi-cal-managed-care\/","url":"https:\/\/www.nlacrc.org\/medi-cal-managed-care\/","name":"Medi-Cal Managed Care -","isPartOf":{"@id":"https:\/\/www.nlacrc.org\/fa\/#website"},"datePublished":"2024-08-21T02:57:40+00:00","dateModified":"2024-08-21T03:04:29+00:00","description":"Medi-Cal Managed Care - LA Care Program&nbsp; Many NLACRC consumers have been enrolled in Medi-Cal Managed Care plans since July 2011. In order to assist consumers with questions","breadcrumb":{"@id":"https:\/\/www.nlacrc.org\/medi-cal-managed-care\/#breadcrumb"},"inLanguage":"es","potentialAction":[{"@type":"ReadAction","target":["https:\/\/www.nlacrc.org\/medi-cal-managed-care\/"]}]},{"@type":"BreadcrumbList","@id":"https:\/\/www.nlacrc.org\/medi-cal-managed-care\/#breadcrumb","itemListElement":[{"@type":"ListItem","position":1,"name":"Home","item":"https:\/\/www.nlacrc.org\/"},{"@type":"ListItem","position":2,"name":"Medi-Cal Managed Care"}]},{"@type":"WebSite","@id":"https:\/\/www.nlacrc.org\/fa\/#website","url":"https:\/\/www.nlacrc.org\/fa\/","name":"Norte del condado de Los \u00c1ngeles","description":"Centro Regional","publisher":{"@id":"https:\/\/www.nlacrc.org\/fa\/#organization"},"potentialAction":[{"@type":"SearchAction","target":{"@type":"EntryPoint","urlTemplate":"https:\/\/www.nlacrc.org\/fa\/?s={search_term_string}"},"query-input":{"@type":"PropertyValueSpecification","valueRequired":true,"valueName":"search_term_string"}}],"inLanguage":"es"},{"@type":"Organization","@id":"https:\/\/www.nlacrc.org\/fa\/#organization","name":"Norte del condado de Los \u00c1ngeles","url":"https:\/\/www.nlacrc.org\/fa\/","logo":{"@type":"ImageObject","inLanguage":"es","@id":"https:\/\/www.nlacrc.org\/fa\/#\/schema\/logo\/image\/","url":"https:\/\/www.nlacrc.org\/wp-content\/uploads\/2024\/06\/logo.svg","contentUrl":"https:\/\/www.nlacrc.org\/wp-content\/uploads\/2024\/06\/logo.svg","width":131,"height":130,"caption":"North Los Angeles County"},"image":{"@id":"https:\/\/www.nlacrc.org\/fa\/#\/schema\/logo\/image\/"},"sameAs":["https:\/\/www.facebook.com\/NLACRC\/","https:\/\/x.com\/NLACRC"]}]}},"coauthors":[],"author_meta":{"author_link":"https:\/\/www.nlacrc.org\/es\/author\/cwhitlock2\/","display_name":"cwhitlock2"},"relative_dates":{"created":"Publicado 2 a\u00f1os hace","modified":"Actualizado 2 a\u00f1os hace"},"absolute_dates":{"created":"Publicado el agosto 20, 2024","modified":"Actualizado el agosto 20, 2024"},"absolute_dates_time":{"created":"Publicado el agosto 20, 2024 7:57 pm","modified":"Actualizado el agosto 20, 2024 8:04 pm"},"featured_img_caption":"","featured_img":false,"series_order":"","_links":{"self":[{"href":"https:\/\/www.nlacrc.org\/es\/wp-json\/wp\/v2\/pages\/45954","targetHints":{"allow":["GET"]}}],"collection":[{"href":"https:\/\/www.nlacrc.org\/es\/wp-json\/wp\/v2\/pages"}],"about":[{"href":"https:\/\/www.nlacrc.org\/es\/wp-json\/wp\/v2\/types\/page"}],"author":[{"embeddable":true,"href":"https:\/\/www.nlacrc.org\/es\/wp-json\/wp\/v2\/users\/62"}],"replies":[{"embeddable":true,"href":"https:\/\/www.nlacrc.org\/es\/wp-json\/wp\/v2\/comments?post=45954"}],"version-history":[{"count":2,"href":"https:\/\/www.nlacrc.org\/es\/wp-json\/wp\/v2\/pages\/45954\/revisions"}],"predecessor-version":[{"id":45960,"href":"https:\/\/www.nlacrc.org\/es\/wp-json\/wp\/v2\/pages\/45954\/revisions\/45960"}],"wp:attachment":[{"href":"https:\/\/www.nlacrc.org\/es\/wp-json\/wp\/v2\/media?parent=45954"}],"curies":[{"name":"wp","href":"https:\/\/api.w.org\/{rel}","templated":true}]}}