{"id":45891,"date":"2024-08-20T15:42:27","date_gmt":"2024-08-20T22:42:27","guid":{"rendered":"https:\/\/www.nlacrc.org\/?page_id=45891"},"modified":"2024-08-20T15:49:52","modified_gmt":"2024-08-20T22:49:52","slug":"special-incident-report-sir","status":"publish","type":"page","link":"https:\/\/www.nlacrc.org\/es\/special-incident-report-sir\/","title":{"rendered":"Informe de incidente especial (SIR)"},"content":{"rendered":"<p><strong><em>Requisitos de informes SIR del DDS (Departamento de Servicios de Desarrollo):<\/em><\/strong>- A partir del lunes 3 de abril de 2023, el DDS FINALIZAR\u00c1 LOS INFORMES ESPECIALES DE INCIDENTES PARA diagn\u00f3sticos positivos de COVID-19 y VIRUELA DEL MONO a los Centros Regionales. Esto tambi\u00e9n incluye la presentaci\u00f3n de informes sobre el estado de vacunaci\u00f3n contra la COVID-19. Los proveedores y las instalaciones de LTHC ya no est\u00e1n obligados a enviar informes de incidentes especiales al Centro Regional para diagn\u00f3sticos positivos de COVID-19 o viruela del mono.\u00a0<\/p>\n\n\n\n<p><strong><em>Requisitos de informes de la Divisi\u00f3n de Licencias de Atenci\u00f3n Comunitaria (CCLD):<\/em><\/strong>\u00a0<\/p>\n\n\n\n<p>-A partir del 1 de marzo de 2023, los licenciatarios de CCL ya no est\u00e1n obligados a informar sobre <strong>casos individuales<\/strong> de COVID-19 a la Divisi\u00f3n de Licencias de Atenci\u00f3n Comunitaria. <em>Algunos informes sobre COVID-19 siguen vigentes<\/em>.&nbsp;<\/p>\n\n\n\n<p><strong><em>-Licenciatarios para el cuidado de adultos y personas mayores<\/em><\/strong> est\u00e1n obligados a informar sobre brotes sospechosos o confirmados a su departamento de salud local.&nbsp;<\/p>\n\n\n\n<p><strong><em>-Licenciatarios de centros de cuidado infantil<\/em><\/strong><em>,<\/em> est\u00e1n obligados a informar sobre brotes epid\u00e9micos a su oficina regional local y a su departamento de salud local.&nbsp;<\/p>\n\n\n\n<p><strong><em>-Licenciatarios de hogares de cuidado infantil familiar<\/em><\/strong> est\u00e1n obligados a informar sobre un brote de enfermedad transmisible cuando as\u00ed lo determine su departamento de salud local a su oficina regional local.&nbsp;<\/p>\n\n\n\n<p><strong><em>-Licenciatarios residenciales para ni\u00f1os<\/em><\/strong> Adem\u00e1s, los proveedores a\u00fan deben informar los brotes epid\u00e9micos a sus oficinas regionales locales y al departamento de salud local.&nbsp;&nbsp;<\/p>\n\n\n\n<p>El Departamento de Servicios de Desarrollo de California (DDS) y los centros regionales monitorean la ocurrencia de eventos adversos, capturados a trav\u00e9s de Informes de Incidentes Especiales (SIR), en un esfuerzo por identificar tendencias y desarrollar estrategias para prevenir y mitigar los riesgos para la salud y la seguridad del consumidor.&nbsp;<br>&nbsp;<br>Como lo exige la Secci\u00f3n 54327 del T\u00edtulo 17 del C\u00f3digo de Regulaciones de California, los proveedores y los centros de atenci\u00f3n m\u00e9dica a largo plazo deben informar los casos de sospecha de abuso, sospecha de negligencia, lesiones que requieran atenci\u00f3n m\u00e9dica, hospitalizaci\u00f3n no planificada y personas desaparecidas, si ocurren cuando un consumidor est\u00e1 recibiendo servicios financiados por un centro regional (bajo atenci\u00f3n proporcionada por proveedores).&nbsp;<br>&nbsp;<br>Adem\u00e1s, se debe informar sobre cualquier caso de muerte de un consumidor o de que un consumidor sea v\u00edctima de un delito, independientemente de si ocurri\u00f3 mientras el consumidor se encontraba bajo la atenci\u00f3n de un proveedor o no. (del Informe semestral sobre mortalidad del DDS, julio-diciembre de 2009)&nbsp;<\/p>\n\n\n<section class=\"button_list list\">\n              <div class=\"container\">\n               <!--<h2 class=\"text-center\">Button List<\/h2>-->\n               <div class=\"simple_list_wrap\">\n                    <div class=\"simple_list_info\">\n                        <div class=\"row no-margin 1\">\n\t\t\t\t\t\t\t                            \t\t\t\t\t\t\t\t\t\t\t\t\t\t<div class=\"col-lg-12 col-md-12 simple_list_col\">\n\t\t\t\t\t\t\t                                <a href=\"https:\/\/govt.westlaw.com\/calregs\/Search\/Results?transitionType=Default&#038;contextData=%28sc.Default%29&#038;t_T1=17&#038;t_T2=54327&#038;t_S1=CA%20ADC%20s&#038;Page=1&#038;SearchId=i0a899ccd0000019171f5398bafc62559&#038;query=advanced%3A%20CI%28%2217%20CA%20ADC%20s%2054327%22%29&#038;Template=Find\" class=\"\" target=\"\">T\u00edtulo 17 Secci\u00f3n \u00a7 54327<\/a>\n                            <\/div>\n                            \t\t\t\t\t\t\t                            \t\t\t\t\t\t\t\t\t\t\t\t\t\t<div class=\"col-lg-12 col-md-12 simple_list_col\">\n\t\t\t\t\t\t\t                                <a href=\"https:\/\/www.nlacrc.org\/wp-content\/uploads\/2024\/06\/Special-Incident-Report.pdf\" class=\"\" target=\"\">Formulario SIR<\/a>\n                            <\/div>\n                            \t\t\t\t\t\t\t                        <\/div>\n                    <\/div>\n            <\/div>\n              <\/div>\n      <\/section>\n\n\n\n<p><strong>Nuevos procedimientos para denunciar el abuso de ancianos y dependientes a los Servicios de Protecci\u00f3n de Adultos<\/strong>&nbsp;<\/p>\n\n\n\n<p>Tenga en cuenta que los Servicios de Protecci\u00f3n para Adultos han eliminado su n\u00famero de fax centralizado y que el procedimiento para denunciar sospechas de abuso y negligencia de ancianos y adultos dependientes a los Servicios de Protecci\u00f3n para Adultos (APS) ha cambiado.\u00a0<br>\u00a0<br>Puede denunciar un incidente de sospecha de abuso y negligencia de ancianos y adultos dependientes a APS, eligiendo una de las dos opciones que se enumeran a continuaci\u00f3n:\u00a0<br>\u00a0<br>1. Reporte verbalmente el incidente llamando al:\u00a0<br>a) L\u00ednea directa de denuncia de abuso de ancianos las 24 horas al (877) 477-3646 o\u00a0<br>b) L\u00ednea directa de denuncia obligatoria de APS al (888) 202-4248.\u00a0<br>\u00a0<br>2. Complete el formulario SOC 341 y env\u00edelo por correo a:\u00a0<br>Servicios de protecci\u00f3n para adultos \u2013 Admisi\u00f3n al centro\u00a0<br>Servicios comunitarios y para personas mayores\u00a0<br>3333 Wilshire Blvd., 4to piso\u00a0<br>Los \u00c1ngeles, CA 90010\u00a0<br>\u00a0<br>O\u00a0<br>\u00a0<br>1. Presentar un informe electr\u00f3nico en <a href=\"https:\/\/wdacs.lacounty.gov\/services\/older-dependent-adult-services\/adult-protective-services-aps\/\" target=\"_blank\" rel=\"noreferrer noopener\">https:\/\/wdacs.lacounty.gov\/services\/older-dependent-adult-services\/adult-protective-services-aps\/<\/a>Tenga en cuenta que si env\u00eda un informe de forma electr\u00f3nica, no es necesario que informe verbalmente el incidente. Adem\u00e1s, actualmente no existe la opci\u00f3n de imprimir el informe electr\u00f3nico y, una vez enviado, no se le proporcionar\u00e1 un n\u00famero de confirmaci\u00f3n. APS est\u00e1 trabajando actualmente para agregar una opci\u00f3n de impresi\u00f3n y otras mejoras.\u00a0<br>\u00a0<br>Instrucciones de seguimiento:\u00a0<br>Despu\u00e9s de enviar el informe escrito, llame a APS despu\u00e9s de un par de d\u00edas al (213) 351-5401 para preguntar sobre el estado del caso.\u00a0<br>\u00a0<br>Si tiene alguna pregunta o inquietud con respecto al proceso o el formulario electr\u00f3nico, comun\u00edquese con APS a uno de los n\u00fameros indicados anteriormente.<\/p>","protected":false},"excerpt":{"rendered":"DDS (Department of Developmental Services) SIR Reporting Requirements:-Effective Monday, April 3, 2023, DDS is ENDING SPECIAL INCIDENT REPORTING FOR positive [&hellip;]","protected":false},"author":62,"featured_media":0,"parent":0,"menu_order":0,"comment_status":"closed","ping_status":"closed","template":"","meta":{"_acf_changed":false,"advgb_blocks_editor_width":"","advgb_blocks_columns_visual_guide":"","_EventAllDay":false,"_EventTimezone":"","_EventStartDate":"","_EventEndDate":"","_EventStartDateUTC":"","_EventEndDateUTC":"","_EventShowMap":false,"_EventShowMapLink":false,"_EventURL":"","_EventCost":"","_EventCostDescription":"","_EventCurrencySymbol":"","_EventCurrencyCode":"","_EventCurrencyPosition":"","_EventDateTimeSeparator":"","_EventTimeRangeSeparator":"","_EventOrganizerID":[],"_EventVenueID":[],"_OrganizerEmail":"","_OrganizerPhone":"","_OrganizerWebsite":"","_VenueAddress":"","_VenueCity":"","_VenueCountry":"","_VenueProvince":"","_VenueState":"","_VenueZip":"","_VenuePhone":"","_VenueURL":"","_VenueStateProvince":"","_VenueLat":"","_VenueLng":"","_VenueShowMap":false,"_VenueShowMapLink":false,"_tribe_blocks_recurrence_rules":"","_tribe_blocks_recurrence_description":"","_tribe_blocks_recurrence_exclusions":"","footnotes":""},"class_list":["post-45891","page","type-page","status-publish","hentry"],"acf":[],"yoast_head":"<!-- This site is optimized with the Yoast SEO plugin v26.4 - https:\/\/yoast.com\/wordpress\/plugins\/seo\/ -->\n<title>Special Incident Report (SIR) -<\/title>\n<meta name=\"description\" content=\"Special Incident Report (SIR) - DDS (Department of Developmental Services) SIR Reporting Requirements:-Effective Monday, April 3, 2023, DDS is ENDING SPECIAL INCIDENT REPORTING FOR\" \/>\n<meta name=\"robots\" content=\"index, follow, max-snippet:-1, max-image-preview:large, max-video-preview:-1\" \/>\n<link rel=\"canonical\" href=\"https:\/\/nlacrc.org\/special-incident-report-sir\/\" \/>\n<meta property=\"og:locale\" content=\"es_MX\" \/>\n<meta property=\"og:type\" content=\"article\" \/>\n<meta property=\"og:title\" content=\"Special Incident Report (SIR) -\" \/>\n<meta property=\"og:description\" content=\"Special Incident Report (SIR) - DDS (Department of Developmental Services) SIR Reporting Requirements:-Effective Monday, April 3, 2023, DDS is ENDING SPECIAL INCIDENT REPORTING FOR\" \/>\n<meta property=\"og:url\" content=\"https:\/\/nlacrc.org\/special-incident-report-sir\/\" \/>\n<meta property=\"og:site_name\" content=\"North Los Angeles County\" \/>\n<meta property=\"article:publisher\" content=\"https:\/\/www.facebook.com\/NLACRC\/\" \/>\n<meta property=\"article:modified_time\" content=\"2024-08-20T22:49:52+00:00\" \/>\n<meta name=\"twitter:card\" content=\"summary_large_image\" \/>\n<meta name=\"twitter:site\" content=\"@NLACRC\" \/>\n<meta name=\"twitter:label1\" content=\"Est. reading time\" \/>\n\t<meta name=\"twitter:data1\" content=\"3 minutos\" \/>\n<script type=\"application\/ld+json\" class=\"yoast-schema-graph\">{\"@context\":\"https:\/\/schema.org\",\"@graph\":[{\"@type\":\"WebPage\",\"@id\":\"https:\/\/nlacrc.org\/special-incident-report-sir\/\",\"url\":\"https:\/\/nlacrc.org\/special-incident-report-sir\/\",\"name\":\"Special Incident Report (SIR) -\",\"isPartOf\":{\"@id\":\"https:\/\/www.nlacrc.org\/fa\/#website\"},\"datePublished\":\"2024-08-20T22:42:27+00:00\",\"dateModified\":\"2024-08-20T22:49:52+00:00\",\"description\":\"Special Incident Report (SIR) - DDS (Department of Developmental Services) SIR Reporting Requirements:-Effective Monday, April 3, 2023, DDS is ENDING SPECIAL INCIDENT REPORTING FOR\",\"breadcrumb\":{\"@id\":\"https:\/\/nlacrc.org\/special-incident-report-sir\/#breadcrumb\"},\"inLanguage\":\"es\",\"potentialAction\":[{\"@type\":\"ReadAction\",\"target\":[\"https:\/\/nlacrc.org\/special-incident-report-sir\/\"]}]},{\"@type\":\"BreadcrumbList\",\"@id\":\"https:\/\/nlacrc.org\/special-incident-report-sir\/#breadcrumb\",\"itemListElement\":[{\"@type\":\"ListItem\",\"position\":1,\"name\":\"Home\",\"item\":\"https:\/\/www.nlacrc.org\/\"},{\"@type\":\"ListItem\",\"position\":2,\"name\":\"Special Incident Report (SIR)\"}]},{\"@type\":\"WebSite\",\"@id\":\"https:\/\/www.nlacrc.org\/fa\/#website\",\"url\":\"https:\/\/www.nlacrc.org\/fa\/\",\"name\":\"North Los Angeles County\",\"description\":\"Regional Center\",\"publisher\":{\"@id\":\"https:\/\/www.nlacrc.org\/fa\/#organization\"},\"potentialAction\":[{\"@type\":\"SearchAction\",\"target\":{\"@type\":\"EntryPoint\",\"urlTemplate\":\"https:\/\/www.nlacrc.org\/fa\/?s={search_term_string}\"},\"query-input\":{\"@type\":\"PropertyValueSpecification\",\"valueRequired\":true,\"valueName\":\"search_term_string\"}}],\"inLanguage\":\"es\"},{\"@type\":\"Organization\",\"@id\":\"https:\/\/www.nlacrc.org\/fa\/#organization\",\"name\":\"North Los Angeles County\",\"url\":\"https:\/\/www.nlacrc.org\/fa\/\",\"logo\":{\"@type\":\"ImageObject\",\"inLanguage\":\"es\",\"@id\":\"https:\/\/www.nlacrc.org\/fa\/#\/schema\/logo\/image\/\",\"url\":\"https:\/\/www.nlacrc.org\/wp-content\/uploads\/2024\/06\/logo.svg\",\"contentUrl\":\"https:\/\/www.nlacrc.org\/wp-content\/uploads\/2024\/06\/logo.svg\",\"width\":131,\"height\":130,\"caption\":\"North Los Angeles County\"},\"image\":{\"@id\":\"https:\/\/www.nlacrc.org\/fa\/#\/schema\/logo\/image\/\"},\"sameAs\":[\"https:\/\/www.facebook.com\/NLACRC\/\",\"https:\/\/x.com\/NLACRC\"]}]}<\/script>\n<!-- \/ Yoast SEO plugin. -->","yoast_head_json":{"title":"Special Incident Report (SIR) -","description":"Special Incident Report (SIR) - DDS (Department of Developmental Services) SIR Reporting Requirements:-Effective Monday, April 3, 2023, DDS is ENDING SPECIAL INCIDENT REPORTING FOR","robots":{"index":"index","follow":"follow","max-snippet":"max-snippet:-1","max-image-preview":"max-image-preview:large","max-video-preview":"max-video-preview:-1"},"canonical":"https:\/\/nlacrc.org\/special-incident-report-sir\/","og_locale":"es_MX","og_type":"article","og_title":"Special Incident Report (SIR) -","og_description":"Special Incident Report (SIR) - DDS (Department of Developmental Services) SIR Reporting Requirements:-Effective Monday, April 3, 2023, DDS is ENDING SPECIAL INCIDENT REPORTING FOR","og_url":"https:\/\/nlacrc.org\/special-incident-report-sir\/","og_site_name":"North Los Angeles County","article_publisher":"https:\/\/www.facebook.com\/NLACRC\/","article_modified_time":"2024-08-20T22:49:52+00:00","twitter_card":"summary_large_image","twitter_site":"@NLACRC","twitter_misc":{"Est. reading time":"3 minutos"},"schema":{"@context":"https:\/\/schema.org","@graph":[{"@type":"WebPage","@id":"https:\/\/nlacrc.org\/special-incident-report-sir\/","url":"https:\/\/nlacrc.org\/special-incident-report-sir\/","name":"Special Incident Report (SIR) -","isPartOf":{"@id":"https:\/\/www.nlacrc.org\/fa\/#website"},"datePublished":"2024-08-20T22:42:27+00:00","dateModified":"2024-08-20T22:49:52+00:00","description":"Special Incident Report (SIR) - DDS (Department of Developmental Services) SIR Reporting Requirements:-Effective Monday, April 3, 2023, DDS is ENDING SPECIAL INCIDENT REPORTING FOR","breadcrumb":{"@id":"https:\/\/nlacrc.org\/special-incident-report-sir\/#breadcrumb"},"inLanguage":"es","potentialAction":[{"@type":"ReadAction","target":["https:\/\/nlacrc.org\/special-incident-report-sir\/"]}]},{"@type":"BreadcrumbList","@id":"https:\/\/nlacrc.org\/special-incident-report-sir\/#breadcrumb","itemListElement":[{"@type":"ListItem","position":1,"name":"Home","item":"https:\/\/www.nlacrc.org\/"},{"@type":"ListItem","position":2,"name":"Special Incident Report (SIR)"}]},{"@type":"WebSite","@id":"https:\/\/www.nlacrc.org\/fa\/#website","url":"https:\/\/www.nlacrc.org\/fa\/","name":"Norte del condado de Los \u00c1ngeles","description":"Centro Regional","publisher":{"@id":"https:\/\/www.nlacrc.org\/fa\/#organization"},"potentialAction":[{"@type":"SearchAction","target":{"@type":"EntryPoint","urlTemplate":"https:\/\/www.nlacrc.org\/fa\/?s={search_term_string}"},"query-input":{"@type":"PropertyValueSpecification","valueRequired":true,"valueName":"search_term_string"}}],"inLanguage":"es"},{"@type":"Organization","@id":"https:\/\/www.nlacrc.org\/fa\/#organization","name":"Norte del condado de Los \u00c1ngeles","url":"https:\/\/www.nlacrc.org\/fa\/","logo":{"@type":"ImageObject","inLanguage":"es","@id":"https:\/\/www.nlacrc.org\/fa\/#\/schema\/logo\/image\/","url":"https:\/\/www.nlacrc.org\/wp-content\/uploads\/2024\/06\/logo.svg","contentUrl":"https:\/\/www.nlacrc.org\/wp-content\/uploads\/2024\/06\/logo.svg","width":131,"height":130,"caption":"North Los Angeles County"},"image":{"@id":"https:\/\/www.nlacrc.org\/fa\/#\/schema\/logo\/image\/"},"sameAs":["https:\/\/www.facebook.com\/NLACRC\/","https:\/\/x.com\/NLACRC"]}]}},"coauthors":[],"author_meta":{"author_link":"https:\/\/www.nlacrc.org\/es\/author\/cwhitlock2\/","display_name":"cwhitlock2"},"relative_dates":{"created":"Publicado 2 a\u00f1os hace","modified":"Actualizado 2 a\u00f1os hace"},"absolute_dates":{"created":"Publicado el agosto 20, 2024","modified":"Actualizado el agosto 20, 2024"},"absolute_dates_time":{"created":"Publicado el agosto 20, 2024 3:42 pm","modified":"Actualizado el agosto 20, 2024 3:49 pm"},"featured_img_caption":"","featured_img":false,"series_order":"","_links":{"self":[{"href":"https:\/\/www.nlacrc.org\/es\/wp-json\/wp\/v2\/pages\/45891","targetHints":{"allow":["GET"]}}],"collection":[{"href":"https:\/\/www.nlacrc.org\/es\/wp-json\/wp\/v2\/pages"}],"about":[{"href":"https:\/\/www.nlacrc.org\/es\/wp-json\/wp\/v2\/types\/page"}],"author":[{"embeddable":true,"href":"https:\/\/www.nlacrc.org\/es\/wp-json\/wp\/v2\/users\/62"}],"replies":[{"embeddable":true,"href":"https:\/\/www.nlacrc.org\/es\/wp-json\/wp\/v2\/comments?post=45891"}],"version-history":[{"count":4,"href":"https:\/\/www.nlacrc.org\/es\/wp-json\/wp\/v2\/pages\/45891\/revisions"}],"predecessor-version":[{"id":45904,"href":"https:\/\/www.nlacrc.org\/es\/wp-json\/wp\/v2\/pages\/45891\/revisions\/45904"}],"wp:attachment":[{"href":"https:\/\/www.nlacrc.org\/es\/wp-json\/wp\/v2\/media?parent=45891"}],"curies":[{"name":"wp","href":"https:\/\/api.w.org\/{rel}","templated":true}]}}