{"id":45882,"date":"2024-08-20T15:21:17","date_gmt":"2024-08-20T22:21:17","guid":{"rendered":"https:\/\/www.nlacrc.org\/?page_id=45882"},"modified":"2025-05-12T09:17:41","modified_gmt":"2025-05-12T16:17:41","slug":"office-of-clients-rights-advocacy-2","status":"publish","type":"page","link":"https:\/\/www.nlacrc.org\/es\/office-of-clients-rights-advocacy-2\/","title":{"rendered":"Oficina de Defensa de los Derechos del Cliente"},"content":{"rendered":"<p>La Oficina de Defensa de los Derechos del Cliente (OCRA) es parte de Disability Rights California.&nbsp;<\/p>\n\n\n\n<p>OCRA tiene un Defensor de los Derechos del Cliente (CRA) en cada centro regional.&nbsp;<\/p>\n\n\n\n<p>La CRA ayuda a proteger los derechos de los consumidores de los centros regionales. La OCRA est\u00e1 financiada por el Departamento de Servicios de Desarrollo (DDS) del estado.&nbsp;<\/p>\n\n\n\n<p>Lea el folleto de la Oficina de Defensa de los Derechos del Cliente a continuaci\u00f3n para obtener m\u00e1s informaci\u00f3n sobre c\u00f3mo la CRA puede ayudarlo.&nbsp;<\/p>\n\n\n\n<p>Erica Rodr\u00edguez, Defensora de los Derechos del Cliente (CRA)\u00a0<br>Oficina de Defensa de los Derechos del Cliente\u00a0<br><\/p>\n\n\n\n<p>Derechos de las personas con discapacidad en California&nbsp;<br>350 South Bixel Street, Suite 290&nbsp;<br>Los \u00c1ngeles, CA 90017&nbsp;<br>Tel\u00e9fono: (213) 213-8118&nbsp;<br>Tel\u00e9fono: (213) 213-8021&nbsp;<\/p>\n\n\n\n<div class=\"wp-block-buttons is-layout-flex wp-block-buttons-is-layout-flex\">\n<div class=\"wp-block-button\"><a class=\"wp-block-button__link wp-element-button\" href=\"https:\/\/www.disabilityrightsca.org\/what-we-do\/programs\/office-of-clients-rights-advocacy-ocra\">Oficina de Defensa de los Derechos del Cliente<\/a><\/div>\n<\/div>","protected":false},"excerpt":{"rendered":"The Office of Clients&#8217; Rights Advocacy (OCRA) is part of Disability Rights California.&nbsp; OCRA has a Clients&#8217; Rights Advocate (CRA) [&hellip;]","protected":false},"author":62,"featured_media":0,"parent":0,"menu_order":0,"comment_status":"closed","ping_status":"closed","template":"","meta":{"_acf_changed":false,"advgb_blocks_editor_width":"","advgb_blocks_columns_visual_guide":"","_EventAllDay":false,"_EventTimezone":"","_EventStartDate":"","_EventEndDate":"","_EventStartDateUTC":"","_EventEndDateUTC":"","_EventShowMap":false,"_EventShowMapLink":false,"_EventURL":"","_EventCost":"","_EventCostDescription":"","_EventCurrencySymbol":"","_EventCurrencyCode":"","_EventCurrencyPosition":"","_EventDateTimeSeparator":"","_EventTimeRangeSeparator":"","_EventOrganizerID":[],"_EventVenueID":[],"_OrganizerEmail":"","_OrganizerPhone":"","_OrganizerWebsite":"","_VenueAddress":"","_VenueCity":"","_VenueCountry":"","_VenueProvince":"","_VenueState":"","_VenueZip":"","_VenuePhone":"","_VenueURL":"","_VenueStateProvince":"","_VenueLat":"","_VenueLng":"","_VenueShowMap":false,"_VenueShowMapLink":false,"_tribe_blocks_recurrence_rules":"","_tribe_blocks_recurrence_description":"","_tribe_blocks_recurrence_exclusions":"","footnotes":""},"class_list":["post-45882","page","type-page","status-publish","hentry"],"acf":[],"yoast_head":"<!-- This site is optimized with the Yoast SEO plugin v26.4 - https:\/\/yoast.com\/wordpress\/plugins\/seo\/ -->\n<title>Office of Clients&#039; Rights Advocacy -<\/title>\n<meta name=\"description\" content=\"Office of Clients&#039; Rights Advocacy - The Office of Clients&#039; Rights Advocacy (OCRA) is part of Disability Rights California.&nbsp; OCRA has a Clients&#039; Rights Advocate (CRA) at each regional\" \/>\n<meta name=\"robots\" content=\"index, follow, max-snippet:-1, max-image-preview:large, max-video-preview:-1\" \/>\n<link rel=\"canonical\" href=\"https:\/\/www.nlacrc.org\/es\/office-of-clients-rights-advocacy-2\/\" \/>\n<meta property=\"og:locale\" content=\"es_MX\" \/>\n<meta property=\"og:type\" content=\"article\" \/>\n<meta property=\"og:title\" content=\"Office of Clients&#039; Rights Advocacy -\" \/>\n<meta property=\"og:description\" content=\"Office of Clients&#039; Rights Advocacy - The Office of Clients&#039; Rights Advocacy (OCRA) is part of Disability Rights California.&nbsp; OCRA has a Clients&#039; Rights Advocate (CRA) at each regional\" \/>\n<meta property=\"og:url\" content=\"https:\/\/www.nlacrc.org\/es\/office-of-clients-rights-advocacy-2\/\" \/>\n<meta property=\"og:site_name\" content=\"North Los Angeles County\" \/>\n<meta property=\"article:publisher\" content=\"https:\/\/www.facebook.com\/NLACRC\/\" \/>\n<meta property=\"article:modified_time\" content=\"2025-05-12T16:17:41+00:00\" \/>\n<meta name=\"twitter:card\" content=\"summary_large_image\" \/>\n<meta name=\"twitter:site\" content=\"@NLACRC\" \/>\n<meta name=\"twitter:label1\" content=\"Est. reading time\" \/>\n\t<meta name=\"twitter:data1\" content=\"1 minuto\" \/>\n<script type=\"application\/ld+json\" class=\"yoast-schema-graph\">{\"@context\":\"https:\/\/schema.org\",\"@graph\":[{\"@type\":\"WebPage\",\"@id\":\"https:\/\/www.nlacrc.org\/office-of-clients-rights-advocacy-2\/\",\"url\":\"https:\/\/www.nlacrc.org\/office-of-clients-rights-advocacy-2\/\",\"name\":\"Office of Clients' Rights Advocacy -\",\"isPartOf\":{\"@id\":\"https:\/\/www.nlacrc.org\/fa\/#website\"},\"datePublished\":\"2024-08-20T22:21:17+00:00\",\"dateModified\":\"2025-05-12T16:17:41+00:00\",\"description\":\"Office of Clients' Rights Advocacy - The Office of Clients' Rights Advocacy (OCRA) is part of Disability Rights California.&nbsp; OCRA has a Clients' Rights Advocate (CRA) at each regional\",\"breadcrumb\":{\"@id\":\"https:\/\/www.nlacrc.org\/office-of-clients-rights-advocacy-2\/#breadcrumb\"},\"inLanguage\":\"es\",\"potentialAction\":[{\"@type\":\"ReadAction\",\"target\":[\"https:\/\/www.nlacrc.org\/office-of-clients-rights-advocacy-2\/\"]}]},{\"@type\":\"BreadcrumbList\",\"@id\":\"https:\/\/www.nlacrc.org\/office-of-clients-rights-advocacy-2\/#breadcrumb\",\"itemListElement\":[{\"@type\":\"ListItem\",\"position\":1,\"name\":\"Home\",\"item\":\"https:\/\/www.nlacrc.org\/\"},{\"@type\":\"ListItem\",\"position\":2,\"name\":\"Office of Clients&#8217; Rights Advocacy\"}]},{\"@type\":\"WebSite\",\"@id\":\"https:\/\/www.nlacrc.org\/fa\/#website\",\"url\":\"https:\/\/www.nlacrc.org\/fa\/\",\"name\":\"North Los Angeles County\",\"description\":\"Regional Center\",\"publisher\":{\"@id\":\"https:\/\/www.nlacrc.org\/fa\/#organization\"},\"potentialAction\":[{\"@type\":\"SearchAction\",\"target\":{\"@type\":\"EntryPoint\",\"urlTemplate\":\"https:\/\/www.nlacrc.org\/fa\/?s={search_term_string}\"},\"query-input\":{\"@type\":\"PropertyValueSpecification\",\"valueRequired\":true,\"valueName\":\"search_term_string\"}}],\"inLanguage\":\"es\"},{\"@type\":\"Organization\",\"@id\":\"https:\/\/www.nlacrc.org\/fa\/#organization\",\"name\":\"North Los Angeles County\",\"url\":\"https:\/\/www.nlacrc.org\/fa\/\",\"logo\":{\"@type\":\"ImageObject\",\"inLanguage\":\"es\",\"@id\":\"https:\/\/www.nlacrc.org\/fa\/#\/schema\/logo\/image\/\",\"url\":\"https:\/\/www.nlacrc.org\/wp-content\/uploads\/2024\/06\/logo.svg\",\"contentUrl\":\"https:\/\/www.nlacrc.org\/wp-content\/uploads\/2024\/06\/logo.svg\",\"width\":131,\"height\":130,\"caption\":\"North Los Angeles County\"},\"image\":{\"@id\":\"https:\/\/www.nlacrc.org\/fa\/#\/schema\/logo\/image\/\"},\"sameAs\":[\"https:\/\/www.facebook.com\/NLACRC\/\",\"https:\/\/x.com\/NLACRC\"]}]}<\/script>\n<!-- \/ Yoast SEO plugin. -->","yoast_head_json":{"title":"Office of Clients' Rights Advocacy -","description":"Office of Clients' Rights Advocacy - The Office of Clients' Rights Advocacy (OCRA) is part of Disability Rights California.&nbsp; OCRA has a Clients' Rights Advocate (CRA) at each regional","robots":{"index":"index","follow":"follow","max-snippet":"max-snippet:-1","max-image-preview":"max-image-preview:large","max-video-preview":"max-video-preview:-1"},"canonical":"https:\/\/www.nlacrc.org\/es\/office-of-clients-rights-advocacy-2\/","og_locale":"es_MX","og_type":"article","og_title":"Office of Clients' Rights Advocacy -","og_description":"Office of Clients' Rights Advocacy - The Office of Clients' Rights Advocacy (OCRA) is part of Disability Rights California.&nbsp; OCRA has a Clients' Rights Advocate (CRA) at each regional","og_url":"https:\/\/www.nlacrc.org\/es\/office-of-clients-rights-advocacy-2\/","og_site_name":"North Los Angeles County","article_publisher":"https:\/\/www.facebook.com\/NLACRC\/","article_modified_time":"2025-05-12T16:17:41+00:00","twitter_card":"summary_large_image","twitter_site":"@NLACRC","twitter_misc":{"Est. reading time":"1 minuto"},"schema":{"@context":"https:\/\/schema.org","@graph":[{"@type":"WebPage","@id":"https:\/\/www.nlacrc.org\/office-of-clients-rights-advocacy-2\/","url":"https:\/\/www.nlacrc.org\/office-of-clients-rights-advocacy-2\/","name":"Office of Clients' Rights Advocacy -","isPartOf":{"@id":"https:\/\/www.nlacrc.org\/fa\/#website"},"datePublished":"2024-08-20T22:21:17+00:00","dateModified":"2025-05-12T16:17:41+00:00","description":"Office of Clients' Rights Advocacy - The Office of Clients' Rights Advocacy (OCRA) is part of Disability Rights California.&nbsp; OCRA has a Clients' Rights Advocate (CRA) at each regional","breadcrumb":{"@id":"https:\/\/www.nlacrc.org\/office-of-clients-rights-advocacy-2\/#breadcrumb"},"inLanguage":"es","potentialAction":[{"@type":"ReadAction","target":["https:\/\/www.nlacrc.org\/office-of-clients-rights-advocacy-2\/"]}]},{"@type":"BreadcrumbList","@id":"https:\/\/www.nlacrc.org\/office-of-clients-rights-advocacy-2\/#breadcrumb","itemListElement":[{"@type":"ListItem","position":1,"name":"Home","item":"https:\/\/www.nlacrc.org\/"},{"@type":"ListItem","position":2,"name":"Office of Clients&#8217; Rights Advocacy"}]},{"@type":"WebSite","@id":"https:\/\/www.nlacrc.org\/fa\/#website","url":"https:\/\/www.nlacrc.org\/fa\/","name":"Norte del condado de Los \u00c1ngeles","description":"Centro Regional","publisher":{"@id":"https:\/\/www.nlacrc.org\/fa\/#organization"},"potentialAction":[{"@type":"SearchAction","target":{"@type":"EntryPoint","urlTemplate":"https:\/\/www.nlacrc.org\/fa\/?s={search_term_string}"},"query-input":{"@type":"PropertyValueSpecification","valueRequired":true,"valueName":"search_term_string"}}],"inLanguage":"es"},{"@type":"Organization","@id":"https:\/\/www.nlacrc.org\/fa\/#organization","name":"Norte del condado de Los \u00c1ngeles","url":"https:\/\/www.nlacrc.org\/fa\/","logo":{"@type":"ImageObject","inLanguage":"es","@id":"https:\/\/www.nlacrc.org\/fa\/#\/schema\/logo\/image\/","url":"https:\/\/www.nlacrc.org\/wp-content\/uploads\/2024\/06\/logo.svg","contentUrl":"https:\/\/www.nlacrc.org\/wp-content\/uploads\/2024\/06\/logo.svg","width":131,"height":130,"caption":"North Los Angeles County"},"image":{"@id":"https:\/\/www.nlacrc.org\/fa\/#\/schema\/logo\/image\/"},"sameAs":["https:\/\/www.facebook.com\/NLACRC\/","https:\/\/x.com\/NLACRC"]}]}},"coauthors":[],"author_meta":{"author_link":"https:\/\/www.nlacrc.org\/es\/author\/cwhitlock2\/","display_name":"cwhitlock2"},"relative_dates":{"created":"Publicado 2 a\u00f1os hace","modified":"Actualizado 11 meses hace"},"absolute_dates":{"created":"Publicado el agosto 20, 2024","modified":"Actualizado el mayo 12, 2025"},"absolute_dates_time":{"created":"Publicado el agosto 20, 2024 3:21 pm","modified":"Actualizado el mayo 12, 2025 9:17 am"},"featured_img_caption":"","featured_img":false,"series_order":"","_links":{"self":[{"href":"https:\/\/www.nlacrc.org\/es\/wp-json\/wp\/v2\/pages\/45882","targetHints":{"allow":["GET"]}}],"collection":[{"href":"https:\/\/www.nlacrc.org\/es\/wp-json\/wp\/v2\/pages"}],"about":[{"href":"https:\/\/www.nlacrc.org\/es\/wp-json\/wp\/v2\/types\/page"}],"author":[{"embeddable":true,"href":"https:\/\/www.nlacrc.org\/es\/wp-json\/wp\/v2\/users\/62"}],"replies":[{"embeddable":true,"href":"https:\/\/www.nlacrc.org\/es\/wp-json\/wp\/v2\/comments?post=45882"}],"version-history":[{"count":3,"href":"https:\/\/www.nlacrc.org\/es\/wp-json\/wp\/v2\/pages\/45882\/revisions"}],"predecessor-version":[{"id":54957,"href":"https:\/\/www.nlacrc.org\/es\/wp-json\/wp\/v2\/pages\/45882\/revisions\/54957"}],"wp:attachment":[{"href":"https:\/\/www.nlacrc.org\/es\/wp-json\/wp\/v2\/media?parent=45882"}],"curies":[{"name":"wp","href":"https:\/\/api.w.org\/{rel}","templated":true}]}}