{"id":45878,"date":"2024-08-20T15:13:36","date_gmt":"2024-08-20T22:13:36","guid":{"rendered":"https:\/\/www.nlacrc.org\/?page_id=45878"},"modified":"2024-08-20T15:13:37","modified_gmt":"2024-08-20T22:13:37","slug":"office-of-the-ombudsperson","status":"publish","type":"page","link":"https:\/\/www.nlacrc.org\/es\/office-of-the-ombudsperson\/","title":{"rendered":"Oficina del Defensor del Pueblo"},"content":{"rendered":"<p>El Departamento de Servicios de Desarrollo (Departamento) recibi\u00f3 fondos a trav\u00e9s de la Ley de Presupuesto de 2022 para establecer una Oficina del Defensor del Pueblo para ayudar a las personas y\/o sus familias que solicitan o reciben servicios del centro regional en relaci\u00f3n con la Ley Lanterman de Servicios para Discapacidades del Desarrollo. A partir del 1 de diciembre de 2022, esta nueva Oficina estar\u00e1 disponible para brindar informaci\u00f3n, facilitar la resoluci\u00f3n de desacuerdos y quejas, hacer recomendaciones al Departamento y recopilar y reportar datos.\u00a0<\/p>\n\n\n\n<h2 class=\"wp-block-heading\"><strong>Responsabilidades<\/strong><\/h2>\n\n\n\n<p>El Defensor del Pueblo ayuda a los clientes del centro regional y a sus familias a acceder a los servicios del centro regional disponibles bajo la Ley Lanterman.&nbsp;<\/p>\n\n\n\n<p><strong>Esta Oficina puede:<\/strong>&nbsp;<\/p>\n\n\n\n<ol start=\"1\" class=\"wp-block-list\">\n<li>Proporciona informaci\u00f3n a los clientes del centro regional y sus familias,\u00a0<\/li>\n<\/ol>\n\n\n\n<ol start=\"2\" class=\"wp-block-list\">\n<li>Facilita la resoluci\u00f3n de desacuerdos y quejas,\u00a0<\/li>\n<\/ol>\n\n\n\n<ol start=\"3\" class=\"wp-block-list\">\n<li>Hace recomendaciones y\u00a0<\/li>\n<\/ol>\n\n\n\n<ol start=\"4\" class=\"wp-block-list\">\n<li>Recopila y reporta datos.\u00a0<\/li>\n<\/ol>\n\n\n\n<p><strong>La Defensor\u00eda del Pueblo no puede:<\/strong>&nbsp;<\/p>\n\n\n\n<ol start=\"5\" class=\"wp-block-list\">\n<li>Decidir las disputas a favor de una u otra parte,\u00a0<\/li>\n<\/ol>\n\n\n\n<ol start=\"6\" class=\"wp-block-list\">\n<li>Representar a alguien en el proceso de apelaci\u00f3n,\u00a0<\/li>\n<\/ol>\n\n\n\n<ol start=\"7\" class=\"wp-block-list\">\n<li>Hacer una recomendaci\u00f3n a un tribunal o funcionario de audiencias, o\u00a0<\/li>\n<\/ol>\n\n\n\n<ol start=\"8\" class=\"wp-block-list\">\n<li>Revocar una decisi\u00f3n de audiencia final\u00a0<\/li>\n<\/ol>\n\n\n\n<p><a href=\"https:\/\/forms.office.com\/g\/piRfm1wJ8t\" target=\"_blank\" rel=\"noreferrer noopener\">Formulario de admisi\u00f3n<\/a>&nbsp;<br>&nbsp;<\/p>\n\n\n\n<p>Sitio web: <a href=\"https:\/\/www.dds.ca.gov\/initiatives\/office-of-the-ombudsperson\/\" target=\"_blank\" rel=\"noreferrer noopener\">https:\/\/www.dds.ca.gov\/initiatives\/office-of-the-ombudsperson\/<\/a>&nbsp;<\/p>\n\n\n\n<p>Correo electr\u00f3nico: <a href=\"mailto:Ombudsperson@dds.ca.gov\" target=\"_blank\" rel=\"noreferrer noopener\">Defensor del Pueblo@dds.ca.gov<\/a>&nbsp;<\/p>\n\n\n\n<p>Tel\u00e9fono: 877-658-9731&nbsp;<\/p>","protected":false},"excerpt":{"rendered":"The Department of Developmental Services (Department) received funding through the 2022 Budget Act to establish an Office of the Ombudsperson [&hellip;]","protected":false},"author":62,"featured_media":0,"parent":0,"menu_order":0,"comment_status":"closed","ping_status":"closed","template":"","meta":{"_acf_changed":false,"advgb_blocks_editor_width":"","advgb_blocks_columns_visual_guide":"","_EventAllDay":false,"_EventTimezone":"","_EventStartDate":"","_EventEndDate":"","_EventStartDateUTC":"","_EventEndDateUTC":"","_EventShowMap":false,"_EventShowMapLink":false,"_EventURL":"","_EventCost":"","_EventCostDescription":"","_EventCurrencySymbol":"","_EventCurrencyCode":"","_EventCurrencyPosition":"","_EventDateTimeSeparator":"","_EventTimeRangeSeparator":"","_EventOrganizerID":[],"_EventVenueID":[],"_OrganizerEmail":"","_OrganizerPhone":"","_OrganizerWebsite":"","_VenueAddress":"","_VenueCity":"","_VenueCountry":"","_VenueProvince":"","_VenueState":"","_VenueZip":"","_VenuePhone":"","_VenueURL":"","_VenueStateProvince":"","_VenueLat":"","_VenueLng":"","_VenueShowMap":false,"_VenueShowMapLink":false,"_tribe_blocks_recurrence_rules":"","_tribe_blocks_recurrence_description":"","_tribe_blocks_recurrence_exclusions":"","footnotes":""},"class_list":["post-45878","page","type-page","status-publish","hentry"],"acf":[],"yoast_head":"<!-- This site is optimized with the Yoast SEO plugin v26.4 - https:\/\/yoast.com\/wordpress\/plugins\/seo\/ -->\n<title>Office of the Ombudsperson -<\/title>\n<meta name=\"description\" content=\"Office of the Ombudsperson - The Department of Developmental Services (Department) received funding through the 2022 Budget Act to establish an Office of the Ombudsperson to assist\" \/>\n<meta name=\"robots\" content=\"index, follow, max-snippet:-1, max-image-preview:large, max-video-preview:-1\" \/>\n<link rel=\"canonical\" href=\"https:\/\/www.nlacrc.org\/es\/office-of-the-ombudsperson\/\" \/>\n<meta property=\"og:locale\" content=\"es_MX\" \/>\n<meta property=\"og:type\" content=\"article\" \/>\n<meta property=\"og:title\" content=\"Office of the Ombudsperson -\" \/>\n<meta property=\"og:description\" content=\"Office of the Ombudsperson - The Department of Developmental Services (Department) received funding through the 2022 Budget Act to establish an Office of the Ombudsperson to assist\" \/>\n<meta property=\"og:url\" content=\"https:\/\/www.nlacrc.org\/es\/office-of-the-ombudsperson\/\" \/>\n<meta property=\"og:site_name\" content=\"North Los Angeles County\" \/>\n<meta property=\"article:publisher\" content=\"https:\/\/www.facebook.com\/NLACRC\/\" \/>\n<meta property=\"article:modified_time\" content=\"2024-08-20T22:13:37+00:00\" \/>\n<meta name=\"twitter:card\" content=\"summary_large_image\" \/>\n<meta name=\"twitter:site\" content=\"@NLACRC\" \/>\n<meta name=\"twitter:label1\" content=\"Est. reading time\" \/>\n\t<meta name=\"twitter:data1\" content=\"1 minuto\" \/>\n<script type=\"application\/ld+json\" class=\"yoast-schema-graph\">{\"@context\":\"https:\/\/schema.org\",\"@graph\":[{\"@type\":\"WebPage\",\"@id\":\"https:\/\/www.nlacrc.org\/fa\/office-of-the-ombudsperson\/\",\"url\":\"https:\/\/www.nlacrc.org\/fa\/office-of-the-ombudsperson\/\",\"name\":\"Office of the Ombudsperson -\",\"isPartOf\":{\"@id\":\"https:\/\/www.nlacrc.org\/fa\/#website\"},\"datePublished\":\"2024-08-20T22:13:36+00:00\",\"dateModified\":\"2024-08-20T22:13:37+00:00\",\"description\":\"Office of the Ombudsperson - The Department of Developmental Services (Department) received funding through the 2022 Budget Act to establish an Office of the Ombudsperson to assist\",\"breadcrumb\":{\"@id\":\"https:\/\/www.nlacrc.org\/fa\/office-of-the-ombudsperson\/#breadcrumb\"},\"inLanguage\":\"es\",\"potentialAction\":[{\"@type\":\"ReadAction\",\"target\":[\"https:\/\/www.nlacrc.org\/fa\/office-of-the-ombudsperson\/\"]}]},{\"@type\":\"BreadcrumbList\",\"@id\":\"https:\/\/www.nlacrc.org\/fa\/office-of-the-ombudsperson\/#breadcrumb\",\"itemListElement\":[{\"@type\":\"ListItem\",\"position\":1,\"name\":\"Home\",\"item\":\"https:\/\/www.nlacrc.org\/\"},{\"@type\":\"ListItem\",\"position\":2,\"name\":\"Office of the Ombudsperson\"}]},{\"@type\":\"WebSite\",\"@id\":\"https:\/\/www.nlacrc.org\/fa\/#website\",\"url\":\"https:\/\/www.nlacrc.org\/fa\/\",\"name\":\"North Los Angeles County\",\"description\":\"Regional Center\",\"publisher\":{\"@id\":\"https:\/\/www.nlacrc.org\/fa\/#organization\"},\"potentialAction\":[{\"@type\":\"SearchAction\",\"target\":{\"@type\":\"EntryPoint\",\"urlTemplate\":\"https:\/\/www.nlacrc.org\/fa\/?s={search_term_string}\"},\"query-input\":{\"@type\":\"PropertyValueSpecification\",\"valueRequired\":true,\"valueName\":\"search_term_string\"}}],\"inLanguage\":\"es\"},{\"@type\":\"Organization\",\"@id\":\"https:\/\/www.nlacrc.org\/fa\/#organization\",\"name\":\"North Los Angeles County\",\"url\":\"https:\/\/www.nlacrc.org\/fa\/\",\"logo\":{\"@type\":\"ImageObject\",\"inLanguage\":\"es\",\"@id\":\"https:\/\/www.nlacrc.org\/fa\/#\/schema\/logo\/image\/\",\"url\":\"https:\/\/www.nlacrc.org\/wp-content\/uploads\/2024\/06\/logo.svg\",\"contentUrl\":\"https:\/\/www.nlacrc.org\/wp-content\/uploads\/2024\/06\/logo.svg\",\"width\":131,\"height\":130,\"caption\":\"North Los Angeles County\"},\"image\":{\"@id\":\"https:\/\/www.nlacrc.org\/fa\/#\/schema\/logo\/image\/\"},\"sameAs\":[\"https:\/\/www.facebook.com\/NLACRC\/\",\"https:\/\/x.com\/NLACRC\"]}]}<\/script>\n<!-- \/ Yoast SEO plugin. -->","yoast_head_json":{"title":"Office of the Ombudsperson -","description":"Office of the Ombudsperson - The Department of Developmental Services (Department) received funding through the 2022 Budget Act to establish an Office of the Ombudsperson to assist","robots":{"index":"index","follow":"follow","max-snippet":"max-snippet:-1","max-image-preview":"max-image-preview:large","max-video-preview":"max-video-preview:-1"},"canonical":"https:\/\/www.nlacrc.org\/es\/office-of-the-ombudsperson\/","og_locale":"es_MX","og_type":"article","og_title":"Office of the Ombudsperson -","og_description":"Office of the Ombudsperson - The Department of Developmental Services (Department) received funding through the 2022 Budget Act to establish an Office of the Ombudsperson to assist","og_url":"https:\/\/www.nlacrc.org\/es\/office-of-the-ombudsperson\/","og_site_name":"North Los Angeles County","article_publisher":"https:\/\/www.facebook.com\/NLACRC\/","article_modified_time":"2024-08-20T22:13:37+00:00","twitter_card":"summary_large_image","twitter_site":"@NLACRC","twitter_misc":{"Est. reading time":"1 minuto"},"schema":{"@context":"https:\/\/schema.org","@graph":[{"@type":"WebPage","@id":"https:\/\/www.nlacrc.org\/fa\/office-of-the-ombudsperson\/","url":"https:\/\/www.nlacrc.org\/fa\/office-of-the-ombudsperson\/","name":"Office of the Ombudsperson -","isPartOf":{"@id":"https:\/\/www.nlacrc.org\/fa\/#website"},"datePublished":"2024-08-20T22:13:36+00:00","dateModified":"2024-08-20T22:13:37+00:00","description":"Office of the Ombudsperson - The Department of Developmental Services (Department) received funding through the 2022 Budget Act to establish an Office of the Ombudsperson to assist","breadcrumb":{"@id":"https:\/\/www.nlacrc.org\/fa\/office-of-the-ombudsperson\/#breadcrumb"},"inLanguage":"es","potentialAction":[{"@type":"ReadAction","target":["https:\/\/www.nlacrc.org\/fa\/office-of-the-ombudsperson\/"]}]},{"@type":"BreadcrumbList","@id":"https:\/\/www.nlacrc.org\/fa\/office-of-the-ombudsperson\/#breadcrumb","itemListElement":[{"@type":"ListItem","position":1,"name":"Home","item":"https:\/\/www.nlacrc.org\/"},{"@type":"ListItem","position":2,"name":"Office of the Ombudsperson"}]},{"@type":"WebSite","@id":"https:\/\/www.nlacrc.org\/fa\/#website","url":"https:\/\/www.nlacrc.org\/fa\/","name":"Norte del condado de Los \u00c1ngeles","description":"Centro Regional","publisher":{"@id":"https:\/\/www.nlacrc.org\/fa\/#organization"},"potentialAction":[{"@type":"SearchAction","target":{"@type":"EntryPoint","urlTemplate":"https:\/\/www.nlacrc.org\/fa\/?s={search_term_string}"},"query-input":{"@type":"PropertyValueSpecification","valueRequired":true,"valueName":"search_term_string"}}],"inLanguage":"es"},{"@type":"Organization","@id":"https:\/\/www.nlacrc.org\/fa\/#organization","name":"Norte del condado de Los \u00c1ngeles","url":"https:\/\/www.nlacrc.org\/fa\/","logo":{"@type":"ImageObject","inLanguage":"es","@id":"https:\/\/www.nlacrc.org\/fa\/#\/schema\/logo\/image\/","url":"https:\/\/www.nlacrc.org\/wp-content\/uploads\/2024\/06\/logo.svg","contentUrl":"https:\/\/www.nlacrc.org\/wp-content\/uploads\/2024\/06\/logo.svg","width":131,"height":130,"caption":"North Los Angeles County"},"image":{"@id":"https:\/\/www.nlacrc.org\/fa\/#\/schema\/logo\/image\/"},"sameAs":["https:\/\/www.facebook.com\/NLACRC\/","https:\/\/x.com\/NLACRC"]}]}},"coauthors":[],"author_meta":{"author_link":"https:\/\/www.nlacrc.org\/es\/author\/cwhitlock2\/","display_name":"cwhitlock2"},"relative_dates":{"created":"Publicado 2 a\u00f1os hace","modified":"Actualizado 2 a\u00f1os hace"},"absolute_dates":{"created":"Publicado el agosto 20, 2024","modified":"Actualizado el agosto 20, 2024"},"absolute_dates_time":{"created":"Publicado el agosto 20, 2024 3:13 pm","modified":"Actualizado el agosto 20, 2024 3:13 pm"},"featured_img_caption":"","featured_img":false,"series_order":"","_links":{"self":[{"href":"https:\/\/www.nlacrc.org\/es\/wp-json\/wp\/v2\/pages\/45878","targetHints":{"allow":["GET"]}}],"collection":[{"href":"https:\/\/www.nlacrc.org\/es\/wp-json\/wp\/v2\/pages"}],"about":[{"href":"https:\/\/www.nlacrc.org\/es\/wp-json\/wp\/v2\/types\/page"}],"author":[{"embeddable":true,"href":"https:\/\/www.nlacrc.org\/es\/wp-json\/wp\/v2\/users\/62"}],"replies":[{"embeddable":true,"href":"https:\/\/www.nlacrc.org\/es\/wp-json\/wp\/v2\/comments?post=45878"}],"version-history":[{"count":1,"href":"https:\/\/www.nlacrc.org\/es\/wp-json\/wp\/v2\/pages\/45878\/revisions"}],"predecessor-version":[{"id":45880,"href":"https:\/\/www.nlacrc.org\/es\/wp-json\/wp\/v2\/pages\/45878\/revisions\/45880"}],"wp:attachment":[{"href":"https:\/\/www.nlacrc.org\/es\/wp-json\/wp\/v2\/media?parent=45878"}],"curies":[{"name":"wp","href":"https:\/\/api.w.org\/{rel}","templated":true}]}}