{"id":45498,"date":"2024-08-19T17:20:05","date_gmt":"2024-08-20T00:20:05","guid":{"rendered":"https:\/\/www.nlacrc.org\/?page_id=45498"},"modified":"2026-04-07T13:53:40","modified_gmt":"2026-04-07T20:53:40","slug":"training-and-support-to-rc-board-members","status":"publish","type":"page","link":"https:\/\/www.nlacrc.org\/es\/about-us\/public-meetings-governance\/training-and-support-to-rc-board-members\/","title":{"rendered":"Capacitaci\u00f3n y apoyo a los miembros de la Junta Directiva de RC"},"content":{"rendered":"<p>El NLACRC brinda capacitaci\u00f3n y apoyo a los miembros de la junta de manera regular para facilitar su eficacia general en la gobernanza y la supervisi\u00f3n, as\u00ed como su comprensi\u00f3n y participaci\u00f3n en la planificaci\u00f3n, la formulaci\u00f3n de pol\u00edticas y el apoyo para el logro de la misi\u00f3n del NLACRC.<\/p>\n\n\n<div class=\"document_era list\">\r\n\t\t<div class=\"col-md-6\">\r\n\t\t\t\t\t\t\t\t\t<a class=\"doc_block\" href=\"https:\/\/www.nlacrc.org\/wp-content\/uploads\/2024\/08\/NLACRC-Board-Training-Ackn.pdf\" target=\"_blank\"><img decoding=\"async\" src=\"https:\/\/www.nlacrc.org\/wp-content\/themes\/planeteriaweb\/img\/PDF.svg\" class=\"img_icon\" alt=\"download this document\" width=\"17px\"><span>Carta de reconocimiento de la capacitaci\u00f3n de la junta directiva del NLACRC<\/span><\/a>\r\n\t\t\t\t\t\t\t<\/div>\r\n<\/div>\r\n\n\n\n<div class=\"wp-block-advgb-accordions advgb-accordions-a1f2e0c1-e416-4210-ae51-7d7218634e7c advgb-accordion-wrapper\" data-collapsed=\"true\">\n<div class=\"wp-block-advgb-accordion-item advgb-accordion-item\" style=\"margin-bottom:15px\"><div class=\"advgb-accordion-header\" style=\"background-color:#000;color:#eee;border-style:solid;border-width:1px;border-radius:2px\"><span class=\"advgb-accordion-header-icon\"><svg fill=\"#fff\" xmlns=\"http:\/\/www.w3.org\/2000\/svg\" width=\"24\" height=\"24\" viewbox=\"0 0 24 24\"><path fill=\"none\" d=\"M0,0h24v24H0V0z\"><\/path><path d=\"M12,5.83L15.17,9l1.41-1.41L12,3L7.41,7.59L8.83,9L12,5.83z M12,18.17L8.83,15l-1.41,1.41L12,21l4.59-4.59L15.17,15 L12,18.17z\"><\/path><\/svg><\/span><h4 class=\"advgb-accordion-header-title\" style=\"color:inherit\">Junta Directiva \u2013 Plan de Formaci\u00f3n<\/h4><\/div><div class=\"advgb-accordion-body\" style=\"border-style:solid !important;border-width:1px !important;border-color:undefined !important;border-top:none !important;border-radius:2px !important\"><div class=\"document_era list\">\r\n\t\t<div class=\"col-md-6\">\r\n\t\t\t\t\t\t\t\t\t<a class=\"doc_block\" href=\"https:\/\/www.nlacrc.org\/wp-content\/uploads\/2024\/08\/CY2023-AnnBdTrngPlan.pdf\" target=\"_blank\"><img decoding=\"async\" src=\"https:\/\/www.nlacrc.org\/wp-content\/themes\/planeteriaweb\/img\/PDF.svg\" class=\"img_icon\" alt=\"download this document\" width=\"17px\"><span>Plan de Formaci\u00f3n del Patronato \u2013 A\u00f1o Calendario 2023<\/span><\/a>\r\n\t\t\t\t\t\t\t\t\t\t\t\t<a class=\"doc_block\" href=\"https:\/\/www.nlacrc.org\/wp-content\/uploads\/2025\/01\/Board-Of-Trustees-Training-Report-for-CY2024_Signed.pdf\" target=\"_blank\"><img decoding=\"async\" src=\"https:\/\/www.nlacrc.org\/wp-content\/themes\/planeteriaweb\/img\/PDF.svg\" class=\"img_icon\" alt=\"download this document\" width=\"17px\"><span>Informe de capacitaci\u00f3n de la Junta Directiva del NLACRC para el a\u00f1o civil 2024<\/span><\/a>\r\n\t\t\t\t\t\t\t<\/div>\r\n<\/div>\r\n<\/div><\/div>\n<\/div>\n\n\n\n<div class=\"wp-block-advgb-accordions advgb-accordions-1a7824ce-c0c7-4528-9948-73ba1f74e27d advgb-accordion-wrapper\" data-collapsed=\"true\">\n<div class=\"wp-block-advgb-accordion-item advgb-accordion-item\" style=\"margin-bottom:15px\"><div class=\"advgb-accordion-header\" style=\"background-color:#000;color:#eee;border-style:solid;border-width:1px;border-radius:2px\"><span class=\"advgb-accordion-header-icon\"><svg fill=\"#fff\" xmlns=\"http:\/\/www.w3.org\/2000\/svg\" width=\"24\" height=\"24\" viewbox=\"0 0 24 24\"><path fill=\"none\" d=\"M0,0h24v24H0V0z\"><\/path><path d=\"M12,5.83L15.17,9l1.41-1.41L12,3L7.41,7.59L8.83,9L12,5.83z M12,18.17L8.83,15l-1.41,1.41L12,21l4.59-4.59L15.17,15 L12,18.17z\"><\/path><\/svg><\/span><h4 class=\"advgb-accordion-header-title\" style=\"color:inherit\">Junta de S\u00edndicos \u2013 Asistencia a la Formaci\u00f3n<\/h4><\/div><div class=\"advgb-accordion-body\" style=\"border-style:solid !important;border-width:1px !important;border-color:undefined !important;border-top:none !important;border-radius:2px !important\"><div class=\"document_era list\">\r\n\t\t<div class=\"col-md-6\">\r\n\t\t\t\t\t\t\t\t\t<a class=\"doc_block\" href=\"https:\/\/www.nlacrc.org\/wp-content\/uploads\/2026\/04\/board-training-attendance-2026_4.7.26.pdf\" target=\"_blank\"><img decoding=\"async\" src=\"https:\/\/www.nlacrc.org\/wp-content\/themes\/planeteriaweb\/img\/PDF.svg\" class=\"img_icon\" alt=\"download this document\" width=\"17px\"><span>April 6th, 2026 Board Training<\/span><\/a>\r\n\t\t\t\t\t\t\t\t\t\t\t\t<a class=\"doc_block\" href=\"https:\/\/www.nlacrc.org\/wp-content\/uploads\/2026\/03\/03.-march-2026-board-training-attendance.pdf\" target=\"_blank\"><img decoding=\"async\" src=\"https:\/\/www.nlacrc.org\/wp-content\/themes\/planeteriaweb\/img\/PDF.svg\" class=\"img_icon\" alt=\"download this document\" width=\"17px\"><span>March 9th, 2026 Board Training<\/span><\/a>\r\n\t\t\t\t\t\t\t\t\t\t\t\t<a class=\"doc_block\" href=\"https:\/\/www.nlacrc.org\/wp-content\/uploads\/2025\/12\/board-training-attendance-2025-1.pdf\" target=\"_blank\"><img decoding=\"async\" src=\"https:\/\/www.nlacrc.org\/wp-content\/themes\/planeteriaweb\/img\/PDF.svg\" class=\"img_icon\" alt=\"download this document\" width=\"17px\"><span>All Board Trainings Attendance 2025<\/span><\/a>\r\n\t\t\t\t\t\t\t\t\t\t\t\t<a class=\"doc_block\" href=\"https:\/\/www.nlacrc.org\/wp-content\/uploads\/2025\/11\/copy-of-dds-training-attendance-updated-11.17.25.pdf\" target=\"_blank\"><img decoding=\"async\" src=\"https:\/\/www.nlacrc.org\/wp-content\/themes\/planeteriaweb\/img\/PDF.svg\" class=\"img_icon\" alt=\"download this document\" width=\"17px\"><span>DDS Training Attendance 11.17.25<\/span><\/a>\r\n\t\t\t\t\t\t\t\t\t\t\t\t<a class=\"doc_block\" href=\"https:\/\/www.nlacrc.org\/wp-content\/uploads\/2025\/11\/copy-of-dds-training-attendance-updated-11.3.25.pdf\" target=\"_blank\"><img decoding=\"async\" src=\"https:\/\/www.nlacrc.org\/wp-content\/themes\/planeteriaweb\/img\/PDF.svg\" class=\"img_icon\" alt=\"download this document\" width=\"17px\"><span>DDS Training Attendance 11.3.25<\/span><\/a>\r\n\t\t\t\t\t\t\t\t\t\t\t\t<a class=\"doc_block\" href=\"https:\/\/www.nlacrc.org\/wp-content\/uploads\/2025\/10\/copy-of-dds-training-attendance-updated-10.7.25.pdf\" target=\"_blank\"><img decoding=\"async\" src=\"https:\/\/www.nlacrc.org\/wp-content\/themes\/planeteriaweb\/img\/PDF.svg\" class=\"img_icon\" alt=\"download this document\" width=\"17px\"><span>DDS Training Attendance 10.7.25<\/span><\/a>\r\n\t\t\t\t\t\t\t\t\t\t\t\t<a class=\"doc_block\" href=\"https:\/\/www.nlacrc.org\/wp-content\/uploads\/2025\/09\/copy-of-dds-training-attendance-updated-9.22.25.pdf\" target=\"_blank\"><img decoding=\"async\" src=\"https:\/\/www.nlacrc.org\/wp-content\/themes\/planeteriaweb\/img\/PDF.svg\" class=\"img_icon\" alt=\"download this document\" width=\"17px\"><span>DDS Training Attendance 9.22.25<\/span><\/a>\r\n\t\t\t\t\t\t\t\t\t\t\t\t<a class=\"doc_block\" href=\"https:\/\/www.nlacrc.org\/wp-content\/uploads\/2025\/06\/copy-of-dds-training-attendance-updated-6.16.25.pdf\" target=\"_blank\"><img decoding=\"async\" src=\"https:\/\/www.nlacrc.org\/wp-content\/themes\/planeteriaweb\/img\/PDF.svg\" class=\"img_icon\" alt=\"download this document\" width=\"17px\"><span>DDS Training Attendance 6.16.25<\/span><\/a>\r\n\t\t\t\t\t\t\t\t\t\t\t\t<a class=\"doc_block\" href=\"https:\/\/www.nlacrc.org\/wp-content\/uploads\/2025\/06\/copy-of-dds-training-attendance-06.09.25-coi.pdf\" target=\"_blank\"><img decoding=\"async\" src=\"https:\/\/www.nlacrc.org\/wp-content\/themes\/planeteriaweb\/img\/PDF.svg\" class=\"img_icon\" alt=\"download this document\" width=\"17px\"><span>DDS Training Attendance 6.9.2025<\/span><\/a>\r\n\t\t\t\t\t\t\t\t\t\t\t\t<a class=\"doc_block\" href=\"https:\/\/www.nlacrc.org\/wp-content\/uploads\/2025\/04\/copy-of-dds-training-attendance-04.07.25.pdf\" target=\"_blank\"><img decoding=\"async\" src=\"https:\/\/www.nlacrc.org\/wp-content\/themes\/planeteriaweb\/img\/PDF.svg\" class=\"img_icon\" alt=\"download this document\" width=\"17px\"><span>DDS Training Attendance 4.7.2025<\/span><\/a>\r\n\t\t\t\t\t\t\t\t\t\t\t\t<a class=\"doc_block\" href=\"https:\/\/www.nlacrc.org\/wp-content\/uploads\/2025\/03\/DDS-Training-Attendance-3.10.25.pdf\" target=\"_blank\"><img decoding=\"async\" src=\"https:\/\/www.nlacrc.org\/wp-content\/themes\/planeteriaweb\/img\/PDF.svg\" class=\"img_icon\" alt=\"download this document\" width=\"17px\"><span>Asistencia a la capacitaci\u00f3n DDS 3.10.2025<\/span><\/a>\r\n\t\t\t\t\t\t\t\t\t\t\t\t<a class=\"doc_block\" href=\"https:\/\/www.nlacrc.org\/wp-content\/uploads\/2025\/02\/DDS-Training-Attendance-_2.10.2025.pdf\" target=\"_blank\"><img decoding=\"async\" src=\"https:\/\/www.nlacrc.org\/wp-content\/themes\/planeteriaweb\/img\/PDF.svg\" class=\"img_icon\" alt=\"download this document\" width=\"17px\"><span>Asistencia a la capacitaci\u00f3n DDS 2.10.2025<\/span><\/a>\r\n\t\t\t\t\t\t\t<\/div>\r\n<\/div>\r\n<\/div><\/div>\n<\/div>","protected":false},"excerpt":{"rendered":"El NLACRC brinda capacitaci\u00f3n y apoyo a los miembros de la junta directiva de manera regular para facilitar su eficacia general en la gobernanza y [\u2026]","protected":false},"author":62,"featured_media":0,"parent":36546,"menu_order":0,"comment_status":"closed","ping_status":"closed","template":"","meta":{"_acf_changed":false,"advgb_blocks_editor_width":"","advgb_blocks_columns_visual_guide":"","_EventAllDay":false,"_EventTimezone":"","_EventStartDate":"","_EventEndDate":"","_EventStartDateUTC":"","_EventEndDateUTC":"","_EventShowMap":false,"_EventShowMapLink":false,"_EventURL":"","_EventCost":"","_EventCostDescription":"","_EventCurrencySymbol":"","_EventCurrencyCode":"","_EventCurrencyPosition":"","_EventDateTimeSeparator":"","_EventTimeRangeSeparator":"","_EventOrganizerID":[],"_EventVenueID":[],"_OrganizerEmail":"","_OrganizerPhone":"","_OrganizerWebsite":"","_VenueAddress":"","_VenueCity":"","_VenueCountry":"","_VenueProvince":"","_VenueState":"","_VenueZip":"","_VenuePhone":"","_VenueURL":"","_VenueStateProvince":"","_VenueLat":"","_VenueLng":"","_VenueShowMap":false,"_VenueShowMapLink":false,"_tribe_blocks_recurrence_rules":"","_tribe_blocks_recurrence_description":"","_tribe_blocks_recurrence_exclusions":"","footnotes":""},"class_list":["post-45498","page","type-page","status-publish","hentry"],"acf":[],"yoast_head":"<!-- This site is optimized with the Yoast SEO plugin v26.4 - https:\/\/yoast.com\/wordpress\/plugins\/seo\/ -->\n<title>Training and Support to RC Board Members -<\/title>\n<meta name=\"description\" content=\"Training and Support to RC Board Members - NLACRC provides training and support for board members on a regular basis to facilitate their overall effectiveness in governance and oversight as well as\" \/>\n<meta name=\"robots\" content=\"index, follow, max-snippet:-1, max-image-preview:large, max-video-preview:-1\" \/>\n<link rel=\"canonical\" href=\"https:\/\/www.nlacrc.org\/es\/about-us\/public-meetings-governance\/training-and-support-to-rc-board-members\/\" \/>\n<meta property=\"og:locale\" content=\"es_MX\" \/>\n<meta property=\"og:type\" content=\"article\" \/>\n<meta property=\"og:title\" content=\"Training and Support to RC Board Members -\" \/>\n<meta property=\"og:description\" content=\"Training and Support to RC Board Members - NLACRC provides training and support for board members on a regular basis to facilitate their overall effectiveness in governance and oversight as well as\" \/>\n<meta property=\"og:url\" content=\"https:\/\/www.nlacrc.org\/es\/about-us\/public-meetings-governance\/training-and-support-to-rc-board-members\/\" \/>\n<meta property=\"og:site_name\" content=\"North Los Angeles County\" \/>\n<meta property=\"article:publisher\" content=\"https:\/\/www.facebook.com\/NLACRC\/\" \/>\n<meta property=\"article:modified_time\" content=\"2026-04-07T20:53:40+00:00\" \/>\n<meta name=\"twitter:card\" content=\"summary_large_image\" \/>\n<meta name=\"twitter:site\" content=\"@NLACRC\" \/>\n<meta name=\"twitter:label1\" content=\"Est. reading time\" \/>\n\t<meta name=\"twitter:data1\" content=\"1 minuto\" \/>\n<script type=\"application\/ld+json\" class=\"yoast-schema-graph\">{\"@context\":\"https:\/\/schema.org\",\"@graph\":[{\"@type\":\"WebPage\",\"@id\":\"https:\/\/www.nlacrc.org\/about-us\/public-meetings-governance\/training-and-support-to-rc-board-members\/\",\"url\":\"https:\/\/www.nlacrc.org\/about-us\/public-meetings-governance\/training-and-support-to-rc-board-members\/\",\"name\":\"Training and Support to RC Board Members -\",\"isPartOf\":{\"@id\":\"https:\/\/www.nlacrc.org\/fa\/#website\"},\"datePublished\":\"2024-08-20T00:20:05+00:00\",\"dateModified\":\"2026-04-07T20:53:40+00:00\",\"description\":\"Training and Support to RC Board Members - NLACRC provides training and support for board members on a regular basis to facilitate their overall effectiveness in governance and oversight as well as\",\"breadcrumb\":{\"@id\":\"https:\/\/www.nlacrc.org\/about-us\/public-meetings-governance\/training-and-support-to-rc-board-members\/#breadcrumb\"},\"inLanguage\":\"es\",\"potentialAction\":[{\"@type\":\"ReadAction\",\"target\":[\"https:\/\/www.nlacrc.org\/about-us\/public-meetings-governance\/training-and-support-to-rc-board-members\/\"]}]},{\"@type\":\"BreadcrumbList\",\"@id\":\"https:\/\/www.nlacrc.org\/about-us\/public-meetings-governance\/training-and-support-to-rc-board-members\/#breadcrumb\",\"itemListElement\":[{\"@type\":\"ListItem\",\"position\":1,\"name\":\"Home\",\"item\":\"https:\/\/www.nlacrc.org\/\"},{\"@type\":\"ListItem\",\"position\":2,\"name\":\"About Us\",\"item\":\"https:\/\/nlacrc.org\/es\/about-us\/\"},{\"@type\":\"ListItem\",\"position\":3,\"name\":\"Public Meetings, Governance\",\"item\":\"https:\/\/nlacrc.org\/es\/about-us\/public-meetings-governance\/\"},{\"@type\":\"ListItem\",\"position\":4,\"name\":\"Training and Support to RC Board Members\"}]},{\"@type\":\"WebSite\",\"@id\":\"https:\/\/www.nlacrc.org\/fa\/#website\",\"url\":\"https:\/\/www.nlacrc.org\/fa\/\",\"name\":\"North Los Angeles County\",\"description\":\"Regional Center\",\"publisher\":{\"@id\":\"https:\/\/www.nlacrc.org\/fa\/#organization\"},\"potentialAction\":[{\"@type\":\"SearchAction\",\"target\":{\"@type\":\"EntryPoint\",\"urlTemplate\":\"https:\/\/www.nlacrc.org\/fa\/?s={search_term_string}\"},\"query-input\":{\"@type\":\"PropertyValueSpecification\",\"valueRequired\":true,\"valueName\":\"search_term_string\"}}],\"inLanguage\":\"es\"},{\"@type\":\"Organization\",\"@id\":\"https:\/\/www.nlacrc.org\/fa\/#organization\",\"name\":\"North Los Angeles County\",\"url\":\"https:\/\/www.nlacrc.org\/fa\/\",\"logo\":{\"@type\":\"ImageObject\",\"inLanguage\":\"es\",\"@id\":\"https:\/\/www.nlacrc.org\/fa\/#\/schema\/logo\/image\/\",\"url\":\"https:\/\/www.nlacrc.org\/wp-content\/uploads\/2024\/06\/logo.svg\",\"contentUrl\":\"https:\/\/www.nlacrc.org\/wp-content\/uploads\/2024\/06\/logo.svg\",\"width\":131,\"height\":130,\"caption\":\"North Los Angeles County\"},\"image\":{\"@id\":\"https:\/\/www.nlacrc.org\/fa\/#\/schema\/logo\/image\/\"},\"sameAs\":[\"https:\/\/www.facebook.com\/NLACRC\/\",\"https:\/\/x.com\/NLACRC\"]}]}<\/script>\n<!-- \/ Yoast SEO plugin. -->","yoast_head_json":{"title":"Training and Support to RC Board Members -","description":"Training and Support to RC Board Members - NLACRC provides training and support for board members on a regular basis to facilitate their overall effectiveness in governance and oversight as well as","robots":{"index":"index","follow":"follow","max-snippet":"max-snippet:-1","max-image-preview":"max-image-preview:large","max-video-preview":"max-video-preview:-1"},"canonical":"https:\/\/www.nlacrc.org\/es\/about-us\/public-meetings-governance\/training-and-support-to-rc-board-members\/","og_locale":"es_MX","og_type":"article","og_title":"Training and Support to RC Board Members -","og_description":"Training and Support to RC Board Members - NLACRC provides training and support for board members on a regular basis to facilitate their overall effectiveness in governance and oversight as well as","og_url":"https:\/\/www.nlacrc.org\/es\/about-us\/public-meetings-governance\/training-and-support-to-rc-board-members\/","og_site_name":"North Los Angeles County","article_publisher":"https:\/\/www.facebook.com\/NLACRC\/","article_modified_time":"2026-04-07T20:53:40+00:00","twitter_card":"summary_large_image","twitter_site":"@NLACRC","twitter_misc":{"Est. reading time":"1 minuto"},"schema":{"@context":"https:\/\/schema.org","@graph":[{"@type":"WebPage","@id":"https:\/\/www.nlacrc.org\/about-us\/public-meetings-governance\/training-and-support-to-rc-board-members\/","url":"https:\/\/www.nlacrc.org\/about-us\/public-meetings-governance\/training-and-support-to-rc-board-members\/","name":"Training and Support to RC Board Members -","isPartOf":{"@id":"https:\/\/www.nlacrc.org\/fa\/#website"},"datePublished":"2024-08-20T00:20:05+00:00","dateModified":"2026-04-07T20:53:40+00:00","description":"Training and Support to RC Board Members - NLACRC provides training and support for board members on a regular basis to facilitate their overall effectiveness in governance and oversight as well as","breadcrumb":{"@id":"https:\/\/www.nlacrc.org\/about-us\/public-meetings-governance\/training-and-support-to-rc-board-members\/#breadcrumb"},"inLanguage":"es","potentialAction":[{"@type":"ReadAction","target":["https:\/\/www.nlacrc.org\/about-us\/public-meetings-governance\/training-and-support-to-rc-board-members\/"]}]},{"@type":"BreadcrumbList","@id":"https:\/\/www.nlacrc.org\/about-us\/public-meetings-governance\/training-and-support-to-rc-board-members\/#breadcrumb","itemListElement":[{"@type":"ListItem","position":1,"name":"Home","item":"https:\/\/www.nlacrc.org\/"},{"@type":"ListItem","position":2,"name":"About Us","item":"https:\/\/nlacrc.org\/es\/about-us\/"},{"@type":"ListItem","position":3,"name":"Public Meetings, Governance","item":"https:\/\/nlacrc.org\/es\/about-us\/public-meetings-governance\/"},{"@type":"ListItem","position":4,"name":"Training and Support to RC Board Members"}]},{"@type":"WebSite","@id":"https:\/\/www.nlacrc.org\/fa\/#website","url":"https:\/\/www.nlacrc.org\/fa\/","name":"Norte del condado de Los \u00c1ngeles","description":"Centro Regional","publisher":{"@id":"https:\/\/www.nlacrc.org\/fa\/#organization"},"potentialAction":[{"@type":"SearchAction","target":{"@type":"EntryPoint","urlTemplate":"https:\/\/www.nlacrc.org\/fa\/?s={search_term_string}"},"query-input":{"@type":"PropertyValueSpecification","valueRequired":true,"valueName":"search_term_string"}}],"inLanguage":"es"},{"@type":"Organization","@id":"https:\/\/www.nlacrc.org\/fa\/#organization","name":"Norte del condado de Los \u00c1ngeles","url":"https:\/\/www.nlacrc.org\/fa\/","logo":{"@type":"ImageObject","inLanguage":"es","@id":"https:\/\/www.nlacrc.org\/fa\/#\/schema\/logo\/image\/","url":"https:\/\/www.nlacrc.org\/wp-content\/uploads\/2024\/06\/logo.svg","contentUrl":"https:\/\/www.nlacrc.org\/wp-content\/uploads\/2024\/06\/logo.svg","width":131,"height":130,"caption":"North Los Angeles County"},"image":{"@id":"https:\/\/www.nlacrc.org\/fa\/#\/schema\/logo\/image\/"},"sameAs":["https:\/\/www.facebook.com\/NLACRC\/","https:\/\/x.com\/NLACRC"]}]}},"coauthors":[],"author_meta":{"author_link":"https:\/\/www.nlacrc.org\/es\/author\/cwhitlock2\/","display_name":"cwhitlock2"},"relative_dates":{"created":"Publicado 2 a\u00f1os hace","modified":"Actualizado 7 d\u00edas hace"},"absolute_dates":{"created":"Publicado el agosto 19, 2024","modified":"Actualizado el abril 7, 2026"},"absolute_dates_time":{"created":"Publicado el agosto 19, 2024 5:20 pm","modified":"Actualizado el abril 7, 2026 1:53 pm"},"featured_img_caption":"","featured_img":false,"series_order":"","_links":{"self":[{"href":"https:\/\/www.nlacrc.org\/es\/wp-json\/wp\/v2\/pages\/45498","targetHints":{"allow":["GET"]}}],"collection":[{"href":"https:\/\/www.nlacrc.org\/es\/wp-json\/wp\/v2\/pages"}],"about":[{"href":"https:\/\/www.nlacrc.org\/es\/wp-json\/wp\/v2\/types\/page"}],"author":[{"embeddable":true,"href":"https:\/\/www.nlacrc.org\/es\/wp-json\/wp\/v2\/users\/62"}],"replies":[{"embeddable":true,"href":"https:\/\/www.nlacrc.org\/es\/wp-json\/wp\/v2\/comments?post=45498"}],"version-history":[{"count":23,"href":"https:\/\/www.nlacrc.org\/es\/wp-json\/wp\/v2\/pages\/45498\/revisions"}],"predecessor-version":[{"id":61900,"href":"https:\/\/www.nlacrc.org\/es\/wp-json\/wp\/v2\/pages\/45498\/revisions\/61900"}],"up":[{"embeddable":true,"href":"https:\/\/www.nlacrc.org\/es\/wp-json\/wp\/v2\/pages\/36546"}],"wp:attachment":[{"href":"https:\/\/www.nlacrc.org\/es\/wp-json\/wp\/v2\/media?parent=45498"}],"curies":[{"name":"wp","href":"https:\/\/api.w.org\/{rel}","templated":true}]}}