{"id":45391,"date":"2024-08-19T15:48:54","date_gmt":"2024-08-19T22:48:54","guid":{"rendered":"https:\/\/www.nlacrc.org\/?page_id=45391"},"modified":"2025-11-21T12:04:55","modified_gmt":"2025-11-21T20:04:55","slug":"nci-quality-assessments","status":"publish","type":"page","link":"https:\/\/www.nlacrc.org\/es\/about-us\/public-meetings-governance\/nci-quality-assessments\/","title":{"rendered":"Evaluaciones de calidad del NCI"},"content":{"rendered":"<p>Join us for a special presentation National Core Indicator (NCI) In-Person Survey Results FY 2022-23<\/p>\n\n\n\n<p>The National Core Indicator (NCI) Survey is used by many states to assess how services are working.<br>This meeting will provide information about families\u2019 experiences with regional centers and vendored services.<\/p>\n\n\n\n<p>The Family Surveys help improve services for children and adults receiving services from regional centers.<\/p>\n\n\n\n<p><strong>Wednesday, November 12, 2025<\/strong><\/p>\n\n\n\n<p><strong>18:00 \u2013 20:00 horas<\/strong><\/p>\n\n\n\n<p><\/p>\n\n\n\n<p>Learn more about the National Core Indicators at<a href=\"http:\/\/www.dds.ca.gov\/rc\/nci\/\"> www.dds.ca.gov\/rc\/nci\/<\/a><\/p>\n\n\n\n<p><\/p>\n\n\n\n<p>La Encuesta de Indicadores B\u00e1sicos Nacionales (NCI) brinda a las personas con discapacidades intelectuales y del desarrollo (I\/DD) y a sus familias la oportunidad de participar de manera voluntaria y confidencial en encuestas para compartir sus experiencias sobre el acceso y uso de los centros regionales y los servicios comunitarios.<\/p>\n\n\n\n<ul class=\"wp-block-list\">\n<li>Las respuestas de la encuesta ayudan a California a saber c\u00f3mo le va en comparaci\u00f3n con otros estados.<\/li>\n\n\n\n<li>Las respuestas de la encuesta ayudan a los centros regionales a ver qu\u00e9 est\u00e1n haciendo bien y qu\u00e9 pueden mejorar.<\/li>\n<\/ul>\n\n\n\n<p>Para obtener m\u00e1s informaci\u00f3n, visite el sitio web del DDS: <a href=\"https:\/\/www.dds.ca.gov\/rc\/nci\/\">Indicadores b\u00e1sicos nacionales \u2013 Departamento de Servicios de Desarrollo de California<\/a><\/p>\n\n\n\n<p>La Encuesta de Indicadores B\u00e1sicos Nacionales (NCI) es una encuesta utilizada por muchos estados, incluida California, para evaluar los resultados de los servicios prestados a personas con discapacidades intelectuales y del desarrollo y sus familias.<\/p>\n\n\n\n<p>Hay cuatro tipos de encuestas del NCI en California: la encuesta en persona para adultos, la encuesta para familias de ni\u00f1os, la encuesta para familias de adultos y la encuesta para tutores familiares.<\/p>\n\n\n\n<p>Los participantes son personas con discapacidades del desarrollo y sus familias que reciben al menos un servicio (sin incluir la coordinaci\u00f3n de servicios) de un centro regional de California. La participaci\u00f3n es voluntaria y las respuestas son confidenciales. La encuesta se realiza en persona o por correo postal; las entrevistas en persona duran menos de una hora. Los resultados de la encuesta son analizados por el Instituto de Investigaci\u00f3n de Servicios Humanos (HSRI, por sus siglas en ingl\u00e9s) y se utilizan para mejorar los servicios y tomar decisiones sobre pol\u00edticas.<\/p>\n\n\n\n<p>Las encuestas del NCI son utilizadas por 42 agencias estatales de discapacidad del desarrollo, incluido el Distrito de Columbia. Se eligen 400 personas de cada centro regional para la encuesta bas\u00e1ndose en c\u00e1lculos matem\u00e1ticos para una muestra representativa de la poblaci\u00f3n.<\/p>","protected":false},"excerpt":{"rendered":"Join us for a special presentation National Core Indicator (NCI) In-Person Survey Results FY 2022-23 The National Core Indicator (NCI) [&hellip;]","protected":false},"author":62,"featured_media":0,"parent":36546,"menu_order":0,"comment_status":"closed","ping_status":"closed","template":"","meta":{"_acf_changed":false,"advgb_blocks_editor_width":"","advgb_blocks_columns_visual_guide":"","_EventAllDay":false,"_EventTimezone":"","_EventStartDate":"","_EventEndDate":"","_EventStartDateUTC":"","_EventEndDateUTC":"","_EventShowMap":false,"_EventShowMapLink":false,"_EventURL":"","_EventCost":"","_EventCostDescription":"","_EventCurrencySymbol":"","_EventCurrencyCode":"","_EventCurrencyPosition":"","_EventDateTimeSeparator":"","_EventTimeRangeSeparator":"","_EventOrganizerID":[],"_EventVenueID":[],"_OrganizerEmail":"","_OrganizerPhone":"","_OrganizerWebsite":"","_VenueAddress":"","_VenueCity":"","_VenueCountry":"","_VenueProvince":"","_VenueState":"","_VenueZip":"","_VenuePhone":"","_VenueURL":"","_VenueStateProvince":"","_VenueLat":"","_VenueLng":"","_VenueShowMap":false,"_VenueShowMapLink":false,"_tribe_blocks_recurrence_rules":"","_tribe_blocks_recurrence_description":"","_tribe_blocks_recurrence_exclusions":"","footnotes":""},"class_list":["post-45391","page","type-page","status-publish","hentry"],"acf":[],"yoast_head":"<!-- This site is optimized with the Yoast SEO plugin v26.4 - https:\/\/yoast.com\/wordpress\/plugins\/seo\/ -->\n<title>NCI Quality Assessments -<\/title>\n<meta name=\"description\" content=\"NCI Quality Assessments - Join us for a special presentation National Core Indicator (NCI) In-Person Survey Results FY 2022-23 The National Core Indicator (NCI) Survey is used by\" \/>\n<meta name=\"robots\" content=\"index, follow, max-snippet:-1, max-image-preview:large, max-video-preview:-1\" \/>\n<link rel=\"canonical\" href=\"http:\/\/live-nlacrc.pantheonsite.io\/about-us\/public-meetings-governance\/nci-quality-assessments\/\" \/>\n<meta property=\"og:locale\" content=\"es_MX\" \/>\n<meta property=\"og:type\" content=\"article\" \/>\n<meta property=\"og:title\" content=\"NCI Quality Assessments -\" \/>\n<meta property=\"og:description\" content=\"NCI Quality Assessments - Join us for a special presentation National Core Indicator (NCI) In-Person Survey Results FY 2022-23 The National Core Indicator (NCI) Survey is used by\" \/>\n<meta property=\"og:url\" content=\"http:\/\/live-nlacrc.pantheonsite.io\/about-us\/public-meetings-governance\/nci-quality-assessments\/\" \/>\n<meta property=\"og:site_name\" content=\"North Los Angeles County\" \/>\n<meta property=\"article:publisher\" content=\"https:\/\/www.facebook.com\/NLACRC\/\" \/>\n<meta property=\"article:modified_time\" content=\"2025-11-21T20:04:55+00:00\" \/>\n<meta name=\"twitter:card\" content=\"summary_large_image\" \/>\n<meta name=\"twitter:site\" content=\"@NLACRC\" \/>\n<meta name=\"twitter:label1\" content=\"Est. reading time\" \/>\n\t<meta name=\"twitter:data1\" content=\"2 minutos\" \/>\n<script type=\"application\/ld+json\" class=\"yoast-schema-graph\">{\"@context\":\"https:\/\/schema.org\",\"@graph\":[{\"@type\":\"WebPage\",\"@id\":\"http:\/\/live-nlacrc.pantheonsite.io\/about-us\/public-meetings-governance\/nci-quality-assessments\/\",\"url\":\"http:\/\/live-nlacrc.pantheonsite.io\/about-us\/public-meetings-governance\/nci-quality-assessments\/\",\"name\":\"NCI Quality Assessments -\",\"isPartOf\":{\"@id\":\"https:\/\/www.nlacrc.org\/fa\/#website\"},\"datePublished\":\"2024-08-19T22:48:54+00:00\",\"dateModified\":\"2025-11-21T20:04:55+00:00\",\"description\":\"NCI Quality Assessments - Join us for a special presentation National Core Indicator (NCI) In-Person Survey Results FY 2022-23 The National Core Indicator (NCI) Survey is used by\",\"breadcrumb\":{\"@id\":\"http:\/\/live-nlacrc.pantheonsite.io\/about-us\/public-meetings-governance\/nci-quality-assessments\/#breadcrumb\"},\"inLanguage\":\"es\",\"potentialAction\":[{\"@type\":\"ReadAction\",\"target\":[\"http:\/\/live-nlacrc.pantheonsite.io\/about-us\/public-meetings-governance\/nci-quality-assessments\/\"]}]},{\"@type\":\"BreadcrumbList\",\"@id\":\"http:\/\/live-nlacrc.pantheonsite.io\/about-us\/public-meetings-governance\/nci-quality-assessments\/#breadcrumb\",\"itemListElement\":[{\"@type\":\"ListItem\",\"position\":1,\"name\":\"Home\",\"item\":\"https:\/\/www.nlacrc.org\/\"},{\"@type\":\"ListItem\",\"position\":2,\"name\":\"About Us\",\"item\":\"https:\/\/nlacrc.org\/es\/about-us\/\"},{\"@type\":\"ListItem\",\"position\":3,\"name\":\"Public Meetings, Governance\",\"item\":\"https:\/\/nlacrc.org\/es\/about-us\/public-meetings-governance\/\"},{\"@type\":\"ListItem\",\"position\":4,\"name\":\"NCI Quality Assessments\"}]},{\"@type\":\"WebSite\",\"@id\":\"https:\/\/www.nlacrc.org\/fa\/#website\",\"url\":\"https:\/\/www.nlacrc.org\/fa\/\",\"name\":\"North Los Angeles County\",\"description\":\"Regional Center\",\"publisher\":{\"@id\":\"https:\/\/www.nlacrc.org\/fa\/#organization\"},\"potentialAction\":[{\"@type\":\"SearchAction\",\"target\":{\"@type\":\"EntryPoint\",\"urlTemplate\":\"https:\/\/www.nlacrc.org\/fa\/?s={search_term_string}\"},\"query-input\":{\"@type\":\"PropertyValueSpecification\",\"valueRequired\":true,\"valueName\":\"search_term_string\"}}],\"inLanguage\":\"es\"},{\"@type\":\"Organization\",\"@id\":\"https:\/\/www.nlacrc.org\/fa\/#organization\",\"name\":\"North Los Angeles County\",\"url\":\"https:\/\/www.nlacrc.org\/fa\/\",\"logo\":{\"@type\":\"ImageObject\",\"inLanguage\":\"es\",\"@id\":\"https:\/\/www.nlacrc.org\/fa\/#\/schema\/logo\/image\/\",\"url\":\"https:\/\/www.nlacrc.org\/wp-content\/uploads\/2024\/06\/logo.svg\",\"contentUrl\":\"https:\/\/www.nlacrc.org\/wp-content\/uploads\/2024\/06\/logo.svg\",\"width\":131,\"height\":130,\"caption\":\"North Los Angeles County\"},\"image\":{\"@id\":\"https:\/\/www.nlacrc.org\/fa\/#\/schema\/logo\/image\/\"},\"sameAs\":[\"https:\/\/www.facebook.com\/NLACRC\/\",\"https:\/\/x.com\/NLACRC\"]}]}<\/script>\n<!-- \/ Yoast SEO plugin. -->","yoast_head_json":{"title":"NCI Quality Assessments -","description":"NCI Quality Assessments - Join us for a special presentation National Core Indicator (NCI) In-Person Survey Results FY 2022-23 The National Core Indicator (NCI) Survey is used by","robots":{"index":"index","follow":"follow","max-snippet":"max-snippet:-1","max-image-preview":"max-image-preview:large","max-video-preview":"max-video-preview:-1"},"canonical":"http:\/\/live-nlacrc.pantheonsite.io\/about-us\/public-meetings-governance\/nci-quality-assessments\/","og_locale":"es_MX","og_type":"article","og_title":"NCI Quality Assessments -","og_description":"NCI Quality Assessments - Join us for a special presentation National Core Indicator (NCI) In-Person Survey Results FY 2022-23 The National Core Indicator (NCI) Survey is used by","og_url":"http:\/\/live-nlacrc.pantheonsite.io\/about-us\/public-meetings-governance\/nci-quality-assessments\/","og_site_name":"North Los Angeles County","article_publisher":"https:\/\/www.facebook.com\/NLACRC\/","article_modified_time":"2025-11-21T20:04:55+00:00","twitter_card":"summary_large_image","twitter_site":"@NLACRC","twitter_misc":{"Est. reading time":"2 minutos"},"schema":{"@context":"https:\/\/schema.org","@graph":[{"@type":"WebPage","@id":"http:\/\/live-nlacrc.pantheonsite.io\/about-us\/public-meetings-governance\/nci-quality-assessments\/","url":"http:\/\/live-nlacrc.pantheonsite.io\/about-us\/public-meetings-governance\/nci-quality-assessments\/","name":"NCI Quality Assessments -","isPartOf":{"@id":"https:\/\/www.nlacrc.org\/fa\/#website"},"datePublished":"2024-08-19T22:48:54+00:00","dateModified":"2025-11-21T20:04:55+00:00","description":"NCI Quality Assessments - Join us for a special presentation National Core Indicator (NCI) In-Person Survey Results FY 2022-23 The National Core Indicator (NCI) Survey is used by","breadcrumb":{"@id":"http:\/\/live-nlacrc.pantheonsite.io\/about-us\/public-meetings-governance\/nci-quality-assessments\/#breadcrumb"},"inLanguage":"es","potentialAction":[{"@type":"ReadAction","target":["http:\/\/live-nlacrc.pantheonsite.io\/about-us\/public-meetings-governance\/nci-quality-assessments\/"]}]},{"@type":"BreadcrumbList","@id":"http:\/\/live-nlacrc.pantheonsite.io\/about-us\/public-meetings-governance\/nci-quality-assessments\/#breadcrumb","itemListElement":[{"@type":"ListItem","position":1,"name":"Home","item":"https:\/\/www.nlacrc.org\/"},{"@type":"ListItem","position":2,"name":"About Us","item":"https:\/\/nlacrc.org\/es\/about-us\/"},{"@type":"ListItem","position":3,"name":"Public Meetings, Governance","item":"https:\/\/nlacrc.org\/es\/about-us\/public-meetings-governance\/"},{"@type":"ListItem","position":4,"name":"NCI Quality Assessments"}]},{"@type":"WebSite","@id":"https:\/\/www.nlacrc.org\/fa\/#website","url":"https:\/\/www.nlacrc.org\/fa\/","name":"Norte del condado de Los \u00c1ngeles","description":"Centro Regional","publisher":{"@id":"https:\/\/www.nlacrc.org\/fa\/#organization"},"potentialAction":[{"@type":"SearchAction","target":{"@type":"EntryPoint","urlTemplate":"https:\/\/www.nlacrc.org\/fa\/?s={search_term_string}"},"query-input":{"@type":"PropertyValueSpecification","valueRequired":true,"valueName":"search_term_string"}}],"inLanguage":"es"},{"@type":"Organization","@id":"https:\/\/www.nlacrc.org\/fa\/#organization","name":"Norte del condado de Los \u00c1ngeles","url":"https:\/\/www.nlacrc.org\/fa\/","logo":{"@type":"ImageObject","inLanguage":"es","@id":"https:\/\/www.nlacrc.org\/fa\/#\/schema\/logo\/image\/","url":"https:\/\/www.nlacrc.org\/wp-content\/uploads\/2024\/06\/logo.svg","contentUrl":"https:\/\/www.nlacrc.org\/wp-content\/uploads\/2024\/06\/logo.svg","width":131,"height":130,"caption":"North Los Angeles County"},"image":{"@id":"https:\/\/www.nlacrc.org\/fa\/#\/schema\/logo\/image\/"},"sameAs":["https:\/\/www.facebook.com\/NLACRC\/","https:\/\/x.com\/NLACRC"]}]}},"coauthors":[],"author_meta":{"author_link":"https:\/\/www.nlacrc.org\/es\/author\/cwhitlock2\/","display_name":"cwhitlock2"},"relative_dates":{"created":"Publicado 2 a\u00f1os hace","modified":"Actualizado 5 meses hace"},"absolute_dates":{"created":"Publicado el agosto 19, 2024","modified":"Actualizado el noviembre 21, 2025"},"absolute_dates_time":{"created":"Publicado el agosto 19, 2024 3:48 pm","modified":"Actualizado el noviembre 21, 2025 12:04 pm"},"featured_img_caption":"","featured_img":false,"series_order":"","_links":{"self":[{"href":"https:\/\/www.nlacrc.org\/es\/wp-json\/wp\/v2\/pages\/45391","targetHints":{"allow":["GET"]}}],"collection":[{"href":"https:\/\/www.nlacrc.org\/es\/wp-json\/wp\/v2\/pages"}],"about":[{"href":"https:\/\/www.nlacrc.org\/es\/wp-json\/wp\/v2\/types\/page"}],"author":[{"embeddable":true,"href":"https:\/\/www.nlacrc.org\/es\/wp-json\/wp\/v2\/users\/62"}],"replies":[{"embeddable":true,"href":"https:\/\/www.nlacrc.org\/es\/wp-json\/wp\/v2\/comments?post=45391"}],"version-history":[{"count":5,"href":"https:\/\/www.nlacrc.org\/es\/wp-json\/wp\/v2\/pages\/45391\/revisions"}],"predecessor-version":[{"id":58694,"href":"https:\/\/www.nlacrc.org\/es\/wp-json\/wp\/v2\/pages\/45391\/revisions\/58694"}],"up":[{"embeddable":true,"href":"https:\/\/www.nlacrc.org\/es\/wp-json\/wp\/v2\/pages\/36546"}],"wp:attachment":[{"href":"https:\/\/www.nlacrc.org\/es\/wp-json\/wp\/v2\/media?parent=45391"}],"curies":[{"name":"wp","href":"https:\/\/api.w.org\/{rel}","templated":true}]}}