{"id":45088,"date":"2024-08-16T09:54:53","date_gmt":"2024-08-16T16:54:53","guid":{"rendered":"https:\/\/www.nlacrc.org\/?page_id=45088"},"modified":"2024-11-13T18:09:43","modified_gmt":"2024-11-14T02:09:43","slug":"meeting-schedule","status":"publish","type":"page","link":"https:\/\/www.nlacrc.org\/es\/meeting-schedule\/","title":{"rendered":"Programa de reuniones"},"content":{"rendered":"<p><\/p>\n\n\n\n<h2 class=\"wp-block-heading has-text-align-center\"><strong>Calendario de reuniones de la Junta Directiva 2024-25<\/strong><\/h2>\n\n\n\n<p>Las reuniones de la Junta Directiva del NLACRC est\u00e1n abiertas al p\u00fablico y todos son bienvenidos a asistir. Las fechas y los horarios de estas reuniones pueden estar sujetos a cambios.<\/p>\n\n\n\n<p>Las reuniones se realizar\u00e1n virtualmente a trav\u00e9s de Zoom hasta nuevo aviso. Si desea asistir, comun\u00edquese con nosotros.&nbsp;<a href=\"mailto:BoardSupport@nlacrc.org\">Soporte de la Junta Directiva@nlacrc.org<\/a>&nbsp;Para obtener materiales y acceso a las reuniones, puede ver el enlace de Zoom para una reuni\u00f3n de la Junta haciendo clic en la reuni\u00f3n de la Junta en el calendario de eventos de NLACRC. Haga clic aqu\u00ed para ir a <a href=\"https:\/\/www.nlacrc.org\/es\/news-events\/calendar\/\">Calendario de eventos del NLACRC<\/a><\/p>\n\n\n\n<p class=\"has-text-align-center\"><strong>Unirse a la reuni\u00f3n de Zoom<\/strong><br><a href=\"https:\/\/us06web.zoom.us\/j\/85005977187?pwd=kN7aqZMJw7XXdGpGTNEp0HlaPs7OGL.1\">https:\/\/us06web.zoom.us\/j\/85005977187?pwd=kN7aqZMJw7XXdGpGTNEp0HlaPs7OGL.1<\/a><\/p>\n\n\n\n<p>                                                                        ID de la reuni\u00f3n: 850 0597 7187<\/p>\n\n\n\n<p class=\"has-text-align-center\">C\u00f3digo de acceso: 972870<br><br><strong>Marcar por ubicaci\u00f3n<br>408 638 0968<\/strong><br><strong>669 900 6833<\/strong><\/p>\n\n\n\n<div class=\"wp-block-advgb-accordions advgb-accordions-179320e2-ce41-487a-b8fb-5733f6cda88f advgb-accordion-wrapper\" data-collapsed=\"true\">\n<div class=\"wp-block-advgb-accordion-item advgb-accordion-item\" style=\"margin-bottom:15px\"><div class=\"advgb-accordion-header\" style=\"background-color:#000;color:#eee;border-style:solid;border-width:1px;border-radius:2px\"><span class=\"advgb-accordion-header-icon\"><svg fill=\"#fff\" xmlns=\"http:\/\/www.w3.org\/2000\/svg\" width=\"24\" height=\"24\" viewbox=\"0 0 24 24\"><path fill=\"none\" d=\"M0,0h24v24H0V0z\"><\/path><path d=\"M12,5.83L15.17,9l1.41-1.41L12,3L7.41,7.59L8.83,9L12,5.83z M12,18.17L8.83,15l-1.41,1.41L12,21l4.59-4.59L15.17,15 L12,18.17z\"><\/path><\/svg><\/span><h4 class=\"advgb-accordion-header-title\" style=\"color:inherit\">Calendario de reuniones de la Junta Directiva de 2024<\/h4><\/div><div class=\"advgb-accordion-body\" style=\"border-style:solid !important;border-width:1px !important;border-color:undefined !important;border-top:none !important;border-radius:2px !important\">\n<figure class=\"wp-block-table\"><table class=\"has-fixed-layout\"><tbody><tr><td class=\"has-text-align-center\" data-align=\"center\">No habr\u00e1 reuniones en agosto<\/td><\/tr><tr><td class=\"has-text-align-center\" data-align=\"center\">Mi\u00e9rcoles 11 de septiembre de 2024<br>6:00 p.m.<\/td><\/tr><tr><td class=\"has-text-align-center\" data-align=\"center\">Mi\u00e9rcoles 9 de octubre de 2024<br>6:00 p.m.<\/td><\/tr><tr><td class=\"has-text-align-center\" data-align=\"center\">Mi\u00e9rcoles 13 de noviembre de 2024<br>6:00 p.m.<\/td><\/tr><tr><td class=\"has-text-align-center\" data-align=\"center\">No habr\u00e1 reuni\u00f3n en diciembre de 2024<\/td><\/tr><\/tbody><\/table><\/figure>\n<\/div><\/div>\n<\/div>\n\n\n\n<div class=\"wp-block-advgb-accordions advgb-accordions-dfe3e5b0-4200-4fc9-993c-cdd3fee433ae advgb-accordion-wrapper\" data-collapsed=\"true\">\n<div class=\"wp-block-advgb-accordion-item advgb-accordion-item\" style=\"margin-bottom:15px\"><div class=\"advgb-accordion-header\" style=\"background-color:#000;color:#eee;border-style:solid;border-width:1px;border-radius:2px\"><span class=\"advgb-accordion-header-icon\"><svg fill=\"#fff\" xmlns=\"http:\/\/www.w3.org\/2000\/svg\" width=\"24\" height=\"24\" viewbox=\"0 0 24 24\"><path fill=\"none\" d=\"M0,0h24v24H0V0z\"><\/path><path d=\"M12,5.83L15.17,9l1.41-1.41L12,3L7.41,7.59L8.83,9L12,5.83z M12,18.17L8.83,15l-1.41,1.41L12,21l4.59-4.59L15.17,15 L12,18.17z\"><\/path><\/svg><\/span><h4 class=\"advgb-accordion-header-title\" style=\"color:inherit\">Calendario de reuniones de la Junta Directiva para el a\u00f1o 2025<\/h4><\/div><div class=\"advgb-accordion-body\" style=\"border-style:solid !important;border-width:1px !important;border-color:undefined !important;border-top:none !important;border-radius:2px !important\">\n<figure class=\"wp-block-table\"><table class=\"has-fixed-layout\"><tbody><tr><td class=\"has-text-align-center\" data-align=\"center\">Mi\u00e9rcoles 8 de enero de 2025<br>6:00 p.m.<\/td><\/tr><tr><td class=\"has-text-align-center\" data-align=\"center\">Mi\u00e9rcoles 12 de febrero de 2025<br>6:00 p.m.<\/td><\/tr><tr><td class=\"has-text-align-center\" data-align=\"center\">Mi\u00e9rcoles 12 de marzo de 2025<br>6:00 p.m.<\/td><\/tr><tr><td class=\"has-text-align-center\" data-align=\"center\">Mi\u00e9rcoles 9 de abril de 2025<br>6:00 p.m.<\/td><\/tr><tr><td class=\"has-text-align-center\" data-align=\"center\">Mi\u00e9rcoles 14 de mayo de 2025<br>6:00 p.m.<\/td><\/tr><tr><td class=\"has-text-align-center\" data-align=\"center\">Mi\u00e9rcoles 11 de junio de 2025<br>6:00 p.m.<\/td><\/tr><\/tbody><\/table><\/figure>\n<\/div><\/div>\n<\/div>\n\n\n\n<div class=\"wp-block-columns alignwide is-layout-flex wp-container-core-columns-is-layout-28f84493 wp-block-columns-is-layout-flex\">\n<div class=\"wp-block-column is-layout-flow wp-block-column-is-layout-flow\" style=\"flex-basis:100%\"><\/div>\n<\/div>\n\n\n\n<h3 class=\"wp-block-heading has-text-align-center\"><strong>Acceso a interpretaci\u00f3n de idiomas por Zoom<\/strong><\/h3>\n\n\n\n<p class=\"has-text-align-center\">Acceso a interpretaci\u00f3n de idiomas por Zoom para computadoras <a href=\"https:\/\/www.nlacrc.org\/wp-content\/uploads\/2024\/08\/Participant-Access-Zoom-Interpretation-Instructions-Computer.pdf\">(Ingl\u00e9s)<\/a> <a href=\"https:\/\/www.nlacrc.org\/wp-content\/uploads\/2024\/08\/Spanish-Participant-Access-Zoom-Interpretation-Instructions-Computer.pdf\">(Espa\u00f1ol)<\/a><\/p>\n\n\n\n<p class=\"has-text-align-center\">Acceso a interpretaci\u00f3n de idiomas mediante Zoom para dispositivos m\u00f3viles <a href=\"https:\/\/www.nlacrc.org\/wp-content\/uploads\/2024\/08\/Participant-Access-Zoom-Interpretation-Instructions-Mobile-Device.pdf\">(Ingl\u00e9s)<\/a> <a href=\"https:\/\/www.nlacrc.org\/wp-content\/uploads\/2024\/08\/Spanish-Participant-Access-Zoom-Interpretation-Instructions-Mobile-Device.pdf\">(Espa\u00f1ol)<\/a><\/p>\n\n\n\n<p class=\"has-text-align-center\">Acceso de interpretaci\u00f3n de idiomas en Zoom para computadoras&nbsp;<a href=\"https:\/\/www.nlacrc.org\/wp-content\/uploads\/2024\/08\/Participant-Access-Zoom-Interpretation-Instructions-Computer.pdf\">(Ingl\u00e9s)&nbsp;<\/a><a href=\"https:\/\/www.nlacrc.org\/wp-content\/uploads\/2024\/08\/Spanish-Participant-Access-Zoom-Interpretation-Instructions-Computer.pdf\">(Espa\u00f1ol)<\/a><\/p>\n\n\n\n<p class=\"has-text-align-center\">Acceso de interpretaci\u00f3n de idiomas en Zoom para dispositivos m\u00f3viles&nbsp;<a href=\"https:\/\/www.nlacrc.org\/wp-content\/uploads\/2024\/08\/Participant-Access-Zoom-Interpretation-Instructions-Mobile-Device.pdf\" target=\"_blank\" rel=\"noreferrer noopener\">(Ingl\u00e9s)<\/a>&nbsp;<a href=\"https:\/\/www.nlacrc.org\/wp-content\/uploads\/2024\/08\/Spanish-Participant-Access-Zoom-Interpretation-Instructions-Mobile-Device.pdf\">(Espa\u00f1ol)<\/a><\/p>\n\n\n\n<p><\/p>","protected":false},"excerpt":{"rendered":"2024-25 Board Meeting Schedule NLACRC Board meetings are open to the public and everyone is welcome to attend them. Dates [&hellip;]","protected":false},"author":64,"featured_media":0,"parent":0,"menu_order":0,"comment_status":"closed","ping_status":"closed","template":"","meta":{"_acf_changed":false,"advgb_blocks_editor_width":"","advgb_blocks_columns_visual_guide":"","_EventAllDay":false,"_EventTimezone":"","_EventStartDate":"","_EventEndDate":"","_EventStartDateUTC":"","_EventEndDateUTC":"","_EventShowMap":false,"_EventShowMapLink":false,"_EventURL":"","_EventCost":"","_EventCostDescription":"","_EventCurrencySymbol":"","_EventCurrencyCode":"","_EventCurrencyPosition":"","_EventDateTimeSeparator":"","_EventTimeRangeSeparator":"","_EventOrganizerID":[],"_EventVenueID":[],"_OrganizerEmail":"","_OrganizerPhone":"","_OrganizerWebsite":"","_VenueAddress":"","_VenueCity":"","_VenueCountry":"","_VenueProvince":"","_VenueState":"","_VenueZip":"","_VenuePhone":"","_VenueURL":"","_VenueStateProvince":"","_VenueLat":"","_VenueLng":"","_VenueShowMap":false,"_VenueShowMapLink":false,"_tribe_blocks_recurrence_rules":"","_tribe_blocks_recurrence_description":"","_tribe_blocks_recurrence_exclusions":"","footnotes":""},"class_list":["post-45088","page","type-page","status-publish","hentry"],"acf":[],"yoast_head":"<!-- This site is optimized with the Yoast SEO plugin v26.4 - https:\/\/yoast.com\/wordpress\/plugins\/seo\/ -->\n<title>Meeting Schedule -<\/title>\n<meta name=\"description\" content=\"Meeting Schedule - 2024-25 Board Meeting Schedule NLACRC Board meetings are open to the public and everyone is welcome to attend them. Dates and times of these meetings may\" \/>\n<meta name=\"robots\" content=\"index, follow, max-snippet:-1, max-image-preview:large, max-video-preview:-1\" \/>\n<link rel=\"canonical\" href=\"https:\/\/nlacrc.org\/meeting-schedule\/\" \/>\n<meta property=\"og:locale\" content=\"es_MX\" \/>\n<meta property=\"og:type\" content=\"article\" \/>\n<meta property=\"og:title\" content=\"Meeting Schedule -\" \/>\n<meta property=\"og:description\" content=\"Meeting Schedule - 2024-25 Board Meeting Schedule NLACRC Board meetings are open to the public and everyone is welcome to attend them. Dates and times of these meetings may\" \/>\n<meta property=\"og:url\" content=\"https:\/\/nlacrc.org\/meeting-schedule\/\" \/>\n<meta property=\"og:site_name\" content=\"North Los Angeles County\" \/>\n<meta property=\"article:publisher\" content=\"https:\/\/www.facebook.com\/NLACRC\/\" \/>\n<meta property=\"article:modified_time\" content=\"2024-11-14T02:09:43+00:00\" \/>\n<meta name=\"twitter:card\" content=\"summary_large_image\" \/>\n<meta name=\"twitter:site\" content=\"@NLACRC\" \/>\n<meta name=\"twitter:label1\" content=\"Est. reading time\" \/>\n\t<meta name=\"twitter:data1\" content=\"1 minuto\" \/>\n<script type=\"application\/ld+json\" class=\"yoast-schema-graph\">{\"@context\":\"https:\/\/schema.org\",\"@graph\":[{\"@type\":\"WebPage\",\"@id\":\"https:\/\/nlacrc.org\/meeting-schedule\/\",\"url\":\"https:\/\/nlacrc.org\/meeting-schedule\/\",\"name\":\"Meeting Schedule -\",\"isPartOf\":{\"@id\":\"https:\/\/www.nlacrc.org\/fa\/#website\"},\"datePublished\":\"2024-08-16T16:54:53+00:00\",\"dateModified\":\"2024-11-14T02:09:43+00:00\",\"description\":\"Meeting Schedule - 2024-25 Board Meeting Schedule NLACRC Board meetings are open to the public and everyone is welcome to attend them. Dates and times of these meetings may\",\"breadcrumb\":{\"@id\":\"https:\/\/nlacrc.org\/meeting-schedule\/#breadcrumb\"},\"inLanguage\":\"es\",\"potentialAction\":[{\"@type\":\"ReadAction\",\"target\":[\"https:\/\/nlacrc.org\/meeting-schedule\/\"]}]},{\"@type\":\"BreadcrumbList\",\"@id\":\"https:\/\/nlacrc.org\/meeting-schedule\/#breadcrumb\",\"itemListElement\":[{\"@type\":\"ListItem\",\"position\":1,\"name\":\"Home\",\"item\":\"https:\/\/www.nlacrc.org\/\"},{\"@type\":\"ListItem\",\"position\":2,\"name\":\"Meeting Schedule\"}]},{\"@type\":\"WebSite\",\"@id\":\"https:\/\/www.nlacrc.org\/fa\/#website\",\"url\":\"https:\/\/www.nlacrc.org\/fa\/\",\"name\":\"North Los Angeles County\",\"description\":\"Regional Center\",\"publisher\":{\"@id\":\"https:\/\/www.nlacrc.org\/fa\/#organization\"},\"potentialAction\":[{\"@type\":\"SearchAction\",\"target\":{\"@type\":\"EntryPoint\",\"urlTemplate\":\"https:\/\/www.nlacrc.org\/fa\/?s={search_term_string}\"},\"query-input\":{\"@type\":\"PropertyValueSpecification\",\"valueRequired\":true,\"valueName\":\"search_term_string\"}}],\"inLanguage\":\"es\"},{\"@type\":\"Organization\",\"@id\":\"https:\/\/www.nlacrc.org\/fa\/#organization\",\"name\":\"North Los Angeles County\",\"url\":\"https:\/\/www.nlacrc.org\/fa\/\",\"logo\":{\"@type\":\"ImageObject\",\"inLanguage\":\"es\",\"@id\":\"https:\/\/www.nlacrc.org\/fa\/#\/schema\/logo\/image\/\",\"url\":\"https:\/\/www.nlacrc.org\/wp-content\/uploads\/2024\/06\/logo.svg\",\"contentUrl\":\"https:\/\/www.nlacrc.org\/wp-content\/uploads\/2024\/06\/logo.svg\",\"width\":131,\"height\":130,\"caption\":\"North Los Angeles County\"},\"image\":{\"@id\":\"https:\/\/www.nlacrc.org\/fa\/#\/schema\/logo\/image\/\"},\"sameAs\":[\"https:\/\/www.facebook.com\/NLACRC\/\",\"https:\/\/x.com\/NLACRC\"]}]}<\/script>\n<!-- \/ Yoast SEO plugin. -->","yoast_head_json":{"title":"Meeting Schedule -","description":"Meeting Schedule - 2024-25 Board Meeting Schedule NLACRC Board meetings are open to the public and everyone is welcome to attend them. Dates and times of these meetings may","robots":{"index":"index","follow":"follow","max-snippet":"max-snippet:-1","max-image-preview":"max-image-preview:large","max-video-preview":"max-video-preview:-1"},"canonical":"https:\/\/nlacrc.org\/meeting-schedule\/","og_locale":"es_MX","og_type":"article","og_title":"Meeting Schedule -","og_description":"Meeting Schedule - 2024-25 Board Meeting Schedule NLACRC Board meetings are open to the public and everyone is welcome to attend them. Dates and times of these meetings may","og_url":"https:\/\/nlacrc.org\/meeting-schedule\/","og_site_name":"North Los Angeles County","article_publisher":"https:\/\/www.facebook.com\/NLACRC\/","article_modified_time":"2024-11-14T02:09:43+00:00","twitter_card":"summary_large_image","twitter_site":"@NLACRC","twitter_misc":{"Est. reading time":"1 minuto"},"schema":{"@context":"https:\/\/schema.org","@graph":[{"@type":"WebPage","@id":"https:\/\/nlacrc.org\/meeting-schedule\/","url":"https:\/\/nlacrc.org\/meeting-schedule\/","name":"Meeting Schedule -","isPartOf":{"@id":"https:\/\/www.nlacrc.org\/fa\/#website"},"datePublished":"2024-08-16T16:54:53+00:00","dateModified":"2024-11-14T02:09:43+00:00","description":"Meeting Schedule - 2024-25 Board Meeting Schedule NLACRC Board meetings are open to the public and everyone is welcome to attend them. Dates and times of these meetings may","breadcrumb":{"@id":"https:\/\/nlacrc.org\/meeting-schedule\/#breadcrumb"},"inLanguage":"es","potentialAction":[{"@type":"ReadAction","target":["https:\/\/nlacrc.org\/meeting-schedule\/"]}]},{"@type":"BreadcrumbList","@id":"https:\/\/nlacrc.org\/meeting-schedule\/#breadcrumb","itemListElement":[{"@type":"ListItem","position":1,"name":"Home","item":"https:\/\/www.nlacrc.org\/"},{"@type":"ListItem","position":2,"name":"Meeting Schedule"}]},{"@type":"WebSite","@id":"https:\/\/www.nlacrc.org\/fa\/#website","url":"https:\/\/www.nlacrc.org\/fa\/","name":"Norte del condado de Los \u00c1ngeles","description":"Centro Regional","publisher":{"@id":"https:\/\/www.nlacrc.org\/fa\/#organization"},"potentialAction":[{"@type":"SearchAction","target":{"@type":"EntryPoint","urlTemplate":"https:\/\/www.nlacrc.org\/fa\/?s={search_term_string}"},"query-input":{"@type":"PropertyValueSpecification","valueRequired":true,"valueName":"search_term_string"}}],"inLanguage":"es"},{"@type":"Organization","@id":"https:\/\/www.nlacrc.org\/fa\/#organization","name":"Norte del condado de Los \u00c1ngeles","url":"https:\/\/www.nlacrc.org\/fa\/","logo":{"@type":"ImageObject","inLanguage":"es","@id":"https:\/\/www.nlacrc.org\/fa\/#\/schema\/logo\/image\/","url":"https:\/\/www.nlacrc.org\/wp-content\/uploads\/2024\/06\/logo.svg","contentUrl":"https:\/\/www.nlacrc.org\/wp-content\/uploads\/2024\/06\/logo.svg","width":131,"height":130,"caption":"North Los Angeles County"},"image":{"@id":"https:\/\/www.nlacrc.org\/fa\/#\/schema\/logo\/image\/"},"sameAs":["https:\/\/www.facebook.com\/NLACRC\/","https:\/\/x.com\/NLACRC"]}]}},"coauthors":[],"author_meta":{"author_link":"https:\/\/www.nlacrc.org\/es\/author\/dholt\/","display_name":"dholt"},"relative_dates":{"created":"Publicado 2 a\u00f1os hace","modified":"Actualizado 1 a\u00f1o hace"},"absolute_dates":{"created":"Publicado el agosto 16, 2024","modified":"Actualizado el noviembre 13, 2024"},"absolute_dates_time":{"created":"Publicado el agosto 16, 2024 9:54 am","modified":"Actualizado el noviembre 13, 2024 6:09 pm"},"featured_img_caption":"","featured_img":false,"series_order":"","_links":{"self":[{"href":"https:\/\/www.nlacrc.org\/es\/wp-json\/wp\/v2\/pages\/45088","targetHints":{"allow":["GET"]}}],"collection":[{"href":"https:\/\/www.nlacrc.org\/es\/wp-json\/wp\/v2\/pages"}],"about":[{"href":"https:\/\/www.nlacrc.org\/es\/wp-json\/wp\/v2\/types\/page"}],"author":[{"embeddable":true,"href":"https:\/\/www.nlacrc.org\/es\/wp-json\/wp\/v2\/users\/64"}],"replies":[{"embeddable":true,"href":"https:\/\/www.nlacrc.org\/es\/wp-json\/wp\/v2\/comments?post=45088"}],"version-history":[{"count":5,"href":"https:\/\/www.nlacrc.org\/es\/wp-json\/wp\/v2\/pages\/45088\/revisions"}],"predecessor-version":[{"id":48857,"href":"https:\/\/www.nlacrc.org\/es\/wp-json\/wp\/v2\/pages\/45088\/revisions\/48857"}],"wp:attachment":[{"href":"https:\/\/www.nlacrc.org\/es\/wp-json\/wp\/v2\/media?parent=45088"}],"curies":[{"name":"wp","href":"https:\/\/api.w.org\/{rel}","templated":true}]}}