{"id":38112,"date":"2024-06-21T08:36:03","date_gmt":"2024-06-21T15:36:03","guid":{"rendered":"https:\/\/www.nlacrc.org\/?page_id=38112"},"modified":"2024-08-22T09:35:49","modified_gmt":"2024-08-22T16:35:49","slug":"respite-tools","status":"publish","type":"page","link":"https:\/\/www.nlacrc.org\/es\/about-us\/transparency-accountability\/policies-dei\/respite-tools\/","title":{"rendered":"Herramientas de respiro"},"content":{"rendered":"<h2 class=\"wp-block-heading\">RESPIRO PARA NI\u00d1OS<\/h2>\n\n\n\n<p><strong>Es pol\u00edtica de NLACRC empoderar y defender a los consumidores y las familias para que accedan a los recursos personales y comunitarios existentes, como la detecci\u00f3n, el diagn\u00f3stico y el tratamiento tempranos y peri\u00f3dicos (EPSDT), siempre que sea posible para satisfacer sus necesidades de apoyo familiar. <\/strong><\/p>\n\n\n\n<p>Por lo tanto, en la medida en que lo exija la ley, el NLACRC alentar\u00e1 a las familias a utilizar estos recursos antes de gastar los fondos del centro. El NLACRC considerar\u00e1 la provisi\u00f3n de recursos gen\u00e9ricos en el proceso de planificaci\u00f3n del apoyo familiar cuando la autorizaci\u00f3n del servicio, o parte del mismo, tenga como prop\u00f3sito expreso brindar atenci\u00f3n y\/o supervisi\u00f3n al ni\u00f1o o brindar un respiro al cuidador del ni\u00f1o. Adem\u00e1s, el equipo de planificaci\u00f3n debe tener en cuenta la atenci\u00f3n, el apoyo y la supervisi\u00f3n habituales que una familia debe brindar a un ni\u00f1o de la misma edad sin una discapacidad y la relaci\u00f3n costo-beneficio. El centro regional solo puede adquirir servicios de respiro cuando las necesidades de atenci\u00f3n y supervisi\u00f3n de un consumidor excedan las de una persona de la misma edad sin una discapacidad del desarrollo.<\/p>\n\n\n\n<p>Como tal, los servicios financiados por el centro regional se centrar\u00e1n en los servicios requeridos por la discapacidad del desarrollo del consumidor y que resulten de ella. El NLACRC buscar\u00e1 proporcionar servicios de apoyo familiar eficaces. Esto puede incluir el uso de enfoques creativos e innovadores para cumplir con los objetivos contenidos en el Plan de Programa Individual (IPP)\/Plan de Servicio Familiar Individual (IFSP) del consumidor y representar un uso rentable de los fondos p\u00fablicos.<\/p>\n\n\n\n<p>El NLACRC utilizar\u00e1 las situaciones m\u00e1s comunes para ayudar a determinar el nivel t\u00edpico de servicios de apoyo para un consumidor menor. Las situaciones se relacionan con el aumento de la atenci\u00f3n y la supervisi\u00f3n que el menor puede necesitar en funci\u00f3n de su edad y grado de discapacidad. Por \u00faltimo, el NLACRC no puede prever todas las situaciones y, por lo tanto, es esencial una planificaci\u00f3n individualizada. El NLACRC reconoce que puede haber circunstancias en las que una familia necesite una cantidad excepcional de servicios de relevo. Las circunstancias excepcionales pueden incluir afecciones m\u00e9dicas o conductuales, ya sean agudas o cr\u00f3nicas, que requieran una cantidad intensa de atenci\u00f3n, supervisi\u00f3n y\/o tratamiento o una afecci\u00f3n m\u00e9dica o f\u00edsica aguda que afecte la capacidad del cuidador para proporcionar la atenci\u00f3n y la supervisi\u00f3n adecuadas al consumidor menor. Por lo tanto, el director ejecutivo del NLACRC o su designado pueden aprobar los servicios de relevo a un nivel excepcional. El coordinador de servicios debe presentar una solicitud de excepci\u00f3n, que debe ser revisada por el comit\u00e9 de personal del Centro; el comit\u00e9 har\u00e1 una recomendaci\u00f3n sobre el plan de apoyo familiar propuesto. El coordinador de servicios se volver\u00e1 a reunir con la familia\/cuidador para analizar la recomendaci\u00f3n del comit\u00e9 y completar el proceso de planificaci\u00f3n del programa individualizado. En caso de que haya desacuerdo con respecto a la cantidad de servicios de relevo que se incluir\u00e1n en el IPP de una persona, NLACRC proporcionar\u00e1 una notificaci\u00f3n por escrito y derechos de apelaci\u00f3n; consulte el Est\u00e1ndar de Servicio de Audiencia Justa.<br><br>Todas las autorizaciones de compra de servicios de relevo (POS) se revisar\u00e1n para determinar su elegibilidad para el Programa de Participaci\u00f3n en Costos Familiares y todos los consumidores elegibles estar\u00e1n sujetos a los requisitos del programa.<\/p>\n\n\n\n<p><\/p>\n\n\n\n<h2 class=\"wp-block-heading\">RESPIRO PARA ADULTOS<\/h2>\n\n\n\n<p><\/p>\n\n\n\n<p><strong>La pol\u00edtica del NLACRC es brindar apoyo a los consumidores adultos que eligen vivir en el hogar de un familiar. Con este fin, el NLACRC brindar\u00e1 servicios de apoyo que permitan a los cuidadores un alivio peri\u00f3dico de las responsabilidades constantes de cuidado y supervisi\u00f3n.<\/strong><\/p>\n\n\n\n<p> El centro regional normalmente contratar\u00e1 servicios de respiro cuando las necesidades de cuidado y supervisi\u00f3n de un consumidor excedan las de una persona de la misma edad sin una discapacidad del desarrollo. Adem\u00e1s, es pol\u00edtica del NLACRC empoderar y defender a los consumidores y las familias para que accedan a los recursos personales y comunitarios existentes, como los recursos gen\u00e9ricos, siempre que sea apropiado para satisfacer las necesidades de apoyo familiar. Por lo tanto, en la medida en que lo exija la ley, el NLACRC considerar\u00e1 la provisi\u00f3n de recursos gen\u00e9ricos en el proceso de planificaci\u00f3n del apoyo familiar cuando la autorizaci\u00f3n de los servicios, o una parte de ellos, tenga el prop\u00f3sito expreso de satisfacer las necesidades de cuidado y\/o supervisi\u00f3n de la persona o con el prop\u00f3sito de brindar respiro al cuidador de la persona. La necesidad de respiro a menudo se correlaciona con la creciente necesidad de cuidado y supervisi\u00f3n del consumidor debido al grado de su discapacidad. Finalmente, el NLACRC no puede anticipar todas las situaciones y, por lo tanto, la planificaci\u00f3n individualizada es esencial.<\/p>\n\n\n\n<p>El NLACRC reconoce que puede haber circunstancias en las que una familia necesite una cantidad excepcional de servicios de relevo. Las circunstancias excepcionales pueden incluir condiciones m\u00e9dicas o conductuales, ya sean agudas o cr\u00f3nicas, que requieran una cantidad intensa de atenci\u00f3n, supervisi\u00f3n y\/o tratamiento o una condici\u00f3n m\u00e9dica o f\u00edsica aguda que afecte la capacidad del cuidador para brindar atenci\u00f3n y supervisi\u00f3n adecuadas al consumidor menor. Por lo tanto, el director ejecutivo del NLACRC o su designado puede aprobar el relevo a un nivel excepcional. El coordinador de servicios debe presentar una solicitud de excepci\u00f3n, que debe ser revisada por el comit\u00e9 de personal del Centro; el comit\u00e9 har\u00e1 una recomendaci\u00f3n con respecto al plan de apoyo familiar propuesto. El coordinador de servicios se reunir\u00e1 nuevamente con la familia\/cuidador para analizar la recomendaci\u00f3n del comit\u00e9 y completar el proceso de planificaci\u00f3n del programa individualizado. En caso de que haya un desacuerdo con respecto a la cantidad de servicio de relevo que se incluir\u00e1 en el IPP de una persona, el NLACRC proporcionar\u00e1 una notificaci\u00f3n por escrito y los derechos de apelaci\u00f3n; consulte el Est\u00e1ndar de servicio de ingresos justos.<\/p>\n\n\n\n<p><\/p>\n\n\n<div class=\"document_era list\">\r\n\t\t<div class=\"col-md-6\">\r\n\t\t\t\t\t\t\t\t\t<a class=\"doc_block\" href=\"https:\/\/www.nlacrc.org\/wp-content\/uploads\/2024\/08\/NLACRC-Respite-Services-Assessment-Tool.pdf\" target=\"_blank\"><img decoding=\"async\" src=\"https:\/\/www.nlacrc.org\/wp-content\/themes\/planeteriaweb\/img\/PDF.svg\" class=\"img_icon\" alt=\"download this document\" width=\"17px\"><span>Herramienta de evaluaci\u00f3n de servicios de relevo<\/span><\/a>\r\n\t\t\t\t\t\t\t<\/div>\r\n<\/div>","protected":false},"excerpt":{"rendered":"RESPIRO PARA NI\u00d1OS Es pol\u00edtica de NLACRC empoderar y defender a los consumidores y las familias para que accedan a los servicios [\u2026]","protected":false},"author":54,"featured_media":0,"parent":36576,"menu_order":4,"comment_status":"closed","ping_status":"closed","template":"","meta":{"_acf_changed":false,"advgb_blocks_editor_width":"","advgb_blocks_columns_visual_guide":"","_EventAllDay":false,"_EventTimezone":"","_EventStartDate":"","_EventEndDate":"","_EventStartDateUTC":"","_EventEndDateUTC":"","_EventShowMap":false,"_EventShowMapLink":false,"_EventURL":"","_EventCost":"","_EventCostDescription":"","_EventCurrencySymbol":"","_EventCurrencyCode":"","_EventCurrencyPosition":"","_EventDateTimeSeparator":"","_EventTimeRangeSeparator":"","_EventOrganizerID":[],"_EventVenueID":[],"_OrganizerEmail":"","_OrganizerPhone":"","_OrganizerWebsite":"","_VenueAddress":"","_VenueCity":"","_VenueCountry":"","_VenueProvince":"","_VenueState":"","_VenueZip":"","_VenuePhone":"","_VenueURL":"","_VenueStateProvince":"","_VenueLat":"","_VenueLng":"","_VenueShowMap":false,"_VenueShowMapLink":false,"_tribe_blocks_recurrence_rules":"","_tribe_blocks_recurrence_description":"","_tribe_blocks_recurrence_exclusions":"","footnotes":""},"class_list":["post-38112","page","type-page","status-publish","hentry"],"acf":[],"yoast_head":"<!-- This site is optimized with the Yoast SEO plugin v26.4 - https:\/\/yoast.com\/wordpress\/plugins\/seo\/ -->\n<title>Respite Tools -<\/title>\n<meta name=\"description\" content=\"Respite Tools - RESPITE FOR CHILDREN It is the policy of NLACRC to empower and advocate for consumers and families to access existing personal and community resources,\" \/>\n<meta name=\"robots\" content=\"index, follow, max-snippet:-1, max-image-preview:large, max-video-preview:-1\" \/>\n<link rel=\"canonical\" href=\"https:\/\/www.nlacrc.org\/es\/about-us\/transparency-accountability\/policies-dei\/respite-tools\/\" \/>\n<meta property=\"og:locale\" content=\"es_MX\" \/>\n<meta property=\"og:type\" content=\"article\" \/>\n<meta property=\"og:title\" content=\"Respite Tools -\" \/>\n<meta property=\"og:description\" content=\"Respite Tools - RESPITE FOR CHILDREN It is the policy of NLACRC to empower and advocate for consumers and families to access existing personal and community resources,\" \/>\n<meta property=\"og:url\" content=\"https:\/\/www.nlacrc.org\/es\/about-us\/transparency-accountability\/policies-dei\/respite-tools\/\" \/>\n<meta property=\"og:site_name\" content=\"North Los Angeles County\" \/>\n<meta property=\"article:publisher\" content=\"https:\/\/www.facebook.com\/NLACRC\/\" \/>\n<meta property=\"article:modified_time\" content=\"2024-08-22T16:35:49+00:00\" \/>\n<meta name=\"twitter:card\" content=\"summary_large_image\" \/>\n<meta name=\"twitter:site\" content=\"@NLACRC\" \/>\n<meta name=\"twitter:label1\" content=\"Est. reading time\" \/>\n\t<meta name=\"twitter:data1\" content=\"4 minutos\" \/>\n<script type=\"application\/ld+json\" class=\"yoast-schema-graph\">{\"@context\":\"https:\/\/schema.org\",\"@graph\":[{\"@type\":\"WebPage\",\"@id\":\"https:\/\/www.nlacrc.org\/about-us\/transparency-accountability\/policies-dei\/respite-tools\/\",\"url\":\"https:\/\/www.nlacrc.org\/about-us\/transparency-accountability\/policies-dei\/respite-tools\/\",\"name\":\"Respite Tools -\",\"isPartOf\":{\"@id\":\"https:\/\/www.nlacrc.org\/fa\/#website\"},\"datePublished\":\"2024-06-21T15:36:03+00:00\",\"dateModified\":\"2024-08-22T16:35:49+00:00\",\"description\":\"Respite Tools - RESPITE FOR CHILDREN It is the policy of NLACRC to empower and advocate for consumers and families to access existing personal and community resources,\",\"breadcrumb\":{\"@id\":\"https:\/\/www.nlacrc.org\/about-us\/transparency-accountability\/policies-dei\/respite-tools\/#breadcrumb\"},\"inLanguage\":\"es\",\"potentialAction\":[{\"@type\":\"ReadAction\",\"target\":[\"https:\/\/www.nlacrc.org\/about-us\/transparency-accountability\/policies-dei\/respite-tools\/\"]}]},{\"@type\":\"BreadcrumbList\",\"@id\":\"https:\/\/www.nlacrc.org\/about-us\/transparency-accountability\/policies-dei\/respite-tools\/#breadcrumb\",\"itemListElement\":[{\"@type\":\"ListItem\",\"position\":1,\"name\":\"Home\",\"item\":\"https:\/\/www.nlacrc.org\/\"},{\"@type\":\"ListItem\",\"position\":2,\"name\":\"About Us\",\"item\":\"https:\/\/nlacrc.org\/es\/about-us\/\"},{\"@type\":\"ListItem\",\"position\":3,\"name\":\"Transparency &amp; Accountability\",\"item\":\"https:\/\/nlacrc.org\/es\/about-us\/transparency-accountability\/\"},{\"@type\":\"ListItem\",\"position\":4,\"name\":\"Policies &amp; DEI\",\"item\":\"https:\/\/nlacrc.org\/es\/about-us\/transparency-accountability\/policies-dei\/\"},{\"@type\":\"ListItem\",\"position\":5,\"name\":\"Respite Tools\"}]},{\"@type\":\"WebSite\",\"@id\":\"https:\/\/www.nlacrc.org\/fa\/#website\",\"url\":\"https:\/\/www.nlacrc.org\/fa\/\",\"name\":\"North Los Angeles County\",\"description\":\"Regional Center\",\"publisher\":{\"@id\":\"https:\/\/www.nlacrc.org\/fa\/#organization\"},\"potentialAction\":[{\"@type\":\"SearchAction\",\"target\":{\"@type\":\"EntryPoint\",\"urlTemplate\":\"https:\/\/www.nlacrc.org\/fa\/?s={search_term_string}\"},\"query-input\":{\"@type\":\"PropertyValueSpecification\",\"valueRequired\":true,\"valueName\":\"search_term_string\"}}],\"inLanguage\":\"es\"},{\"@type\":\"Organization\",\"@id\":\"https:\/\/www.nlacrc.org\/fa\/#organization\",\"name\":\"North Los Angeles County\",\"url\":\"https:\/\/www.nlacrc.org\/fa\/\",\"logo\":{\"@type\":\"ImageObject\",\"inLanguage\":\"es\",\"@id\":\"https:\/\/www.nlacrc.org\/fa\/#\/schema\/logo\/image\/\",\"url\":\"https:\/\/www.nlacrc.org\/wp-content\/uploads\/2024\/06\/logo.svg\",\"contentUrl\":\"https:\/\/www.nlacrc.org\/wp-content\/uploads\/2024\/06\/logo.svg\",\"width\":131,\"height\":130,\"caption\":\"North Los Angeles County\"},\"image\":{\"@id\":\"https:\/\/www.nlacrc.org\/fa\/#\/schema\/logo\/image\/\"},\"sameAs\":[\"https:\/\/www.facebook.com\/NLACRC\/\",\"https:\/\/x.com\/NLACRC\"]}]}<\/script>\n<!-- \/ Yoast SEO plugin. -->","yoast_head_json":{"title":"Respite Tools -","description":"Respite Tools - RESPITE FOR CHILDREN It is the policy of NLACRC to empower and advocate for consumers and families to access existing personal and community resources,","robots":{"index":"index","follow":"follow","max-snippet":"max-snippet:-1","max-image-preview":"max-image-preview:large","max-video-preview":"max-video-preview:-1"},"canonical":"https:\/\/www.nlacrc.org\/es\/about-us\/transparency-accountability\/policies-dei\/respite-tools\/","og_locale":"es_MX","og_type":"article","og_title":"Respite Tools -","og_description":"Respite Tools - RESPITE FOR CHILDREN It is the policy of NLACRC to empower and advocate for consumers and families to access existing personal and community resources,","og_url":"https:\/\/www.nlacrc.org\/es\/about-us\/transparency-accountability\/policies-dei\/respite-tools\/","og_site_name":"North Los Angeles County","article_publisher":"https:\/\/www.facebook.com\/NLACRC\/","article_modified_time":"2024-08-22T16:35:49+00:00","twitter_card":"summary_large_image","twitter_site":"@NLACRC","twitter_misc":{"Est. reading time":"4 minutos"},"schema":{"@context":"https:\/\/schema.org","@graph":[{"@type":"WebPage","@id":"https:\/\/www.nlacrc.org\/about-us\/transparency-accountability\/policies-dei\/respite-tools\/","url":"https:\/\/www.nlacrc.org\/about-us\/transparency-accountability\/policies-dei\/respite-tools\/","name":"Respite Tools -","isPartOf":{"@id":"https:\/\/www.nlacrc.org\/fa\/#website"},"datePublished":"2024-06-21T15:36:03+00:00","dateModified":"2024-08-22T16:35:49+00:00","description":"Respite Tools - RESPITE FOR CHILDREN It is the policy of NLACRC to empower and advocate for consumers and families to access existing personal and community resources,","breadcrumb":{"@id":"https:\/\/www.nlacrc.org\/about-us\/transparency-accountability\/policies-dei\/respite-tools\/#breadcrumb"},"inLanguage":"es","potentialAction":[{"@type":"ReadAction","target":["https:\/\/www.nlacrc.org\/about-us\/transparency-accountability\/policies-dei\/respite-tools\/"]}]},{"@type":"BreadcrumbList","@id":"https:\/\/www.nlacrc.org\/about-us\/transparency-accountability\/policies-dei\/respite-tools\/#breadcrumb","itemListElement":[{"@type":"ListItem","position":1,"name":"Home","item":"https:\/\/www.nlacrc.org\/"},{"@type":"ListItem","position":2,"name":"About Us","item":"https:\/\/nlacrc.org\/es\/about-us\/"},{"@type":"ListItem","position":3,"name":"Transparency &amp; Accountability","item":"https:\/\/nlacrc.org\/es\/about-us\/transparency-accountability\/"},{"@type":"ListItem","position":4,"name":"Policies &amp; DEI","item":"https:\/\/nlacrc.org\/es\/about-us\/transparency-accountability\/policies-dei\/"},{"@type":"ListItem","position":5,"name":"Respite Tools"}]},{"@type":"WebSite","@id":"https:\/\/www.nlacrc.org\/fa\/#website","url":"https:\/\/www.nlacrc.org\/fa\/","name":"Norte del condado de Los \u00c1ngeles","description":"Centro Regional","publisher":{"@id":"https:\/\/www.nlacrc.org\/fa\/#organization"},"potentialAction":[{"@type":"SearchAction","target":{"@type":"EntryPoint","urlTemplate":"https:\/\/www.nlacrc.org\/fa\/?s={search_term_string}"},"query-input":{"@type":"PropertyValueSpecification","valueRequired":true,"valueName":"search_term_string"}}],"inLanguage":"es"},{"@type":"Organization","@id":"https:\/\/www.nlacrc.org\/fa\/#organization","name":"Norte del condado de Los \u00c1ngeles","url":"https:\/\/www.nlacrc.org\/fa\/","logo":{"@type":"ImageObject","inLanguage":"es","@id":"https:\/\/www.nlacrc.org\/fa\/#\/schema\/logo\/image\/","url":"https:\/\/www.nlacrc.org\/wp-content\/uploads\/2024\/06\/logo.svg","contentUrl":"https:\/\/www.nlacrc.org\/wp-content\/uploads\/2024\/06\/logo.svg","width":131,"height":130,"caption":"North Los Angeles County"},"image":{"@id":"https:\/\/www.nlacrc.org\/fa\/#\/schema\/logo\/image\/"},"sameAs":["https:\/\/www.facebook.com\/NLACRC\/","https:\/\/x.com\/NLACRC"]}]}},"coauthors":[],"author_meta":{"author_link":"https:\/\/www.nlacrc.org\/es\/author\/crystal\/","display_name":"crystal"},"relative_dates":{"created":"Publicado 2 a\u00f1os hace","modified":"Actualizado 2 a\u00f1os hace"},"absolute_dates":{"created":"Publicado el junio 21, 2024","modified":"Actualizado el agosto 22, 2024"},"absolute_dates_time":{"created":"Publicado el junio 21, 2024 8:36 am","modified":"Actualizado el agosto 22, 2024 9:35 am"},"featured_img_caption":"","featured_img":false,"series_order":"","_links":{"self":[{"href":"https:\/\/www.nlacrc.org\/es\/wp-json\/wp\/v2\/pages\/38112","targetHints":{"allow":["GET"]}}],"collection":[{"href":"https:\/\/www.nlacrc.org\/es\/wp-json\/wp\/v2\/pages"}],"about":[{"href":"https:\/\/www.nlacrc.org\/es\/wp-json\/wp\/v2\/types\/page"}],"author":[{"embeddable":true,"href":"https:\/\/www.nlacrc.org\/es\/wp-json\/wp\/v2\/users\/54"}],"replies":[{"embeddable":true,"href":"https:\/\/www.nlacrc.org\/es\/wp-json\/wp\/v2\/comments?post=38112"}],"version-history":[{"count":3,"href":"https:\/\/www.nlacrc.org\/es\/wp-json\/wp\/v2\/pages\/38112\/revisions"}],"predecessor-version":[{"id":46164,"href":"https:\/\/www.nlacrc.org\/es\/wp-json\/wp\/v2\/pages\/38112\/revisions\/46164"}],"up":[{"embeddable":true,"href":"https:\/\/www.nlacrc.org\/es\/wp-json\/wp\/v2\/pages\/36576"}],"wp:attachment":[{"href":"https:\/\/www.nlacrc.org\/es\/wp-json\/wp\/v2\/media?parent=38112"}],"curies":[{"name":"wp","href":"https:\/\/api.w.org\/{rel}","templated":true}]}}