{"id":38110,"date":"2024-06-21T08:35:36","date_gmt":"2024-06-21T15:35:36","guid":{"rendered":"https:\/\/www.nlacrc.org\/?page_id=38110"},"modified":"2024-08-19T13:17:35","modified_gmt":"2024-08-19T20:17:35","slug":"request-for-proposal-policy","status":"publish","type":"page","link":"https:\/\/www.nlacrc.org\/es\/about-us\/transparency-accountability\/policies-dei\/request-for-proposal-policy\/","title":{"rendered":"Pol\u00edtica de solicitud de propuestas"},"content":{"rendered":"<h2 class=\"wp-block-heading\">Objetivo<\/h2>\n\n\n\n<p>El NLACRC se esfuerza por brindar una red integral de servicios para satisfacer las necesidades actuales y emergentes de los consumidores a los que atiende. Como tal, se requiere una pol\u00edtica formal para obtener<br>nuevos servicios que sean eficaces, rentables y cumplan con los estatutos y las reglamentaciones aplicables. Esta pol\u00edtica de solicitud de propuestas (RFP) est\u00e1 dise\u00f1ada para cumplir con todo lo mencionado anteriormente y para garantizar que los proveedores actuales y potenciales tengan un proceso abierto y claro para competir por las RFP del centro.<\/p>\n\n\n\n<h2 class=\"wp-block-heading\">Racional<\/h2>\n\n\n\n<p>El contrato del centro establece que \u201cel contratista deber\u00e1 instituir una pol\u00edtica aprobada por la Junta que entre en vigencia el 1 de enero de 2011 y que especifique las circunstancias en las que el centro regional emitir\u00e1 solicitudes de propuestas para abordar una necesidad de servicio. Esta pol\u00edtica tambi\u00e9n deber\u00e1 abordar los umbrales monetarios aplicables para exigir la utilizaci\u00f3n del proceso de solicitud de propuestas;<br>el proceso de notificaci\u00f3n de la solicitud de propuestas; y c\u00f3mo se evaluar\u00e1n las propuestas presentadas y se seleccionar\u00e1 al solicitante\u201d. La pol\u00edtica aprobada por la Junta se publicar\u00e1 en el<br>sitio web del centro.<\/p>\n\n\n\n<h2 class=\"wp-block-heading\">Pol\u00edtica<\/h2>\n\n\n\n<p>El centro emitir\u00e1 solicitudes de propuestas, seg\u00fan sea necesario, durante el a\u00f1o fiscal para abordar una necesidad de servicio o apoyo para los consumidores atendidos en el \u00e1rea de captaci\u00f3n del centro.<\/p>\n\n\n\n<p>Las solicitudes de propuestas identificadas como \u201cPlan de colocaci\u00f3n en la comunidad\u201d (CPP) pueden incluir fondos iniciales. Las solicitudes de propuestas identificadas como \u201cCompra de servicios\u201d (POS) no incluir\u00e1n fondos iniciales.<\/p>\n\n\n\n<p>El centro utilizar\u00e1 el proceso de solicitud de propuestas para umbrales en d\u00f3lares de $1,000 o m\u00e1s para financiamiento inicial y el centro utilizar\u00e1 el proceso de RFP para cualquier otro servicio que requiera un proceso de RFP seg\u00fan lo requiera el estatuto o la regulaci\u00f3n, como los servicios de transporte.<\/p>\n\n\n\n<p>La informaci\u00f3n de la RFP se distribuir\u00e1 a los proveedores de servicios interesados y al p\u00fablico en general en el sitio web del centro.<\/p>\n\n\n\n<p>El centro utilizar\u00e1 un enlace de suscripci\u00f3n en su sitio web para notificar a los proveedores de servicios interesados sobre las RFP recientemente publicadas.<\/p>\n\n\n\n<p>El centro ofrecer\u00e1 una orientaci\u00f3n a los prestadores de servicios interesados, despu\u00e9s de la distribuci\u00f3n del RFP, con el fin de responder preguntas y aclarar a\u00fan m\u00e1s los proyectos.<\/p>\n\n\n\n<p>La RFP identificar\u00e1 el proceso de establecimiento de tarifas aplicable para las necesidades de servicios o apoyos identificadas por el centro.<\/p>\n\n\n\n<p>La RFP identificar\u00e1 la fecha l\u00edmite para la presentaci\u00f3n de propuestas al centro.<\/p>\n\n\n\n<p>La RFP especificar\u00e1 el contenido requerido y el formato de presentaci\u00f3n de la RFP al centro.<\/p>\n\n\n\n<p>Las solicitudes de propuestas ser\u00e1n revisadas por el Comit\u00e9 de selecci\u00f3n de solicitudes de propuestas del centro. Se puede solicitar informaci\u00f3n complementaria a los proveedores de servicios y se les puede pedir a los proveedores de servicios que proporcionen informaci\u00f3n adicional.<br>participar en una entrevista con el Comit\u00e9 de selecci\u00f3n de RFP del centro.<\/p>\n\n\n\n<p>El centro podr\u00e1 rechazar cualquier RFP si es incompleta, falsa, enga\u00f1osa o se desv\u00eda de las especificaciones de la RFP.<\/p>\n\n\n\n<p>El centro tiene el derecho de rechazar cualquiera o todas las propuestas y de cancelar el proceso de RFP, en cualquier momento del proceso, a su discreci\u00f3n.<\/p>\n\n\n\n<p>El centro se reserva el derecho de reabrir las negociaciones con el pr\u00f3ximo proveedor de servicios calificado o volver a publicar la RFP.<\/p>\n\n\n\n<p>El centro aceptar\u00e1 RFP que cumplan los siguientes criterios:<\/p>\n\n\n\n<p>\u2022 La RFP proporciona evidencia de que el proveedor de servicios comprende las necesidades de las personas a las que se va a atender y los problemas involucrados en la prestaci\u00f3n de servicios de calidad.<br>\u2022 La RFP demuestra que el proveedor de servicios comprende las \u201cmejores pr\u00e1cticas\u201d y las incorpor\u00f3 al dise\u00f1o.<br>\u2022 Los resultados de la RFP son alcanzables de manera realista y se puede esperar que produzcan los resultados deseados y una mejor calidad de vida para los consumidores que reciben los servicios.<br>\u2022 La filosof\u00eda y los valores de RFP son consistentes con la misi\u00f3n, los valores y los principios operativos del centro.<\/p>\n\n\n\n<p>El centro notificar\u00e1 por escrito al proveedor de servicios si su RFP<br>La propuesta fue aceptada o rechazada por el centro.<\/p>","protected":false},"excerpt":{"rendered":"Prop\u00f3sito El NLACRC se esfuerza por proporcionar una red integral de servicios para satisfacer las necesidades actuales y emergentes de los consumidores [\u2026]","protected":false},"author":54,"featured_media":0,"parent":36576,"menu_order":5,"comment_status":"closed","ping_status":"closed","template":"","meta":{"_acf_changed":false,"advgb_blocks_editor_width":"","advgb_blocks_columns_visual_guide":"","_EventAllDay":false,"_EventTimezone":"","_EventStartDate":"","_EventEndDate":"","_EventStartDateUTC":"","_EventEndDateUTC":"","_EventShowMap":false,"_EventShowMapLink":false,"_EventURL":"","_EventCost":"","_EventCostDescription":"","_EventCurrencySymbol":"","_EventCurrencyCode":"","_EventCurrencyPosition":"","_EventDateTimeSeparator":"","_EventTimeRangeSeparator":"","_EventOrganizerID":[],"_EventVenueID":[],"_OrganizerEmail":"","_OrganizerPhone":"","_OrganizerWebsite":"","_VenueAddress":"","_VenueCity":"","_VenueCountry":"","_VenueProvince":"","_VenueState":"","_VenueZip":"","_VenuePhone":"","_VenueURL":"","_VenueStateProvince":"","_VenueLat":"","_VenueLng":"","_VenueShowMap":false,"_VenueShowMapLink":false,"_tribe_blocks_recurrence_rules":"","_tribe_blocks_recurrence_description":"","_tribe_blocks_recurrence_exclusions":"","footnotes":""},"class_list":["post-38110","page","type-page","status-publish","hentry"],"acf":[],"yoast_head":"<!-- This site is optimized with the Yoast SEO plugin v26.4 - https:\/\/yoast.com\/wordpress\/plugins\/seo\/ -->\n<title>Request for Proposal Policy -<\/title>\n<meta name=\"description\" content=\"Request for Proposal Policy - Purpose The NLACRC strives to provide a comprehensive network of services to meet the current and emerging needs of consumers it serves. As such, a formal\" \/>\n<meta name=\"robots\" content=\"index, follow, max-snippet:-1, max-image-preview:large, max-video-preview:-1\" \/>\n<link rel=\"canonical\" href=\"https:\/\/nlacrc.org\/es\/about-us\/transparency-accountability\/policies-dei\/request-for-proposal-policy\/\" \/>\n<meta property=\"og:locale\" content=\"es_MX\" \/>\n<meta property=\"og:type\" content=\"article\" \/>\n<meta property=\"og:title\" content=\"Request for Proposal Policy -\" \/>\n<meta property=\"og:description\" content=\"Request for Proposal Policy - Purpose The NLACRC strives to provide a comprehensive network of services to meet the current and emerging needs of consumers it serves. As such, a formal\" \/>\n<meta property=\"og:url\" content=\"https:\/\/nlacrc.org\/es\/about-us\/transparency-accountability\/policies-dei\/request-for-proposal-policy\/\" \/>\n<meta property=\"og:site_name\" content=\"North Los Angeles County\" \/>\n<meta property=\"article:publisher\" content=\"https:\/\/www.facebook.com\/NLACRC\/\" \/>\n<meta property=\"article:modified_time\" content=\"2024-08-19T20:17:35+00:00\" \/>\n<meta name=\"twitter:card\" content=\"summary_large_image\" \/>\n<meta name=\"twitter:site\" content=\"@NLACRC\" \/>\n<meta name=\"twitter:label1\" content=\"Est. reading time\" \/>\n\t<meta name=\"twitter:data1\" content=\"3 minutos\" \/>\n<script type=\"application\/ld+json\" class=\"yoast-schema-graph\">{\"@context\":\"https:\/\/schema.org\",\"@graph\":[{\"@type\":\"WebPage\",\"@id\":\"https:\/\/nlacrc.org\/es\/about-us\/transparency-accountability\/policies-dei\/request-for-proposal-policy\/\",\"url\":\"https:\/\/nlacrc.org\/es\/about-us\/transparency-accountability\/policies-dei\/request-for-proposal-policy\/\",\"name\":\"Request for Proposal Policy -\",\"isPartOf\":{\"@id\":\"https:\/\/www.nlacrc.org\/fa\/#website\"},\"datePublished\":\"2024-06-21T15:35:36+00:00\",\"dateModified\":\"2024-08-19T20:17:35+00:00\",\"description\":\"Request for Proposal Policy - Purpose The NLACRC strives to provide a comprehensive network of services to meet the current and emerging needs of consumers it serves. As such, a formal\",\"breadcrumb\":{\"@id\":\"https:\/\/nlacrc.org\/es\/about-us\/transparency-accountability\/policies-dei\/request-for-proposal-policy\/#breadcrumb\"},\"inLanguage\":\"es\",\"potentialAction\":[{\"@type\":\"ReadAction\",\"target\":[\"https:\/\/nlacrc.org\/es\/about-us\/transparency-accountability\/policies-dei\/request-for-proposal-policy\/\"]}]},{\"@type\":\"BreadcrumbList\",\"@id\":\"https:\/\/nlacrc.org\/es\/about-us\/transparency-accountability\/policies-dei\/request-for-proposal-policy\/#breadcrumb\",\"itemListElement\":[{\"@type\":\"ListItem\",\"position\":1,\"name\":\"Home\",\"item\":\"https:\/\/www.nlacrc.org\/\"},{\"@type\":\"ListItem\",\"position\":2,\"name\":\"About Us\",\"item\":\"https:\/\/nlacrc.org\/es\/about-us\/\"},{\"@type\":\"ListItem\",\"position\":3,\"name\":\"Transparency &amp; Accountability\",\"item\":\"https:\/\/nlacrc.org\/es\/about-us\/transparency-accountability\/\"},{\"@type\":\"ListItem\",\"position\":4,\"name\":\"Policies &amp; DEI\",\"item\":\"https:\/\/nlacrc.org\/es\/about-us\/transparency-accountability\/policies-dei\/\"},{\"@type\":\"ListItem\",\"position\":5,\"name\":\"Request for Proposal Policy\"}]},{\"@type\":\"WebSite\",\"@id\":\"https:\/\/www.nlacrc.org\/fa\/#website\",\"url\":\"https:\/\/www.nlacrc.org\/fa\/\",\"name\":\"North Los Angeles County\",\"description\":\"Regional Center\",\"publisher\":{\"@id\":\"https:\/\/www.nlacrc.org\/fa\/#organization\"},\"potentialAction\":[{\"@type\":\"SearchAction\",\"target\":{\"@type\":\"EntryPoint\",\"urlTemplate\":\"https:\/\/www.nlacrc.org\/fa\/?s={search_term_string}\"},\"query-input\":{\"@type\":\"PropertyValueSpecification\",\"valueRequired\":true,\"valueName\":\"search_term_string\"}}],\"inLanguage\":\"es\"},{\"@type\":\"Organization\",\"@id\":\"https:\/\/www.nlacrc.org\/fa\/#organization\",\"name\":\"North Los Angeles County\",\"url\":\"https:\/\/www.nlacrc.org\/fa\/\",\"logo\":{\"@type\":\"ImageObject\",\"inLanguage\":\"es\",\"@id\":\"https:\/\/www.nlacrc.org\/fa\/#\/schema\/logo\/image\/\",\"url\":\"https:\/\/www.nlacrc.org\/wp-content\/uploads\/2024\/06\/logo.svg\",\"contentUrl\":\"https:\/\/www.nlacrc.org\/wp-content\/uploads\/2024\/06\/logo.svg\",\"width\":131,\"height\":130,\"caption\":\"North Los Angeles County\"},\"image\":{\"@id\":\"https:\/\/www.nlacrc.org\/fa\/#\/schema\/logo\/image\/\"},\"sameAs\":[\"https:\/\/www.facebook.com\/NLACRC\/\",\"https:\/\/x.com\/NLACRC\"]}]}<\/script>\n<!-- \/ Yoast SEO plugin. -->","yoast_head_json":{"title":"Request for Proposal Policy -","description":"Request for Proposal Policy - Purpose The NLACRC strives to provide a comprehensive network of services to meet the current and emerging needs of consumers it serves. As such, a formal","robots":{"index":"index","follow":"follow","max-snippet":"max-snippet:-1","max-image-preview":"max-image-preview:large","max-video-preview":"max-video-preview:-1"},"canonical":"https:\/\/nlacrc.org\/es\/about-us\/transparency-accountability\/policies-dei\/request-for-proposal-policy\/","og_locale":"es_MX","og_type":"article","og_title":"Request for Proposal Policy -","og_description":"Request for Proposal Policy - Purpose The NLACRC strives to provide a comprehensive network of services to meet the current and emerging needs of consumers it serves. As such, a formal","og_url":"https:\/\/nlacrc.org\/es\/about-us\/transparency-accountability\/policies-dei\/request-for-proposal-policy\/","og_site_name":"North Los Angeles County","article_publisher":"https:\/\/www.facebook.com\/NLACRC\/","article_modified_time":"2024-08-19T20:17:35+00:00","twitter_card":"summary_large_image","twitter_site":"@NLACRC","twitter_misc":{"Est. reading time":"3 minutos"},"schema":{"@context":"https:\/\/schema.org","@graph":[{"@type":"WebPage","@id":"https:\/\/nlacrc.org\/es\/about-us\/transparency-accountability\/policies-dei\/request-for-proposal-policy\/","url":"https:\/\/nlacrc.org\/es\/about-us\/transparency-accountability\/policies-dei\/request-for-proposal-policy\/","name":"Request for Proposal Policy -","isPartOf":{"@id":"https:\/\/www.nlacrc.org\/fa\/#website"},"datePublished":"2024-06-21T15:35:36+00:00","dateModified":"2024-08-19T20:17:35+00:00","description":"Request for Proposal Policy - Purpose The NLACRC strives to provide a comprehensive network of services to meet the current and emerging needs of consumers it serves. As such, a formal","breadcrumb":{"@id":"https:\/\/nlacrc.org\/es\/about-us\/transparency-accountability\/policies-dei\/request-for-proposal-policy\/#breadcrumb"},"inLanguage":"es","potentialAction":[{"@type":"ReadAction","target":["https:\/\/nlacrc.org\/es\/about-us\/transparency-accountability\/policies-dei\/request-for-proposal-policy\/"]}]},{"@type":"BreadcrumbList","@id":"https:\/\/nlacrc.org\/es\/about-us\/transparency-accountability\/policies-dei\/request-for-proposal-policy\/#breadcrumb","itemListElement":[{"@type":"ListItem","position":1,"name":"Home","item":"https:\/\/www.nlacrc.org\/"},{"@type":"ListItem","position":2,"name":"About Us","item":"https:\/\/nlacrc.org\/es\/about-us\/"},{"@type":"ListItem","position":3,"name":"Transparency &amp; Accountability","item":"https:\/\/nlacrc.org\/es\/about-us\/transparency-accountability\/"},{"@type":"ListItem","position":4,"name":"Policies &amp; DEI","item":"https:\/\/nlacrc.org\/es\/about-us\/transparency-accountability\/policies-dei\/"},{"@type":"ListItem","position":5,"name":"Request for Proposal Policy"}]},{"@type":"WebSite","@id":"https:\/\/www.nlacrc.org\/fa\/#website","url":"https:\/\/www.nlacrc.org\/fa\/","name":"Norte del condado de Los \u00c1ngeles","description":"Centro Regional","publisher":{"@id":"https:\/\/www.nlacrc.org\/fa\/#organization"},"potentialAction":[{"@type":"SearchAction","target":{"@type":"EntryPoint","urlTemplate":"https:\/\/www.nlacrc.org\/fa\/?s={search_term_string}"},"query-input":{"@type":"PropertyValueSpecification","valueRequired":true,"valueName":"search_term_string"}}],"inLanguage":"es"},{"@type":"Organization","@id":"https:\/\/www.nlacrc.org\/fa\/#organization","name":"Norte del condado de Los \u00c1ngeles","url":"https:\/\/www.nlacrc.org\/fa\/","logo":{"@type":"ImageObject","inLanguage":"es","@id":"https:\/\/www.nlacrc.org\/fa\/#\/schema\/logo\/image\/","url":"https:\/\/www.nlacrc.org\/wp-content\/uploads\/2024\/06\/logo.svg","contentUrl":"https:\/\/www.nlacrc.org\/wp-content\/uploads\/2024\/06\/logo.svg","width":131,"height":130,"caption":"North Los Angeles County"},"image":{"@id":"https:\/\/www.nlacrc.org\/fa\/#\/schema\/logo\/image\/"},"sameAs":["https:\/\/www.facebook.com\/NLACRC\/","https:\/\/x.com\/NLACRC"]}]}},"coauthors":[],"author_meta":{"author_link":"https:\/\/www.nlacrc.org\/es\/author\/crystal\/","display_name":"crystal"},"relative_dates":{"created":"Publicado 2 a\u00f1os hace","modified":"Actualizado 2 a\u00f1os hace"},"absolute_dates":{"created":"Publicado el junio 21, 2024","modified":"Actualizado el agosto 19, 2024"},"absolute_dates_time":{"created":"Publicado el junio 21, 2024 8:35 am","modified":"Actualizado el agosto 19, 2024 1:17 pm"},"featured_img_caption":"","featured_img":false,"series_order":"","_links":{"self":[{"href":"https:\/\/www.nlacrc.org\/es\/wp-json\/wp\/v2\/pages\/38110","targetHints":{"allow":["GET"]}}],"collection":[{"href":"https:\/\/www.nlacrc.org\/es\/wp-json\/wp\/v2\/pages"}],"about":[{"href":"https:\/\/www.nlacrc.org\/es\/wp-json\/wp\/v2\/types\/page"}],"author":[{"embeddable":true,"href":"https:\/\/www.nlacrc.org\/es\/wp-json\/wp\/v2\/users\/54"}],"replies":[{"embeddable":true,"href":"https:\/\/www.nlacrc.org\/es\/wp-json\/wp\/v2\/comments?post=38110"}],"version-history":[{"count":2,"href":"https:\/\/www.nlacrc.org\/es\/wp-json\/wp\/v2\/pages\/38110\/revisions"}],"predecessor-version":[{"id":45323,"href":"https:\/\/www.nlacrc.org\/es\/wp-json\/wp\/v2\/pages\/38110\/revisions\/45323"}],"up":[{"embeddable":true,"href":"https:\/\/www.nlacrc.org\/es\/wp-json\/wp\/v2\/pages\/36576"}],"wp:attachment":[{"href":"https:\/\/www.nlacrc.org\/es\/wp-json\/wp\/v2\/media?parent=38110"}],"curies":[{"name":"wp","href":"https:\/\/api.w.org\/{rel}","templated":true}]}}