{"id":38100,"date":"2024-06-21T08:32:51","date_gmt":"2024-06-21T15:32:51","guid":{"rendered":"https:\/\/www.nlacrc.org\/?page_id=38100"},"modified":"2024-08-21T16:32:47","modified_gmt":"2024-08-21T23:32:47","slug":"community-resource-development-plan","status":"publish","type":"page","link":"https:\/\/www.nlacrc.org\/es\/about-us\/transparency-accountability\/policies-dei\/community-resource-development-plan\/","title":{"rendered":"Plan de desarrollo de recursos comunitarios"},"content":{"rendered":"<p><strong>Plan de ubicaci\u00f3n comunitaria (CPP) \/ Plan de desarrollo de recursos comunitarios (CRDP)<\/strong><strong><\/strong><\/p>\n\n\n\n<p><strong>El Centro Regional del Norte de Los \u00c1ngeles (NLACRC) busca conocer las opiniones de las partes interesadas con respecto a los proyectos propuestos para el Plan de Ubicaci\u00f3n Comunitaria (CPP) y el Plan de Desarrollo de Recursos Comunitarios (CRDP) del a\u00f1o fiscal 2024-2025. <\/strong>La Secci\u00f3n 4679(c) del WIC autoriza al Departamento de Servicios de Desarrollo (DDS) a asignar fondos a los centros regionales con el fin de desarrollar recursos comunitarios para abordar las necesidades de servicios y apoyo de las personas que viven en la comunidad, y a emitir pautas sobre el uso de estos fondos.<\/p>\n\n\n\n<p>De conformidad con las Directrices del CPP y CRDP 2024-2025 publicadas por el DDS, el NLACRC llev\u00f3 a cabo actividades de divulgaci\u00f3n durante todo el a\u00f1o con diversos grupos de partes interesadas, incluidos individuos, familiares, proveedores y defensores para solicitar aportes para los proyectos del CPP y CRDP 2024-2025. Las actividades de divulgaci\u00f3n incluyeron encuestas espec\u00edficas, que se distribuyeron por correo electr\u00f3nico y se publicaron en el sitio web y las redes sociales del NLACRC, reuniones con las partes interesadas, as\u00ed como la solicitud de aportes durante reuniones p\u00fablicas como el Comit\u00e9 Asesor de Proveedores (VAC) del NLACRC. Adem\u00e1s, una revisi\u00f3n de los datos asociados identific\u00f3 tendencias en la demograf\u00eda y las necesidades de servicio que llevaron a la siguiente lista propuesta de proyectos:<\/p>\n\n\n\n<ul class=\"wp-block-list\">\n<li>1 proveedor de servicios para un hogar de apoyo conductual mejorado (EBSH) con salida retardada para atender a ni\u00f1os con desaf\u00edos de conducta importantes y necesidades de servicio (hogar de 4 camas)<\/li>\n\n\n\n<li>1 proveedor de servicios para un hogar de apoyo conductual mejorado (EBSH) para atender a adultos con desaf\u00edos de conducta significativos y necesidades de servicio que requieran ubicaci\u00f3n o desviaci\u00f3n de entornos m\u00e1s restrictivos (hogar de 4 camas)<\/li>\n\n\n\n<li>1 proveedor de servicios para un hogar de apoyo conductual mejorado (EBSH) con salida retardada para atender a adultos con desaf\u00edos de conducta importantes y necesidades de servicio que requieran ubicaci\u00f3n o desviaci\u00f3n de entornos m\u00e1s restrictivos (hogar de 4 camas)<\/li>\n\n\n\n<li>1 Proveedor de servicios para un centro residencial para adultos con necesidades especiales de atenci\u00f3n m\u00e9dica (ARPSHN) que brinde atenci\u00f3n m\u00e9dica las 24 horas y servicios de apoyo intensivo para personas con discapacidades del desarrollo que necesiten ubicaci\u00f3n en la comunidad o derivaci\u00f3n de centros de enfermer\u00eda especializada (hogar de 5 camas)<\/li>\n\n\n\n<li>1 instalaci\u00f3n residencial especializada (SRF) con salida retardada para personas con necesidades de servicios de salud mental y abuso de sustancias (vivienda de 4 habitaciones)<\/li>\n\n\n\n<li>1 Centro Residencial Especializado (SRF) para atender a adultos con antecedentes forenses, que tambi\u00e9n pueden tener importantes problemas de conducta y necesidades de servicios de salud mental (4 camas)<\/li>\n\n\n\n<li>1 Construcci\u00f3n de una instalaci\u00f3n residencial especializada (SRF) con per\u00edmetro seguro para atender a adultos con conductas graves, antecedentes forenses\/penales y necesidades de servicio desafiantes que requieren capacitaci\u00f3n para la restauraci\u00f3n de competencias (unidad de vivienda auxiliar de 2 camas)<\/li>\n\n\n\n<li>1 Programa de d\u00eda conductual para adultos con problemas de conducta importantes y\/o con participaci\u00f3n forense, as\u00ed como diagn\u00f3sticos de salud mental coexistentes<\/li>\n\n\n\n<li>1 Servicio de tratamiento de trastornos por consumo de sustancias (para pacientes ambulatorios) autorizado por el Departamento de Servicios de Atenci\u00f3n M\u00e9dica<\/li>\n\n\n\n<li>1 centro residencial especializado para adultos no ambulatorios con necesidades de enfermer\u00eda que no requieren atenci\u00f3n de enfermer\u00eda las 24 horas (hogar de 4 camas)<\/li>\n\n\n\n<li>Capacitaci\u00f3n para proveedores de servicios EBSH\/CCH para respaldar el desarrollo de un programa de capacitaci\u00f3n para proveedores calificados que hayan demostrado un compromiso con la prestaci\u00f3n de servicios residenciales de calidad con apoyo conductual (es decir, Nivel 4, SRF) que est\u00e9n interesados en expandir sus servicios para incluir hogares EBSH y CCH.<br><br><\/li>\n<\/ul>\n\n\n\n<p>Para aquellas partes interesadas en brindar aportes sobre los proyectos identificados, comun\u00edquese con <a href=\"mailto:resourcedevelopment@nlacrc.org\" target=\"_blank\" rel=\"noreferrer noopener\">Resourcedevelopment@nlacrc.org<\/a>, l\u00ednea de asunto \u201cCPP\/CRDP AF24-25\u201d <strong>para el 31 de agosto de 2024<\/strong>(Nota: Esta es una solicitud de aportes \u00fanicamente sobre los proyectos identificados. En una fecha futura se publicar\u00e1 una solicitud de propuestas para proyectos aprobados por el DDS).&nbsp;<\/p>","protected":false},"excerpt":{"rendered":"Plan de Ubicaci\u00f3n Comunitaria (CPP) \/ Plan de Desarrollo de Recursos Comunitarios (CRDP) El Centro Regional del Norte de Los \u00c1ngeles (NLACRC) busca determinar [\u2026]","protected":false},"author":54,"featured_media":0,"parent":36576,"menu_order":10,"comment_status":"closed","ping_status":"closed","template":"","meta":{"_acf_changed":false,"advgb_blocks_editor_width":"","advgb_blocks_columns_visual_guide":"","_EventAllDay":false,"_EventTimezone":"","_EventStartDate":"","_EventEndDate":"","_EventStartDateUTC":"","_EventEndDateUTC":"","_EventShowMap":false,"_EventShowMapLink":false,"_EventURL":"","_EventCost":"","_EventCostDescription":"","_EventCurrencySymbol":"","_EventCurrencyCode":"","_EventCurrencyPosition":"","_EventDateTimeSeparator":"","_EventTimeRangeSeparator":"","_EventOrganizerID":[],"_EventVenueID":[],"_OrganizerEmail":"","_OrganizerPhone":"","_OrganizerWebsite":"","_VenueAddress":"","_VenueCity":"","_VenueCountry":"","_VenueProvince":"","_VenueState":"","_VenueZip":"","_VenuePhone":"","_VenueURL":"","_VenueStateProvince":"","_VenueLat":"","_VenueLng":"","_VenueShowMap":false,"_VenueShowMapLink":false,"_tribe_blocks_recurrence_rules":"","_tribe_blocks_recurrence_description":"","_tribe_blocks_recurrence_exclusions":"","footnotes":""},"class_list":["post-38100","page","type-page","status-publish","hentry"],"acf":[],"yoast_head":"<!-- This site is optimized with the Yoast SEO plugin v26.4 - https:\/\/yoast.com\/wordpress\/plugins\/seo\/ -->\n<title>Community Resource Development Plan -<\/title>\n<meta name=\"description\" content=\"Community Resource Development Plan - Community Placement Plan (CPP) \/ Community Resource Development Plan (CRDP) North Los Angeles Regional Center (NLACRC) seeks to ascertain stakeholder\" \/>\n<meta name=\"robots\" content=\"index, follow, max-snippet:-1, max-image-preview:large, max-video-preview:-1\" \/>\n<link rel=\"canonical\" href=\"http:\/\/live-nlacrc.pantheonsite.io\/about-us\/transparency-accountability\/policies-dei\/community-resource-development-plan\/\" \/>\n<meta property=\"og:locale\" content=\"es_MX\" \/>\n<meta property=\"og:type\" content=\"article\" \/>\n<meta property=\"og:title\" content=\"Community Resource Development Plan -\" \/>\n<meta property=\"og:description\" content=\"Community Resource Development Plan - Community Placement Plan (CPP) \/ Community Resource Development Plan (CRDP) North Los Angeles Regional Center (NLACRC) seeks to ascertain stakeholder\" \/>\n<meta property=\"og:url\" content=\"http:\/\/live-nlacrc.pantheonsite.io\/about-us\/transparency-accountability\/policies-dei\/community-resource-development-plan\/\" \/>\n<meta property=\"og:site_name\" content=\"North Los Angeles County\" \/>\n<meta property=\"article:publisher\" content=\"https:\/\/www.facebook.com\/NLACRC\/\" \/>\n<meta property=\"article:modified_time\" content=\"2024-08-21T23:32:47+00:00\" \/>\n<meta name=\"twitter:card\" content=\"summary_large_image\" \/>\n<meta name=\"twitter:site\" content=\"@NLACRC\" \/>\n<meta name=\"twitter:label1\" content=\"Est. reading time\" \/>\n\t<meta name=\"twitter:data1\" content=\"3 minutos\" \/>\n<script type=\"application\/ld+json\" class=\"yoast-schema-graph\">{\"@context\":\"https:\/\/schema.org\",\"@graph\":[{\"@type\":\"WebPage\",\"@id\":\"http:\/\/live-nlacrc.pantheonsite.io\/about-us\/transparency-accountability\/policies-dei\/community-resource-development-plan\/\",\"url\":\"http:\/\/live-nlacrc.pantheonsite.io\/about-us\/transparency-accountability\/policies-dei\/community-resource-development-plan\/\",\"name\":\"Community Resource Development Plan -\",\"isPartOf\":{\"@id\":\"https:\/\/www.nlacrc.org\/fa\/#website\"},\"datePublished\":\"2024-06-21T15:32:51+00:00\",\"dateModified\":\"2024-08-21T23:32:47+00:00\",\"description\":\"Community Resource Development Plan - Community Placement Plan (CPP) \/ Community Resource Development Plan (CRDP) North Los Angeles Regional Center (NLACRC) seeks to ascertain stakeholder\",\"breadcrumb\":{\"@id\":\"http:\/\/live-nlacrc.pantheonsite.io\/about-us\/transparency-accountability\/policies-dei\/community-resource-development-plan\/#breadcrumb\"},\"inLanguage\":\"es\",\"potentialAction\":[{\"@type\":\"ReadAction\",\"target\":[\"http:\/\/live-nlacrc.pantheonsite.io\/about-us\/transparency-accountability\/policies-dei\/community-resource-development-plan\/\"]}]},{\"@type\":\"BreadcrumbList\",\"@id\":\"http:\/\/live-nlacrc.pantheonsite.io\/about-us\/transparency-accountability\/policies-dei\/community-resource-development-plan\/#breadcrumb\",\"itemListElement\":[{\"@type\":\"ListItem\",\"position\":1,\"name\":\"Home\",\"item\":\"https:\/\/www.nlacrc.org\/\"},{\"@type\":\"ListItem\",\"position\":2,\"name\":\"About Us\",\"item\":\"https:\/\/nlacrc.org\/es\/about-us\/\"},{\"@type\":\"ListItem\",\"position\":3,\"name\":\"Transparency &amp; Accountability\",\"item\":\"https:\/\/nlacrc.org\/es\/about-us\/transparency-accountability\/\"},{\"@type\":\"ListItem\",\"position\":4,\"name\":\"Policies &amp; DEI\",\"item\":\"https:\/\/nlacrc.org\/es\/about-us\/transparency-accountability\/policies-dei\/\"},{\"@type\":\"ListItem\",\"position\":5,\"name\":\"Community Resource Development Plan\"}]},{\"@type\":\"WebSite\",\"@id\":\"https:\/\/www.nlacrc.org\/fa\/#website\",\"url\":\"https:\/\/www.nlacrc.org\/fa\/\",\"name\":\"North Los Angeles County\",\"description\":\"Regional Center\",\"publisher\":{\"@id\":\"https:\/\/www.nlacrc.org\/fa\/#organization\"},\"potentialAction\":[{\"@type\":\"SearchAction\",\"target\":{\"@type\":\"EntryPoint\",\"urlTemplate\":\"https:\/\/www.nlacrc.org\/fa\/?s={search_term_string}\"},\"query-input\":{\"@type\":\"PropertyValueSpecification\",\"valueRequired\":true,\"valueName\":\"search_term_string\"}}],\"inLanguage\":\"es\"},{\"@type\":\"Organization\",\"@id\":\"https:\/\/www.nlacrc.org\/fa\/#organization\",\"name\":\"North Los Angeles County\",\"url\":\"https:\/\/www.nlacrc.org\/fa\/\",\"logo\":{\"@type\":\"ImageObject\",\"inLanguage\":\"es\",\"@id\":\"https:\/\/www.nlacrc.org\/fa\/#\/schema\/logo\/image\/\",\"url\":\"https:\/\/www.nlacrc.org\/wp-content\/uploads\/2024\/06\/logo.svg\",\"contentUrl\":\"https:\/\/www.nlacrc.org\/wp-content\/uploads\/2024\/06\/logo.svg\",\"width\":131,\"height\":130,\"caption\":\"North Los Angeles County\"},\"image\":{\"@id\":\"https:\/\/www.nlacrc.org\/fa\/#\/schema\/logo\/image\/\"},\"sameAs\":[\"https:\/\/www.facebook.com\/NLACRC\/\",\"https:\/\/x.com\/NLACRC\"]}]}<\/script>\n<!-- \/ Yoast SEO plugin. -->","yoast_head_json":{"title":"Community Resource Development Plan -","description":"Community Resource Development Plan - Community Placement Plan (CPP) \/ Community Resource Development Plan (CRDP) North Los Angeles Regional Center (NLACRC) seeks to ascertain stakeholder","robots":{"index":"index","follow":"follow","max-snippet":"max-snippet:-1","max-image-preview":"max-image-preview:large","max-video-preview":"max-video-preview:-1"},"canonical":"http:\/\/live-nlacrc.pantheonsite.io\/about-us\/transparency-accountability\/policies-dei\/community-resource-development-plan\/","og_locale":"es_MX","og_type":"article","og_title":"Community Resource Development Plan -","og_description":"Community Resource Development Plan - Community Placement Plan (CPP) \/ Community Resource Development Plan (CRDP) North Los Angeles Regional Center (NLACRC) seeks to ascertain stakeholder","og_url":"http:\/\/live-nlacrc.pantheonsite.io\/about-us\/transparency-accountability\/policies-dei\/community-resource-development-plan\/","og_site_name":"North Los Angeles County","article_publisher":"https:\/\/www.facebook.com\/NLACRC\/","article_modified_time":"2024-08-21T23:32:47+00:00","twitter_card":"summary_large_image","twitter_site":"@NLACRC","twitter_misc":{"Est. reading time":"3 minutos"},"schema":{"@context":"https:\/\/schema.org","@graph":[{"@type":"WebPage","@id":"http:\/\/live-nlacrc.pantheonsite.io\/about-us\/transparency-accountability\/policies-dei\/community-resource-development-plan\/","url":"http:\/\/live-nlacrc.pantheonsite.io\/about-us\/transparency-accountability\/policies-dei\/community-resource-development-plan\/","name":"Community Resource Development Plan -","isPartOf":{"@id":"https:\/\/www.nlacrc.org\/fa\/#website"},"datePublished":"2024-06-21T15:32:51+00:00","dateModified":"2024-08-21T23:32:47+00:00","description":"Community Resource Development Plan - Community Placement Plan (CPP) \/ Community Resource Development Plan (CRDP) North Los Angeles Regional Center (NLACRC) seeks to ascertain stakeholder","breadcrumb":{"@id":"http:\/\/live-nlacrc.pantheonsite.io\/about-us\/transparency-accountability\/policies-dei\/community-resource-development-plan\/#breadcrumb"},"inLanguage":"es","potentialAction":[{"@type":"ReadAction","target":["http:\/\/live-nlacrc.pantheonsite.io\/about-us\/transparency-accountability\/policies-dei\/community-resource-development-plan\/"]}]},{"@type":"BreadcrumbList","@id":"http:\/\/live-nlacrc.pantheonsite.io\/about-us\/transparency-accountability\/policies-dei\/community-resource-development-plan\/#breadcrumb","itemListElement":[{"@type":"ListItem","position":1,"name":"Home","item":"https:\/\/www.nlacrc.org\/"},{"@type":"ListItem","position":2,"name":"About Us","item":"https:\/\/nlacrc.org\/es\/about-us\/"},{"@type":"ListItem","position":3,"name":"Transparency &amp; Accountability","item":"https:\/\/nlacrc.org\/es\/about-us\/transparency-accountability\/"},{"@type":"ListItem","position":4,"name":"Policies &amp; DEI","item":"https:\/\/nlacrc.org\/es\/about-us\/transparency-accountability\/policies-dei\/"},{"@type":"ListItem","position":5,"name":"Community Resource Development Plan"}]},{"@type":"WebSite","@id":"https:\/\/www.nlacrc.org\/fa\/#website","url":"https:\/\/www.nlacrc.org\/fa\/","name":"Norte del condado de Los \u00c1ngeles","description":"Centro Regional","publisher":{"@id":"https:\/\/www.nlacrc.org\/fa\/#organization"},"potentialAction":[{"@type":"SearchAction","target":{"@type":"EntryPoint","urlTemplate":"https:\/\/www.nlacrc.org\/fa\/?s={search_term_string}"},"query-input":{"@type":"PropertyValueSpecification","valueRequired":true,"valueName":"search_term_string"}}],"inLanguage":"es"},{"@type":"Organization","@id":"https:\/\/www.nlacrc.org\/fa\/#organization","name":"Norte del condado de Los \u00c1ngeles","url":"https:\/\/www.nlacrc.org\/fa\/","logo":{"@type":"ImageObject","inLanguage":"es","@id":"https:\/\/www.nlacrc.org\/fa\/#\/schema\/logo\/image\/","url":"https:\/\/www.nlacrc.org\/wp-content\/uploads\/2024\/06\/logo.svg","contentUrl":"https:\/\/www.nlacrc.org\/wp-content\/uploads\/2024\/06\/logo.svg","width":131,"height":130,"caption":"North Los Angeles County"},"image":{"@id":"https:\/\/www.nlacrc.org\/fa\/#\/schema\/logo\/image\/"},"sameAs":["https:\/\/www.facebook.com\/NLACRC\/","https:\/\/x.com\/NLACRC"]}]}},"coauthors":[],"author_meta":{"author_link":"https:\/\/www.nlacrc.org\/es\/author\/crystal\/","display_name":"crystal"},"relative_dates":{"created":"Publicado 2 a\u00f1os hace","modified":"Actualizado 2 a\u00f1os hace"},"absolute_dates":{"created":"Publicado el junio 21, 2024","modified":"Actualizado el agosto 21, 2024"},"absolute_dates_time":{"created":"Publicado el junio 21, 2024 8:32 am","modified":"Actualizado el agosto 21, 2024 4:32 pm"},"featured_img_caption":"","featured_img":false,"series_order":"","_links":{"self":[{"href":"https:\/\/www.nlacrc.org\/es\/wp-json\/wp\/v2\/pages\/38100","targetHints":{"allow":["GET"]}}],"collection":[{"href":"https:\/\/www.nlacrc.org\/es\/wp-json\/wp\/v2\/pages"}],"about":[{"href":"https:\/\/www.nlacrc.org\/es\/wp-json\/wp\/v2\/types\/page"}],"author":[{"embeddable":true,"href":"https:\/\/www.nlacrc.org\/es\/wp-json\/wp\/v2\/users\/54"}],"replies":[{"embeddable":true,"href":"https:\/\/www.nlacrc.org\/es\/wp-json\/wp\/v2\/comments?post=38100"}],"version-history":[{"count":3,"href":"https:\/\/www.nlacrc.org\/es\/wp-json\/wp\/v2\/pages\/38100\/revisions"}],"predecessor-version":[{"id":46110,"href":"https:\/\/www.nlacrc.org\/es\/wp-json\/wp\/v2\/pages\/38100\/revisions\/46110"}],"up":[{"embeddable":true,"href":"https:\/\/www.nlacrc.org\/es\/wp-json\/wp\/v2\/pages\/36576"}],"wp:attachment":[{"href":"https:\/\/www.nlacrc.org\/es\/wp-json\/wp\/v2\/media?parent=38100"}],"curies":[{"name":"wp","href":"https:\/\/api.w.org\/{rel}","templated":true}]}}