{"id":38098,"date":"2024-06-21T08:32:23","date_gmt":"2024-06-21T15:32:23","guid":{"rendered":"https:\/\/www.nlacrc.org\/?page_id=38098"},"modified":"2025-07-17T14:42:16","modified_gmt":"2025-07-17T21:42:16","slug":"appeals","status":"publish","type":"page","link":"https:\/\/www.nlacrc.org\/es\/about-us\/transparency-accountability\/policies-dei\/appeals\/","title":{"rendered":"Apelaciones"},"content":{"rendered":"<p><strong>Los siguientes son enlaces al sitio web del DDS con informaci\u00f3n sobre el proceso de apelaciones:<\/strong><\/p>\n\n\n\n<p><strong>Apelaci\u00f3n de instalaciones residenciales<\/strong> \u2013 Aqu\u00ed es donde un centro de atenci\u00f3n comunitaria contratado puede apelar las acciones tomadas por un centro regional con respecto a la desaprobaci\u00f3n del nivel de servicio, sanciones, hallazgos de insuficiencia sustancial o peligro inmediato, o la aplicaci\u00f3n de cualquier requisito por parte del centro regional que no est\u00e9 contenido en el T\u00edtulo 17 del C\u00f3digo de Regulaciones de California.<\/p>\n\n\n\n<div class=\"wp-block-buttons is-layout-flex wp-block-buttons-is-layout-flex\">\n<div class=\"wp-block-button is-style-outline is-style-outline--2\"><a class=\"wp-block-button__link wp-element-button\" href=\"https:\/\/www.dds.ca.gov\/general\/appeals-complaints-comments\/residential-facility-appeals\/\">Ver el sitio web de DDS: apelaci\u00f3n de instalaciones residenciales<\/a><\/div>\n<\/div>\n\n\n\n<p><strong>Apelaci\u00f3n de comercializaci\u00f3n<\/strong>&nbsp;&#8211;&nbsp;This process can be used to appeal a denial of vendorization application, termination of vendorization, or failure of a regional center to comply with regulations.<\/p>\n\n\n\n<div class=\"wp-block-buttons is-layout-flex wp-block-buttons-is-layout-flex\">\n<div class=\"wp-block-button is-style-outline is-style-outline--3\"><a class=\"wp-block-button__link wp-element-button\" href=\"https:\/\/www.dds.ca.gov\/general\/appeals-complaints-comments\/vendorization-appeals\/\">Ver el sitio web de DDS \u2013 Apelaci\u00f3n de comercializaci\u00f3n<\/a><\/div>\n<\/div>\n\n\n\n<p><strong>Apelaci\u00f3n de tarifas<\/strong>s&nbsp;&#8211;&nbsp;A vendor may appeal a rate set by the Department of Developmental Services based on errors by either the vendor or the Department, the effective date of the rate, or the denial of a rate adjustment request.<\/p>\n\n\n\n<div class=\"wp-block-buttons is-layout-flex wp-block-buttons-is-layout-flex\">\n<div class=\"wp-block-button is-style-outline is-style-outline--4\"><a class=\"wp-block-button__link wp-element-button\" href=\"https:\/\/www.dds.ca.gov\/general\/appeals-complaints-comments\/rate-appeals\/\">Ver el sitio web de DDS: apelaciones de tarifas<\/a><\/div>\n<\/div>\n\n\n\n<p>Para obtener una lista de las opciones que tienen los vendedores y proveedores para presentar apelaciones y quejas, visite el sitio web del DDS:<\/p>\n\n\n\n<div class=\"wp-block-buttons is-layout-flex wp-block-buttons-is-layout-flex\">\n<div class=\"wp-block-button is-style-outline is-style-outline--5\"><a class=\"wp-block-button__link wp-element-button\" href=\"https:\/\/www.dds.ca.gov\/general\/appeals-complaints-comments\/\">Ver el sitio web de DDS: apelaciones y quejas<\/a><\/div>\n<\/div>","protected":false},"excerpt":{"rendered":"Los siguientes son enlaces al sitio web de DDS con informaci\u00f3n sobre el proceso de apelaciones: Apelaci\u00f3n de instalaci\u00f3n residencial: esta es [\u2026]","protected":false},"author":54,"featured_media":0,"parent":36576,"menu_order":11,"comment_status":"closed","ping_status":"closed","template":"","meta":{"_acf_changed":false,"advgb_blocks_editor_width":"","advgb_blocks_columns_visual_guide":"","_EventAllDay":false,"_EventTimezone":"","_EventStartDate":"","_EventEndDate":"","_EventStartDateUTC":"","_EventEndDateUTC":"","_EventShowMap":false,"_EventShowMapLink":false,"_EventURL":"","_EventCost":"","_EventCostDescription":"","_EventCurrencySymbol":"","_EventCurrencyCode":"","_EventCurrencyPosition":"","_EventDateTimeSeparator":"","_EventTimeRangeSeparator":"","_EventOrganizerID":[],"_EventVenueID":[],"_OrganizerEmail":"","_OrganizerPhone":"","_OrganizerWebsite":"","_VenueAddress":"","_VenueCity":"","_VenueCountry":"","_VenueProvince":"","_VenueState":"","_VenueZip":"","_VenuePhone":"","_VenueURL":"","_VenueStateProvince":"","_VenueLat":"","_VenueLng":"","_VenueShowMap":false,"_VenueShowMapLink":false,"_tribe_blocks_recurrence_rules":"","_tribe_blocks_recurrence_description":"","_tribe_blocks_recurrence_exclusions":"","footnotes":""},"class_list":["post-38098","page","type-page","status-publish","hentry"],"acf":[],"yoast_head":"<!-- This site is optimized with the Yoast SEO plugin v26.4 - https:\/\/yoast.com\/wordpress\/plugins\/seo\/ -->\n<title>Appeals -<\/title>\n<meta name=\"description\" content=\"Appeals - The following are links to the DDS website with information about the appeals process: Residential Facility Appeal - This is where a vendored community\" \/>\n<meta name=\"robots\" content=\"index, follow, max-snippet:-1, max-image-preview:large, max-video-preview:-1\" \/>\n<link rel=\"canonical\" href=\"https:\/\/www.nlacrc.org\/es\/about-us\/transparency-accountability\/policies-dei\/appeals\/\" \/>\n<meta property=\"og:locale\" content=\"es_MX\" \/>\n<meta property=\"og:type\" content=\"article\" \/>\n<meta property=\"og:title\" content=\"Appeals -\" \/>\n<meta property=\"og:description\" content=\"Appeals - The following are links to the DDS website with information about the appeals process: Residential Facility Appeal - This is where a vendored community\" \/>\n<meta property=\"og:url\" content=\"https:\/\/www.nlacrc.org\/es\/about-us\/transparency-accountability\/policies-dei\/appeals\/\" \/>\n<meta property=\"og:site_name\" content=\"North Los Angeles County\" \/>\n<meta property=\"article:publisher\" content=\"https:\/\/www.facebook.com\/NLACRC\/\" \/>\n<meta property=\"article:modified_time\" content=\"2025-07-17T21:42:16+00:00\" \/>\n<meta name=\"twitter:card\" content=\"summary_large_image\" \/>\n<meta name=\"twitter:site\" content=\"@NLACRC\" \/>\n<meta name=\"twitter:label1\" content=\"Est. reading time\" \/>\n\t<meta name=\"twitter:data1\" content=\"1 minuto\" \/>\n<script type=\"application\/ld+json\" class=\"yoast-schema-graph\">{\"@context\":\"https:\/\/schema.org\",\"@graph\":[{\"@type\":\"WebPage\",\"@id\":\"https:\/\/www.nlacrc.org\/about-us\/transparency-accountability\/policies-dei\/appeals\/\",\"url\":\"https:\/\/www.nlacrc.org\/about-us\/transparency-accountability\/policies-dei\/appeals\/\",\"name\":\"Appeals -\",\"isPartOf\":{\"@id\":\"https:\/\/www.nlacrc.org\/fa\/#website\"},\"datePublished\":\"2024-06-21T15:32:23+00:00\",\"dateModified\":\"2025-07-17T21:42:16+00:00\",\"description\":\"Appeals - The following are links to the DDS website with information about the appeals process: Residential Facility Appeal - This is where a vendored community\",\"breadcrumb\":{\"@id\":\"https:\/\/www.nlacrc.org\/about-us\/transparency-accountability\/policies-dei\/appeals\/#breadcrumb\"},\"inLanguage\":\"es\",\"potentialAction\":[{\"@type\":\"ReadAction\",\"target\":[\"https:\/\/www.nlacrc.org\/about-us\/transparency-accountability\/policies-dei\/appeals\/\"]}]},{\"@type\":\"BreadcrumbList\",\"@id\":\"https:\/\/www.nlacrc.org\/about-us\/transparency-accountability\/policies-dei\/appeals\/#breadcrumb\",\"itemListElement\":[{\"@type\":\"ListItem\",\"position\":1,\"name\":\"Home\",\"item\":\"https:\/\/www.nlacrc.org\/\"},{\"@type\":\"ListItem\",\"position\":2,\"name\":\"About Us\",\"item\":\"https:\/\/nlacrc.org\/es\/about-us\/\"},{\"@type\":\"ListItem\",\"position\":3,\"name\":\"Transparency &amp; Accountability\",\"item\":\"https:\/\/nlacrc.org\/es\/about-us\/transparency-accountability\/\"},{\"@type\":\"ListItem\",\"position\":4,\"name\":\"Policies &amp; DEI\",\"item\":\"https:\/\/nlacrc.org\/es\/about-us\/transparency-accountability\/policies-dei\/\"},{\"@type\":\"ListItem\",\"position\":5,\"name\":\"Appeals\"}]},{\"@type\":\"WebSite\",\"@id\":\"https:\/\/www.nlacrc.org\/fa\/#website\",\"url\":\"https:\/\/www.nlacrc.org\/fa\/\",\"name\":\"North Los Angeles County\",\"description\":\"Regional Center\",\"publisher\":{\"@id\":\"https:\/\/www.nlacrc.org\/fa\/#organization\"},\"potentialAction\":[{\"@type\":\"SearchAction\",\"target\":{\"@type\":\"EntryPoint\",\"urlTemplate\":\"https:\/\/www.nlacrc.org\/fa\/?s={search_term_string}\"},\"query-input\":{\"@type\":\"PropertyValueSpecification\",\"valueRequired\":true,\"valueName\":\"search_term_string\"}}],\"inLanguage\":\"es\"},{\"@type\":\"Organization\",\"@id\":\"https:\/\/www.nlacrc.org\/fa\/#organization\",\"name\":\"North Los Angeles County\",\"url\":\"https:\/\/www.nlacrc.org\/fa\/\",\"logo\":{\"@type\":\"ImageObject\",\"inLanguage\":\"es\",\"@id\":\"https:\/\/www.nlacrc.org\/fa\/#\/schema\/logo\/image\/\",\"url\":\"https:\/\/www.nlacrc.org\/wp-content\/uploads\/2024\/06\/logo.svg\",\"contentUrl\":\"https:\/\/www.nlacrc.org\/wp-content\/uploads\/2024\/06\/logo.svg\",\"width\":131,\"height\":130,\"caption\":\"North Los Angeles County\"},\"image\":{\"@id\":\"https:\/\/www.nlacrc.org\/fa\/#\/schema\/logo\/image\/\"},\"sameAs\":[\"https:\/\/www.facebook.com\/NLACRC\/\",\"https:\/\/x.com\/NLACRC\"]}]}<\/script>\n<!-- \/ Yoast SEO plugin. -->","yoast_head_json":{"title":"Appeals -","description":"Appeals - The following are links to the DDS website with information about the appeals process: Residential Facility Appeal - This is where a vendored community","robots":{"index":"index","follow":"follow","max-snippet":"max-snippet:-1","max-image-preview":"max-image-preview:large","max-video-preview":"max-video-preview:-1"},"canonical":"https:\/\/www.nlacrc.org\/es\/about-us\/transparency-accountability\/policies-dei\/appeals\/","og_locale":"es_MX","og_type":"article","og_title":"Appeals -","og_description":"Appeals - The following are links to the DDS website with information about the appeals process: Residential Facility Appeal - This is where a vendored community","og_url":"https:\/\/www.nlacrc.org\/es\/about-us\/transparency-accountability\/policies-dei\/appeals\/","og_site_name":"North Los Angeles County","article_publisher":"https:\/\/www.facebook.com\/NLACRC\/","article_modified_time":"2025-07-17T21:42:16+00:00","twitter_card":"summary_large_image","twitter_site":"@NLACRC","twitter_misc":{"Est. reading time":"1 minuto"},"schema":{"@context":"https:\/\/schema.org","@graph":[{"@type":"WebPage","@id":"https:\/\/www.nlacrc.org\/about-us\/transparency-accountability\/policies-dei\/appeals\/","url":"https:\/\/www.nlacrc.org\/about-us\/transparency-accountability\/policies-dei\/appeals\/","name":"Appeals -","isPartOf":{"@id":"https:\/\/www.nlacrc.org\/fa\/#website"},"datePublished":"2024-06-21T15:32:23+00:00","dateModified":"2025-07-17T21:42:16+00:00","description":"Appeals - The following are links to the DDS website with information about the appeals process: Residential Facility Appeal - This is where a vendored community","breadcrumb":{"@id":"https:\/\/www.nlacrc.org\/about-us\/transparency-accountability\/policies-dei\/appeals\/#breadcrumb"},"inLanguage":"es","potentialAction":[{"@type":"ReadAction","target":["https:\/\/www.nlacrc.org\/about-us\/transparency-accountability\/policies-dei\/appeals\/"]}]},{"@type":"BreadcrumbList","@id":"https:\/\/www.nlacrc.org\/about-us\/transparency-accountability\/policies-dei\/appeals\/#breadcrumb","itemListElement":[{"@type":"ListItem","position":1,"name":"Home","item":"https:\/\/www.nlacrc.org\/"},{"@type":"ListItem","position":2,"name":"About Us","item":"https:\/\/nlacrc.org\/es\/about-us\/"},{"@type":"ListItem","position":3,"name":"Transparency &amp; Accountability","item":"https:\/\/nlacrc.org\/es\/about-us\/transparency-accountability\/"},{"@type":"ListItem","position":4,"name":"Policies &amp; DEI","item":"https:\/\/nlacrc.org\/es\/about-us\/transparency-accountability\/policies-dei\/"},{"@type":"ListItem","position":5,"name":"Appeals"}]},{"@type":"WebSite","@id":"https:\/\/www.nlacrc.org\/fa\/#website","url":"https:\/\/www.nlacrc.org\/fa\/","name":"Norte del condado de Los \u00c1ngeles","description":"Centro Regional","publisher":{"@id":"https:\/\/www.nlacrc.org\/fa\/#organization"},"potentialAction":[{"@type":"SearchAction","target":{"@type":"EntryPoint","urlTemplate":"https:\/\/www.nlacrc.org\/fa\/?s={search_term_string}"},"query-input":{"@type":"PropertyValueSpecification","valueRequired":true,"valueName":"search_term_string"}}],"inLanguage":"es"},{"@type":"Organization","@id":"https:\/\/www.nlacrc.org\/fa\/#organization","name":"Norte del condado de Los \u00c1ngeles","url":"https:\/\/www.nlacrc.org\/fa\/","logo":{"@type":"ImageObject","inLanguage":"es","@id":"https:\/\/www.nlacrc.org\/fa\/#\/schema\/logo\/image\/","url":"https:\/\/www.nlacrc.org\/wp-content\/uploads\/2024\/06\/logo.svg","contentUrl":"https:\/\/www.nlacrc.org\/wp-content\/uploads\/2024\/06\/logo.svg","width":131,"height":130,"caption":"North Los Angeles County"},"image":{"@id":"https:\/\/www.nlacrc.org\/fa\/#\/schema\/logo\/image\/"},"sameAs":["https:\/\/www.facebook.com\/NLACRC\/","https:\/\/x.com\/NLACRC"]}]}},"coauthors":[],"author_meta":{"author_link":"https:\/\/www.nlacrc.org\/es\/author\/crystal\/","display_name":"crystal"},"relative_dates":{"created":"Publicado 2 a\u00f1os hace","modified":"Actualizado 9 meses hace"},"absolute_dates":{"created":"Publicado el junio 21, 2024","modified":"Actualizado el julio 17, 2025"},"absolute_dates_time":{"created":"Publicado el junio 21, 2024 8:32 am","modified":"Actualizado el julio 17, 2025 2:42 pm"},"featured_img_caption":"","featured_img":false,"series_order":"","_links":{"self":[{"href":"https:\/\/www.nlacrc.org\/es\/wp-json\/wp\/v2\/pages\/38098","targetHints":{"allow":["GET"]}}],"collection":[{"href":"https:\/\/www.nlacrc.org\/es\/wp-json\/wp\/v2\/pages"}],"about":[{"href":"https:\/\/www.nlacrc.org\/es\/wp-json\/wp\/v2\/types\/page"}],"author":[{"embeddable":true,"href":"https:\/\/www.nlacrc.org\/es\/wp-json\/wp\/v2\/users\/54"}],"replies":[{"embeddable":true,"href":"https:\/\/www.nlacrc.org\/es\/wp-json\/wp\/v2\/comments?post=38098"}],"version-history":[{"count":6,"href":"https:\/\/www.nlacrc.org\/es\/wp-json\/wp\/v2\/pages\/38098\/revisions"}],"predecessor-version":[{"id":56248,"href":"https:\/\/www.nlacrc.org\/es\/wp-json\/wp\/v2\/pages\/38098\/revisions\/56248"}],"up":[{"embeddable":true,"href":"https:\/\/www.nlacrc.org\/es\/wp-json\/wp\/v2\/pages\/36576"}],"wp:attachment":[{"href":"https:\/\/www.nlacrc.org\/es\/wp-json\/wp\/v2\/media?parent=38098"}],"curies":[{"name":"wp","href":"https:\/\/api.w.org\/{rel}","templated":true}]}}