{"id":36681,"date":"2024-06-05T09:35:19","date_gmt":"2024-06-05T16:35:19","guid":{"rendered":"https:\/\/www.nlacrc.org\/?page_id=36681"},"modified":"2025-08-20T09:42:57","modified_gmt":"2025-08-20T16:42:57","slug":"participate-in-research-studies","status":"publish","type":"page","link":"https:\/\/www.nlacrc.org\/es\/get-involved\/participate-in-research-studies\/","title":{"rendered":"Participar en estudios de investigaci\u00f3n"},"content":{"rendered":"<p><strong>Los estudios de investigaci\u00f3n que se enumeran aqu\u00ed se publican como un servicio p\u00fablico y una cortes\u00eda para las partes interesadas. NLACRC no tiene ninguna afiliaci\u00f3n ni conexi\u00f3n con los estudios de investigaci\u00f3n. <\/strong><\/p>\n\n\n\n<p>Todos los estudios de investigaci\u00f3n son realizados por terceros que no est\u00e1n relacionados de ninguna manera con NLACRC. La decisi\u00f3n de un consumidor, padre o tutor de participar o no en un estudio es totalmente suya. Los servicios de NLACRC no se ver\u00e1n afectados de ninguna manera si una familia o un consumidor de NLACRC decide participar, no participar o retirarse de un estudio de investigaci\u00f3n. Toda participaci\u00f3n se realiza por cuenta y riesgo del consumidor, los padres o el tutor. Los participantes aceptan que no responsabilizar\u00e1n a NLACRC en caso de que sufran alg\u00fan da\u00f1o real o percibido debido a su decisi\u00f3n de participar en el estudio de investigaci\u00f3n.<\/p>\n\n\n\n<p><\/p>\n\n\n\n<div class=\"wp-block-group is-layout-constrained wp-block-group-is-layout-constrained\">\n<div class=\"wp-block-advgb-accordions advgb-accordions-3966e4f9-c180-4564-874e-022d7097c1bb advgb-accordion-wrapper\" data-collapsed=\"true\">\n<div class=\"wp-block-advgb-accordion-item advgb-accordion-item\" style=\"margin-bottom:15px\"><div class=\"advgb-accordion-header\" style=\"background-color:#000;color:#eee;border-style:solid;border-width:1px;border-radius:2px\"><span class=\"advgb-accordion-header-icon\"><svg fill=\"#fff\" xmlns=\"http:\/\/www.w3.org\/2000\/svg\" width=\"24\" height=\"24\" viewbox=\"0 0 24 24\"><path fill=\"none\" d=\"M0,0h24v24H0V0z\"><\/path><path d=\"M12,5.83L15.17,9l1.41-1.41L12,3L7.41,7.59L8.83,9L12,5.83z M12,18.17L8.83,15l-1.41,1.41L12,21l4.59-4.59L15.17,15 L12,18.17z\"><\/path><\/svg><\/span><h4 class=\"advgb-accordion-header-title\" style=\"color:inherit\">Does your child have a diagnosis of autism spectrum disorder (ASD)?<\/h4><\/div><div class=\"advgb-accordion-body\" style=\"border-style:solid !important;border-width:1px !important;border-color:undefined !important;border-top:none !important;border-radius:2px !important\">\n<p>Does your child have a diagnosis of autism spectrum disorder (ASD)?<br>A research study may be right for your child<\/p>\n\n\n\n<p>We are looking for children and teenagers who are:<\/p>\n\n\n\n<ul class=\"wp-block-list\">\n<li>5\u201317 years of age* with a diagnosis of autism spectrum disorder<\/li>\n\n\n\n<li>Experiencing irritability, which can be expressed as tantrums, aggression, yelling, or self-harming behavior.<\/li>\n<\/ul>\n\n\n\n<p><strong>*We are currently only enrolling teenagers who are 13\u201317 years of age. Younger children will be enrolled later.<\/strong><\/p>\n\n\n\n<p>The 601\/602 Pediatric Autism Study is looking at a potential new (investigational) medication (\u201cstudy drug\u201d) for irritability in autistic children and teenagers. It is hoped that the study drug can:<\/p>\n\n\n\n<ul class=\"wp-block-list\">\n<li>Help restore the balance of chemicals in the brain that are important for regulating mood<\/li>\n\n\n\n<li>Reduce the severity of irritability and behaviors linked with it.<\/li>\n<\/ul>\n\n\n\n<p>The study will look at 2 different doses of the study drug and compare them with a placebo. Your child will be randomly assigned to receive the study drug or a placebo. The study drug comes as<br>a capsule and will be taken once a day.<br><br>This study will last for about 2 months and include up to 9 study center visits.<\/p>\n\n\n\n<p><a href=\"https:\/\/www.nlacrc.org\/wp-content\/uploads\/2025\/05\/iti-007-601-602-parent-guardian-flyer_v01usaen_03oct2024b.pdf\">View the research flyer here<\/a><\/p>\n<\/div><\/div>\n\n\n\n<div class=\"wp-block-advgb-accordion-item advgb-accordion-item\" style=\"margin-bottom:15px\"><div class=\"advgb-accordion-header\" style=\"background-color:#000;color:#eee;border-style:solid;border-width:1px;border-radius:2px\"><span class=\"advgb-accordion-header-icon\"><svg fill=\"#fff\" xmlns=\"http:\/\/www.w3.org\/2000\/svg\" width=\"24\" height=\"24\" viewbox=\"0 0 24 24\"><path fill=\"none\" d=\"M0,0h24v24H0V0z\"><\/path><path d=\"M12,5.83L15.17,9l1.41-1.41L12,3L7.41,7.59L8.83,9L12,5.83z M12,18.17L8.83,15l-1.41,1.41L12,21l4.59-4.59L15.17,15 L12,18.17z\"><\/path><\/svg><\/span><h4 class=\"advgb-accordion-header-title\" style=\"color:inherit\">Se necesitan participantes para el estudio sobre el tratamiento del trastorno del espectro autista<\/h4><\/div><div class=\"advgb-accordion-body\" style=\"border-style:solid !important;border-width:1px !important;border-color:undefined !important;border-top:none !important;border-radius:2px !important\">\n<p><strong>Se buscan padres inmigrantes de ni\u00f1os con trastorno del espectro autista (TEA) para participar en un estudio sobre la b\u00fasqueda de tratamiento para sus hijos.<\/strong><\/p>\n\n\n\n<ul class=\"wp-block-list\">\n<li>\u00bfEs usted padre biol\u00f3gico de un ni\u00f1o o adolescente con TEA?<\/li>\n\n\n\n<li>\u00bfSu hijo est\u00e1 actualmente en tratamiento y lo ha estado durante los \u00faltimos 3 meses?<\/li>\n\n\n\n<li>\u00bfHa emigrado a los EE.UU. en los \u00faltimos 10 a\u00f1os?<\/li>\n\n\n\n<li>\u00bfTienes 18 a\u00f1os o m\u00e1s?<\/li>\n\n\n\n<li>\u00bfTe sientes c\u00f3modo leyendo, escribiendo y hablando en ingl\u00e9s?<\/li>\n<\/ul>\n\n\n\n<p>Participe en un sorteo para tener una probabilidad de 1 en 10 de ganar una tarjeta de regalo Visa $100 y ayudar a padres e hijos inmigrantes participando en una entrevista de 60 a 90 minutos.<\/p>\n\n\n\n<p><br><a href=\"https:\/\/www.nlacrc.org\/wp-content\/uploads\/2024\/06\/ASD-Research-Recruitment-F.pdf\" target=\"_blank\" rel=\"noreferrer noopener\">Vea el folleto sobre el tratamiento del trastorno del espectro autista<\/a><\/p>\n<\/div><\/div>\n\n\n\n<div class=\"wp-block-advgb-accordion-item advgb-accordion-item\" style=\"margin-bottom:15px\"><div class=\"advgb-accordion-header\" style=\"background-color:#000;color:#eee;border-style:solid;border-width:1px;border-radius:2px\"><span class=\"advgb-accordion-header-icon\"><svg fill=\"#fff\" xmlns=\"http:\/\/www.w3.org\/2000\/svg\" width=\"24\" height=\"24\" viewbox=\"0 0 24 24\"><path fill=\"none\" d=\"M0,0h24v24H0V0z\"><\/path><path d=\"M12,5.83L15.17,9l1.41-1.41L12,3L7.41,7.59L8.83,9L12,5.83z M12,18.17L8.83,15l-1.41,1.41L12,21l4.59-4.59L15.17,15 L12,18.17z\"><\/path><\/svg><\/span><h4 class=\"advgb-accordion-header-title\" style=\"color:inherit\">Caracter\u00edsticas cl\u00ednicas y biomoleculares de la psiquiatr\u00eda positiva centrada en el recordatorio en adolescentes con trastorno de estr\u00e9s postraum\u00e1tico<\/h4><\/div><div class=\"advgb-accordion-body\" style=\"border-style:solid !important;border-width:1px !important;border-color:undefined !important;border-top:none !important;border-radius:2px !important\">\n<p><strong>Si usted o su hijo tienen entre 11 y 15 a\u00f1os y han sido diagnosticados con trastorno de estr\u00e9s postraum\u00e1tico, son elegibles para participar en un estudio de investigaci\u00f3n en Olive View UCLA Medical Center.<br><\/strong><br>Este estudio eval\u00faa las caracter\u00edsticas cl\u00ednicas y bimoleculares de la RFPP en adolescentes con TEPT. Se ha demostrado que la psiquiatr\u00eda positiva centrada en los recordatorios (RFPP) es una intervenci\u00f3n centrada en el trauma que se tolera bien y que se asocia con una mejora de los s\u00edntomas centrales del TEPT, una menor gravedad de la reactividad a los recordatorios del trauma del TEPT y un aumento de la funci\u00f3n vascular.<\/p>\n\n\n\n<p><br><a href=\"https:\/\/www.nlacrc.org\/wp-content\/uploads\/2024\/06\/cousins-ctr.pdf\" target=\"_blank\" rel=\"noreferrer noopener\">Vea el folleto de Psiquiatr\u00eda positiva enfocada en recordatorios para ni\u00f1os con TEPT<\/a> <\/p>\n<\/div><\/div>\n\n\n\n<div class=\"wp-block-advgb-accordion-item advgb-accordion-item\" style=\"margin-bottom:15px\"><div class=\"advgb-accordion-header\" style=\"background-color:#000;color:#eee;border-style:solid;border-width:1px;border-radius:2px\"><span class=\"advgb-accordion-header-icon\"><svg fill=\"#fff\" xmlns=\"http:\/\/www.w3.org\/2000\/svg\" width=\"24\" height=\"24\" viewbox=\"0 0 24 24\"><path fill=\"none\" d=\"M0,0h24v24H0V0z\"><\/path><path d=\"M12,5.83L15.17,9l1.41-1.41L12,3L7.41,7.59L8.83,9L12,5.83z M12,18.17L8.83,15l-1.41,1.41L12,21l4.59-4.59L15.17,15 L12,18.17z\"><\/path><\/svg><\/span><h4 class=\"advgb-accordion-header-title\" style=\"color:inherit\">Intervenci\u00f3n cuerpo-mente de psiquiatr\u00eda positiva centrada en recordatorios para el trastorno de estr\u00e9s postraum\u00e1tico<\/h4><\/div><div class=\"advgb-accordion-body\" style=\"border-style:solid !important;border-width:1px !important;border-color:undefined !important;border-top:none !important;border-radius:2px !important\">\n<p><strong>Si tiene entre 13 y 21 a\u00f1os y le han diagnosticado trastorno de estr\u00e9s postraum\u00e1tico, es elegible para participar en un estudio de investigaci\u00f3n en Olive View UCLA Medical Center.<\/strong><\/p>\n\n\n\n<p><br>Se invita a participar en un estudio de investigaci\u00f3n a adolescentes y adultos j\u00f3venes, de 13 a 21 a\u00f1os de edad, a quienes se les ha diagnosticado trastorno de estr\u00e9s postraum\u00e1tico (TEPT) y que pueden o no tener un trastorno del espectro autista com\u00f3rbido.<\/p>\n\n\n\n<p><br><a href=\"https:\/\/www.nlacrc.org\/wp-content\/uploads\/2024\/06\/rfpp-bm-draft-3.pdf\" target=\"_blank\" rel=\"noreferrer noopener\">Vea el folleto de intervenci\u00f3n cuerpo-mente para el trastorno de estr\u00e9s postraum\u00e1tico<br><\/a><\/p>\n<\/div><\/div>\n\n\n\n<div class=\"wp-block-advgb-accordion-item advgb-accordion-item\" style=\"margin-bottom:15px\"><div class=\"advgb-accordion-header\" style=\"background-color:#000;color:#eee;border-style:solid;border-width:1px;border-radius:2px\"><span class=\"advgb-accordion-header-icon\"><svg fill=\"#fff\" xmlns=\"http:\/\/www.w3.org\/2000\/svg\" width=\"24\" height=\"24\" viewbox=\"0 0 24 24\"><path fill=\"none\" d=\"M0,0h24v24H0V0z\"><\/path><path d=\"M12,5.83L15.17,9l1.41-1.41L12,3L7.41,7.59L8.83,9L12,5.83z M12,18.17L8.83,15l-1.41,1.41L12,21l4.59-4.59L15.17,15 L12,18.17z\"><\/path><\/svg><\/span><h4 class=\"advgb-accordion-header-title\" style=\"color:inherit\">Ayudando a optimizar la adquisici\u00f3n del lenguaje (HOLA): intervenci\u00f3n de capacitaci\u00f3n para padres en l\u00ednea<\/h4><\/div><div class=\"advgb-accordion-body\" style=\"border-style:solid !important;border-width:1px !important;border-color:undefined !important;border-top:none !important;border-radius:2px !important\">\n<p><strong>El prop\u00f3sito de este estudio es probar una nueva serie de breves m\u00f3dulos de aprendizaje en l\u00ednea dise\u00f1ados para apoyar a los padres de ni\u00f1os peque\u00f1os que tienen desaf\u00edos con el lenguaje y la interacci\u00f3n social.<\/strong><\/p>\n\n\n\n<p><br>La participaci\u00f3n en este estudio durar\u00e1 aproximadamente 12 semanas. Los participantes responder\u00e1n cuestionarios en persona (3 horas en total) y completar\u00e1n seis (6) m\u00f3dulos semanales de capacitaci\u00f3n en l\u00ednea que brindan a los padres conocimientos y estrategias para ayudar a sus hijos a comunicarse y desarrollar habilidades sociales (30 minutos cada uno).<\/p>\n\n\n\n<p><br><strong>Los participantes deben ser:<\/strong><\/p>\n\n\n\n<ol class=\"wp-block-list\">\n<li>18+ a\u00f1os de edad.<\/li>\n\n\n\n<li> El padre o cuidador principal de un ni\u00f1o entre 16 y 36 meses que utiliza un lenguaje verbal m\u00ednimo.<\/li>\n\n\n\n<li>Capaz de leer, comprender y responder encuestas en ingl\u00e9s.<\/li>\n<\/ol>\n\n\n\n<p><\/p>\n\n\n\n<p>Recibir\u00e1s un juguete de desarrollo por tu participaci\u00f3n.<\/p>\n\n\n\n<p><br>Para unirse a este estudio o aprender m\u00e1s sobre HOLA,<\/p>\n\n\n\n<p><strong> contacto<\/strong>: Robin Dodds, Ph.D. en rdodds@calstatela.edu o llame al <a href=\"tel:(323)343-4408\">(323)343-4408<\/a><br><\/p>\n\n\n\n<p>Ver el folleto <a href=\"https:\/\/www.nlacrc.org\/wp-content\/uploads\/2024\/06\/Flyer-Expedited-HOLA-OAR_-.pdf\" target=\"_blank\" rel=\"noreferrer noopener\">(HOLA en espa\u00f1ol)<\/a><a href=\"https:\/\/www.nlacrc.org\/wp-content\/uploads\/2024\/06\/Flyer_Expedited-HOLA_OAR_S.pdf\" target=\"_blank\" rel=\"noreferrer noopener\"> (HOLA espa\u00f1ol)<\/a><\/p>\n<\/div><\/div>\n<\/div>\n<\/div>\n\n\n\n<div class=\"wp-block-advgb-accordions advgb-accordions-fc9bff9f-e6e7-47a6-b910-002df9ac26f5 advgb-accordion-wrapper\" data-collapsed=\"true\">\n<div class=\"wp-block-advgb-accordion-item advgb-accordion-item\" style=\"margin-bottom:15px\"><div class=\"advgb-accordion-header\" style=\"background-color:#000;color:#eee;border-style:solid;border-width:1px;border-radius:2px\"><span class=\"advgb-accordion-header-icon\"><svg fill=\"#fff\" xmlns=\"http:\/\/www.w3.org\/2000\/svg\" width=\"24\" height=\"24\" viewbox=\"0 0 24 24\"><path fill=\"none\" d=\"M0,0h24v24H0V0z\"><\/path><path d=\"M12,5.83L15.17,9l1.41-1.41L12,3L7.41,7.59L8.83,9L12,5.83z M12,18.17L8.83,15l-1.41,1.41L12,21l4.59-4.59L15.17,15 L12,18.17z\"><\/path><\/svg><\/span><h4 class=\"advgb-accordion-header-title\" style=\"color:inherit\">CHLA Autism Research Study: Recruiting new participants<\/h4><\/div><div class=\"advgb-accordion-body\" style=\"border-style:solid !important;border-width:1px !important;border-color:undefined !important;border-top:none !important;border-radius:2px !important\">\n<p>View <a href=\"https:\/\/www.nlacrc.org\/wp-content\/uploads\/2025\/05\/fromstring-2.pdf\" target=\"_blank\" rel=\"noreferrer noopener\">Reward Responsivity and Depression in Autism (RRDA)<\/a><\/p>\n\n\n\n<p>Ver el folleto <a href=\"https:\/\/www.nlacrc.org\/wp-content\/uploads\/2025\/05\/chla-research-study-4-visits.jpg\" target=\"_blank\" rel=\"noreferrer noopener\">Teens (14-17 years old)<\/a><\/p>\n\n\n\n<p><\/p>\n\n\n\n<p>View <a href=\"https:\/\/www.nlacrc.org\/wp-content\/uploads\/2025\/05\/rda-id-approval-letter-1.pdf\" target=\"_blank\" rel=\"noreferrer noopener\">Reward Responsivity and Depression in Autistic Youth with Intellectual Disability (RDA-ID)<\/a><\/p>\n\n\n\n<p>Ver el folleto <a href=\"https:\/\/www.nlacrc.org\/wp-content\/uploads\/2025\/05\/rda-id-flyer.jpg\" target=\"_blank\" rel=\"noreferrer noopener\">RDA-ID, Teens (14-17 years old)<\/a><\/p>\n<\/div><\/div>\n<\/div>\n\n\n\n<p><br><\/p>\n\n\n\n<p><\/p>\n\n\n\n<p><br><\/p>\n\n\n\n<p><\/p>","protected":false},"excerpt":{"rendered":"Los estudios de investigaci\u00f3n que se enumeran aqu\u00ed se publican como un servicio p\u00fablico y una cortes\u00eda para las partes interesadas. El NLACRC no tiene afiliaci\u00f3n [\u2026]","protected":false},"author":3,"featured_media":0,"parent":36324,"menu_order":30,"comment_status":"closed","ping_status":"closed","template":"","meta":{"_acf_changed":false,"advgb_blocks_editor_width":"","advgb_blocks_columns_visual_guide":"","_EventAllDay":false,"_EventTimezone":"","_EventStartDate":"","_EventEndDate":"","_EventStartDateUTC":"","_EventEndDateUTC":"","_EventShowMap":false,"_EventShowMapLink":false,"_EventURL":"","_EventCost":"","_EventCostDescription":"","_EventCurrencySymbol":"","_EventCurrencyCode":"","_EventCurrencyPosition":"","_EventDateTimeSeparator":"","_EventTimeRangeSeparator":"","_EventOrganizerID":[],"_EventVenueID":[],"_OrganizerEmail":"","_OrganizerPhone":"","_OrganizerWebsite":"","_VenueAddress":"","_VenueCity":"","_VenueCountry":"","_VenueProvince":"","_VenueState":"","_VenueZip":"","_VenuePhone":"","_VenueURL":"","_VenueStateProvince":"","_VenueLat":"","_VenueLng":"","_VenueShowMap":false,"_VenueShowMapLink":false,"_tribe_blocks_recurrence_rules":"","_tribe_blocks_recurrence_description":"","_tribe_blocks_recurrence_exclusions":"","footnotes":""},"class_list":["post-36681","page","type-page","status-publish","hentry"],"acf":[],"yoast_head":"<!-- This site is optimized with the Yoast SEO plugin v26.4 - https:\/\/yoast.com\/wordpress\/plugins\/seo\/ -->\n<title>Participate in Research Studies -<\/title>\n<meta name=\"description\" content=\"Participate in Research Studies - The research studies listed here are posted as a public service and courtesy for interested parties. NLACRC has no affiliation or connection with the\" \/>\n<meta name=\"robots\" content=\"index, follow, max-snippet:-1, max-image-preview:large, max-video-preview:-1\" \/>\n<link rel=\"canonical\" href=\"https:\/\/www.nlacrc.org\/es\/get-involved\/participate-in-research-studies\/\" \/>\n<meta property=\"og:locale\" content=\"es_MX\" \/>\n<meta property=\"og:type\" content=\"article\" \/>\n<meta property=\"og:title\" content=\"Participate in Research Studies -\" \/>\n<meta property=\"og:description\" content=\"Participate in Research Studies - The research studies listed here are posted as a public service and courtesy for interested parties. NLACRC has no affiliation or connection with the\" \/>\n<meta property=\"og:url\" content=\"https:\/\/www.nlacrc.org\/es\/get-involved\/participate-in-research-studies\/\" \/>\n<meta property=\"og:site_name\" content=\"North Los Angeles County\" \/>\n<meta property=\"article:publisher\" content=\"https:\/\/www.facebook.com\/NLACRC\/\" \/>\n<meta property=\"article:modified_time\" content=\"2025-08-20T16:42:57+00:00\" \/>\n<meta name=\"twitter:card\" content=\"summary_large_image\" \/>\n<meta name=\"twitter:site\" content=\"@NLACRC\" \/>\n<meta name=\"twitter:label1\" content=\"Est. reading time\" \/>\n\t<meta name=\"twitter:data1\" content=\"4 minutos\" \/>\n<script type=\"application\/ld+json\" class=\"yoast-schema-graph\">{\"@context\":\"https:\/\/schema.org\",\"@graph\":[{\"@type\":\"WebPage\",\"@id\":\"https:\/\/www.nlacrc.org\/get-involved\/participate-in-research-studies\/\",\"url\":\"https:\/\/www.nlacrc.org\/get-involved\/participate-in-research-studies\/\",\"name\":\"Participate in Research Studies -\",\"isPartOf\":{\"@id\":\"https:\/\/www.nlacrc.org\/fa\/#website\"},\"datePublished\":\"2024-06-05T16:35:19+00:00\",\"dateModified\":\"2025-08-20T16:42:57+00:00\",\"description\":\"Participate in Research Studies - The research studies listed here are posted as a public service and courtesy for interested parties. NLACRC has no affiliation or connection with the\",\"breadcrumb\":{\"@id\":\"https:\/\/www.nlacrc.org\/get-involved\/participate-in-research-studies\/#breadcrumb\"},\"inLanguage\":\"es\",\"potentialAction\":[{\"@type\":\"ReadAction\",\"target\":[\"https:\/\/www.nlacrc.org\/get-involved\/participate-in-research-studies\/\"]}]},{\"@type\":\"BreadcrumbList\",\"@id\":\"https:\/\/www.nlacrc.org\/get-involved\/participate-in-research-studies\/#breadcrumb\",\"itemListElement\":[{\"@type\":\"ListItem\",\"position\":1,\"name\":\"Home\",\"item\":\"https:\/\/www.nlacrc.org\/\"},{\"@type\":\"ListItem\",\"position\":2,\"name\":\"Get Involved\",\"item\":\"https:\/\/www.nlacrc.org\/get-involved\/\"},{\"@type\":\"ListItem\",\"position\":3,\"name\":\"Participate in Research Studies\"}]},{\"@type\":\"WebSite\",\"@id\":\"https:\/\/www.nlacrc.org\/fa\/#website\",\"url\":\"https:\/\/www.nlacrc.org\/fa\/\",\"name\":\"North Los Angeles County\",\"description\":\"Regional Center\",\"publisher\":{\"@id\":\"https:\/\/www.nlacrc.org\/fa\/#organization\"},\"potentialAction\":[{\"@type\":\"SearchAction\",\"target\":{\"@type\":\"EntryPoint\",\"urlTemplate\":\"https:\/\/www.nlacrc.org\/fa\/?s={search_term_string}\"},\"query-input\":{\"@type\":\"PropertyValueSpecification\",\"valueRequired\":true,\"valueName\":\"search_term_string\"}}],\"inLanguage\":\"es\"},{\"@type\":\"Organization\",\"@id\":\"https:\/\/www.nlacrc.org\/fa\/#organization\",\"name\":\"North Los Angeles County\",\"url\":\"https:\/\/www.nlacrc.org\/fa\/\",\"logo\":{\"@type\":\"ImageObject\",\"inLanguage\":\"es\",\"@id\":\"https:\/\/www.nlacrc.org\/fa\/#\/schema\/logo\/image\/\",\"url\":\"https:\/\/www.nlacrc.org\/wp-content\/uploads\/2024\/06\/logo.svg\",\"contentUrl\":\"https:\/\/www.nlacrc.org\/wp-content\/uploads\/2024\/06\/logo.svg\",\"width\":131,\"height\":130,\"caption\":\"North Los Angeles County\"},\"image\":{\"@id\":\"https:\/\/www.nlacrc.org\/fa\/#\/schema\/logo\/image\/\"},\"sameAs\":[\"https:\/\/www.facebook.com\/NLACRC\/\",\"https:\/\/x.com\/NLACRC\"]}]}<\/script>\n<!-- \/ Yoast SEO plugin. -->","yoast_head_json":{"title":"Participate in Research Studies -","description":"Participate in Research Studies - The research studies listed here are posted as a public service and courtesy for interested parties. NLACRC has no affiliation or connection with the","robots":{"index":"index","follow":"follow","max-snippet":"max-snippet:-1","max-image-preview":"max-image-preview:large","max-video-preview":"max-video-preview:-1"},"canonical":"https:\/\/www.nlacrc.org\/es\/get-involved\/participate-in-research-studies\/","og_locale":"es_MX","og_type":"article","og_title":"Participate in Research Studies -","og_description":"Participate in Research Studies - The research studies listed here are posted as a public service and courtesy for interested parties. NLACRC has no affiliation or connection with the","og_url":"https:\/\/www.nlacrc.org\/es\/get-involved\/participate-in-research-studies\/","og_site_name":"North Los Angeles County","article_publisher":"https:\/\/www.facebook.com\/NLACRC\/","article_modified_time":"2025-08-20T16:42:57+00:00","twitter_card":"summary_large_image","twitter_site":"@NLACRC","twitter_misc":{"Est. reading time":"4 minutos"},"schema":{"@context":"https:\/\/schema.org","@graph":[{"@type":"WebPage","@id":"https:\/\/www.nlacrc.org\/get-involved\/participate-in-research-studies\/","url":"https:\/\/www.nlacrc.org\/get-involved\/participate-in-research-studies\/","name":"Participate in Research Studies -","isPartOf":{"@id":"https:\/\/www.nlacrc.org\/fa\/#website"},"datePublished":"2024-06-05T16:35:19+00:00","dateModified":"2025-08-20T16:42:57+00:00","description":"Participate in Research Studies - The research studies listed here are posted as a public service and courtesy for interested parties. NLACRC has no affiliation or connection with the","breadcrumb":{"@id":"https:\/\/www.nlacrc.org\/get-involved\/participate-in-research-studies\/#breadcrumb"},"inLanguage":"es","potentialAction":[{"@type":"ReadAction","target":["https:\/\/www.nlacrc.org\/get-involved\/participate-in-research-studies\/"]}]},{"@type":"BreadcrumbList","@id":"https:\/\/www.nlacrc.org\/get-involved\/participate-in-research-studies\/#breadcrumb","itemListElement":[{"@type":"ListItem","position":1,"name":"Home","item":"https:\/\/www.nlacrc.org\/"},{"@type":"ListItem","position":2,"name":"Get Involved","item":"https:\/\/www.nlacrc.org\/get-involved\/"},{"@type":"ListItem","position":3,"name":"Participate in Research Studies"}]},{"@type":"WebSite","@id":"https:\/\/www.nlacrc.org\/fa\/#website","url":"https:\/\/www.nlacrc.org\/fa\/","name":"Norte del condado de Los \u00c1ngeles","description":"Centro Regional","publisher":{"@id":"https:\/\/www.nlacrc.org\/fa\/#organization"},"potentialAction":[{"@type":"SearchAction","target":{"@type":"EntryPoint","urlTemplate":"https:\/\/www.nlacrc.org\/fa\/?s={search_term_string}"},"query-input":{"@type":"PropertyValueSpecification","valueRequired":true,"valueName":"search_term_string"}}],"inLanguage":"es"},{"@type":"Organization","@id":"https:\/\/www.nlacrc.org\/fa\/#organization","name":"Norte del condado de Los \u00c1ngeles","url":"https:\/\/www.nlacrc.org\/fa\/","logo":{"@type":"ImageObject","inLanguage":"es","@id":"https:\/\/www.nlacrc.org\/fa\/#\/schema\/logo\/image\/","url":"https:\/\/www.nlacrc.org\/wp-content\/uploads\/2024\/06\/logo.svg","contentUrl":"https:\/\/www.nlacrc.org\/wp-content\/uploads\/2024\/06\/logo.svg","width":131,"height":130,"caption":"North Los Angeles County"},"image":{"@id":"https:\/\/www.nlacrc.org\/fa\/#\/schema\/logo\/image\/"},"sameAs":["https:\/\/www.facebook.com\/NLACRC\/","https:\/\/x.com\/NLACRC"]}]}},"coauthors":[],"author_meta":{"author_link":"https:\/\/www.nlacrc.org\/es\/author\/planeteria\/","display_name":"planeteria"},"relative_dates":{"created":"Publicado 2 a\u00f1os hace","modified":"Actualizado 8 meses hace"},"absolute_dates":{"created":"Publicado el junio 5, 2024","modified":"Actualizado el agosto 20, 2025"},"absolute_dates_time":{"created":"Publicado el junio 5, 2024 9:35 am","modified":"Actualizado el agosto 20, 2025 9:42 am"},"featured_img_caption":"","featured_img":false,"series_order":"","_links":{"self":[{"href":"https:\/\/www.nlacrc.org\/es\/wp-json\/wp\/v2\/pages\/36681","targetHints":{"allow":["GET"]}}],"collection":[{"href":"https:\/\/www.nlacrc.org\/es\/wp-json\/wp\/v2\/pages"}],"about":[{"href":"https:\/\/www.nlacrc.org\/es\/wp-json\/wp\/v2\/types\/page"}],"author":[{"embeddable":true,"href":"https:\/\/www.nlacrc.org\/es\/wp-json\/wp\/v2\/users\/3"}],"replies":[{"embeddable":true,"href":"https:\/\/www.nlacrc.org\/es\/wp-json\/wp\/v2\/comments?post=36681"}],"version-history":[{"count":15,"href":"https:\/\/www.nlacrc.org\/es\/wp-json\/wp\/v2\/pages\/36681\/revisions"}],"predecessor-version":[{"id":56647,"href":"https:\/\/www.nlacrc.org\/es\/wp-json\/wp\/v2\/pages\/36681\/revisions\/56647"}],"up":[{"embeddable":true,"href":"https:\/\/www.nlacrc.org\/es\/wp-json\/wp\/v2\/pages\/36324"}],"wp:attachment":[{"href":"https:\/\/www.nlacrc.org\/es\/wp-json\/wp\/v2\/media?parent=36681"}],"curies":[{"name":"wp","href":"https:\/\/api.w.org\/{rel}","templated":true}]}}