{"id":36679,"date":"2024-06-05T09:36:04","date_gmt":"2024-06-05T16:36:04","guid":{"rendered":"https:\/\/www.nlacrc.org\/?page_id=36679"},"modified":"2025-08-04T10:22:36","modified_gmt":"2025-08-04T17:22:36","slug":"register-to-vote","status":"publish","type":"page","link":"https:\/\/www.nlacrc.org\/es\/get-involved\/register-to-vote\/","title":{"rendered":"Registrarse para votar"},"content":{"rendered":"<figure class=\"wp-block-image aligncenter size-large\"><img loading=\"lazy\" decoding=\"async\" width=\"1024\" height=\"473\" src=\"https:\/\/www.nlacrc.org\/wp-content\/uploads\/2025\/08\/adobestock-444634594-1024x473.jpeg\" alt=\"\" class=\"wp-image-56464\" srcset=\"https:\/\/www.nlacrc.org\/wp-content\/uploads\/2025\/08\/adobestock-444634594-1024x473.jpeg 1024w, https:\/\/www.nlacrc.org\/wp-content\/uploads\/2025\/08\/adobestock-444634594-300x138.jpeg 300w, https:\/\/www.nlacrc.org\/wp-content\/uploads\/2025\/08\/adobestock-444634594-768x354.jpeg 768w, https:\/\/www.nlacrc.org\/wp-content\/uploads\/2025\/08\/adobestock-444634594-1536x709.jpeg 1536w, https:\/\/www.nlacrc.org\/wp-content\/uploads\/2025\/08\/adobestock-444634594-2048x945.jpeg 2048w, https:\/\/www.nlacrc.org\/wp-content\/uploads\/2025\/08\/adobestock-444634594-18x8.jpeg 18w, https:\/\/www.nlacrc.org\/wp-content\/uploads\/2025\/08\/adobestock-444634594-24x11.jpeg 24w, https:\/\/www.nlacrc.org\/wp-content\/uploads\/2025\/08\/adobestock-444634594-36x17.jpeg 36w, https:\/\/www.nlacrc.org\/wp-content\/uploads\/2025\/08\/adobestock-444634594-48x22.jpeg 48w\" sizes=\"auto, (max-width: 1024px) 100vw, 1024px\" \/><figcaption class=\"wp-element-caption\">Group of young american voter people putting vote in ballot. Woman smiling happy and holding i voted badge at electoral center.<\/figcaption><\/figure>\n\n\n\n<h2 class=\"wp-block-heading has-text-align-center\">Recursos e informaci\u00f3n para votantes<\/h2>\n\n\n\n<p><a href=\"https:\/\/disabilityvoteca.org\/\" target=\"_blank\" rel=\"noreferrer noopener\"><strong>Voto por discapacidad en California<\/strong><br><\/a>Disability Vote California es una campa\u00f1a no partidista para eliminar las barreras a la votaci\u00f3n, promover la accesibilidad a la tecnolog\u00eda de votaci\u00f3n y a los lugares de votaci\u00f3n; educar a los votantes sobre temas y candidatos; promover la participaci\u00f3n de votantes con discapacidades en todo el estado; involucrar a los candidatos y a los medios de comunicaci\u00f3n en temas de discapacidad y proteger el derecho de los votantes elegibles a participar en las elecciones.<\/p>\n\n\n\n<p><strong><a href=\"http:\/\/thearc.org\/vote\" target=\"_blank\" rel=\"noreferrer noopener\">Recursos para votar de The Arc<br><\/a><\/strong>Visite el enlace de arriba para obtener recursos nuevos y gratuitos sobre:<\/p>\n\n\n\n<ul class=\"wp-block-list\">\n<li>Por qu\u00e9 es importante votar, c\u00f3mo votar y qu\u00e9 hacer si se violan sus derechos de voto<\/li>\n\n\n\n<li>Cuestiones importantes para las personas con discapacidad y sus familias<\/li>\n\n\n\n<li>Ejemplos de preguntas que puedes hacerles a los candidatos<\/li>\n<\/ul>\n\n\n\n<p>Todos los materiales est\u00e1n en lenguaje sencillo y est\u00e1n disponibles en ingl\u00e9s y espa\u00f1ol, as\u00ed como en versiones PDF y Word.<\/p>\n\n\n\n<p>La ARC tambi\u00e9n se ha asociado con Disability Rights California (DRC) y el Consejo Estatal de Discapacidades del Desarrollo para crear el sitio web Disability Vote California, que puede encontrar en <a href=\"http:\/\/disabilityvoteca.org\" target=\"_blank\" rel=\"noreferrer noopener\">discapacidadvoteca.org<\/a>.<\/p>\n\n\n\n<p><strong><a href=\"https:\/\/vsap.lavote.gov\" target=\"_blank\" rel=\"noreferrer noopener\">Soluciones de votaci\u00f3n para todos<br><\/a><\/strong>El Secretario del Condado (RR\/CC) desarroll\u00f3 en 2009 el Sistema de Votaci\u00f3n para Todas las Personas (VSAP, por sus siglas en ingl\u00e9s) para reemplazar un sistema de votaci\u00f3n obsoleto. El proyecto busca un sistema de votaci\u00f3n que ponga a los votantes en el centro y haga que m\u00e1s personas salgan a votar.<\/p>\n\n\n\n<p><strong><a href=\"https:\/\/www.sos.ca.gov\/elections\/voting-resources\/voters-disabilities\/\" target=\"_blank\" rel=\"noreferrer noopener\">Recursos para votantes<\/a><\/strong><br>El sitio web del Secretario de Estado de California tiene muchos recursos disponibles para los votantes.<\/p>\n\n\n\n<p><strong><a href=\"http:\/\/registertovote.ca.gov\/?t=n&amp;id=7\" target=\"_blank\" rel=\"noreferrer noopener\">Registro de votantes en l\u00ednea<br><\/a><\/strong>Ahora puede registrarse para votar en l\u00ednea visitando el sitio web del Secretario de Estado de California. Necesitar\u00e1 su n\u00famero de licencia de conducir o tarjeta de identificaci\u00f3n de California, los \u00faltimos cuatro d\u00edgitos de su n\u00famero de seguro social y su fecha de nacimiento. Su informaci\u00f3n se proporcionar\u00e1 al Departamento de Veh\u00edculos Motorizados de California (DMV) para obtener una copia de su firma en el DMV.<\/p>\n\n\n\n<p><strong><a href=\"http:\/\/www.sos.ca.gov\/elections\/nvra\/training\/voter-preference-forms.htm\" target=\"_blank\" rel=\"noreferrer noopener\">Tarjetas de registro de votantes<br><\/a><\/strong>El NLACRC tiene tarjetas de registro de votantes disponibles en varios idiomas, incluidos ingl\u00e9s, espa\u00f1ol, tagalo, chino, coreano, japon\u00e9s y vietnamita. Si usted es un consumidor del NLACRC y desea recibir una tarjeta, env\u00ede un correo electr\u00f3nico a <a href=\"mailto:publicinfo@nlacrc.org\">informaci\u00f3n p\u00fablica@nlacrc.org<\/a>Formularios de preferencia de votante Los formularios de preferencia de votante tambi\u00e9n est\u00e1n disponibles en los mismos idiomas que las tarjetas de registro de votante. Si usted es un consumidor de NLACRC o si est\u00e1 completando una solicitud de admisi\u00f3n para NLACRC, complete un formulario de preferencia de votante y entr\u00e9gueselo a su coordinador de servicios o persona de contacto de admisi\u00f3n.<br>Vaya a la p\u00e1gina de Formularios de preferencia de votantes<\/p>\n\n\n\n<div class=\"wp-block-group has-secondary-background-color has-background is-layout-constrained wp-block-group-is-layout-constrained\">\n<h2 class=\"wp-block-heading\">Recursos adicionales para los votantes<\/h2>\n\n\n<section class=\"button_list list\">\n              <div class=\"container\">\n               <!--<h2 class=\"text-center\">Button List<\/h2>-->\n               <div class=\"simple_list_wrap\">\n                    <div class=\"simple_list_info\">\n                        <div class=\"row no-margin four\">\n\t\t\t\t\t\t\t                            \t\t\t\t\t\t\t\t\t\t\t\t\t\t<div class=\"col-lg-3 col-md-3 simple_list_col\">\n\t\t\t\t\t\t\t                                <a href=\"https:\/\/www.sos.ca.gov\/elections\/voter-registration\/vote-mail\" class=\"\" target=\"_blank\">Votaci\u00f3n por correo<\/a>\n                            <\/div>\n                            \t\t\t\t\t\t\t                            \t\t\t\t\t\t\t\t\t\t\t\t\t\t<div class=\"col-lg-3 col-md-3 simple_list_col\">\n\t\t\t\t\t\t\t                                <a href=\"https:\/\/voterguide.sos.ca.gov\" class=\"\" target=\"_blank\">Letra grande<\/a>\n                            <\/div>\n                            \t\t\t\t\t\t\t                            \t\t\t\t\t\t\t\t\t\t\t\t\t\t<div class=\"col-lg-3 col-md-3 simple_list_col\">\n\t\t\t\t\t\t\t                                <a href=\"https:\/\/www.sos.ca.gov\/audio-order-form\" class=\"\" target=\"_blank\">Formatos de audio<\/a>\n                            <\/div>\n                            \t\t\t\t\t\t\t                            \t\t\t\t\t\t\t\t\t\t\t\t\t\t<div class=\"col-lg-3 col-md-3 simple_list_col\">\n\t\t\t\t\t\t\t                                <a href=\"http:\/\/www.sos.ca.gov\/elections\/elections_vr.htm\" class=\"\" target=\"_blank\">Preguntas frecuentes sobre el registro de votantes<\/a>\n                            <\/div>\n                            \t\t\t\t\t\t\t                        <\/div>\n                    <\/div>\n            <\/div>\n              <\/div>\n      <\/section>\n<\/div>\n\n\n\n<p><br><br><\/p>\n\n\n\n<h2 class=\"wp-block-heading\">L\u00edneas directas para votantes<\/h2>\n\n\n\n<p>El Secretario de Estado ofrece asistencia telef\u00f3nica a los votantes en 10 idiomas y un dispositivo de telecomunicaciones para sordos (TDD).<\/p>\n\n\n\n<div class=\"wp-block-media-text alignwide is-stacked-on-mobile\" style=\"grid-template-columns:60% auto\"><figure class=\"wp-block-media-text__media\"><img loading=\"lazy\" decoding=\"async\" width=\"1000\" height=\"667\" src=\"https:\/\/www.nlacrc.org\/wp-content\/uploads\/2024\/06\/Hotline_1000.jpg\" alt=\"\" class=\"wp-image-37795 size-full\" srcset=\"https:\/\/www.nlacrc.org\/wp-content\/uploads\/2024\/06\/Hotline_1000.jpg 1000w, https:\/\/www.nlacrc.org\/wp-content\/uploads\/2024\/06\/Hotline_1000-300x200.jpg 300w, https:\/\/www.nlacrc.org\/wp-content\/uploads\/2024\/06\/Hotline_1000-768x512.jpg 768w, https:\/\/www.nlacrc.org\/wp-content\/uploads\/2024\/06\/Hotline_1000-720x480.jpg 720w, https:\/\/www.nlacrc.org\/wp-content\/uploads\/2024\/06\/Hotline_1000-600x400.jpg 600w, https:\/\/www.nlacrc.org\/wp-content\/uploads\/2024\/06\/Hotline_1000-24x16.jpg 24w, https:\/\/www.nlacrc.org\/wp-content\/uploads\/2024\/06\/Hotline_1000-36x24.jpg 36w, https:\/\/www.nlacrc.org\/wp-content\/uploads\/2024\/06\/Hotline_1000-48x32.jpg 48w\" sizes=\"auto, (max-width: 1000px) 100vw, 1000px\" \/><\/figure><div class=\"wp-block-media-text__content\">\n<ul class=\"wp-block-list\">\n<li>Ingl\u00e9s <a href=\"tel:800-345-8683\">(800) 345-VOTA<\/a> (8683)<\/li>\n\n\n\n<li>Espa\u00f1ol <a href=\"tel:800-232-8682\">(800) 232-VOTA<\/a> (8682)<\/li>\n\n\n\n<li>Chino <a href=\"tel:(800) 339-2857\">(800) 339-2857<\/a><\/li>\n\n\n\n<li>hindi <a href=\"tel:(800) 345-2692\">(800) 345-2692<\/a><\/li>\n\n\n\n<li>japon\u00e9s <a href=\"tel:(800) 339-2865\">(800) 339-2865<\/a><\/li>\n\n\n\n<li>Jemer <a href=\"tel:(888) 345-4917\">(888) 345-4917<\/a><\/li>\n\n\n\n<li>coreano <a href=\"tel:(866) 575-1558\">(866) 575-1558<\/a><\/li>\n\n\n\n<li>Tagalo <a href=\"tel:(800) 339-2957\">(800) 339-2957<\/a><\/li>\n\n\n\n<li>tailand\u00e9s <a href=\"tel:(855) 345-3933\">(855) 345-3933<\/a><\/li>\n\n\n\n<li>vietnamita <a href=\"tel:(800) 339-8163\">(800) 339-8163<\/a><\/li>\n\n\n\n<li>TDD <a href=\"tel:(800) 833-8683\">(800) 833-8683<\/a><\/li>\n<\/ul>\n<\/div><\/div>\n\n\n\n<p><br><\/p>","protected":false},"excerpt":{"rendered":"Recursos e informaci\u00f3n para votantes Voto por discapacidad en California Voto por discapacidad en California es una campa\u00f1a no partidista para eliminar las barreras al voto, promover la accesibilidad [\u2026]","protected":false},"author":3,"featured_media":0,"parent":36324,"menu_order":31,"comment_status":"closed","ping_status":"closed","template":"","meta":{"_acf_changed":false,"advgb_blocks_editor_width":"","advgb_blocks_columns_visual_guide":"","_EventAllDay":false,"_EventTimezone":"","_EventStartDate":"","_EventEndDate":"","_EventStartDateUTC":"","_EventEndDateUTC":"","_EventShowMap":false,"_EventShowMapLink":false,"_EventURL":"","_EventCost":"","_EventCostDescription":"","_EventCurrencySymbol":"","_EventCurrencyCode":"","_EventCurrencyPosition":"","_EventDateTimeSeparator":"","_EventTimeRangeSeparator":"","_EventOrganizerID":[],"_EventVenueID":[],"_OrganizerEmail":"","_OrganizerPhone":"","_OrganizerWebsite":"","_VenueAddress":"","_VenueCity":"","_VenueCountry":"","_VenueProvince":"","_VenueState":"","_VenueZip":"","_VenuePhone":"","_VenueURL":"","_VenueStateProvince":"","_VenueLat":"","_VenueLng":"","_VenueShowMap":false,"_VenueShowMapLink":false,"_tribe_blocks_recurrence_rules":"","_tribe_blocks_recurrence_description":"","_tribe_blocks_recurrence_exclusions":"","footnotes":""},"class_list":["post-36679","page","type-page","status-publish","hentry"],"acf":[],"yoast_head":"<!-- This site is optimized with the Yoast SEO plugin v26.4 - https:\/\/yoast.com\/wordpress\/plugins\/seo\/ -->\n<title>Register to Vote -<\/title>\n<meta name=\"description\" content=\"Register to Vote - Group of young american voter people putting vote in ballot. Woman smiling happy and holding i voted badge at electoral center. Voter Resources and\" \/>\n<meta name=\"robots\" content=\"index, follow, max-snippet:-1, max-image-preview:large, max-video-preview:-1\" \/>\n<link rel=\"canonical\" href=\"https:\/\/www.nlacrc.org\/es\/get-involved\/register-to-vote\/\" \/>\n<meta property=\"og:locale\" content=\"es_MX\" \/>\n<meta property=\"og:type\" content=\"article\" \/>\n<meta property=\"og:title\" content=\"Register to Vote -\" \/>\n<meta property=\"og:description\" content=\"Register to Vote - Group of young american voter people putting vote in ballot. Woman smiling happy and holding i voted badge at electoral center. Voter Resources and\" \/>\n<meta property=\"og:url\" content=\"https:\/\/www.nlacrc.org\/es\/get-involved\/register-to-vote\/\" \/>\n<meta property=\"og:site_name\" content=\"North Los Angeles County\" \/>\n<meta property=\"article:publisher\" content=\"https:\/\/www.facebook.com\/NLACRC\/\" \/>\n<meta property=\"article:modified_time\" content=\"2025-08-04T17:22:36+00:00\" \/>\n<meta property=\"og:image\" content=\"https:\/\/www.nlacrc.org\/wp-content\/uploads\/2025\/08\/adobestock-444634594-1024x473.jpeg\" \/>\n<meta name=\"twitter:card\" content=\"summary_large_image\" \/>\n<meta name=\"twitter:site\" content=\"@NLACRC\" \/>\n<meta name=\"twitter:label1\" content=\"Est. reading time\" \/>\n\t<meta name=\"twitter:data1\" content=\"3 minutos\" \/>\n<script type=\"application\/ld+json\" class=\"yoast-schema-graph\">{\"@context\":\"https:\/\/schema.org\",\"@graph\":[{\"@type\":\"WebPage\",\"@id\":\"https:\/\/www.nlacrc.org\/get-involved\/register-to-vote\/\",\"url\":\"https:\/\/www.nlacrc.org\/get-involved\/register-to-vote\/\",\"name\":\"Register to Vote -\",\"isPartOf\":{\"@id\":\"https:\/\/www.nlacrc.org\/fa\/#website\"},\"primaryImageOfPage\":{\"@id\":\"https:\/\/www.nlacrc.org\/get-involved\/register-to-vote\/#primaryimage\"},\"image\":{\"@id\":\"https:\/\/www.nlacrc.org\/get-involved\/register-to-vote\/#primaryimage\"},\"thumbnailUrl\":\"https:\/\/www.nlacrc.org\/wp-content\/uploads\/2025\/08\/adobestock-444634594-1024x473.jpeg\",\"datePublished\":\"2024-06-05T16:36:04+00:00\",\"dateModified\":\"2025-08-04T17:22:36+00:00\",\"description\":\"Register to Vote - Group of young american voter people putting vote in ballot. Woman smiling happy and holding i voted badge at electoral center. Voter Resources and\",\"breadcrumb\":{\"@id\":\"https:\/\/www.nlacrc.org\/get-involved\/register-to-vote\/#breadcrumb\"},\"inLanguage\":\"es\",\"potentialAction\":[{\"@type\":\"ReadAction\",\"target\":[\"https:\/\/www.nlacrc.org\/get-involved\/register-to-vote\/\"]}]},{\"@type\":\"ImageObject\",\"inLanguage\":\"es\",\"@id\":\"https:\/\/www.nlacrc.org\/get-involved\/register-to-vote\/#primaryimage\",\"url\":\"https:\/\/www.nlacrc.org\/wp-content\/uploads\/2025\/08\/adobestock-444634594-1024x473.jpeg\",\"contentUrl\":\"https:\/\/www.nlacrc.org\/wp-content\/uploads\/2025\/08\/adobestock-444634594-1024x473.jpeg\"},{\"@type\":\"BreadcrumbList\",\"@id\":\"https:\/\/www.nlacrc.org\/get-involved\/register-to-vote\/#breadcrumb\",\"itemListElement\":[{\"@type\":\"ListItem\",\"position\":1,\"name\":\"Home\",\"item\":\"https:\/\/www.nlacrc.org\/\"},{\"@type\":\"ListItem\",\"position\":2,\"name\":\"Get Involved\",\"item\":\"https:\/\/www.nlacrc.org\/get-involved\/\"},{\"@type\":\"ListItem\",\"position\":3,\"name\":\"Register to Vote\"}]},{\"@type\":\"WebSite\",\"@id\":\"https:\/\/www.nlacrc.org\/fa\/#website\",\"url\":\"https:\/\/www.nlacrc.org\/fa\/\",\"name\":\"North Los Angeles County\",\"description\":\"Regional Center\",\"publisher\":{\"@id\":\"https:\/\/www.nlacrc.org\/fa\/#organization\"},\"potentialAction\":[{\"@type\":\"SearchAction\",\"target\":{\"@type\":\"EntryPoint\",\"urlTemplate\":\"https:\/\/www.nlacrc.org\/fa\/?s={search_term_string}\"},\"query-input\":{\"@type\":\"PropertyValueSpecification\",\"valueRequired\":true,\"valueName\":\"search_term_string\"}}],\"inLanguage\":\"es\"},{\"@type\":\"Organization\",\"@id\":\"https:\/\/www.nlacrc.org\/fa\/#organization\",\"name\":\"North Los Angeles County\",\"url\":\"https:\/\/www.nlacrc.org\/fa\/\",\"logo\":{\"@type\":\"ImageObject\",\"inLanguage\":\"es\",\"@id\":\"https:\/\/www.nlacrc.org\/fa\/#\/schema\/logo\/image\/\",\"url\":\"https:\/\/www.nlacrc.org\/wp-content\/uploads\/2024\/06\/logo.svg\",\"contentUrl\":\"https:\/\/www.nlacrc.org\/wp-content\/uploads\/2024\/06\/logo.svg\",\"width\":131,\"height\":130,\"caption\":\"North Los Angeles County\"},\"image\":{\"@id\":\"https:\/\/www.nlacrc.org\/fa\/#\/schema\/logo\/image\/\"},\"sameAs\":[\"https:\/\/www.facebook.com\/NLACRC\/\",\"https:\/\/x.com\/NLACRC\"]}]}<\/script>\n<!-- \/ Yoast SEO plugin. -->","yoast_head_json":{"title":"Register to Vote -","description":"Register to Vote - Group of young american voter people putting vote in ballot. Woman smiling happy and holding i voted badge at electoral center. Voter Resources and","robots":{"index":"index","follow":"follow","max-snippet":"max-snippet:-1","max-image-preview":"max-image-preview:large","max-video-preview":"max-video-preview:-1"},"canonical":"https:\/\/www.nlacrc.org\/es\/get-involved\/register-to-vote\/","og_locale":"es_MX","og_type":"article","og_title":"Register to Vote -","og_description":"Register to Vote - Group of young american voter people putting vote in ballot. Woman smiling happy and holding i voted badge at electoral center. Voter Resources and","og_url":"https:\/\/www.nlacrc.org\/es\/get-involved\/register-to-vote\/","og_site_name":"North Los Angeles County","article_publisher":"https:\/\/www.facebook.com\/NLACRC\/","article_modified_time":"2025-08-04T17:22:36+00:00","og_image":[{"url":"https:\/\/www.nlacrc.org\/wp-content\/uploads\/2025\/08\/adobestock-444634594-1024x473.jpeg","type":"","width":"","height":""}],"twitter_card":"summary_large_image","twitter_site":"@NLACRC","twitter_misc":{"Est. reading time":"3 minutos"},"schema":{"@context":"https:\/\/schema.org","@graph":[{"@type":"WebPage","@id":"https:\/\/www.nlacrc.org\/get-involved\/register-to-vote\/","url":"https:\/\/www.nlacrc.org\/get-involved\/register-to-vote\/","name":"Register to Vote -","isPartOf":{"@id":"https:\/\/www.nlacrc.org\/fa\/#website"},"primaryImageOfPage":{"@id":"https:\/\/www.nlacrc.org\/get-involved\/register-to-vote\/#primaryimage"},"image":{"@id":"https:\/\/www.nlacrc.org\/get-involved\/register-to-vote\/#primaryimage"},"thumbnailUrl":"https:\/\/www.nlacrc.org\/wp-content\/uploads\/2025\/08\/adobestock-444634594-1024x473.jpeg","datePublished":"2024-06-05T16:36:04+00:00","dateModified":"2025-08-04T17:22:36+00:00","description":"Register to Vote - Group of young american voter people putting vote in ballot. Woman smiling happy and holding i voted badge at electoral center. Voter Resources and","breadcrumb":{"@id":"https:\/\/www.nlacrc.org\/get-involved\/register-to-vote\/#breadcrumb"},"inLanguage":"es","potentialAction":[{"@type":"ReadAction","target":["https:\/\/www.nlacrc.org\/get-involved\/register-to-vote\/"]}]},{"@type":"ImageObject","inLanguage":"es","@id":"https:\/\/www.nlacrc.org\/get-involved\/register-to-vote\/#primaryimage","url":"https:\/\/www.nlacrc.org\/wp-content\/uploads\/2025\/08\/adobestock-444634594-1024x473.jpeg","contentUrl":"https:\/\/www.nlacrc.org\/wp-content\/uploads\/2025\/08\/adobestock-444634594-1024x473.jpeg"},{"@type":"BreadcrumbList","@id":"https:\/\/www.nlacrc.org\/get-involved\/register-to-vote\/#breadcrumb","itemListElement":[{"@type":"ListItem","position":1,"name":"Home","item":"https:\/\/www.nlacrc.org\/"},{"@type":"ListItem","position":2,"name":"Get Involved","item":"https:\/\/www.nlacrc.org\/get-involved\/"},{"@type":"ListItem","position":3,"name":"Register to Vote"}]},{"@type":"WebSite","@id":"https:\/\/www.nlacrc.org\/fa\/#website","url":"https:\/\/www.nlacrc.org\/fa\/","name":"Norte del condado de Los \u00c1ngeles","description":"Centro Regional","publisher":{"@id":"https:\/\/www.nlacrc.org\/fa\/#organization"},"potentialAction":[{"@type":"SearchAction","target":{"@type":"EntryPoint","urlTemplate":"https:\/\/www.nlacrc.org\/fa\/?s={search_term_string}"},"query-input":{"@type":"PropertyValueSpecification","valueRequired":true,"valueName":"search_term_string"}}],"inLanguage":"es"},{"@type":"Organization","@id":"https:\/\/www.nlacrc.org\/fa\/#organization","name":"Norte del condado de Los \u00c1ngeles","url":"https:\/\/www.nlacrc.org\/fa\/","logo":{"@type":"ImageObject","inLanguage":"es","@id":"https:\/\/www.nlacrc.org\/fa\/#\/schema\/logo\/image\/","url":"https:\/\/www.nlacrc.org\/wp-content\/uploads\/2024\/06\/logo.svg","contentUrl":"https:\/\/www.nlacrc.org\/wp-content\/uploads\/2024\/06\/logo.svg","width":131,"height":130,"caption":"North Los Angeles County"},"image":{"@id":"https:\/\/www.nlacrc.org\/fa\/#\/schema\/logo\/image\/"},"sameAs":["https:\/\/www.facebook.com\/NLACRC\/","https:\/\/x.com\/NLACRC"]}]}},"coauthors":[],"author_meta":{"author_link":"https:\/\/www.nlacrc.org\/es\/author\/planeteria\/","display_name":"planeteria"},"relative_dates":{"created":"Publicado 2 a\u00f1os hace","modified":"Actualizado 9 meses hace"},"absolute_dates":{"created":"Publicado el junio 5, 2024","modified":"Actualizado el agosto 4, 2025"},"absolute_dates_time":{"created":"Publicado el junio 5, 2024 9:36 am","modified":"Actualizado el agosto 4, 2025 10:22 am"},"featured_img_caption":"","featured_img":false,"series_order":"","_links":{"self":[{"href":"https:\/\/www.nlacrc.org\/es\/wp-json\/wp\/v2\/pages\/36679","targetHints":{"allow":["GET"]}}],"collection":[{"href":"https:\/\/www.nlacrc.org\/es\/wp-json\/wp\/v2\/pages"}],"about":[{"href":"https:\/\/www.nlacrc.org\/es\/wp-json\/wp\/v2\/types\/page"}],"author":[{"embeddable":true,"href":"https:\/\/www.nlacrc.org\/es\/wp-json\/wp\/v2\/users\/3"}],"replies":[{"embeddable":true,"href":"https:\/\/www.nlacrc.org\/es\/wp-json\/wp\/v2\/comments?post=36679"}],"version-history":[{"count":5,"href":"https:\/\/www.nlacrc.org\/es\/wp-json\/wp\/v2\/pages\/36679\/revisions"}],"predecessor-version":[{"id":56465,"href":"https:\/\/www.nlacrc.org\/es\/wp-json\/wp\/v2\/pages\/36679\/revisions\/56465"}],"up":[{"embeddable":true,"href":"https:\/\/www.nlacrc.org\/es\/wp-json\/wp\/v2\/pages\/36324"}],"wp:attachment":[{"href":"https:\/\/www.nlacrc.org\/es\/wp-json\/wp\/v2\/media?parent=36679"}],"curies":[{"name":"wp","href":"https:\/\/api.w.org\/{rel}","templated":true}]}}