{"id":36625,"date":"2024-06-05T09:34:49","date_gmt":"2024-06-05T16:34:49","guid":{"rendered":"https:\/\/www.nlacrc.org\/?page_id=36625"},"modified":"2025-12-08T14:54:13","modified_gmt":"2025-12-08T22:54:13","slug":"new-consumer-orientation-packet","status":"publish","type":"page","link":"https:\/\/www.nlacrc.org\/es\/consumers-families\/resources-for-consumers-families\/new-consumer-orientation-packet\/","title":{"rendered":"Nuevo paquete de orientaci\u00f3n al consumidor"},"content":{"rendered":"<div class=\"wp-block-group is-layout-constrained wp-block-group-is-layout-constrained\">\n<h2 class=\"wp-block-heading has-text-align-center\">Nueva orientaci\u00f3n al consumidor<\/h2>\n\n\n\n<p>En las nuevas orientaciones para consumidores y familias, aprender\u00e1 sobre los recursos y servicios y tendr\u00e1 la oportunidad de hacer preguntas sobre lo que puede esperar del centro regional. Tenga en cuenta que las orientaciones en ingl\u00e9s y espa\u00f1ol tienen diferentes enlaces de Zoom.<\/p>\n\n\n<div class=\"document_era list\">\r\n\t\t<div class=\"col-md-12\">\r\n\t\t\t\t\t\t\t\t\t<a class=\"doc_block\" href=\"https:\/\/www.nlacrc.org\/wp-content\/uploads\/2025\/04\/pdf-2-plain-language-new-consumers-orientation_v2_english.pdf\" target=\"_blank\"><img decoding=\"async\" src=\"https:\/\/www.nlacrc.org\/wp-content\/themes\/planeteriaweb\/img\/PDF.svg\" class=\"img_icon\" alt=\"download this document\" width=\"17px\"><span>New Consumer Orientation English<\/span><\/a>\r\n\t\t\t\t\t\t\t\t\t\t\t\t<a class=\"doc_block\" href=\"https:\/\/www.nlacrc.org\/wp-content\/uploads\/2025\/04\/plain-language-new-consumers-orientation_spanish.pdf\" target=\"_blank\"><img decoding=\"async\" src=\"https:\/\/www.nlacrc.org\/wp-content\/themes\/planeteriaweb\/img\/PDF.svg\" class=\"img_icon\" alt=\"download this document\" width=\"17px\"><span>New Consumer Orientation Spanish<\/span><\/a>\r\n\t\t\t\t\t\t\t<\/div>\r\n<\/div>\r\n\n\n\n<p>Esta orientaci\u00f3n es para nuevos consumidores adultos y padres de nuevos consumidores de 3 a\u00f1os en adelante. Los consumidores adultos actuales y sus familias pueden asistir.<\/p>\n\n\n\n<h3 class=\"wp-block-heading has-text-align-center\">2026 Orientation Dates<\/h3>\n\n\n\n<ul class=\"wp-block-list\">\n<li>February 4, 6:30 pm &#8211; 8:00 pm<\/li>\n\n\n\n<li>May 6, 6:30 pm &#8211; 8:00 pm<\/li>\n\n\n\n<li>August 5, 6:30 pm &#8211; 8:00 pm<\/li>\n\n\n\n<li>November 4, 6:30 pm &#8211; 8:00 pm<\/li>\n<\/ul>\n\n\n\n<p><strong>Debido a la crisis de salud del COVID-19, nuestra nueva orientaci\u00f3n para consumidores y familias se est\u00e1 llevando a cabo actualmente de manera virtual y usted puede asistir por computadora o tel\u00e9fono. <span style=\"text-decoration: underline;\">Actualmente no estamos realizando estas orientaciones en nuestras oficinas.<\/span><\/strong><\/p>\n\n\n\n<h3 class=\"wp-block-heading\">Informaci\u00f3n de orientaci\u00f3n y zoom<\/h3>\n\n\n\n<p class=\"has-text-align-center\"><strong>\u00danase a la reuni\u00f3n de Zoom en ingl\u00e9s<\/strong><br><a href=\"https:\/\/us06web.zoom.us\/j\/84735407041?pwd=dGhaWGpOVnNkLy9WN3ZyQkh1YnJYUT09\" target=\"_blank\" rel=\"noreferrer noopener\">https:\/\/us06web.zoom.us\/j\/84735407041?pwd=dGhaWGpOVnNkLy9WN3ZyQkh1YnJYUT09<\/a><br>ID de la reuni\u00f3n: 847 3540 7041<br>C\u00f3digo de acceso: 058498<br>Marcar por ubicaci\u00f3n:<br>+1 408 638 0968 EE. UU. (San Jos\u00e9)<br>+1 669 900 6833 EE. UU. (San Jos\u00e9)<\/p>\n\n\n\n<p class=\"has-text-align-center\"><strong>\u00danase a la reuni\u00f3n de Zoom en espa\u00f1ol<\/strong><br><strong><a href=\"https:\/\/nam04.safelinks.protection.outlook.com\/?url=https%3A%2F%2Fus06web.zoom.us%2Fj%2F88212971725%3Fpwd%3DeziaoigyCk5fOT8Ru8BGt3JeEabcdU.1&amp;data=05%7C01%7CCWhitlock2%40nlacrc.org%7Cf8a2ce51ecfc489f960608dbd96b8750%7C2c3a257885bc41a79e242901e077fd5a%7C0%7C0%7C638342828100913533%7CUnknown%7CTWFpbGZsb3d8eyJWIjoiMC4wLjAwMDAiLCJQIjoiV2luMzIiLCJBTiI6Ik1haWwiLCJXVCI6Mn0%3D%7C3000%7C%7C%7C&amp;sdata=XwN4Y5GwB7ysotJS3Ch8Rp8OboeYkoog6Uy%2BKmZG3Mo%3D&amp;reserved=0\" target=\"_blank\" rel=\"noreferrer noopener\">https:\/\/us06web.zoom.us\/j\/88212971725?pwd=eziaoigyCk5fOT8Ru8BGt3JeEabcdU.1<\/a><\/strong><br>ID de la reuni\u00f3n: 882 1297 1725<br>C\u00f3digo de acceso: 083282<br>Marcar por ubicaci\u00f3n:<br>+1 408 638 0968 EE. UU. (San Jos\u00e9)<br>+1 669 900 6833 EE. UU. (San Jos\u00e9)<\/p>\n\n\n\n<p class=\"has-text-align-center\"><strong>Tenga en cuenta que en este momento estamos <span style=\"text-decoration: underline;\">no<\/span> realizando estas orientaciones en nuestras oficinas.<\/strong><\/p>\n\n\n\n<h3 class=\"wp-block-heading has-text-align-left\">Paquete de informaci\u00f3n de orientaci\u00f3n<\/h3>\n\n\n<div class=\"document_era list\">\r\n\t\t<div class=\"col-md-12\">\r\n\t\t\t\t\t\t\t\t\t<a class=\"doc_block\" href=\"https:\/\/www.nlacrc.org\/wp-content\/uploads\/2025\/11\/nlacrc-common-services-eng-1.pdf\" target=\"_blank\"><img decoding=\"async\" src=\"https:\/\/www.nlacrc.org\/wp-content\/themes\/planeteriaweb\/img\/PDF.svg\" class=\"img_icon\" alt=\"download this document\" width=\"17px\"><span>NLACRC Common Services<\/span><\/a>\r\n\t\t\t\t\t\t\t\t\t\t\t\t<a class=\"doc_block\" href=\"https:\/\/www.nlacrc.org\/wp-content\/uploads\/2024\/06\/New-Consumer-Orientation-PowerPoint.pdf\" target=\"_blank\"><img decoding=\"async\" src=\"https:\/\/www.nlacrc.org\/wp-content\/themes\/planeteriaweb\/img\/PDF.svg\" class=\"img_icon\" alt=\"download this document\" width=\"17px\"><span>Nueva orientaci\u00f3n al consumidor (PowerPoint)<\/span><\/a>\r\n\t\t\t\t\t\t\t\t\t\t\t\t<a class=\"doc_block\" href=\"https:\/\/www.nlacrc.org\/wp-content\/uploads\/2024\/07\/Orientacion-Para-Nuevos-Consumidores_Rev.-02.2024.pdf\" target=\"_blank\"><img decoding=\"async\" src=\"https:\/\/www.nlacrc.org\/wp-content\/themes\/planeteriaweb\/img\/PDF.svg\" class=\"img_icon\" alt=\"download this document\" width=\"17px\"><span>Orientaci\u00f3n Para Nuevos Consumidores (PowerPoint)<\/span><\/a>\r\n\t\t\t\t\t\t\t\t\t\t\t\t<a class=\"doc_block\" href=\"https:\/\/www.nlacrc.org\/wp-content\/uploads\/2024\/06\/School-Age-Common-Services.pdf\" target=\"_blank\"><img decoding=\"async\" src=\"https:\/\/www.nlacrc.org\/wp-content\/themes\/planeteriaweb\/img\/PDF.svg\" class=\"img_icon\" alt=\"download this document\" width=\"17px\"><span>Servicios comunes (edad escolar)<\/span><\/a>\r\n\t\t\t\t\t\t\t\t\t\t\t\t<a class=\"doc_block\" href=\"https:\/\/www.nlacrc.org\/wp-content\/uploads\/2024\/06\/Transition-Common-Services.pdf\" target=\"_blank\"><img decoding=\"async\" src=\"https:\/\/www.nlacrc.org\/wp-content\/themes\/planeteriaweb\/img\/PDF.svg\" class=\"img_icon\" alt=\"download this document\" width=\"17px\"><span>Servicios comunes (transici\u00f3n)<\/span><\/a>\r\n\t\t\t\t\t\t\t\t\t\t\t\t<a class=\"doc_block\" href=\"https:\/\/www.nlacrc.org\/wp-content\/uploads\/2024\/06\/Adult-Common-Services.pdf\" target=\"_blank\"><img decoding=\"async\" src=\"https:\/\/www.nlacrc.org\/wp-content\/themes\/planeteriaweb\/img\/PDF.svg\" class=\"img_icon\" alt=\"download this document\" width=\"17px\"><span>Servicios comunes (adultos)<\/span><\/a>\r\n\t\t\t\t\t\t\t\t\t\t\t\t<a class=\"doc_block\" href=\"https:\/\/www.nlacrc.org\/wp-content\/uploads\/2024\/06\/Consumer-Guide-to-Lanterman-Act.pdf\" target=\"_blank\"><img decoding=\"async\" src=\"https:\/\/www.nlacrc.org\/wp-content\/themes\/planeteriaweb\/img\/PDF.svg\" class=\"img_icon\" alt=\"download this document\" width=\"17px\"><span>Gu\u00eda del consumidor sobre la Ley Lanterman<\/span><\/a>\r\n\t\t\t\t\t\t\t\t\t\t\t\t<a class=\"doc_block\" href=\"https:\/\/www.nlacrc.org\/wp-content\/uploads\/2024\/06\/Consumer-Rights-Complaint-Process.pdf\" target=\"_blank\"><img decoding=\"async\" src=\"https:\/\/www.nlacrc.org\/wp-content\/themes\/planeteriaweb\/img\/PDF.svg\" class=\"img_icon\" alt=\"download this document\" width=\"17px\"><span>Proceso de quejas sobre derechos del consumidor<\/span><\/a>\r\n\t\t\t\t\t\t\t\t\t\t\t\t<a class=\"doc_block\" href=\"https:\/\/www.nlacrc.org\/wp-content\/uploads\/2024\/06\/Family-Focus-Resource-Center.pdf\" target=\"_blank\"><img decoding=\"async\" src=\"https:\/\/www.nlacrc.org\/wp-content\/themes\/planeteriaweb\/img\/PDF.svg\" class=\"img_icon\" alt=\"download this document\" width=\"17px\"><span>Centro de recursos de enfoque familiar<\/span><\/a>\r\n\t\t\t\t\t\t\t\t\t\t\t\t<a class=\"doc_block\" href=\"https:\/\/www.nlacrc.org\/wp-content\/uploads\/2024\/06\/General-Information-Brochure.pdf\" target=\"_blank\"><img decoding=\"async\" src=\"https:\/\/www.nlacrc.org\/wp-content\/themes\/planeteriaweb\/img\/PDF.svg\" class=\"img_icon\" alt=\"download this document\" width=\"17px\"><span>Folleto de informaci\u00f3n general<\/span><\/a>\r\n\t\t\t\t\t\t\t\t\t\t\t\t<a class=\"doc_block\" href=\"https:\/\/www.nlacrc.org\/wp-content\/uploads\/2024\/06\/Multimedia-Library.pdf\" target=\"_blank\"><img decoding=\"async\" src=\"https:\/\/www.nlacrc.org\/wp-content\/themes\/planeteriaweb\/img\/PDF.svg\" class=\"img_icon\" alt=\"download this document\" width=\"17px\"><span>Biblioteca multimedia<\/span><\/a>\r\n\t\t\t\t\t\t\t\t\t\t\t\t<a class=\"doc_block\" href=\"https:\/\/www.nlacrc.org\/wp-content\/uploads\/2024\/06\/NLACRC-Brochure-Eng.-Span.pdf\" target=\"_blank\"><img decoding=\"async\" src=\"https:\/\/www.nlacrc.org\/wp-content\/themes\/planeteriaweb\/img\/PDF.svg\" class=\"img_icon\" alt=\"download this document\" width=\"17px\"><span>Oficina de Defensa de los Derechos del Cliente (OCRA)<\/span><\/a>\r\n\t\t\t\t\t\t\t\t\t\t\t\t<a class=\"doc_block\" href=\"https:\/\/www.nlacrc.org\/wp-content\/uploads\/2025\/05\/nla_pfss-hotline_e.s.pdf\" target=\"_blank\"><img decoding=\"async\" src=\"https:\/\/www.nlacrc.org\/wp-content\/themes\/planeteriaweb\/img\/PDF.svg\" class=\"img_icon\" alt=\"download this document\" width=\"17px\"><span>Especialistas en apoyo a padres y familias<\/span><\/a>\r\n\t\t\t\t\t\t\t\t\t\t\t\t<a class=\"doc_block\" href=\"https:\/\/www.nlacrc.org\/wp-content\/uploads\/2024\/06\/Self-Determination-Program.pdf\" target=\"_blank\"><img decoding=\"async\" src=\"https:\/\/www.nlacrc.org\/wp-content\/themes\/planeteriaweb\/img\/PDF.svg\" class=\"img_icon\" alt=\"download this document\" width=\"17px\"><span>Programa de autodeterminaci\u00f3n<\/span><\/a>\r\n\t\t\t\t\t\t\t\t\t\t\t\t\t\t\t\t\t\t\t\t<a class=\"doc_block\" href=\"https:\/\/www.nlacrc.org\/wp-content\/uploads\/2024\/06\/Stay-Connected.pdf\" target=\"_blank\"><img decoding=\"async\" src=\"https:\/\/www.nlacrc.org\/wp-content\/themes\/planeteriaweb\/img\/PDF.svg\" class=\"img_icon\" alt=\"download this document\" width=\"17px\"><span>Mantente conectado<\/span><\/a>\r\n\t\t\t\t\t\t\t\t\t\t\t\t<a class=\"doc_block\" href=\"https:\/\/www.nlacrc.org\/wp-content\/uploads\/2025\/04\/nla_pfss-hotline_e.s.pdf\" target=\"_blank\"><img decoding=\"async\" src=\"https:\/\/www.nlacrc.org\/wp-content\/themes\/planeteriaweb\/img\/PDF.svg\" class=\"img_icon\" alt=\"download this document\" width=\"17px\"><span>Grupos de apoyo<\/span><\/a>\r\n\t\t\t\t\t\t\t\t\t\t\t\t<a class=\"doc_block\" href=\"https:\/\/www.nlacrc.org\/wp-content\/uploads\/2024\/06\/Website-Resources.pdf\" target=\"_blank\"><img decoding=\"async\" src=\"https:\/\/www.nlacrc.org\/wp-content\/themes\/planeteriaweb\/img\/PDF.svg\" class=\"img_icon\" alt=\"download this document\" width=\"17px\"><span>Recursos del sitio web<\/span><\/a>\r\n\t\t\t\t\t\t\t<\/div>\r\n<\/div>\r\n<\/div>","protected":false},"excerpt":{"rendered":"Orientaci\u00f3n para nuevos consumidores En las orientaciones para nuevos consumidores y familias, aprender\u00e1 sobre recursos y servicios y tendr\u00e1 una [\u2026]","protected":false},"author":3,"featured_media":0,"parent":36619,"menu_order":52,"comment_status":"closed","ping_status":"closed","template":"","meta":{"_acf_changed":false,"advgb_blocks_editor_width":"","advgb_blocks_columns_visual_guide":"","_EventAllDay":false,"_EventTimezone":"","_EventStartDate":"","_EventEndDate":"","_EventStartDateUTC":"","_EventEndDateUTC":"","_EventShowMap":false,"_EventShowMapLink":false,"_EventURL":"","_EventCost":"","_EventCostDescription":"","_EventCurrencySymbol":"","_EventCurrencyCode":"","_EventCurrencyPosition":"","_EventDateTimeSeparator":"","_EventTimeRangeSeparator":"","_EventOrganizerID":[],"_EventVenueID":[],"_OrganizerEmail":"","_OrganizerPhone":"","_OrganizerWebsite":"","_VenueAddress":"","_VenueCity":"","_VenueCountry":"","_VenueProvince":"","_VenueState":"","_VenueZip":"","_VenuePhone":"","_VenueURL":"","_VenueStateProvince":"","_VenueLat":"","_VenueLng":"","_VenueShowMap":false,"_VenueShowMapLink":false,"_tribe_blocks_recurrence_rules":"","_tribe_blocks_recurrence_description":"","_tribe_blocks_recurrence_exclusions":"","footnotes":""},"class_list":["post-36625","page","type-page","status-publish","hentry"],"acf":[],"yoast_head":"<!-- This site is optimized with the Yoast SEO plugin v26.4 - https:\/\/yoast.com\/wordpress\/plugins\/seo\/ -->\n<title>New Consumer Orientation Packet -<\/title>\n<meta name=\"description\" content=\"New Consumer Orientation Packet - New Consumer Orientation At the new consumer and family orientations, you will learn about resources and services and have an opportunity to ask questions\" \/>\n<meta name=\"robots\" content=\"index, follow, max-snippet:-1, max-image-preview:large, max-video-preview:-1\" \/>\n<link rel=\"canonical\" href=\"https:\/\/www.nlacrc.org\/es\/consumers-families\/resources-for-consumers-families\/new-consumer-orientation-packet\/\" \/>\n<meta property=\"og:locale\" content=\"es_MX\" \/>\n<meta property=\"og:type\" content=\"article\" \/>\n<meta property=\"og:title\" content=\"New Consumer Orientation Packet -\" \/>\n<meta property=\"og:description\" content=\"New Consumer Orientation Packet - New Consumer Orientation At the new consumer and family orientations, you will learn about resources and services and have an opportunity to ask questions\" \/>\n<meta property=\"og:url\" content=\"https:\/\/www.nlacrc.org\/es\/consumers-families\/resources-for-consumers-families\/new-consumer-orientation-packet\/\" \/>\n<meta property=\"og:site_name\" content=\"North Los Angeles County\" \/>\n<meta property=\"article:publisher\" content=\"https:\/\/www.facebook.com\/NLACRC\/\" \/>\n<meta property=\"article:modified_time\" content=\"2025-12-08T22:54:13+00:00\" \/>\n<meta name=\"twitter:card\" content=\"summary_large_image\" \/>\n<meta name=\"twitter:site\" content=\"@NLACRC\" \/>\n<meta name=\"twitter:label1\" content=\"Est. reading time\" \/>\n\t<meta name=\"twitter:data1\" content=\"1 minuto\" \/>\n<script type=\"application\/ld+json\" class=\"yoast-schema-graph\">{\"@context\":\"https:\/\/schema.org\",\"@graph\":[{\"@type\":\"WebPage\",\"@id\":\"https:\/\/www.nlacrc.org\/es\/consumers-families\/resources-for-consumers-families\/new-consumer-orientation-packet\/\",\"url\":\"https:\/\/www.nlacrc.org\/es\/consumers-families\/resources-for-consumers-families\/new-consumer-orientation-packet\/\",\"name\":\"New Consumer Orientation Packet -\",\"isPartOf\":{\"@id\":\"https:\/\/www.nlacrc.org\/fa\/#website\"},\"datePublished\":\"2024-06-05T16:34:49+00:00\",\"dateModified\":\"2025-12-08T22:54:13+00:00\",\"description\":\"New Consumer Orientation Packet - New Consumer Orientation At the new consumer and family orientations, you will learn about resources and services and have an opportunity to ask questions\",\"breadcrumb\":{\"@id\":\"https:\/\/www.nlacrc.org\/es\/consumers-families\/resources-for-consumers-families\/new-consumer-orientation-packet\/#breadcrumb\"},\"inLanguage\":\"es\",\"potentialAction\":[{\"@type\":\"ReadAction\",\"target\":[\"https:\/\/www.nlacrc.org\/es\/consumers-families\/resources-for-consumers-families\/new-consumer-orientation-packet\/\"]}]},{\"@type\":\"BreadcrumbList\",\"@id\":\"https:\/\/www.nlacrc.org\/es\/consumers-families\/resources-for-consumers-families\/new-consumer-orientation-packet\/#breadcrumb\",\"itemListElement\":[{\"@type\":\"ListItem\",\"position\":1,\"name\":\"Home\",\"item\":\"https:\/\/www.nlacrc.org\/\"},{\"@type\":\"ListItem\",\"position\":2,\"name\":\"Consumers &amp; Families\",\"item\":\"https:\/\/nlacrc.org\/consumers-families\/\"},{\"@type\":\"ListItem\",\"position\":3,\"name\":\"Resources for Consumers &amp; Families\",\"item\":\"https:\/\/www.nlacrc.org\/hy\/consumers-families\/resources-for-consumers-families\/\"},{\"@type\":\"ListItem\",\"position\":4,\"name\":\"New Consumer Orientation Packet\"}]},{\"@type\":\"WebSite\",\"@id\":\"https:\/\/www.nlacrc.org\/fa\/#website\",\"url\":\"https:\/\/www.nlacrc.org\/fa\/\",\"name\":\"North Los Angeles County\",\"description\":\"Regional Center\",\"publisher\":{\"@id\":\"https:\/\/www.nlacrc.org\/fa\/#organization\"},\"potentialAction\":[{\"@type\":\"SearchAction\",\"target\":{\"@type\":\"EntryPoint\",\"urlTemplate\":\"https:\/\/www.nlacrc.org\/fa\/?s={search_term_string}\"},\"query-input\":{\"@type\":\"PropertyValueSpecification\",\"valueRequired\":true,\"valueName\":\"search_term_string\"}}],\"inLanguage\":\"es\"},{\"@type\":\"Organization\",\"@id\":\"https:\/\/www.nlacrc.org\/fa\/#organization\",\"name\":\"North Los Angeles County\",\"url\":\"https:\/\/www.nlacrc.org\/fa\/\",\"logo\":{\"@type\":\"ImageObject\",\"inLanguage\":\"es\",\"@id\":\"https:\/\/www.nlacrc.org\/fa\/#\/schema\/logo\/image\/\",\"url\":\"https:\/\/www.nlacrc.org\/wp-content\/uploads\/2024\/06\/logo.svg\",\"contentUrl\":\"https:\/\/www.nlacrc.org\/wp-content\/uploads\/2024\/06\/logo.svg\",\"width\":131,\"height\":130,\"caption\":\"North Los Angeles County\"},\"image\":{\"@id\":\"https:\/\/www.nlacrc.org\/fa\/#\/schema\/logo\/image\/\"},\"sameAs\":[\"https:\/\/www.facebook.com\/NLACRC\/\",\"https:\/\/x.com\/NLACRC\"]}]}<\/script>\n<!-- \/ Yoast SEO plugin. -->","yoast_head_json":{"title":"New Consumer Orientation Packet -","description":"New Consumer Orientation Packet - New Consumer Orientation At the new consumer and family orientations, you will learn about resources and services and have an opportunity to ask questions","robots":{"index":"index","follow":"follow","max-snippet":"max-snippet:-1","max-image-preview":"max-image-preview:large","max-video-preview":"max-video-preview:-1"},"canonical":"https:\/\/www.nlacrc.org\/es\/consumers-families\/resources-for-consumers-families\/new-consumer-orientation-packet\/","og_locale":"es_MX","og_type":"article","og_title":"New Consumer Orientation Packet -","og_description":"New Consumer Orientation Packet - New Consumer Orientation At the new consumer and family orientations, you will learn about resources and services and have an opportunity to ask questions","og_url":"https:\/\/www.nlacrc.org\/es\/consumers-families\/resources-for-consumers-families\/new-consumer-orientation-packet\/","og_site_name":"North Los Angeles County","article_publisher":"https:\/\/www.facebook.com\/NLACRC\/","article_modified_time":"2025-12-08T22:54:13+00:00","twitter_card":"summary_large_image","twitter_site":"@NLACRC","twitter_misc":{"Est. reading time":"1 minuto"},"schema":{"@context":"https:\/\/schema.org","@graph":[{"@type":"WebPage","@id":"https:\/\/www.nlacrc.org\/es\/consumers-families\/resources-for-consumers-families\/new-consumer-orientation-packet\/","url":"https:\/\/www.nlacrc.org\/es\/consumers-families\/resources-for-consumers-families\/new-consumer-orientation-packet\/","name":"New Consumer Orientation Packet -","isPartOf":{"@id":"https:\/\/www.nlacrc.org\/fa\/#website"},"datePublished":"2024-06-05T16:34:49+00:00","dateModified":"2025-12-08T22:54:13+00:00","description":"New Consumer Orientation Packet - New Consumer Orientation At the new consumer and family orientations, you will learn about resources and services and have an opportunity to ask questions","breadcrumb":{"@id":"https:\/\/www.nlacrc.org\/es\/consumers-families\/resources-for-consumers-families\/new-consumer-orientation-packet\/#breadcrumb"},"inLanguage":"es","potentialAction":[{"@type":"ReadAction","target":["https:\/\/www.nlacrc.org\/es\/consumers-families\/resources-for-consumers-families\/new-consumer-orientation-packet\/"]}]},{"@type":"BreadcrumbList","@id":"https:\/\/www.nlacrc.org\/es\/consumers-families\/resources-for-consumers-families\/new-consumer-orientation-packet\/#breadcrumb","itemListElement":[{"@type":"ListItem","position":1,"name":"Home","item":"https:\/\/www.nlacrc.org\/"},{"@type":"ListItem","position":2,"name":"Consumers &amp; Families","item":"https:\/\/nlacrc.org\/consumers-families\/"},{"@type":"ListItem","position":3,"name":"Resources for Consumers &amp; Families","item":"https:\/\/www.nlacrc.org\/hy\/consumers-families\/resources-for-consumers-families\/"},{"@type":"ListItem","position":4,"name":"New Consumer Orientation Packet"}]},{"@type":"WebSite","@id":"https:\/\/www.nlacrc.org\/fa\/#website","url":"https:\/\/www.nlacrc.org\/fa\/","name":"Norte del condado de Los \u00c1ngeles","description":"Centro Regional","publisher":{"@id":"https:\/\/www.nlacrc.org\/fa\/#organization"},"potentialAction":[{"@type":"SearchAction","target":{"@type":"EntryPoint","urlTemplate":"https:\/\/www.nlacrc.org\/fa\/?s={search_term_string}"},"query-input":{"@type":"PropertyValueSpecification","valueRequired":true,"valueName":"search_term_string"}}],"inLanguage":"es"},{"@type":"Organization","@id":"https:\/\/www.nlacrc.org\/fa\/#organization","name":"Norte del condado de Los \u00c1ngeles","url":"https:\/\/www.nlacrc.org\/fa\/","logo":{"@type":"ImageObject","inLanguage":"es","@id":"https:\/\/www.nlacrc.org\/fa\/#\/schema\/logo\/image\/","url":"https:\/\/www.nlacrc.org\/wp-content\/uploads\/2024\/06\/logo.svg","contentUrl":"https:\/\/www.nlacrc.org\/wp-content\/uploads\/2024\/06\/logo.svg","width":131,"height":130,"caption":"North Los Angeles County"},"image":{"@id":"https:\/\/www.nlacrc.org\/fa\/#\/schema\/logo\/image\/"},"sameAs":["https:\/\/www.facebook.com\/NLACRC\/","https:\/\/x.com\/NLACRC"]}]}},"coauthors":[],"author_meta":{"author_link":"https:\/\/www.nlacrc.org\/es\/author\/planeteria\/","display_name":"planeteria"},"relative_dates":{"created":"Publicado 2 a\u00f1os hace","modified":"Actualizado 4 meses hace"},"absolute_dates":{"created":"Publicado el junio 5, 2024","modified":"Actualizado el diciembre 8, 2025"},"absolute_dates_time":{"created":"Publicado el junio 5, 2024 9:34 am","modified":"Actualizado el diciembre 8, 2025 2:54 pm"},"featured_img_caption":"","featured_img":false,"series_order":"","_links":{"self":[{"href":"https:\/\/www.nlacrc.org\/es\/wp-json\/wp\/v2\/pages\/36625","targetHints":{"allow":["GET"]}}],"collection":[{"href":"https:\/\/www.nlacrc.org\/es\/wp-json\/wp\/v2\/pages"}],"about":[{"href":"https:\/\/www.nlacrc.org\/es\/wp-json\/wp\/v2\/types\/page"}],"author":[{"embeddable":true,"href":"https:\/\/www.nlacrc.org\/es\/wp-json\/wp\/v2\/users\/3"}],"replies":[{"embeddable":true,"href":"https:\/\/www.nlacrc.org\/es\/wp-json\/wp\/v2\/comments?post=36625"}],"version-history":[{"count":10,"href":"https:\/\/www.nlacrc.org\/es\/wp-json\/wp\/v2\/pages\/36625\/revisions"}],"predecessor-version":[{"id":58772,"href":"https:\/\/www.nlacrc.org\/es\/wp-json\/wp\/v2\/pages\/36625\/revisions\/58772"}],"up":[{"embeddable":true,"href":"https:\/\/www.nlacrc.org\/es\/wp-json\/wp\/v2\/pages\/36619"}],"wp:attachment":[{"href":"https:\/\/www.nlacrc.org\/es\/wp-json\/wp\/v2\/media?parent=36625"}],"curies":[{"name":"wp","href":"https:\/\/api.w.org\/{rel}","templated":true}]}}