{"id":36621,"date":"2024-06-05T09:33:19","date_gmt":"2024-06-05T16:33:19","guid":{"rendered":"https:\/\/www.nlacrc.org\/?page_id=36621"},"modified":"2024-06-17T12:29:11","modified_gmt":"2024-06-17T19:29:11","slug":"enhanced-service-coordination","status":"publish","type":"page","link":"https:\/\/www.nlacrc.org\/es\/consumers-families\/resources-for-consumers-families\/enhanced-service-coordination\/","title":{"rendered":"Coordinaci\u00f3n de servicios mejorada"},"content":{"rendered":"<p>La Unidad de Coordinaci\u00f3n de Servicios Mejorados (ESC) del NLACRC es un programa piloto del DDS orientado a brindar servicios mejorados de gesti\u00f3n de casos a un total de 240 consumidores y familias desfavorecidas que han utilizado entre cero y menos de 1,999 d\u00f3lares en compras de servicios por a\u00f1o fiscal a trav\u00e9s del centro regional.<\/p>\n\n\n\n<ul class=\"wp-block-list\">\n<li>El DDS identific\u00f3 el programa piloto y los consumidores elegibles en el a\u00f1o fiscal 2020-2021<\/li>\n\n\n\n<li>El ESC se estableci\u00f3 en el NLACRC a partir de abril de 2022.<\/li>\n\n\n\n<li>La Unidad ESC est\u00e1 formada por 6 especialistas en servicio al consumidor\n<ul class=\"wp-block-list\">\n<li>3 hispanohablantes<\/li>\n\n\n\n<li>2 de habla inglesa<\/li>\n\n\n\n<li>1 de habla armenia<\/li>\n<\/ul>\n<\/li>\n\n\n\n<li>El DDS requiere que la carga de trabajo tenga una proporci\u00f3n de 1:40 y que incluya a todos los grupos de edad: edad escolar, transici\u00f3n y adultos.<\/li>\n\n\n\n<li>La elegibilidad para ESC est\u00e1 determinada por DDS y la compra de datos de gastos de servicio.<\/li>\n<\/ul>\n\n\n\n<p>ESC proporciona una gesti\u00f3n de casos especializada y culturalmente competente a trav\u00e9s de lo siguiente:<\/p>\n\n\n\n<ul class=\"wp-block-list\">\n<li>Proporcionar a los consumidores y familias desfavorecidos una comprensi\u00f3n profunda del sistema del centro regional.<\/li>\n\n\n\n<li>Identificar y eliminar las barreras que impiden el acceso a los servicios.<\/li>\n\n\n\n<li>Buscar comprender la din\u00e1mica familiar del consumidor y el c\u00edrculo de apoyo a trav\u00e9s de la competencia cultural y la empat\u00eda.<\/li>\n\n\n\n<li>Brindar defensa y empoderamiento al acceder a los apoyos.<\/li>\n\n\n\n<li>Mantener contacto frecuente y controles con las familias mientras se encuentre en ESC.<\/li>\n\n\n\n<li>Los servicios de ESC tienen un l\u00edmite de tiempo y la mayor\u00eda de las familias participan en el programa entre 12 y 18 meses.<\/li>\n\n\n\n<li>El objetivo es aumentar la colaboraci\u00f3n en la gesti\u00f3n de casos de consumidores y familias y ayudar a los participantes a acceder a valiosos apoyos gen\u00e9ricos, servicios de centros regionales y aumentar la financiaci\u00f3n de sus compras de servicios.<\/li>\n<\/ul>","protected":false},"excerpt":{"rendered":"La Unidad de Coordinaci\u00f3n de Servicios Mejorados (ESC) del NLACRC es un programa piloto del DDS orientado a brindar servicios mejorados de gesti\u00f3n de casos a una [\u2026]","protected":false},"author":3,"featured_media":0,"parent":36619,"menu_order":54,"comment_status":"closed","ping_status":"closed","template":"","meta":{"_acf_changed":false,"advgb_blocks_editor_width":"","advgb_blocks_columns_visual_guide":"","_EventAllDay":false,"_EventTimezone":"","_EventStartDate":"","_EventEndDate":"","_EventStartDateUTC":"","_EventEndDateUTC":"","_EventShowMap":false,"_EventShowMapLink":false,"_EventURL":"","_EventCost":"","_EventCostDescription":"","_EventCurrencySymbol":"","_EventCurrencyCode":"","_EventCurrencyPosition":"","_EventDateTimeSeparator":"","_EventTimeRangeSeparator":"","_EventOrganizerID":[],"_EventVenueID":[],"_OrganizerEmail":"","_OrganizerPhone":"","_OrganizerWebsite":"","_VenueAddress":"","_VenueCity":"","_VenueCountry":"","_VenueProvince":"","_VenueState":"","_VenueZip":"","_VenuePhone":"","_VenueURL":"","_VenueStateProvince":"","_VenueLat":"","_VenueLng":"","_VenueShowMap":false,"_VenueShowMapLink":false,"_tribe_blocks_recurrence_rules":"","_tribe_blocks_recurrence_description":"","_tribe_blocks_recurrence_exclusions":"","footnotes":""},"class_list":["post-36621","page","type-page","status-publish","hentry"],"acf":[],"yoast_head":"<!-- This site is optimized with the Yoast SEO plugin v26.4 - https:\/\/yoast.com\/wordpress\/plugins\/seo\/ -->\n<title>Enhanced Service Coordination -<\/title>\n<meta name=\"description\" content=\"Enhanced Service Coordination - NLACRC\u2019s Enhanced Service Coordination (ESC) Unit is a DDS pilot program geared at providing enhanced case management services to a total of 240\" \/>\n<meta name=\"robots\" content=\"index, follow, max-snippet:-1, max-image-preview:large, max-video-preview:-1\" \/>\n<link rel=\"canonical\" href=\"https:\/\/www.nlacrc.org\/es\/consumers-families\/resources-for-consumers-families\/enhanced-service-coordination\/\" \/>\n<meta property=\"og:locale\" content=\"es_MX\" \/>\n<meta property=\"og:type\" content=\"article\" \/>\n<meta property=\"og:title\" content=\"Enhanced Service Coordination -\" \/>\n<meta property=\"og:description\" content=\"Enhanced Service Coordination - NLACRC\u2019s Enhanced Service Coordination (ESC) Unit is a DDS pilot program geared at providing enhanced case management services to a total of 240\" \/>\n<meta property=\"og:url\" content=\"https:\/\/www.nlacrc.org\/es\/consumers-families\/resources-for-consumers-families\/enhanced-service-coordination\/\" \/>\n<meta property=\"og:site_name\" content=\"North Los Angeles County\" \/>\n<meta property=\"article:publisher\" content=\"https:\/\/www.facebook.com\/NLACRC\/\" \/>\n<meta property=\"article:modified_time\" content=\"2024-06-17T19:29:11+00:00\" \/>\n<meta name=\"twitter:card\" content=\"summary_large_image\" \/>\n<meta name=\"twitter:site\" content=\"@NLACRC\" \/>\n<meta name=\"twitter:label1\" content=\"Est. reading time\" \/>\n\t<meta name=\"twitter:data1\" content=\"1 minuto\" \/>\n<script type=\"application\/ld+json\" class=\"yoast-schema-graph\">{\"@context\":\"https:\/\/schema.org\",\"@graph\":[{\"@type\":\"WebPage\",\"@id\":\"https:\/\/www.nlacrc.org\/consumers-families\/resources-for-consumers-families\/enhanced-service-coordination\/\",\"url\":\"https:\/\/www.nlacrc.org\/consumers-families\/resources-for-consumers-families\/enhanced-service-coordination\/\",\"name\":\"Enhanced Service Coordination -\",\"isPartOf\":{\"@id\":\"https:\/\/www.nlacrc.org\/fa\/#website\"},\"datePublished\":\"2024-06-05T16:33:19+00:00\",\"dateModified\":\"2024-06-17T19:29:11+00:00\",\"description\":\"Enhanced Service Coordination - NLACRC\u2019s Enhanced Service Coordination (ESC) Unit is a DDS pilot program geared at providing enhanced case management services to a total of 240\",\"breadcrumb\":{\"@id\":\"https:\/\/www.nlacrc.org\/consumers-families\/resources-for-consumers-families\/enhanced-service-coordination\/#breadcrumb\"},\"inLanguage\":\"es\",\"potentialAction\":[{\"@type\":\"ReadAction\",\"target\":[\"https:\/\/www.nlacrc.org\/consumers-families\/resources-for-consumers-families\/enhanced-service-coordination\/\"]}]},{\"@type\":\"BreadcrumbList\",\"@id\":\"https:\/\/www.nlacrc.org\/consumers-families\/resources-for-consumers-families\/enhanced-service-coordination\/#breadcrumb\",\"itemListElement\":[{\"@type\":\"ListItem\",\"position\":1,\"name\":\"Home\",\"item\":\"https:\/\/www.nlacrc.org\/\"},{\"@type\":\"ListItem\",\"position\":2,\"name\":\"Consumers &amp; Families\",\"item\":\"https:\/\/nlacrc.org\/consumers-families\/\"},{\"@type\":\"ListItem\",\"position\":3,\"name\":\"Resources for Consumers &amp; Families\",\"item\":\"https:\/\/www.nlacrc.org\/hy\/consumers-families\/resources-for-consumers-families\/\"},{\"@type\":\"ListItem\",\"position\":4,\"name\":\"Enhanced Service Coordination\"}]},{\"@type\":\"WebSite\",\"@id\":\"https:\/\/www.nlacrc.org\/fa\/#website\",\"url\":\"https:\/\/www.nlacrc.org\/fa\/\",\"name\":\"North Los Angeles County\",\"description\":\"Regional Center\",\"publisher\":{\"@id\":\"https:\/\/www.nlacrc.org\/fa\/#organization\"},\"potentialAction\":[{\"@type\":\"SearchAction\",\"target\":{\"@type\":\"EntryPoint\",\"urlTemplate\":\"https:\/\/www.nlacrc.org\/fa\/?s={search_term_string}\"},\"query-input\":{\"@type\":\"PropertyValueSpecification\",\"valueRequired\":true,\"valueName\":\"search_term_string\"}}],\"inLanguage\":\"es\"},{\"@type\":\"Organization\",\"@id\":\"https:\/\/www.nlacrc.org\/fa\/#organization\",\"name\":\"North Los Angeles County\",\"url\":\"https:\/\/www.nlacrc.org\/fa\/\",\"logo\":{\"@type\":\"ImageObject\",\"inLanguage\":\"es\",\"@id\":\"https:\/\/www.nlacrc.org\/fa\/#\/schema\/logo\/image\/\",\"url\":\"https:\/\/www.nlacrc.org\/wp-content\/uploads\/2024\/06\/logo.svg\",\"contentUrl\":\"https:\/\/www.nlacrc.org\/wp-content\/uploads\/2024\/06\/logo.svg\",\"width\":131,\"height\":130,\"caption\":\"North Los Angeles County\"},\"image\":{\"@id\":\"https:\/\/www.nlacrc.org\/fa\/#\/schema\/logo\/image\/\"},\"sameAs\":[\"https:\/\/www.facebook.com\/NLACRC\/\",\"https:\/\/x.com\/NLACRC\"]}]}<\/script>\n<!-- \/ Yoast SEO plugin. -->","yoast_head_json":{"title":"Enhanced Service Coordination -","description":"Enhanced Service Coordination - NLACRC\u2019s Enhanced Service Coordination (ESC) Unit is a DDS pilot program geared at providing enhanced case management services to a total of 240","robots":{"index":"index","follow":"follow","max-snippet":"max-snippet:-1","max-image-preview":"max-image-preview:large","max-video-preview":"max-video-preview:-1"},"canonical":"https:\/\/www.nlacrc.org\/es\/consumers-families\/resources-for-consumers-families\/enhanced-service-coordination\/","og_locale":"es_MX","og_type":"article","og_title":"Enhanced Service Coordination -","og_description":"Enhanced Service Coordination - NLACRC\u2019s Enhanced Service Coordination (ESC) Unit is a DDS pilot program geared at providing enhanced case management services to a total of 240","og_url":"https:\/\/www.nlacrc.org\/es\/consumers-families\/resources-for-consumers-families\/enhanced-service-coordination\/","og_site_name":"North Los Angeles County","article_publisher":"https:\/\/www.facebook.com\/NLACRC\/","article_modified_time":"2024-06-17T19:29:11+00:00","twitter_card":"summary_large_image","twitter_site":"@NLACRC","twitter_misc":{"Est. reading time":"1 minuto"},"schema":{"@context":"https:\/\/schema.org","@graph":[{"@type":"WebPage","@id":"https:\/\/www.nlacrc.org\/consumers-families\/resources-for-consumers-families\/enhanced-service-coordination\/","url":"https:\/\/www.nlacrc.org\/consumers-families\/resources-for-consumers-families\/enhanced-service-coordination\/","name":"Enhanced Service Coordination -","isPartOf":{"@id":"https:\/\/www.nlacrc.org\/fa\/#website"},"datePublished":"2024-06-05T16:33:19+00:00","dateModified":"2024-06-17T19:29:11+00:00","description":"Enhanced Service Coordination - NLACRC\u2019s Enhanced Service Coordination (ESC) Unit is a DDS pilot program geared at providing enhanced case management services to a total of 240","breadcrumb":{"@id":"https:\/\/www.nlacrc.org\/consumers-families\/resources-for-consumers-families\/enhanced-service-coordination\/#breadcrumb"},"inLanguage":"es","potentialAction":[{"@type":"ReadAction","target":["https:\/\/www.nlacrc.org\/consumers-families\/resources-for-consumers-families\/enhanced-service-coordination\/"]}]},{"@type":"BreadcrumbList","@id":"https:\/\/www.nlacrc.org\/consumers-families\/resources-for-consumers-families\/enhanced-service-coordination\/#breadcrumb","itemListElement":[{"@type":"ListItem","position":1,"name":"Home","item":"https:\/\/www.nlacrc.org\/"},{"@type":"ListItem","position":2,"name":"Consumers &amp; Families","item":"https:\/\/nlacrc.org\/consumers-families\/"},{"@type":"ListItem","position":3,"name":"Resources for Consumers &amp; Families","item":"https:\/\/www.nlacrc.org\/hy\/consumers-families\/resources-for-consumers-families\/"},{"@type":"ListItem","position":4,"name":"Enhanced Service Coordination"}]},{"@type":"WebSite","@id":"https:\/\/www.nlacrc.org\/fa\/#website","url":"https:\/\/www.nlacrc.org\/fa\/","name":"Norte del condado de Los \u00c1ngeles","description":"Centro Regional","publisher":{"@id":"https:\/\/www.nlacrc.org\/fa\/#organization"},"potentialAction":[{"@type":"SearchAction","target":{"@type":"EntryPoint","urlTemplate":"https:\/\/www.nlacrc.org\/fa\/?s={search_term_string}"},"query-input":{"@type":"PropertyValueSpecification","valueRequired":true,"valueName":"search_term_string"}}],"inLanguage":"es"},{"@type":"Organization","@id":"https:\/\/www.nlacrc.org\/fa\/#organization","name":"Norte del condado de Los \u00c1ngeles","url":"https:\/\/www.nlacrc.org\/fa\/","logo":{"@type":"ImageObject","inLanguage":"es","@id":"https:\/\/www.nlacrc.org\/fa\/#\/schema\/logo\/image\/","url":"https:\/\/www.nlacrc.org\/wp-content\/uploads\/2024\/06\/logo.svg","contentUrl":"https:\/\/www.nlacrc.org\/wp-content\/uploads\/2024\/06\/logo.svg","width":131,"height":130,"caption":"North Los Angeles County"},"image":{"@id":"https:\/\/www.nlacrc.org\/fa\/#\/schema\/logo\/image\/"},"sameAs":["https:\/\/www.facebook.com\/NLACRC\/","https:\/\/x.com\/NLACRC"]}]}},"coauthors":[],"author_meta":{"author_link":"https:\/\/www.nlacrc.org\/es\/author\/planeteria\/","display_name":"planeteria"},"relative_dates":{"created":"Publicado 2 a\u00f1os hace","modified":"Actualizado 2 a\u00f1os hace"},"absolute_dates":{"created":"Publicado el junio 5, 2024","modified":"Actualizado el junio 17, 2024"},"absolute_dates_time":{"created":"Publicado el junio 5, 2024 9:33 am","modified":"Actualizado el junio 17, 2024 12:29 pm"},"featured_img_caption":"","featured_img":false,"series_order":"","_links":{"self":[{"href":"https:\/\/www.nlacrc.org\/es\/wp-json\/wp\/v2\/pages\/36621","targetHints":{"allow":["GET"]}}],"collection":[{"href":"https:\/\/www.nlacrc.org\/es\/wp-json\/wp\/v2\/pages"}],"about":[{"href":"https:\/\/www.nlacrc.org\/es\/wp-json\/wp\/v2\/types\/page"}],"author":[{"embeddable":true,"href":"https:\/\/www.nlacrc.org\/es\/wp-json\/wp\/v2\/users\/3"}],"replies":[{"embeddable":true,"href":"https:\/\/www.nlacrc.org\/es\/wp-json\/wp\/v2\/comments?post=36621"}],"version-history":[{"count":3,"href":"https:\/\/www.nlacrc.org\/es\/wp-json\/wp\/v2\/pages\/36621\/revisions"}],"predecessor-version":[{"id":37627,"href":"https:\/\/www.nlacrc.org\/es\/wp-json\/wp\/v2\/pages\/36621\/revisions\/37627"}],"up":[{"embeddable":true,"href":"https:\/\/www.nlacrc.org\/es\/wp-json\/wp\/v2\/pages\/36619"}],"wp:attachment":[{"href":"https:\/\/www.nlacrc.org\/es\/wp-json\/wp\/v2\/media?parent=36621"}],"curies":[{"name":"wp","href":"https:\/\/api.w.org\/{rel}","templated":true}]}}