{"id":36615,"date":"2024-06-05T09:33:02","date_gmt":"2024-06-05T16:33:02","guid":{"rendered":"https:\/\/www.nlacrc.org\/?page_id=36615"},"modified":"2024-06-13T12:08:01","modified_gmt":"2024-06-13T19:08:01","slug":"employment","status":"publish","type":"page","link":"https:\/\/www.nlacrc.org\/es\/consumers-families\/adults\/employment\/","title":{"rendered":"Empleo"},"content":{"rendered":"<p>\u00bfPor qu\u00e9 es importante el trabajo?<\/p>\n\n\n\n<ul class=\"wp-block-list\">\n<li>Te ayuda a ser independiente<\/li>\n\n\n\n<li>Aprende nuevas habilidades<\/li>\n\n\n\n<li>Te da un sentimiento de orgullo<\/li>\n\n\n\n<li>Conocer gente nueva<\/li>\n<\/ul>\n\n\n\n<div class=\"wp-block-advgb-accordions advgb-accordions-16541727-a049-4519-8fb1-8fa43fa18d1d advgb-accordion-wrapper\" data-collapsed=\"true\">\n<div class=\"wp-block-advgb-accordion-item advgb-accordion-item\" style=\"margin-bottom:15px\"><div class=\"advgb-accordion-header\" style=\"background-color:#000;color:#eee;border-style:solid;border-width:1px;border-radius:2px\"><span class=\"advgb-accordion-header-icon\"><svg fill=\"#fff\" xmlns=\"http:\/\/www.w3.org\/2000\/svg\" width=\"24\" height=\"24\" viewbox=\"0 0 24 24\"><path fill=\"none\" d=\"M0,0h24v24H0V0z\"><\/path><path d=\"M12,5.83L15.17,9l1.41-1.41L12,3L7.41,7.59L8.83,9L12,5.83z M12,18.17L8.83,15l-1.41,1.41L12,21l4.59-4.59L15.17,15 L12,18.17z\"><\/path><\/svg><\/span><h4 class=\"advgb-accordion-header-title\" style=\"color:inherit\">\u00bfQu\u00e9 es el Empleo Integrado Competitivo (EIC)?<\/h4><\/div><div class=\"advgb-accordion-body\" style=\"border-style:solid !important;border-width:1px !important;border-color:undefined !important;border-top:none !important;border-radius:2px !important\">\n<p>El empleo integrado competitivo es un trabajo a tiempo completo o parcial en el que se le paga el salario m\u00ednimo o superior. Recibe un salario similar al de otros empleados sin discapacidades que tienen los mismos tipos de funciones, capacitaci\u00f3n y experiencia o tipos similares.<\/p>\n\n\n\n<div class=\"wp-block-buttons is-layout-flex wp-block-buttons-is-layout-flex\">\n<div class=\"wp-block-button\"><a class=\"wp-block-button__link wp-element-button\" href=\"https:\/\/www.disabilityrightsca.org\/what-we-do\/priorities\" target=\"_blank\" rel=\"noreferrer noopener\">Ver Programa CIE<\/a><\/div>\n<\/div>\n\n\n\n<div class=\"wp-block-buttons is-layout-flex wp-block-buttons-is-layout-flex\">\n<div class=\"wp-block-button\"><a class=\"wp-block-button__link wp-element-button\" href=\"https:\/\/scdd.ca.gov\/wp-content\/uploads\/sites\/33\/2018\/07\/4-RAYNOR-Employment-Best-Practices.pdf\" target=\"_blank\" rel=\"noreferrer noopener\">Ver modelos de pol\u00edticas y pr\u00e1cticas para CIE<\/a><\/div>\n<\/div>\n<\/div><\/div>\n\n\n\n<div class=\"wp-block-advgb-accordion-item advgb-accordion-item\" style=\"margin-bottom:15px\"><div class=\"advgb-accordion-header\" style=\"background-color:#000;color:#eee;border-style:solid;border-width:1px;border-radius:2px\"><span class=\"advgb-accordion-header-icon\"><svg fill=\"#fff\" xmlns=\"http:\/\/www.w3.org\/2000\/svg\" width=\"24\" height=\"24\" viewbox=\"0 0 24 24\"><path fill=\"none\" d=\"M0,0h24v24H0V0z\"><\/path><path d=\"M12,5.83L15.17,9l1.41-1.41L12,3L7.41,7.59L8.83,9L12,5.83z M12,18.17L8.83,15l-1.41,1.41L12,21l4.59-4.59L15.17,15 L12,18.17z\"><\/path><\/svg><\/span><h4 class=\"advgb-accordion-header-title\" style=\"color:inherit\">\u00bfQu\u00e9 es un Programa de Pasant\u00edas Remuneradas (PIP)?<\/h4><\/div><div class=\"advgb-accordion-body\" style=\"border-style:solid !important;border-width:1px !important;border-color:undefined !important;border-top:none !important;border-radius:2px !important\">\n<p>Un Programa de Pasant\u00edas Remuneradas (PIP, por sus siglas en ingl\u00e9s) est\u00e1 destinado a personas con discapacidades intelectuales y del desarrollo de 18 a\u00f1os o m\u00e1s que desean desarrollar habilidades laborales. El programa financia hasta $10,400 por pasant\u00eda para cubrir salarios y costos para el empleador. El PIP puede ayudar a aumentar las oportunidades de empleo integrado competitivo (CIE, por sus siglas en ingl\u00e9s).<\/p>\n<\/div><\/div>\n\n\n\n<div class=\"wp-block-advgb-accordion-item advgb-accordion-item\" style=\"margin-bottom:15px\"><div class=\"advgb-accordion-header\" style=\"background-color:#000;color:#eee;border-style:solid;border-width:1px;border-radius:2px\"><span class=\"advgb-accordion-header-icon\"><svg fill=\"#fff\" xmlns=\"http:\/\/www.w3.org\/2000\/svg\" width=\"24\" height=\"24\" viewbox=\"0 0 24 24\"><path fill=\"none\" d=\"M0,0h24v24H0V0z\"><\/path><path d=\"M12,5.83L15.17,9l1.41-1.41L12,3L7.41,7.59L8.83,9L12,5.83z M12,18.17L8.83,15l-1.41,1.41L12,21l4.59-4.59L15.17,15 L12,18.17z\"><\/path><\/svg><\/span><h4 class=\"advgb-accordion-header-title\" style=\"color:inherit\">\u00bfQu\u00e9 es una pol\u00edtica de empleo primero?<\/h4><\/div><div class=\"advgb-accordion-body\" style=\"border-style:solid !important;border-width:1px !important;border-color:undefined !important;border-top:none !important;border-radius:2px !important\">\n<p>Es una pol\u00edtica que hace del Empleo Integrado Competitivo la m\u00e1xima prioridad; para hacer que los empleos regulares, con salarios regulares, sean una opci\u00f3n real para las personas con discapacidades del desarrollo.<\/p>\n\n\n<section class=\"button_list list\">\n              <div class=\"container\">\n               <!--<h2 class=\"text-center\">Button List<\/h2>-->\n               <div class=\"simple_list_wrap\">\n                    <div class=\"simple_list_info\">\n                        <div class=\"row no-margin three\">\n\t\t\t\t\t\t\t                            \t\t\t\t\t\t\t\t\t\t\t\t\t\t<div class=\"col-lg-4 col-md-4 simple_list_col\">\n\t\t\t\t\t\t\t                                <a href=\"https:\/\/www.nlacrc.org\/wp-content\/uploads\/2024\/06\/Employment-First-Policy.pdf\" class=\"\" target=\"_blank\">Pol\u00edtica de empleo primero del NLACRC<\/a>\n                            <\/div>\n                            \t\t\t\t\t\t\t                            \t\t\t\t\t\t\t\t\t\t\t\t\t\t<div class=\"col-lg-4 col-md-4 simple_list_col\">\n\t\t\t\t\t\t\t                                <a href=\"https:\/\/www.nlacrc.org\/wp-content\/uploads\/2024\/06\/Californias-Employment-First-Policy.pdf\" class=\"\" target=\"_blank\">La pol\u00edtica de empleo primero de California<\/a>\n                            <\/div>\n                            \t\t\t\t\t\t\t                        <\/div>\n                    <\/div>\n            <\/div>\n              <\/div>\n      <\/section>\n<\/div><\/div>\n\n\n\n<div class=\"wp-block-advgb-accordion-item advgb-accordion-item\" style=\"margin-bottom:15px\"><div class=\"advgb-accordion-header\" style=\"background-color:#000;color:#eee;border-style:solid;border-width:1px;border-radius:2px\"><span class=\"advgb-accordion-header-icon\"><svg fill=\"#fff\" xmlns=\"http:\/\/www.w3.org\/2000\/svg\" width=\"24\" height=\"24\" viewbox=\"0 0 24 24\"><path fill=\"none\" d=\"M0,0h24v24H0V0z\"><\/path><path d=\"M12,5.83L15.17,9l1.41-1.41L12,3L7.41,7.59L8.83,9L12,5.83z M12,18.17L8.83,15l-1.41,1.41L12,21l4.59-4.59L15.17,15 L12,18.17z\"><\/path><\/svg><\/span><h4 class=\"advgb-accordion-header-title\" style=\"color:inherit\">Plan de cambio de la CIE de California<\/h4><\/div><div class=\"advgb-accordion-body\" style=\"border-style:solid !important;border-width:1px !important;border-color:undefined !important;border-top:none !important;border-radius:2px !important\">\n<p>El Departamento de Rehabilitaci\u00f3n de California (DOR), el Departamento de Educaci\u00f3n de California (CDE) y el Departamento de Servicios de Desarrollo de California (DDS) tienen un acuerdo en apoyo de la pol\u00edtica estatal \u201cEl empleo primero\u201d y otras leyes para hacer del empleo en un entorno integrado, con un salario competitivo, para personas con discapacidad intelectual y discapacidades del desarrollo (ID\/DD) su m\u00e1xima prioridad.<\/p>\n\n\n\n<div class=\"wp-block-buttons is-layout-flex wp-block-buttons-is-layout-flex\">\n<div class=\"wp-block-button\"><a class=\"wp-block-button__link wp-element-button\" href=\"https:\/\/www.dor.ca.gov\/Home\/CieBlueprintforChange\" target=\"_blank\" rel=\"noreferrer noopener\">Visite el sitio web Blueprint for Change del Departamento de Rehabilitaci\u00f3n<\/a><\/div>\n<\/div>\n<\/div><\/div>\n\n\n\n<div class=\"wp-block-advgb-accordion-item advgb-accordion-item\" style=\"margin-bottom:15px\"><div class=\"advgb-accordion-header\" style=\"background-color:#000;color:#eee;border-style:solid;border-width:1px;border-radius:2px\"><span class=\"advgb-accordion-header-icon\"><svg fill=\"#fff\" xmlns=\"http:\/\/www.w3.org\/2000\/svg\" width=\"24\" height=\"24\" viewbox=\"0 0 24 24\"><path fill=\"none\" d=\"M0,0h24v24H0V0z\"><\/path><path d=\"M12,5.83L15.17,9l1.41-1.41L12,3L7.41,7.59L8.83,9L12,5.83z M12,18.17L8.83,15l-1.41,1.41L12,21l4.59-4.59L15.17,15 L12,18.17z\"><\/path><\/svg><\/span><h4 class=\"advgb-accordion-header-title\" style=\"color:inherit\">Servicios de empleo para personas con discapacidad durante la pandemia de COVID-19<\/h4><\/div><div class=\"advgb-accordion-body\" style=\"border-style:solid !important;border-width:1px !important;border-color:undefined !important;border-top:none !important;border-radius:2px !important\">\n<p>\u00bfSu empleo se ha visto afectado por el COVID-19? \u00bfSe han reducido sus horas? \u00bfHa perdido su trabajo? \u00bfEs usted un trabajador esencial preocupado por la seguridad? Disability Rights California (DRC) realiz\u00f3 un seminario web a principios de este a\u00f1o que puede encontrar en su sitio web junto con muchos otros recursos.<\/p>\n\n\n\n<div class=\"wp-block-buttons is-layout-flex wp-block-buttons-is-layout-flex\">\n<div class=\"wp-block-button\"><a class=\"wp-block-button__link wp-element-button\" href=\"https:\/\/www.disabilityrightsca.org\/post\/webinar-covid-19-employment-training-series-employment-services-for-people-with-disabilities\" target=\"_blank\" rel=\"noreferrer noopener\">Vea el seminario web y los recursos sobre servicios de empleo de la Rep\u00fablica Democr\u00e1tica del Congo<\/a><\/div>\n<\/div>\n<\/div><\/div>\n\n\n\n<div class=\"wp-block-advgb-accordion-item advgb-accordion-item\" style=\"margin-bottom:15px\"><div class=\"advgb-accordion-header\" style=\"background-color:#000;color:#eee;border-style:solid;border-width:1px;border-radius:2px\"><span class=\"advgb-accordion-header-icon\"><svg fill=\"#fff\" xmlns=\"http:\/\/www.w3.org\/2000\/svg\" width=\"24\" height=\"24\" viewbox=\"0 0 24 24\"><path fill=\"none\" d=\"M0,0h24v24H0V0z\"><\/path><path d=\"M12,5.83L15.17,9l1.41-1.41L12,3L7.41,7.59L8.83,9L12,5.83z M12,18.17L8.83,15l-1.41,1.41L12,21l4.59-4.59L15.17,15 L12,18.17z\"><\/path><\/svg><\/span><h4 class=\"advgb-accordion-header-title\" style=\"color:inherit\">Planificaci\u00f3n de la transici\u00f3n<\/h4><\/div><div class=\"advgb-accordion-body\" style=\"border-style:solid !important;border-width:1px !important;border-color:undefined !important;border-top:none !important;border-radius:2px !important\">\n<p>La planificaci\u00f3n de la transici\u00f3n se basa en las preferencias, intereses y necesidades del estudiante, que lo ayudan a avanzar hacia una vida exitosa despu\u00e9s de la escuela. Esto puede incluir instrucci\u00f3n acad\u00e9mica, experiencias comunitarias, planificaci\u00f3n y preparaci\u00f3n para el empleo y otros objetivos de vida despu\u00e9s de la escuela.<\/p>\n\n\n<div class=\"document_era list\">\r\n\t\t<div class=\"col-md-12\">\r\n\t\t\t\t\t\t\t\t\t<a class=\"doc_block\" href=\"https:\/\/www.nlacrc.org\/wp-content\/uploads\/2024\/06\/Life-After-High-School-Transition-Planning-Guide-English.pdf\" target=\"_blank\"><img decoding=\"async\" src=\"https:\/\/www.nlacrc.org\/wp-content\/themes\/planeteriaweb\/img\/PDF.svg\" class=\"img_icon\" alt=\"download this document\" width=\"17px\"><span>Vea la Gu\u00eda de planificaci\u00f3n de la transici\u00f3n a la vida despu\u00e9s de la escuela secundaria del NLACRC (en ingl\u00e9s)<\/span><\/a>\r\n\t\t\t\t\t\t\t\t\t\t\t\t<a class=\"doc_block\" href=\"https:\/\/www.nlacrc.org\/wp-content\/uploads\/2024\/06\/Life-After-High-School-Transition-Planning-Guide-Spanish.pdf\" target=\"_blank\"><img decoding=\"async\" src=\"https:\/\/www.nlacrc.org\/wp-content\/themes\/planeteriaweb\/img\/PDF.svg\" class=\"img_icon\" alt=\"download this document\" width=\"17px\"><span>Vea la Gu\u00eda de planificaci\u00f3n de la transici\u00f3n a la vida despu\u00e9s de la escuela secundaria del NLACRC (en espa\u00f1ol)<\/span><\/a>\r\n\t\t\t\t\t\t\t\t\t\t\t\t<a class=\"doc_block\" href=\"https:\/\/www.nlacrc.org\/wp-content\/uploads\/2024\/06\/Transition-Website-Resources.pdf\" target=\"_blank\"><img decoding=\"async\" src=\"https:\/\/www.nlacrc.org\/wp-content\/themes\/planeteriaweb\/img\/PDF.svg\" class=\"img_icon\" alt=\"download this document\" width=\"17px\"><span>Ver una lista de recursos del sitio web de transici\u00f3n<\/span><\/a>\r\n\t\t\t\t\t\t\t<\/div>\r\n<\/div>\r\n<\/div><\/div>\n\n\n\n<div class=\"wp-block-advgb-accordion-item advgb-accordion-item\" style=\"margin-bottom:15px\"><div class=\"advgb-accordion-header\" style=\"background-color:#000;color:#eee;border-style:solid;border-width:1px;border-radius:2px\"><span class=\"advgb-accordion-header-icon\"><svg fill=\"#fff\" xmlns=\"http:\/\/www.w3.org\/2000\/svg\" width=\"24\" height=\"24\" viewbox=\"0 0 24 24\"><path fill=\"none\" d=\"M0,0h24v24H0V0z\"><\/path><path d=\"M12,5.83L15.17,9l1.41-1.41L12,3L7.41,7.59L8.83,9L12,5.83z M12,18.17L8.83,15l-1.41,1.41L12,21l4.59-4.59L15.17,15 L12,18.17z\"><\/path><\/svg><\/span><h4 class=\"advgb-accordion-header-title\" style=\"color:inherit\">\u00bfQu\u00e9 es la Ley ABLE?<\/h4><\/div><div class=\"advgb-accordion-body\" style=\"border-style:solid !important;border-width:1px !important;border-color:undefined !important;border-top:none !important;border-radius:2px !important\">\n<p>La Ley para Lograr una Mejor Experiencia de Vida (ABLE, por sus siglas en ingl\u00e9s) de 2014 permite a los estados crear programas de ahorro con ventajas impositivas para personas con discapacidades que re\u00fanan los requisitos (beneficiarios designados). Los fondos de estas cuentas ABLE 529A pueden ayudar a los beneficiarios designados a pagar los gastos calificados por discapacidad.<\/p>\n<\/div><\/div>\n\n\n\n<div class=\"wp-block-advgb-accordion-item advgb-accordion-item\" style=\"margin-bottom:15px\"><div class=\"advgb-accordion-header\" style=\"background-color:#000;color:#eee;border-style:solid;border-width:1px;border-radius:2px\"><span class=\"advgb-accordion-header-icon\"><svg fill=\"#fff\" xmlns=\"http:\/\/www.w3.org\/2000\/svg\" width=\"24\" height=\"24\" viewbox=\"0 0 24 24\"><path fill=\"none\" d=\"M0,0h24v24H0V0z\"><\/path><path d=\"M12,5.83L15.17,9l1.41-1.41L12,3L7.41,7.59L8.83,9L12,5.83z M12,18.17L8.83,15l-1.41,1.41L12,21l4.59-4.59L15.17,15 L12,18.17z\"><\/path><\/svg><\/span><h4 class=\"advgb-accordion-header-title\" style=\"color:inherit\">\u00bfQu\u00e9 es CalABLE?<\/h4><\/div><div class=\"advgb-accordion-body\" style=\"border-style:solid !important;border-width:1px !important;border-color:undefined !important;border-top:none !important;border-radius:2px !important\">\n<p>CalABLE es un programa de ahorro e inversi\u00f3n con ventajas fiscales dise\u00f1ado para ayudar a las personas elegibles a ahorrar para gastos relacionados con la discapacidad sin poner en peligro sus beneficios p\u00fablicos.<\/p>\n\n\n\n<p>Las cuentas CalABLE se pueden utilizar para muchos gastos diferentes relacionados con la discapacidad, como educaci\u00f3n, apoyo laboral, vivienda, transporte, tecnolog\u00eda de asistencia y atenci\u00f3n m\u00e9dica.<\/p>\n\n\n\n<div class=\"wp-block-buttons is-layout-flex wp-block-buttons-is-layout-flex\">\n<div class=\"wp-block-button\"><a class=\"wp-block-button__link wp-element-button\" href=\"https:\/\/www.calable.ca.gov\/\" target=\"_blank\" rel=\"noreferrer noopener\">Visite el sitio web de CalABLE para obtener m\u00e1s informaci\u00f3n<\/a><\/div>\n<\/div>\n<\/div><\/div>\n<\/div>\n\n\n\n<p>Hable con su Coordinador de Servicios si tiene preguntas sobre la CIE, PIP y la Pol\u00edtica de Empleo Primero.<\/p>\n\n\n\n<div class=\"wp-block-group is-layout-constrained wp-block-group-is-layout-constrained\">\n<h2 class=\"wp-block-heading has-text-align-center\">Para empleadores<\/h2>\n\n\n\n<p>Si usted es un empleador o propietario de un negocio que busca candidatos calificados y desea informaci\u00f3n sobre la contrataci\u00f3n de personas con discapacidades, por favor <a href=\"mailto: lmorton@nlacrc.org\">Env\u00edanos tus datos de contacto<\/a>.<\/p>\n\n\n<div class=\"document_era list\">\r\n\t\t<div class=\"col-md-12\">\r\n\t\t\t\t\t\t\t\t\t<a class=\"doc_block\" href=\"https:\/\/www.forbes.com\/sites\/forbescoachescouncil\/2018\/09\/13\/why-you-should-hire-someone-with-a-disability\/#7661b2891039\" target=\"_blank\"><img decoding=\"async\" src=\"https:\/\/www.nlacrc.org\/wp-content\/themes\/planeteriaweb\/img\/Link.svg\" class=\"img_icon\" alt=\"download this document\" width=\"17px\"><span>Por qu\u00e9 deber\u00eda contratar a una persona discapacitada \u2013 Forbes<\/span><\/a>\r\n\t\t\t\t\t\t\t\t\t\t\t\t<a class=\"doc_block\" href=\"https:\/\/www.washington.edu\/doit\/why-should-company-hire-person-disability\" target=\"_blank\"><img decoding=\"async\" src=\"https:\/\/www.nlacrc.org\/wp-content\/themes\/planeteriaweb\/img\/Link.svg\" class=\"img_icon\" alt=\"download this document\" width=\"17px\"><span>C\u00f3mo contratar personas con discapacidades fortalecer\u00e1 su negocio \u2013 Entrepeneur<\/span><\/a>\r\n\t\t\t\t\t\t\t<\/div>\r\n<\/div>\r\n<\/div>","protected":false},"excerpt":{"rendered":"","protected":false},"author":3,"featured_media":0,"parent":36609,"menu_order":57,"comment_status":"closed","ping_status":"closed","template":"","meta":{"_acf_changed":false,"advgb_blocks_editor_width":"","advgb_blocks_columns_visual_guide":"","_EventAllDay":false,"_EventTimezone":"","_EventStartDate":"","_EventEndDate":"","_EventStartDateUTC":"","_EventEndDateUTC":"","_EventShowMap":false,"_EventShowMapLink":false,"_EventURL":"","_EventCost":"","_EventCostDescription":"","_EventCurrencySymbol":"","_EventCurrencyCode":"","_EventCurrencyPosition":"","_EventDateTimeSeparator":"","_EventTimeRangeSeparator":"","_EventOrganizerID":[],"_EventVenueID":[],"_OrganizerEmail":"","_OrganizerPhone":"","_OrganizerWebsite":"","_VenueAddress":"","_VenueCity":"","_VenueCountry":"","_VenueProvince":"","_VenueState":"","_VenueZip":"","_VenuePhone":"","_VenueURL":"","_VenueStateProvince":"","_VenueLat":"","_VenueLng":"","_VenueShowMap":false,"_VenueShowMapLink":false,"_tribe_blocks_recurrence_rules":"","_tribe_blocks_recurrence_description":"","_tribe_blocks_recurrence_exclusions":"","footnotes":""},"class_list":["post-36615","page","type-page","status-publish","hentry"],"acf":[],"yoast_head":"<!-- This site is optimized with the Yoast SEO plugin v26.4 - https:\/\/yoast.com\/wordpress\/plugins\/seo\/ -->\n<title>Employment -<\/title>\n<meta name=\"description\" content=\"Employment -\" \/>\n<meta name=\"robots\" content=\"index, follow, max-snippet:-1, max-image-preview:large, max-video-preview:-1\" \/>\n<link rel=\"canonical\" href=\"https:\/\/www.nlacrc.org\/es\/consumers-families\/adults\/employment\/\" \/>\n<meta property=\"og:locale\" content=\"es_MX\" \/>\n<meta property=\"og:type\" content=\"article\" \/>\n<meta property=\"og:title\" content=\"Employment -\" \/>\n<meta property=\"og:description\" content=\"Employment -\" \/>\n<meta property=\"og:url\" content=\"https:\/\/www.nlacrc.org\/es\/consumers-families\/adults\/employment\/\" \/>\n<meta property=\"og:site_name\" content=\"North Los Angeles County\" \/>\n<meta property=\"article:publisher\" content=\"https:\/\/www.facebook.com\/NLACRC\/\" \/>\n<meta property=\"article:modified_time\" content=\"2024-06-13T19:08:01+00:00\" \/>\n<meta name=\"twitter:card\" content=\"summary_large_image\" \/>\n<meta name=\"twitter:site\" content=\"@NLACRC\" \/>\n<meta name=\"twitter:label1\" content=\"Est. reading time\" \/>\n\t<meta name=\"twitter:data1\" content=\"3 minutos\" \/>\n<script type=\"application\/ld+json\" class=\"yoast-schema-graph\">{\"@context\":\"https:\/\/schema.org\",\"@graph\":[{\"@type\":\"WebPage\",\"@id\":\"https:\/\/www.nlacrc.org\/hy\/consumers-families\/adults\/employment\/\",\"url\":\"https:\/\/www.nlacrc.org\/hy\/consumers-families\/adults\/employment\/\",\"name\":\"Employment -\",\"isPartOf\":{\"@id\":\"https:\/\/www.nlacrc.org\/fa\/#website\"},\"datePublished\":\"2024-06-05T16:33:02+00:00\",\"dateModified\":\"2024-06-13T19:08:01+00:00\",\"description\":\"Employment -\",\"breadcrumb\":{\"@id\":\"https:\/\/www.nlacrc.org\/hy\/consumers-families\/adults\/employment\/#breadcrumb\"},\"inLanguage\":\"es\",\"potentialAction\":[{\"@type\":\"ReadAction\",\"target\":[\"https:\/\/www.nlacrc.org\/hy\/consumers-families\/adults\/employment\/\"]}]},{\"@type\":\"BreadcrumbList\",\"@id\":\"https:\/\/www.nlacrc.org\/hy\/consumers-families\/adults\/employment\/#breadcrumb\",\"itemListElement\":[{\"@type\":\"ListItem\",\"position\":1,\"name\":\"Home\",\"item\":\"https:\/\/www.nlacrc.org\/\"},{\"@type\":\"ListItem\",\"position\":2,\"name\":\"Consumers &amp; Families\",\"item\":\"https:\/\/nlacrc.org\/consumers-families\/\"},{\"@type\":\"ListItem\",\"position\":3,\"name\":\"Adults\",\"item\":\"https:\/\/nlacrc.org\/es\/consumers-families\/adults\/\"},{\"@type\":\"ListItem\",\"position\":4,\"name\":\"Employment\"}]},{\"@type\":\"WebSite\",\"@id\":\"https:\/\/www.nlacrc.org\/fa\/#website\",\"url\":\"https:\/\/www.nlacrc.org\/fa\/\",\"name\":\"North Los Angeles County\",\"description\":\"Regional Center\",\"publisher\":{\"@id\":\"https:\/\/www.nlacrc.org\/fa\/#organization\"},\"potentialAction\":[{\"@type\":\"SearchAction\",\"target\":{\"@type\":\"EntryPoint\",\"urlTemplate\":\"https:\/\/www.nlacrc.org\/fa\/?s={search_term_string}\"},\"query-input\":{\"@type\":\"PropertyValueSpecification\",\"valueRequired\":true,\"valueName\":\"search_term_string\"}}],\"inLanguage\":\"es\"},{\"@type\":\"Organization\",\"@id\":\"https:\/\/www.nlacrc.org\/fa\/#organization\",\"name\":\"North Los Angeles County\",\"url\":\"https:\/\/www.nlacrc.org\/fa\/\",\"logo\":{\"@type\":\"ImageObject\",\"inLanguage\":\"es\",\"@id\":\"https:\/\/www.nlacrc.org\/fa\/#\/schema\/logo\/image\/\",\"url\":\"https:\/\/www.nlacrc.org\/wp-content\/uploads\/2024\/06\/logo.svg\",\"contentUrl\":\"https:\/\/www.nlacrc.org\/wp-content\/uploads\/2024\/06\/logo.svg\",\"width\":131,\"height\":130,\"caption\":\"North Los Angeles County\"},\"image\":{\"@id\":\"https:\/\/www.nlacrc.org\/fa\/#\/schema\/logo\/image\/\"},\"sameAs\":[\"https:\/\/www.facebook.com\/NLACRC\/\",\"https:\/\/x.com\/NLACRC\"]}]}<\/script>\n<!-- \/ Yoast SEO plugin. -->","yoast_head_json":{"title":"Employment -","description":"Employment -","robots":{"index":"index","follow":"follow","max-snippet":"max-snippet:-1","max-image-preview":"max-image-preview:large","max-video-preview":"max-video-preview:-1"},"canonical":"https:\/\/www.nlacrc.org\/es\/consumers-families\/adults\/employment\/","og_locale":"es_MX","og_type":"article","og_title":"Employment -","og_description":"Employment -","og_url":"https:\/\/www.nlacrc.org\/es\/consumers-families\/adults\/employment\/","og_site_name":"North Los Angeles County","article_publisher":"https:\/\/www.facebook.com\/NLACRC\/","article_modified_time":"2024-06-13T19:08:01+00:00","twitter_card":"summary_large_image","twitter_site":"@NLACRC","twitter_misc":{"Est. reading time":"3 minutos"},"schema":{"@context":"https:\/\/schema.org","@graph":[{"@type":"WebPage","@id":"https:\/\/www.nlacrc.org\/hy\/consumers-families\/adults\/employment\/","url":"https:\/\/www.nlacrc.org\/hy\/consumers-families\/adults\/employment\/","name":"Employment -","isPartOf":{"@id":"https:\/\/www.nlacrc.org\/fa\/#website"},"datePublished":"2024-06-05T16:33:02+00:00","dateModified":"2024-06-13T19:08:01+00:00","description":"Employment -","breadcrumb":{"@id":"https:\/\/www.nlacrc.org\/hy\/consumers-families\/adults\/employment\/#breadcrumb"},"inLanguage":"es","potentialAction":[{"@type":"ReadAction","target":["https:\/\/www.nlacrc.org\/hy\/consumers-families\/adults\/employment\/"]}]},{"@type":"BreadcrumbList","@id":"https:\/\/www.nlacrc.org\/hy\/consumers-families\/adults\/employment\/#breadcrumb","itemListElement":[{"@type":"ListItem","position":1,"name":"Home","item":"https:\/\/www.nlacrc.org\/"},{"@type":"ListItem","position":2,"name":"Consumers &amp; Families","item":"https:\/\/nlacrc.org\/consumers-families\/"},{"@type":"ListItem","position":3,"name":"Adults","item":"https:\/\/nlacrc.org\/es\/consumers-families\/adults\/"},{"@type":"ListItem","position":4,"name":"Employment"}]},{"@type":"WebSite","@id":"https:\/\/www.nlacrc.org\/fa\/#website","url":"https:\/\/www.nlacrc.org\/fa\/","name":"Norte del condado de Los \u00c1ngeles","description":"Centro Regional","publisher":{"@id":"https:\/\/www.nlacrc.org\/fa\/#organization"},"potentialAction":[{"@type":"SearchAction","target":{"@type":"EntryPoint","urlTemplate":"https:\/\/www.nlacrc.org\/fa\/?s={search_term_string}"},"query-input":{"@type":"PropertyValueSpecification","valueRequired":true,"valueName":"search_term_string"}}],"inLanguage":"es"},{"@type":"Organization","@id":"https:\/\/www.nlacrc.org\/fa\/#organization","name":"Norte del condado de Los \u00c1ngeles","url":"https:\/\/www.nlacrc.org\/fa\/","logo":{"@type":"ImageObject","inLanguage":"es","@id":"https:\/\/www.nlacrc.org\/fa\/#\/schema\/logo\/image\/","url":"https:\/\/www.nlacrc.org\/wp-content\/uploads\/2024\/06\/logo.svg","contentUrl":"https:\/\/www.nlacrc.org\/wp-content\/uploads\/2024\/06\/logo.svg","width":131,"height":130,"caption":"North Los Angeles County"},"image":{"@id":"https:\/\/www.nlacrc.org\/fa\/#\/schema\/logo\/image\/"},"sameAs":["https:\/\/www.facebook.com\/NLACRC\/","https:\/\/x.com\/NLACRC"]}]}},"coauthors":[],"author_meta":{"author_link":"https:\/\/www.nlacrc.org\/es\/author\/planeteria\/","display_name":"planeteria"},"relative_dates":{"created":"Publicado 2 a\u00f1os hace","modified":"Actualizado 2 a\u00f1os hace"},"absolute_dates":{"created":"Publicado el junio 5, 2024","modified":"Actualizado el junio 13, 2024"},"absolute_dates_time":{"created":"Publicado el junio 5, 2024 9:33 am","modified":"Actualizado el junio 13, 2024 12:08 pm"},"featured_img_caption":"","featured_img":false,"series_order":"","_links":{"self":[{"href":"https:\/\/www.nlacrc.org\/es\/wp-json\/wp\/v2\/pages\/36615","targetHints":{"allow":["GET"]}}],"collection":[{"href":"https:\/\/www.nlacrc.org\/es\/wp-json\/wp\/v2\/pages"}],"about":[{"href":"https:\/\/www.nlacrc.org\/es\/wp-json\/wp\/v2\/types\/page"}],"author":[{"embeddable":true,"href":"https:\/\/www.nlacrc.org\/es\/wp-json\/wp\/v2\/users\/3"}],"replies":[{"embeddable":true,"href":"https:\/\/www.nlacrc.org\/es\/wp-json\/wp\/v2\/comments?post=36615"}],"version-history":[{"count":2,"href":"https:\/\/www.nlacrc.org\/es\/wp-json\/wp\/v2\/pages\/36615\/revisions"}],"predecessor-version":[{"id":37066,"href":"https:\/\/www.nlacrc.org\/es\/wp-json\/wp\/v2\/pages\/36615\/revisions\/37066"}],"up":[{"embeddable":true,"href":"https:\/\/www.nlacrc.org\/es\/wp-json\/wp\/v2\/pages\/36609"}],"wp:attachment":[{"href":"https:\/\/www.nlacrc.org\/es\/wp-json\/wp\/v2\/media?parent=36615"}],"curies":[{"name":"wp","href":"https:\/\/api.w.org\/{rel}","templated":true}]}}