{"id":36613,"date":"2024-06-05T11:06:25","date_gmt":"2024-06-05T18:06:25","guid":{"rendered":"https:\/\/www.nlacrc.org\/?page_id=36613"},"modified":"2024-06-17T09:56:47","modified_gmt":"2024-06-17T16:56:47","slug":"supported-living-services","status":"publish","type":"page","link":"https:\/\/www.nlacrc.org\/es\/consumers-families\/adults\/supported-living-services\/","title":{"rendered":"Servicios de vida con apoyo"},"content":{"rendered":"<div class=\"wp-block-group is-layout-constrained wp-block-group-is-layout-constrained\">\n<h2 class=\"wp-block-heading has-text-align-center\">Paquete de orientaci\u00f3n e informaci\u00f3n de SLS<\/h2>\n\n\n\n<p>Los Servicios de Vida Asistida (SLS, por sus siglas en ingl\u00e9s) le brindan apoyo para que pueda vivir en su propio departamento y ser parte de su comunidad. En la orientaci\u00f3n de SLS, aprender\u00e1 qu\u00e9 es SLS para que pueda decidir si esta es una opci\u00f3n que funciona para usted seg\u00fan sus circunstancias individuales. Aprender\u00e1 los requisitos b\u00e1sicos para participar en el programa SLS, las cosas que debe tener en cuenta al planificar su participaci\u00f3n en SLS, c\u00f3mo comenzar y, sobre todo, que en SLS, usted es quien tiene el control. Usted elige a su proveedor, contrata al personal y decide su plan, y recibe tanta o tan poca ayuda como crea que necesita.<\/p>\n\n\n\n<p>La orientaci\u00f3n se lleva a cabo de 3:00 p.m. a 4:00 p.m.<\/p>\n\n\n\n<p><strong>Debido a la crisis de salud de COVID-19, nuestras orientaciones de SLS se est\u00e1n llevando a cabo actualmente de forma virtual hasta nuevo aviso, y puede asistir por computadora o tel\u00e9fono. <span style=\"text-decoration: underline;\">Actualmente no estamos realizando estas orientaciones en nuestras oficinas.<\/span><\/strong><\/p>\n\n\n\n<p>Los consumidores mayores de 18 a\u00f1os que est\u00e9n interesados en recibir asistencia para la vida en familia deben informar a su coordinador de servicios si est\u00e1n interesados en asistir a una orientaci\u00f3n de SLS. Se le proporcionar\u00e1 la informaci\u00f3n para iniciar sesi\u00f3n o conectarse por tel\u00e9fono a la orientaci\u00f3n virtual m\u00e1s cerca de la fecha de la orientaci\u00f3n.<\/p>\n\n\n\n<h3 class=\"wp-block-heading\">Paquete de informaci\u00f3n de orientaci\u00f3n<\/h3>\n\n\n<div class=\"document_era list\">\r\n\t\t<div class=\"col-md-12\">\r\n\t\t\t\t\t\t\t\t\t<a class=\"doc_block\" href=\"https:\/\/www.nlacrc.org\/wp-content\/uploads\/2024\/06\/Supported-Living-Services-Orientation-PowerPoint.pdf\" target=\"_blank\"><img decoding=\"async\" src=\"https:\/\/www.nlacrc.org\/wp-content\/themes\/planeteriaweb\/img\/PDF.svg\" class=\"img_icon\" alt=\"download this document\" width=\"17px\"><span>Presentaci\u00f3n en PowerPoint de Orientaci\u00f3n sobre SLS<\/span><\/a>\r\n\t\t\t\t\t\t\t\t\t\t\t\t<a class=\"doc_block\" href=\"https:\/\/www.nlacrc.org\/wp-content\/uploads\/2024\/06\/Supported-Living-Services-Orientation-Packet.pdf\" target=\"_blank\"><img decoding=\"async\" src=\"https:\/\/www.nlacrc.org\/wp-content\/themes\/planeteriaweb\/img\/PDF.svg\" class=\"img_icon\" alt=\"download this document\" width=\"17px\"><span>Paquete de orientaci\u00f3n SLS<\/span><\/a>\r\n\t\t\t\t\t\t\t\t\t\t\t\t<a class=\"doc_block\" href=\"https:\/\/www.nlacrc.org\/wp-content\/uploads\/2024\/06\/\u2022-SLS-Orientation-Packet-Agreement-Sheet.pdf\" target=\"_blank\"><img decoding=\"async\" src=\"https:\/\/www.nlacrc.org\/wp-content\/themes\/planeteriaweb\/img\/PDF.svg\" class=\"img_icon\" alt=\"download this document\" width=\"17px\"><span>Hoja de acuerdo del paquete de orientaci\u00f3n de SLS (para firmar y devolver despu\u00e9s de la orientaci\u00f3n)<\/span><\/a>\r\n\t\t\t\t\t\t\t<\/div>\r\n<\/div>\r\n<\/div>","protected":false},"excerpt":{"rendered":"Paquete de orientaci\u00f3n e informaci\u00f3n de SLS Los Servicios de Vida Asistida (SLS) le brindan apoyo para que pueda vivir en su propio [\u2026]","protected":false},"author":3,"featured_media":0,"parent":36609,"menu_order":58,"comment_status":"closed","ping_status":"closed","template":"","meta":{"_acf_changed":false,"advgb_blocks_editor_width":"","advgb_blocks_columns_visual_guide":"","_EventAllDay":false,"_EventTimezone":"","_EventStartDate":"","_EventEndDate":"","_EventStartDateUTC":"","_EventEndDateUTC":"","_EventShowMap":false,"_EventShowMapLink":false,"_EventURL":"","_EventCost":"","_EventCostDescription":"","_EventCurrencySymbol":"","_EventCurrencyCode":"","_EventCurrencyPosition":"","_EventDateTimeSeparator":"","_EventTimeRangeSeparator":"","_EventOrganizerID":[],"_EventVenueID":[],"_OrganizerEmail":"","_OrganizerPhone":"","_OrganizerWebsite":"","_VenueAddress":"","_VenueCity":"","_VenueCountry":"","_VenueProvince":"","_VenueState":"","_VenueZip":"","_VenuePhone":"","_VenueURL":"","_VenueStateProvince":"","_VenueLat":"","_VenueLng":"","_VenueShowMap":false,"_VenueShowMapLink":false,"_tribe_blocks_recurrence_rules":"","_tribe_blocks_recurrence_description":"","_tribe_blocks_recurrence_exclusions":"","footnotes":""},"class_list":["post-36613","page","type-page","status-publish","hentry"],"acf":[],"yoast_head":"<!-- This site is optimized with the Yoast SEO plugin v26.4 - https:\/\/yoast.com\/wordpress\/plugins\/seo\/ -->\n<title>Supported Living Services -<\/title>\n<meta name=\"description\" content=\"Supported Living Services - SLS Orientation &amp; Information Packet Supported Living Services (SLS) provides you support so that you can live in your own apartment and be part of\" \/>\n<meta name=\"robots\" content=\"index, follow, max-snippet:-1, max-image-preview:large, max-video-preview:-1\" \/>\n<link rel=\"canonical\" href=\"https:\/\/www.nlacrc.org\/es\/consumers-families\/adults\/supported-living-services\/\" \/>\n<meta property=\"og:locale\" content=\"es_MX\" \/>\n<meta property=\"og:type\" content=\"article\" \/>\n<meta property=\"og:title\" content=\"Supported Living Services -\" \/>\n<meta property=\"og:description\" content=\"Supported Living Services - SLS Orientation &amp; Information Packet Supported Living Services (SLS) provides you support so that you can live in your own apartment and be part of\" \/>\n<meta property=\"og:url\" content=\"https:\/\/www.nlacrc.org\/es\/consumers-families\/adults\/supported-living-services\/\" \/>\n<meta property=\"og:site_name\" content=\"North Los Angeles County\" \/>\n<meta property=\"article:publisher\" content=\"https:\/\/www.facebook.com\/NLACRC\/\" \/>\n<meta property=\"article:modified_time\" content=\"2024-06-17T16:56:47+00:00\" \/>\n<meta name=\"twitter:card\" content=\"summary_large_image\" \/>\n<meta name=\"twitter:site\" content=\"@NLACRC\" \/>\n<meta name=\"twitter:label1\" content=\"Est. reading time\" \/>\n\t<meta name=\"twitter:data1\" content=\"1 minuto\" \/>\n<script type=\"application\/ld+json\" class=\"yoast-schema-graph\">{\"@context\":\"https:\/\/schema.org\",\"@graph\":[{\"@type\":\"WebPage\",\"@id\":\"https:\/\/www.nlacrc.org\/fa\/consumers-families\/adults\/supported-living-services\/\",\"url\":\"https:\/\/www.nlacrc.org\/fa\/consumers-families\/adults\/supported-living-services\/\",\"name\":\"Supported Living Services -\",\"isPartOf\":{\"@id\":\"https:\/\/www.nlacrc.org\/fa\/#website\"},\"datePublished\":\"2024-06-05T18:06:25+00:00\",\"dateModified\":\"2024-06-17T16:56:47+00:00\",\"description\":\"Supported Living Services - SLS Orientation &amp; Information Packet Supported Living Services (SLS) provides you support so that you can live in your own apartment and be part of\",\"breadcrumb\":{\"@id\":\"https:\/\/www.nlacrc.org\/fa\/consumers-families\/adults\/supported-living-services\/#breadcrumb\"},\"inLanguage\":\"es\",\"potentialAction\":[{\"@type\":\"ReadAction\",\"target\":[\"https:\/\/www.nlacrc.org\/fa\/consumers-families\/adults\/supported-living-services\/\"]}]},{\"@type\":\"BreadcrumbList\",\"@id\":\"https:\/\/www.nlacrc.org\/fa\/consumers-families\/adults\/supported-living-services\/#breadcrumb\",\"itemListElement\":[{\"@type\":\"ListItem\",\"position\":1,\"name\":\"Home\",\"item\":\"https:\/\/www.nlacrc.org\/\"},{\"@type\":\"ListItem\",\"position\":2,\"name\":\"Consumers &amp; Families\",\"item\":\"https:\/\/nlacrc.org\/consumers-families\/\"},{\"@type\":\"ListItem\",\"position\":3,\"name\":\"Adults\",\"item\":\"https:\/\/nlacrc.org\/es\/consumers-families\/adults\/\"},{\"@type\":\"ListItem\",\"position\":4,\"name\":\"Supported Living Services\"}]},{\"@type\":\"WebSite\",\"@id\":\"https:\/\/www.nlacrc.org\/fa\/#website\",\"url\":\"https:\/\/www.nlacrc.org\/fa\/\",\"name\":\"North Los Angeles County\",\"description\":\"Regional Center\",\"publisher\":{\"@id\":\"https:\/\/www.nlacrc.org\/fa\/#organization\"},\"potentialAction\":[{\"@type\":\"SearchAction\",\"target\":{\"@type\":\"EntryPoint\",\"urlTemplate\":\"https:\/\/www.nlacrc.org\/fa\/?s={search_term_string}\"},\"query-input\":{\"@type\":\"PropertyValueSpecification\",\"valueRequired\":true,\"valueName\":\"search_term_string\"}}],\"inLanguage\":\"es\"},{\"@type\":\"Organization\",\"@id\":\"https:\/\/www.nlacrc.org\/fa\/#organization\",\"name\":\"North Los Angeles County\",\"url\":\"https:\/\/www.nlacrc.org\/fa\/\",\"logo\":{\"@type\":\"ImageObject\",\"inLanguage\":\"es\",\"@id\":\"https:\/\/www.nlacrc.org\/fa\/#\/schema\/logo\/image\/\",\"url\":\"https:\/\/www.nlacrc.org\/wp-content\/uploads\/2024\/06\/logo.svg\",\"contentUrl\":\"https:\/\/www.nlacrc.org\/wp-content\/uploads\/2024\/06\/logo.svg\",\"width\":131,\"height\":130,\"caption\":\"North Los Angeles County\"},\"image\":{\"@id\":\"https:\/\/www.nlacrc.org\/fa\/#\/schema\/logo\/image\/\"},\"sameAs\":[\"https:\/\/www.facebook.com\/NLACRC\/\",\"https:\/\/x.com\/NLACRC\"]}]}<\/script>\n<!-- \/ Yoast SEO plugin. -->","yoast_head_json":{"title":"Supported Living Services -","description":"Supported Living Services - SLS Orientation &amp; Information Packet Supported Living Services (SLS) provides you support so that you can live in your own apartment and be part of","robots":{"index":"index","follow":"follow","max-snippet":"max-snippet:-1","max-image-preview":"max-image-preview:large","max-video-preview":"max-video-preview:-1"},"canonical":"https:\/\/www.nlacrc.org\/es\/consumers-families\/adults\/supported-living-services\/","og_locale":"es_MX","og_type":"article","og_title":"Supported Living Services -","og_description":"Supported Living Services - SLS Orientation &amp; Information Packet Supported Living Services (SLS) provides you support so that you can live in your own apartment and be part of","og_url":"https:\/\/www.nlacrc.org\/es\/consumers-families\/adults\/supported-living-services\/","og_site_name":"North Los Angeles County","article_publisher":"https:\/\/www.facebook.com\/NLACRC\/","article_modified_time":"2024-06-17T16:56:47+00:00","twitter_card":"summary_large_image","twitter_site":"@NLACRC","twitter_misc":{"Est. reading time":"1 minuto"},"schema":{"@context":"https:\/\/schema.org","@graph":[{"@type":"WebPage","@id":"https:\/\/www.nlacrc.org\/fa\/consumers-families\/adults\/supported-living-services\/","url":"https:\/\/www.nlacrc.org\/fa\/consumers-families\/adults\/supported-living-services\/","name":"Supported Living Services -","isPartOf":{"@id":"https:\/\/www.nlacrc.org\/fa\/#website"},"datePublished":"2024-06-05T18:06:25+00:00","dateModified":"2024-06-17T16:56:47+00:00","description":"Supported Living Services - SLS Orientation &amp; Information Packet Supported Living Services (SLS) provides you support so that you can live in your own apartment and be part of","breadcrumb":{"@id":"https:\/\/www.nlacrc.org\/fa\/consumers-families\/adults\/supported-living-services\/#breadcrumb"},"inLanguage":"es","potentialAction":[{"@type":"ReadAction","target":["https:\/\/www.nlacrc.org\/fa\/consumers-families\/adults\/supported-living-services\/"]}]},{"@type":"BreadcrumbList","@id":"https:\/\/www.nlacrc.org\/fa\/consumers-families\/adults\/supported-living-services\/#breadcrumb","itemListElement":[{"@type":"ListItem","position":1,"name":"Home","item":"https:\/\/www.nlacrc.org\/"},{"@type":"ListItem","position":2,"name":"Consumers &amp; Families","item":"https:\/\/nlacrc.org\/consumers-families\/"},{"@type":"ListItem","position":3,"name":"Adults","item":"https:\/\/nlacrc.org\/es\/consumers-families\/adults\/"},{"@type":"ListItem","position":4,"name":"Supported Living Services"}]},{"@type":"WebSite","@id":"https:\/\/www.nlacrc.org\/fa\/#website","url":"https:\/\/www.nlacrc.org\/fa\/","name":"Norte del condado de Los \u00c1ngeles","description":"Centro Regional","publisher":{"@id":"https:\/\/www.nlacrc.org\/fa\/#organization"},"potentialAction":[{"@type":"SearchAction","target":{"@type":"EntryPoint","urlTemplate":"https:\/\/www.nlacrc.org\/fa\/?s={search_term_string}"},"query-input":{"@type":"PropertyValueSpecification","valueRequired":true,"valueName":"search_term_string"}}],"inLanguage":"es"},{"@type":"Organization","@id":"https:\/\/www.nlacrc.org\/fa\/#organization","name":"Norte del condado de Los \u00c1ngeles","url":"https:\/\/www.nlacrc.org\/fa\/","logo":{"@type":"ImageObject","inLanguage":"es","@id":"https:\/\/www.nlacrc.org\/fa\/#\/schema\/logo\/image\/","url":"https:\/\/www.nlacrc.org\/wp-content\/uploads\/2024\/06\/logo.svg","contentUrl":"https:\/\/www.nlacrc.org\/wp-content\/uploads\/2024\/06\/logo.svg","width":131,"height":130,"caption":"North Los Angeles County"},"image":{"@id":"https:\/\/www.nlacrc.org\/fa\/#\/schema\/logo\/image\/"},"sameAs":["https:\/\/www.facebook.com\/NLACRC\/","https:\/\/x.com\/NLACRC"]}]}},"coauthors":[],"author_meta":{"author_link":"https:\/\/www.nlacrc.org\/es\/author\/planeteria\/","display_name":"planeteria"},"relative_dates":{"created":"Publicado 2 a\u00f1os hace","modified":"Actualizado 2 a\u00f1os hace"},"absolute_dates":{"created":"Publicado el junio 5, 2024","modified":"Actualizado el junio 17, 2024"},"absolute_dates_time":{"created":"Publicado el junio 5, 2024 11:06 am","modified":"Actualizado el junio 17, 2024 9:56 am"},"featured_img_caption":"","featured_img":false,"series_order":"","_links":{"self":[{"href":"https:\/\/www.nlacrc.org\/es\/wp-json\/wp\/v2\/pages\/36613","targetHints":{"allow":["GET"]}}],"collection":[{"href":"https:\/\/www.nlacrc.org\/es\/wp-json\/wp\/v2\/pages"}],"about":[{"href":"https:\/\/www.nlacrc.org\/es\/wp-json\/wp\/v2\/types\/page"}],"author":[{"embeddable":true,"href":"https:\/\/www.nlacrc.org\/es\/wp-json\/wp\/v2\/users\/3"}],"replies":[{"embeddable":true,"href":"https:\/\/www.nlacrc.org\/es\/wp-json\/wp\/v2\/comments?post=36613"}],"version-history":[{"count":5,"href":"https:\/\/www.nlacrc.org\/es\/wp-json\/wp\/v2\/pages\/36613\/revisions"}],"predecessor-version":[{"id":37586,"href":"https:\/\/www.nlacrc.org\/es\/wp-json\/wp\/v2\/pages\/36613\/revisions\/37586"}],"up":[{"embeddable":true,"href":"https:\/\/www.nlacrc.org\/es\/wp-json\/wp\/v2\/pages\/36609"}],"wp:attachment":[{"href":"https:\/\/www.nlacrc.org\/es\/wp-json\/wp\/v2\/media?parent=36613"}],"curies":[{"name":"wp","href":"https:\/\/api.w.org\/{rel}","templated":true}]}}