{"id":36603,"date":"2024-06-05T11:07:06","date_gmt":"2024-06-05T18:07:06","guid":{"rendered":"https:\/\/www.nlacrc.org\/?page_id=36603"},"modified":"2025-04-22T10:55:05","modified_gmt":"2025-04-22T17:55:05","slug":"transition","status":"publish","type":"page","link":"https:\/\/www.nlacrc.org\/es\/consumers-families\/transition\/","title":{"rendered":"Transici\u00f3n"},"content":{"rendered":"<div class=\"wp-block-group is-layout-constrained wp-block-group-is-layout-constrained\">\n<div class=\"wp-block-media-text is-stacked-on-mobile\"><figure class=\"wp-block-media-text__media\"><img loading=\"lazy\" decoding=\"async\" width=\"600\" height=\"400\" src=\"https:\/\/www.nlacrc.org\/wp-content\/uploads\/2024\/06\/Dad_and_daughter_in_wheelchair_3_2_600.jpg\" alt=\"A dad and his daughter in a wheelchair looking at a phone\" class=\"wp-image-37474 size-full\" srcset=\"https:\/\/www.nlacrc.org\/wp-content\/uploads\/2024\/06\/Dad_and_daughter_in_wheelchair_3_2_600.jpg 600w, https:\/\/www.nlacrc.org\/wp-content\/uploads\/2024\/06\/Dad_and_daughter_in_wheelchair_3_2_600-300x200.jpg 300w, https:\/\/www.nlacrc.org\/wp-content\/uploads\/2024\/06\/Dad_and_daughter_in_wheelchair_3_2_600-24x16.jpg 24w, https:\/\/www.nlacrc.org\/wp-content\/uploads\/2024\/06\/Dad_and_daughter_in_wheelchair_3_2_600-36x24.jpg 36w, https:\/\/www.nlacrc.org\/wp-content\/uploads\/2024\/06\/Dad_and_daughter_in_wheelchair_3_2_600-48x32.jpg 48w\" sizes=\"auto, (max-width: 600px) 100vw, 600px\" \/><\/figure><div class=\"wp-block-media-text__content\">\n<p>La planificaci\u00f3n de la vida despu\u00e9s de la escuela suele comenzar a los 14 a\u00f1os. La planificaci\u00f3n de la transici\u00f3n ayuda a los estudiantes a prepararse para la vida despu\u00e9s de la escuela secundaria. Esto puede incluir programas de capacitaci\u00f3n vocacional (habilidades laborales), o prepararse para trabajar o ir a la universidad. Tanto las escuelas como el NLACRC brindan servicios de planificaci\u00f3n de la transici\u00f3n.<\/p>\n\n\n\n<p><\/p>\n\n\n\n<p>Click here to view a copy of the <a href=\"https:\/\/www.nlacrc.org\/wp-content\/uploads\/2025\/05\/guide_to_californias_regional_center_system_sp.pdf\">Guide to California&#8217;s Regional Center System<\/a><\/p>\n<\/div><\/div>\n<\/div>\n\n\n\n<div class=\"wp-block-group is-layout-constrained wp-block-group-is-layout-constrained\">\n<h2 class=\"wp-block-heading has-text-align-center\">Asista a una Feria de Transici\u00f3n del NLACRC<\/h2>\n\n\n\n<p>Las ferias de transici\u00f3n ofrecen informaci\u00f3n sobre los servicios y programas que est\u00e1n disponibles para los estudiantes despu\u00e9s de la escuela secundaria.<\/p>\n\n\n\n<ul class=\"wp-block-list\">\n<li>NLACRC se asocia con distritos escolares locales para planificar ferias de transici\u00f3n.<\/li>\n\n\n\n<li>Las ferias suelen tener lugar en primavera.<\/li>\n\n\n\n<li>Para obtener m\u00e1s informaci\u00f3n, consulte a su coordinador de servicios o consulte <a href=\"https:\/\/www.nlacrc.org\/es\/news-events\/calendar\/\">Calendario de eventos en l\u00ednea del NLACRC<\/a>.<\/li>\n<\/ul>\n<\/div>\n\n\n\n<div class=\"wp-block-group has-secondary-background-color has-background is-layout-constrained wp-block-group-is-layout-constrained\">\n<h2 class=\"wp-block-heading has-text-align-center\">M\u00e1s informaci\u00f3n<\/h2>\n\n\n<section class=\"button_list list\">\n              <div class=\"container\">\n               <!--<h2 class=\"text-center\">Button List<\/h2>-->\n               <div class=\"simple_list_wrap\">\n                    <div class=\"simple_list_info\">\n                        <div class=\"row no-margin three\">\n\t\t\t\t\t\t\t                            \t\t\t\t\t\t\t\t\t\t\t\t\t\t<div class=\"col-lg-4 col-md-4 simple_list_col\">\n\t\t\t\t\t\t\t                                <a href=\"https:\/\/www.nlacrc.org\/es\/consumers-families\/employment\/\" class=\"\" target=\"\">Empleo<\/a>\n                            <\/div>\n                            \t\t\t\t\t\t\t                            \t\t\t\t\t\t\t\t\t\t\t\t\t\t<div class=\"col-lg-4 col-md-4 simple_list_col\">\n\t\t\t\t\t\t\t                                <a href=\"https:\/\/www.nlacrc.org\/es\/consumers-families\/transition\/affordable-housing\/\" class=\"\" target=\"\">Vivienda asequible<\/a>\n                            <\/div>\n                            \t\t\t\t\t\t\t                        <\/div>\n                    <\/div>\n            <\/div>\n              <\/div>\n      <\/section>\n<\/div>","protected":false},"excerpt":{"rendered":"La planificaci\u00f3n de la vida despu\u00e9s de la escuela suele comenzar a los 14 a\u00f1os. La planificaci\u00f3n de la transici\u00f3n ayuda a los estudiantes a prepararse para la vida despu\u00e9s de la escuela secundaria. [\u2026]","protected":false},"author":3,"featured_media":0,"parent":36314,"menu_order":63,"comment_status":"closed","ping_status":"closed","template":"","meta":{"_acf_changed":false,"advgb_blocks_editor_width":"","advgb_blocks_columns_visual_guide":"","_EventAllDay":false,"_EventTimezone":"","_EventStartDate":"","_EventEndDate":"","_EventStartDateUTC":"","_EventEndDateUTC":"","_EventShowMap":false,"_EventShowMapLink":false,"_EventURL":"","_EventCost":"","_EventCostDescription":"","_EventCurrencySymbol":"","_EventCurrencyCode":"","_EventCurrencyPosition":"","_EventDateTimeSeparator":"","_EventTimeRangeSeparator":"","_EventOrganizerID":[],"_EventVenueID":[],"_OrganizerEmail":"","_OrganizerPhone":"","_OrganizerWebsite":"","_VenueAddress":"","_VenueCity":"","_VenueCountry":"","_VenueProvince":"","_VenueState":"","_VenueZip":"","_VenuePhone":"","_VenueURL":"","_VenueStateProvince":"","_VenueLat":"","_VenueLng":"","_VenueShowMap":false,"_VenueShowMapLink":false,"_tribe_blocks_recurrence_rules":"","_tribe_blocks_recurrence_description":"","_tribe_blocks_recurrence_exclusions":"","footnotes":""},"class_list":["post-36603","page","type-page","status-publish","hentry"],"acf":[],"yoast_head":"<!-- This site is optimized with the Yoast SEO plugin v26.4 - https:\/\/yoast.com\/wordpress\/plugins\/seo\/ -->\n<title>Transition -<\/title>\n<meta name=\"description\" content=\"Transition - Planning for life after school often starts at age 14. Transition planning helps students prepare for life after high school. This can include vocational\" \/>\n<meta name=\"robots\" content=\"index, follow, max-snippet:-1, max-image-preview:large, max-video-preview:-1\" \/>\n<link rel=\"canonical\" href=\"https:\/\/nlacrc.org\/hy\/consumers-families\/transition\/\" \/>\n<meta property=\"og:locale\" content=\"es_MX\" \/>\n<meta property=\"og:type\" content=\"article\" \/>\n<meta property=\"og:title\" content=\"Transition -\" \/>\n<meta property=\"og:description\" content=\"Transition - Planning for life after school often starts at age 14. Transition planning helps students prepare for life after high school. This can include vocational\" \/>\n<meta property=\"og:url\" content=\"https:\/\/nlacrc.org\/hy\/consumers-families\/transition\/\" \/>\n<meta property=\"og:site_name\" content=\"North Los Angeles County\" \/>\n<meta property=\"article:publisher\" content=\"https:\/\/www.facebook.com\/NLACRC\/\" \/>\n<meta property=\"article:modified_time\" content=\"2025-04-22T17:55:05+00:00\" \/>\n<meta property=\"og:image\" content=\"https:\/\/www.nlacrc.org\/wp-content\/uploads\/2024\/06\/Dad_and_daughter_in_wheelchair_3_2_600.jpg\" \/>\n<meta name=\"twitter:card\" content=\"summary_large_image\" \/>\n<meta name=\"twitter:site\" content=\"@NLACRC\" \/>\n<meta name=\"twitter:label1\" content=\"Est. reading time\" \/>\n\t<meta name=\"twitter:data1\" content=\"1 minuto\" \/>\n<script type=\"application\/ld+json\" class=\"yoast-schema-graph\">{\"@context\":\"https:\/\/schema.org\",\"@graph\":[{\"@type\":\"WebPage\",\"@id\":\"https:\/\/nlacrc.org\/hy\/consumers-families\/transition\/\",\"url\":\"https:\/\/nlacrc.org\/hy\/consumers-families\/transition\/\",\"name\":\"Transition -\",\"isPartOf\":{\"@id\":\"https:\/\/www.nlacrc.org\/fa\/#website\"},\"primaryImageOfPage\":{\"@id\":\"https:\/\/nlacrc.org\/hy\/consumers-families\/transition\/#primaryimage\"},\"image\":{\"@id\":\"https:\/\/nlacrc.org\/hy\/consumers-families\/transition\/#primaryimage\"},\"thumbnailUrl\":\"https:\/\/www.nlacrc.org\/wp-content\/uploads\/2024\/06\/Dad_and_daughter_in_wheelchair_3_2_600.jpg\",\"datePublished\":\"2024-06-05T18:07:06+00:00\",\"dateModified\":\"2025-04-22T17:55:05+00:00\",\"description\":\"Transition - Planning for life after school often starts at age 14. Transition planning helps students prepare for life after high school. This can include vocational\",\"breadcrumb\":{\"@id\":\"https:\/\/nlacrc.org\/hy\/consumers-families\/transition\/#breadcrumb\"},\"inLanguage\":\"es\",\"potentialAction\":[{\"@type\":\"ReadAction\",\"target\":[\"https:\/\/nlacrc.org\/hy\/consumers-families\/transition\/\"]}]},{\"@type\":\"ImageObject\",\"inLanguage\":\"es\",\"@id\":\"https:\/\/nlacrc.org\/hy\/consumers-families\/transition\/#primaryimage\",\"url\":\"https:\/\/www.nlacrc.org\/wp-content\/uploads\/2024\/06\/Dad_and_daughter_in_wheelchair_3_2_600.jpg\",\"contentUrl\":\"https:\/\/www.nlacrc.org\/wp-content\/uploads\/2024\/06\/Dad_and_daughter_in_wheelchair_3_2_600.jpg\"},{\"@type\":\"BreadcrumbList\",\"@id\":\"https:\/\/nlacrc.org\/hy\/consumers-families\/transition\/#breadcrumb\",\"itemListElement\":[{\"@type\":\"ListItem\",\"position\":1,\"name\":\"Home\",\"item\":\"https:\/\/www.nlacrc.org\/\"},{\"@type\":\"ListItem\",\"position\":2,\"name\":\"Consumers &amp; Families\",\"item\":\"https:\/\/nlacrc.org\/consumers-families\/\"},{\"@type\":\"ListItem\",\"position\":3,\"name\":\"Transition\"}]},{\"@type\":\"WebSite\",\"@id\":\"https:\/\/www.nlacrc.org\/fa\/#website\",\"url\":\"https:\/\/www.nlacrc.org\/fa\/\",\"name\":\"North Los Angeles County\",\"description\":\"Regional Center\",\"publisher\":{\"@id\":\"https:\/\/www.nlacrc.org\/fa\/#organization\"},\"potentialAction\":[{\"@type\":\"SearchAction\",\"target\":{\"@type\":\"EntryPoint\",\"urlTemplate\":\"https:\/\/www.nlacrc.org\/fa\/?s={search_term_string}\"},\"query-input\":{\"@type\":\"PropertyValueSpecification\",\"valueRequired\":true,\"valueName\":\"search_term_string\"}}],\"inLanguage\":\"es\"},{\"@type\":\"Organization\",\"@id\":\"https:\/\/www.nlacrc.org\/fa\/#organization\",\"name\":\"North Los Angeles County\",\"url\":\"https:\/\/www.nlacrc.org\/fa\/\",\"logo\":{\"@type\":\"ImageObject\",\"inLanguage\":\"es\",\"@id\":\"https:\/\/www.nlacrc.org\/fa\/#\/schema\/logo\/image\/\",\"url\":\"https:\/\/www.nlacrc.org\/wp-content\/uploads\/2024\/06\/logo.svg\",\"contentUrl\":\"https:\/\/www.nlacrc.org\/wp-content\/uploads\/2024\/06\/logo.svg\",\"width\":131,\"height\":130,\"caption\":\"North Los Angeles County\"},\"image\":{\"@id\":\"https:\/\/www.nlacrc.org\/fa\/#\/schema\/logo\/image\/\"},\"sameAs\":[\"https:\/\/www.facebook.com\/NLACRC\/\",\"https:\/\/x.com\/NLACRC\"]}]}<\/script>\n<!-- \/ Yoast SEO plugin. -->","yoast_head_json":{"title":"Transition -","description":"Transition - Planning for life after school often starts at age 14. Transition planning helps students prepare for life after high school. This can include vocational","robots":{"index":"index","follow":"follow","max-snippet":"max-snippet:-1","max-image-preview":"max-image-preview:large","max-video-preview":"max-video-preview:-1"},"canonical":"https:\/\/nlacrc.org\/hy\/consumers-families\/transition\/","og_locale":"es_MX","og_type":"article","og_title":"Transition -","og_description":"Transition - Planning for life after school often starts at age 14. Transition planning helps students prepare for life after high school. This can include vocational","og_url":"https:\/\/nlacrc.org\/hy\/consumers-families\/transition\/","og_site_name":"North Los Angeles County","article_publisher":"https:\/\/www.facebook.com\/NLACRC\/","article_modified_time":"2025-04-22T17:55:05+00:00","og_image":[{"url":"https:\/\/www.nlacrc.org\/wp-content\/uploads\/2024\/06\/Dad_and_daughter_in_wheelchair_3_2_600.jpg","type":"","width":"","height":""}],"twitter_card":"summary_large_image","twitter_site":"@NLACRC","twitter_misc":{"Est. reading time":"1 minuto"},"schema":{"@context":"https:\/\/schema.org","@graph":[{"@type":"WebPage","@id":"https:\/\/nlacrc.org\/hy\/consumers-families\/transition\/","url":"https:\/\/nlacrc.org\/hy\/consumers-families\/transition\/","name":"Transition -","isPartOf":{"@id":"https:\/\/www.nlacrc.org\/fa\/#website"},"primaryImageOfPage":{"@id":"https:\/\/nlacrc.org\/hy\/consumers-families\/transition\/#primaryimage"},"image":{"@id":"https:\/\/nlacrc.org\/hy\/consumers-families\/transition\/#primaryimage"},"thumbnailUrl":"https:\/\/www.nlacrc.org\/wp-content\/uploads\/2024\/06\/Dad_and_daughter_in_wheelchair_3_2_600.jpg","datePublished":"2024-06-05T18:07:06+00:00","dateModified":"2025-04-22T17:55:05+00:00","description":"Transition - Planning for life after school often starts at age 14. Transition planning helps students prepare for life after high school. This can include vocational","breadcrumb":{"@id":"https:\/\/nlacrc.org\/hy\/consumers-families\/transition\/#breadcrumb"},"inLanguage":"es","potentialAction":[{"@type":"ReadAction","target":["https:\/\/nlacrc.org\/hy\/consumers-families\/transition\/"]}]},{"@type":"ImageObject","inLanguage":"es","@id":"https:\/\/nlacrc.org\/hy\/consumers-families\/transition\/#primaryimage","url":"https:\/\/www.nlacrc.org\/wp-content\/uploads\/2024\/06\/Dad_and_daughter_in_wheelchair_3_2_600.jpg","contentUrl":"https:\/\/www.nlacrc.org\/wp-content\/uploads\/2024\/06\/Dad_and_daughter_in_wheelchair_3_2_600.jpg"},{"@type":"BreadcrumbList","@id":"https:\/\/nlacrc.org\/hy\/consumers-families\/transition\/#breadcrumb","itemListElement":[{"@type":"ListItem","position":1,"name":"Home","item":"https:\/\/www.nlacrc.org\/"},{"@type":"ListItem","position":2,"name":"Consumers &amp; Families","item":"https:\/\/nlacrc.org\/consumers-families\/"},{"@type":"ListItem","position":3,"name":"Transition"}]},{"@type":"WebSite","@id":"https:\/\/www.nlacrc.org\/fa\/#website","url":"https:\/\/www.nlacrc.org\/fa\/","name":"Norte del condado de Los \u00c1ngeles","description":"Centro Regional","publisher":{"@id":"https:\/\/www.nlacrc.org\/fa\/#organization"},"potentialAction":[{"@type":"SearchAction","target":{"@type":"EntryPoint","urlTemplate":"https:\/\/www.nlacrc.org\/fa\/?s={search_term_string}"},"query-input":{"@type":"PropertyValueSpecification","valueRequired":true,"valueName":"search_term_string"}}],"inLanguage":"es"},{"@type":"Organization","@id":"https:\/\/www.nlacrc.org\/fa\/#organization","name":"Norte del condado de Los \u00c1ngeles","url":"https:\/\/www.nlacrc.org\/fa\/","logo":{"@type":"ImageObject","inLanguage":"es","@id":"https:\/\/www.nlacrc.org\/fa\/#\/schema\/logo\/image\/","url":"https:\/\/www.nlacrc.org\/wp-content\/uploads\/2024\/06\/logo.svg","contentUrl":"https:\/\/www.nlacrc.org\/wp-content\/uploads\/2024\/06\/logo.svg","width":131,"height":130,"caption":"North Los Angeles County"},"image":{"@id":"https:\/\/www.nlacrc.org\/fa\/#\/schema\/logo\/image\/"},"sameAs":["https:\/\/www.facebook.com\/NLACRC\/","https:\/\/x.com\/NLACRC"]}]}},"coauthors":[],"author_meta":{"author_link":"https:\/\/www.nlacrc.org\/es\/author\/planeteria\/","display_name":"planeteria"},"relative_dates":{"created":"Publicado 2 a\u00f1os hace","modified":"Actualizado 12 meses hace"},"absolute_dates":{"created":"Publicado el junio 5, 2024","modified":"Actualizado el abril 22, 2025"},"absolute_dates_time":{"created":"Publicado el junio 5, 2024 11:07 am","modified":"Actualizado el abril 22, 2025 10:55 am"},"featured_img_caption":"","featured_img":false,"series_order":"","_links":{"self":[{"href":"https:\/\/www.nlacrc.org\/es\/wp-json\/wp\/v2\/pages\/36603","targetHints":{"allow":["GET"]}}],"collection":[{"href":"https:\/\/www.nlacrc.org\/es\/wp-json\/wp\/v2\/pages"}],"about":[{"href":"https:\/\/www.nlacrc.org\/es\/wp-json\/wp\/v2\/types\/page"}],"author":[{"embeddable":true,"href":"https:\/\/www.nlacrc.org\/es\/wp-json\/wp\/v2\/users\/3"}],"replies":[{"embeddable":true,"href":"https:\/\/www.nlacrc.org\/es\/wp-json\/wp\/v2\/comments?post=36603"}],"version-history":[{"count":6,"href":"https:\/\/www.nlacrc.org\/es\/wp-json\/wp\/v2\/pages\/36603\/revisions"}],"predecessor-version":[{"id":52877,"href":"https:\/\/www.nlacrc.org\/es\/wp-json\/wp\/v2\/pages\/36603\/revisions\/52877"}],"up":[{"embeddable":true,"href":"https:\/\/www.nlacrc.org\/es\/wp-json\/wp\/v2\/pages\/36314"}],"wp:attachment":[{"href":"https:\/\/www.nlacrc.org\/es\/wp-json\/wp\/v2\/media?parent=36603"}],"curies":[{"name":"wp","href":"https:\/\/api.w.org\/{rel}","templated":true}]}}