{"id":36599,"date":"2024-06-05T09:35:42","date_gmt":"2024-06-05T16:35:42","guid":{"rendered":"https:\/\/www.nlacrc.org\/?page_id=36599"},"modified":"2025-08-07T15:02:36","modified_gmt":"2025-08-07T22:02:36","slug":"provisional-eligibility-program","status":"publish","type":"page","link":"https:\/\/www.nlacrc.org\/es\/consumers-families\/early-start\/provisional-eligibility-program\/","title":{"rendered":"Programa de elegibilidad provisional"},"content":{"rendered":"<p>Los ni\u00f1os de entre 0 y 5 a\u00f1os pueden ser elegibles para recibir servicios del centro regional de conformidad con la Ley Lanterman de manera provisional. No es necesario que se determine que el ni\u00f1o tiene una discapacidad del desarrollo para ser elegible. Sin embargo, el ni\u00f1o debe:<\/p>\n\n\n\n<ol class=\"wp-block-list\">\n<li>Tener una discapacidad que no sea \u00fanicamente de naturaleza f\u00edsica, y<\/li>\n\n\n\n<li>Debe tener limitaciones funcionales significativas en al menos dos de las siguientes \u00e1reas:\n<ul class=\"wp-block-list\">\n<li>Cuidados personales<\/li>\n\n\n\n<li>Lenguaje receptivo y expresivo<\/li>\n\n\n\n<li>Aprendiendo<\/li>\n\n\n\n<li>Movilidad<\/li>\n\n\n\n<li>Autodirecci\u00f3n<\/li>\n<\/ul>\n<\/li>\n<\/ol>\n\n\n\n<p>A provisionally eligible child will be reassessed prior to age five to determine if a substantially disabling developmental disability is present.<\/p>\n\n\n\n<p>Para solicitar o volver a solicitar servicios, env\u00ede un correo electr\u00f3nico a <a href=\"mailto:intake@nlacrc.org\">admisi\u00f3n@nlacrc.org<\/a> o comun\u00edquese con la l\u00ednea de referencia de admisi\u00f3n al <a href=\"tel: 8187781900\">(818) 778-1900<\/a>.<\/p>\n\n\n\n<p>Si actualmente recibe servicios de Inicio Temprano, consulte a su coordinador de servicios para obtener m\u00e1s informaci\u00f3n.<\/p>","protected":false},"excerpt":{"rendered":"Los ni\u00f1os de 0 a 5 a\u00f1os pueden ser elegibles para recibir los servicios del centro regional de conformidad con la Ley Lanterman de manera provisional. El ni\u00f1o [\u2026]","protected":false},"author":3,"featured_media":0,"parent":36593,"menu_order":65,"comment_status":"closed","ping_status":"closed","template":"","meta":{"_acf_changed":false,"advgb_blocks_editor_width":"","advgb_blocks_columns_visual_guide":"","_EventAllDay":false,"_EventTimezone":"","_EventStartDate":"","_EventEndDate":"","_EventStartDateUTC":"","_EventEndDateUTC":"","_EventShowMap":false,"_EventShowMapLink":false,"_EventURL":"","_EventCost":"","_EventCostDescription":"","_EventCurrencySymbol":"","_EventCurrencyCode":"","_EventCurrencyPosition":"","_EventDateTimeSeparator":"","_EventTimeRangeSeparator":"","_EventOrganizerID":[],"_EventVenueID":[],"_OrganizerEmail":"","_OrganizerPhone":"","_OrganizerWebsite":"","_VenueAddress":"","_VenueCity":"","_VenueCountry":"","_VenueProvince":"","_VenueState":"","_VenueZip":"","_VenuePhone":"","_VenueURL":"","_VenueStateProvince":"","_VenueLat":"","_VenueLng":"","_VenueShowMap":false,"_VenueShowMapLink":false,"_tribe_blocks_recurrence_rules":"","_tribe_blocks_recurrence_description":"","_tribe_blocks_recurrence_exclusions":"","footnotes":""},"class_list":["post-36599","page","type-page","status-publish","hentry"],"acf":[],"yoast_head":"<!-- This site is optimized with the Yoast SEO plugin v26.4 - https:\/\/yoast.com\/wordpress\/plugins\/seo\/ -->\n<title>Provisional Eligibility Program -<\/title>\n<meta name=\"description\" content=\"Provisional Eligibility Program - Children 0 to 5 years old may be eligible for regional center services under the Lanterman Act provisionally. The child does not need to be found to have\" \/>\n<meta name=\"robots\" content=\"index, follow, max-snippet:-1, max-image-preview:large, max-video-preview:-1\" \/>\n<link rel=\"canonical\" href=\"https:\/\/www.nlacrc.org\/es\/consumers-families\/early-start\/provisional-eligibility-program\/\" \/>\n<meta property=\"og:locale\" content=\"es_MX\" \/>\n<meta property=\"og:type\" content=\"article\" \/>\n<meta property=\"og:title\" content=\"Provisional Eligibility Program -\" \/>\n<meta property=\"og:description\" content=\"Provisional Eligibility Program - Children 0 to 5 years old may be eligible for regional center services under the Lanterman Act provisionally. The child does not need to be found to have\" \/>\n<meta property=\"og:url\" content=\"https:\/\/www.nlacrc.org\/es\/consumers-families\/early-start\/provisional-eligibility-program\/\" \/>\n<meta property=\"og:site_name\" content=\"North Los Angeles County\" \/>\n<meta property=\"article:publisher\" content=\"https:\/\/www.facebook.com\/NLACRC\/\" \/>\n<meta property=\"article:modified_time\" content=\"2025-08-07T22:02:36+00:00\" \/>\n<meta name=\"twitter:card\" content=\"summary_large_image\" \/>\n<meta name=\"twitter:site\" content=\"@NLACRC\" \/>\n<meta name=\"twitter:label1\" content=\"Est. reading time\" \/>\n\t<meta name=\"twitter:data1\" content=\"1 minuto\" \/>\n<script type=\"application\/ld+json\" class=\"yoast-schema-graph\">{\"@context\":\"https:\/\/schema.org\",\"@graph\":[{\"@type\":\"WebPage\",\"@id\":\"https:\/\/www.nlacrc.org\/tl\/consumers-families\/early-start\/provisional-eligibility-program\/\",\"url\":\"https:\/\/www.nlacrc.org\/tl\/consumers-families\/early-start\/provisional-eligibility-program\/\",\"name\":\"Provisional Eligibility Program -\",\"isPartOf\":{\"@id\":\"https:\/\/www.nlacrc.org\/fa\/#website\"},\"datePublished\":\"2024-06-05T16:35:42+00:00\",\"dateModified\":\"2025-08-07T22:02:36+00:00\",\"description\":\"Provisional Eligibility Program - Children 0 to 5 years old may be eligible for regional center services under the Lanterman Act provisionally. The child does not need to be found to have\",\"breadcrumb\":{\"@id\":\"https:\/\/www.nlacrc.org\/tl\/consumers-families\/early-start\/provisional-eligibility-program\/#breadcrumb\"},\"inLanguage\":\"es\",\"potentialAction\":[{\"@type\":\"ReadAction\",\"target\":[\"https:\/\/www.nlacrc.org\/tl\/consumers-families\/early-start\/provisional-eligibility-program\/\"]}]},{\"@type\":\"BreadcrumbList\",\"@id\":\"https:\/\/www.nlacrc.org\/tl\/consumers-families\/early-start\/provisional-eligibility-program\/#breadcrumb\",\"itemListElement\":[{\"@type\":\"ListItem\",\"position\":1,\"name\":\"Home\",\"item\":\"https:\/\/www.nlacrc.org\/\"},{\"@type\":\"ListItem\",\"position\":2,\"name\":\"Consumers &amp; Families\",\"item\":\"https:\/\/nlacrc.org\/consumers-families\/\"},{\"@type\":\"ListItem\",\"position\":3,\"name\":\"Early Start\",\"item\":\"https:\/\/www.nlacrc.org\/consumers-families\/early-start\/\"},{\"@type\":\"ListItem\",\"position\":4,\"name\":\"Provisional Eligibility Program\"}]},{\"@type\":\"WebSite\",\"@id\":\"https:\/\/www.nlacrc.org\/fa\/#website\",\"url\":\"https:\/\/www.nlacrc.org\/fa\/\",\"name\":\"North Los Angeles County\",\"description\":\"Regional Center\",\"publisher\":{\"@id\":\"https:\/\/www.nlacrc.org\/fa\/#organization\"},\"potentialAction\":[{\"@type\":\"SearchAction\",\"target\":{\"@type\":\"EntryPoint\",\"urlTemplate\":\"https:\/\/www.nlacrc.org\/fa\/?s={search_term_string}\"},\"query-input\":{\"@type\":\"PropertyValueSpecification\",\"valueRequired\":true,\"valueName\":\"search_term_string\"}}],\"inLanguage\":\"es\"},{\"@type\":\"Organization\",\"@id\":\"https:\/\/www.nlacrc.org\/fa\/#organization\",\"name\":\"North Los Angeles County\",\"url\":\"https:\/\/www.nlacrc.org\/fa\/\",\"logo\":{\"@type\":\"ImageObject\",\"inLanguage\":\"es\",\"@id\":\"https:\/\/www.nlacrc.org\/fa\/#\/schema\/logo\/image\/\",\"url\":\"https:\/\/www.nlacrc.org\/wp-content\/uploads\/2024\/06\/logo.svg\",\"contentUrl\":\"https:\/\/www.nlacrc.org\/wp-content\/uploads\/2024\/06\/logo.svg\",\"width\":131,\"height\":130,\"caption\":\"North Los Angeles County\"},\"image\":{\"@id\":\"https:\/\/www.nlacrc.org\/fa\/#\/schema\/logo\/image\/\"},\"sameAs\":[\"https:\/\/www.facebook.com\/NLACRC\/\",\"https:\/\/x.com\/NLACRC\"]}]}<\/script>\n<!-- \/ Yoast SEO plugin. -->","yoast_head_json":{"title":"Provisional Eligibility Program -","description":"Provisional Eligibility Program - Children 0 to 5 years old may be eligible for regional center services under the Lanterman Act provisionally. The child does not need to be found to have","robots":{"index":"index","follow":"follow","max-snippet":"max-snippet:-1","max-image-preview":"max-image-preview:large","max-video-preview":"max-video-preview:-1"},"canonical":"https:\/\/www.nlacrc.org\/es\/consumers-families\/early-start\/provisional-eligibility-program\/","og_locale":"es_MX","og_type":"article","og_title":"Provisional Eligibility Program -","og_description":"Provisional Eligibility Program - Children 0 to 5 years old may be eligible for regional center services under the Lanterman Act provisionally. The child does not need to be found to have","og_url":"https:\/\/www.nlacrc.org\/es\/consumers-families\/early-start\/provisional-eligibility-program\/","og_site_name":"North Los Angeles County","article_publisher":"https:\/\/www.facebook.com\/NLACRC\/","article_modified_time":"2025-08-07T22:02:36+00:00","twitter_card":"summary_large_image","twitter_site":"@NLACRC","twitter_misc":{"Est. reading time":"1 minuto"},"schema":{"@context":"https:\/\/schema.org","@graph":[{"@type":"WebPage","@id":"https:\/\/www.nlacrc.org\/tl\/consumers-families\/early-start\/provisional-eligibility-program\/","url":"https:\/\/www.nlacrc.org\/tl\/consumers-families\/early-start\/provisional-eligibility-program\/","name":"Provisional Eligibility Program -","isPartOf":{"@id":"https:\/\/www.nlacrc.org\/fa\/#website"},"datePublished":"2024-06-05T16:35:42+00:00","dateModified":"2025-08-07T22:02:36+00:00","description":"Provisional Eligibility Program - Children 0 to 5 years old may be eligible for regional center services under the Lanterman Act provisionally. The child does not need to be found to have","breadcrumb":{"@id":"https:\/\/www.nlacrc.org\/tl\/consumers-families\/early-start\/provisional-eligibility-program\/#breadcrumb"},"inLanguage":"es","potentialAction":[{"@type":"ReadAction","target":["https:\/\/www.nlacrc.org\/tl\/consumers-families\/early-start\/provisional-eligibility-program\/"]}]},{"@type":"BreadcrumbList","@id":"https:\/\/www.nlacrc.org\/tl\/consumers-families\/early-start\/provisional-eligibility-program\/#breadcrumb","itemListElement":[{"@type":"ListItem","position":1,"name":"Home","item":"https:\/\/www.nlacrc.org\/"},{"@type":"ListItem","position":2,"name":"Consumers &amp; Families","item":"https:\/\/nlacrc.org\/consumers-families\/"},{"@type":"ListItem","position":3,"name":"Early Start","item":"https:\/\/www.nlacrc.org\/consumers-families\/early-start\/"},{"@type":"ListItem","position":4,"name":"Provisional Eligibility Program"}]},{"@type":"WebSite","@id":"https:\/\/www.nlacrc.org\/fa\/#website","url":"https:\/\/www.nlacrc.org\/fa\/","name":"Norte del condado de Los \u00c1ngeles","description":"Centro Regional","publisher":{"@id":"https:\/\/www.nlacrc.org\/fa\/#organization"},"potentialAction":[{"@type":"SearchAction","target":{"@type":"EntryPoint","urlTemplate":"https:\/\/www.nlacrc.org\/fa\/?s={search_term_string}"},"query-input":{"@type":"PropertyValueSpecification","valueRequired":true,"valueName":"search_term_string"}}],"inLanguage":"es"},{"@type":"Organization","@id":"https:\/\/www.nlacrc.org\/fa\/#organization","name":"Norte del condado de Los \u00c1ngeles","url":"https:\/\/www.nlacrc.org\/fa\/","logo":{"@type":"ImageObject","inLanguage":"es","@id":"https:\/\/www.nlacrc.org\/fa\/#\/schema\/logo\/image\/","url":"https:\/\/www.nlacrc.org\/wp-content\/uploads\/2024\/06\/logo.svg","contentUrl":"https:\/\/www.nlacrc.org\/wp-content\/uploads\/2024\/06\/logo.svg","width":131,"height":130,"caption":"North Los Angeles County"},"image":{"@id":"https:\/\/www.nlacrc.org\/fa\/#\/schema\/logo\/image\/"},"sameAs":["https:\/\/www.facebook.com\/NLACRC\/","https:\/\/x.com\/NLACRC"]}]}},"coauthors":[],"author_meta":{"author_link":"https:\/\/www.nlacrc.org\/es\/author\/planeteria\/","display_name":"planeteria"},"relative_dates":{"created":"Publicado 2 a\u00f1os hace","modified":"Actualizado 8 meses hace"},"absolute_dates":{"created":"Publicado el junio 5, 2024","modified":"Actualizado el agosto 7, 2025"},"absolute_dates_time":{"created":"Publicado el junio 5, 2024 9:35 am","modified":"Actualizado el agosto 7, 2025 3:02 pm"},"featured_img_caption":"","featured_img":false,"series_order":"","_links":{"self":[{"href":"https:\/\/www.nlacrc.org\/es\/wp-json\/wp\/v2\/pages\/36599","targetHints":{"allow":["GET"]}}],"collection":[{"href":"https:\/\/www.nlacrc.org\/es\/wp-json\/wp\/v2\/pages"}],"about":[{"href":"https:\/\/www.nlacrc.org\/es\/wp-json\/wp\/v2\/types\/page"}],"author":[{"embeddable":true,"href":"https:\/\/www.nlacrc.org\/es\/wp-json\/wp\/v2\/users\/3"}],"replies":[{"embeddable":true,"href":"https:\/\/www.nlacrc.org\/es\/wp-json\/wp\/v2\/comments?post=36599"}],"version-history":[{"count":5,"href":"https:\/\/www.nlacrc.org\/es\/wp-json\/wp\/v2\/pages\/36599\/revisions"}],"predecessor-version":[{"id":56485,"href":"https:\/\/www.nlacrc.org\/es\/wp-json\/wp\/v2\/pages\/36599\/revisions\/56485"}],"up":[{"embeddable":true,"href":"https:\/\/www.nlacrc.org\/es\/wp-json\/wp\/v2\/pages\/36593"}],"wp:attachment":[{"href":"https:\/\/www.nlacrc.org\/es\/wp-json\/wp\/v2\/media?parent=36599"}],"curies":[{"name":"wp","href":"https:\/\/api.w.org\/{rel}","templated":true}]}}