{"id":36597,"date":"2024-06-05T11:05:21","date_gmt":"2024-06-05T18:05:21","guid":{"rendered":"https:\/\/www.nlacrc.org\/?page_id=36597"},"modified":"2024-08-22T15:59:50","modified_gmt":"2024-08-22T22:59:50","slug":"roadmap","status":"publish","type":"page","link":"https:\/\/www.nlacrc.org\/es\/consumers-families\/early-start\/roadmap\/","title":{"rendered":"Mapa vial"},"content":{"rendered":"<figure class=\"wp-block-image aligncenter size-large\"><img loading=\"lazy\" decoding=\"async\" width=\"1024\" height=\"576\" src=\"https:\/\/www.nlacrc.org\/wp-content\/uploads\/2025\/01\/final-visual-roadmap-under-3-years-spanish.png\" alt=\"\" class=\"wp-image-46200\" srcset=\"https:\/\/www.nlacrc.org\/wp-content\/uploads\/2025\/01\/final-visual-roadmap-under-3-years-spanish.png 4000w, https:\/\/www.nlacrc.org\/wp-content\/uploads\/2025\/01\/final-visual-roadmap-under-3-years-spanish-300x169.png 300w, https:\/\/www.nlacrc.org\/wp-content\/uploads\/2025\/01\/final-visual-roadmap-under-3-years-spanish-768x432.png 768w, https:\/\/www.nlacrc.org\/wp-content\/uploads\/2025\/01\/final-visual-roadmap-under-3-years-spanish-1024x576.png 1024w, https:\/\/www.nlacrc.org\/wp-content\/uploads\/2025\/01\/final-visual-roadmap-under-3-years-spanish-1536x864.png 1536w, https:\/\/www.nlacrc.org\/wp-content\/uploads\/2025\/01\/final-visual-roadmap-under-3-years-spanish-2048x1152.png 2048w, https:\/\/www.nlacrc.org\/wp-content\/uploads\/2025\/01\/final-visual-roadmap-under-3-years-spanish-18x10.png 18w, https:\/\/www.nlacrc.org\/wp-content\/uploads\/2025\/01\/final-visual-roadmap-under-3-years-spanish-24x14.png 24w, https:\/\/www.nlacrc.org\/wp-content\/uploads\/2025\/01\/final-visual-roadmap-under-3-years-spanish-36x20.png 36w, https:\/\/www.nlacrc.org\/wp-content\/uploads\/2025\/01\/final-visual-roadmap-under-3-years-spanish-48x27.png 48w\" sizes=\"auto, (max-width: 1024px) 100vw, 1024px\" \/><\/figure>\n\n\n\n<p class=\"has-text-align-center\"><strong><a href=\"https:\/\/www.nlacrc.org\/wp-content\/uploads\/2025\/01\/Final-Visual-Roadmap-Under-3-Years-Spanish-1.pdf\">Haga clic aqu\u00ed para ver la hoja de ruta interactiva para ni\u00f1os menores de 3 a\u00f1os<\/a><\/strong><\/p>\n\n\n\n<p>Tambi\u00e9n puede hacer clic en los elementos siguientes para acceder a los enlaces que se muestran arriba.<\/p>\n\n\n\n<ul class=\"wp-block-list\">\n<li><a href=\"https:\/\/www.nlacrc.org\/es\/consumers-families\/early-start\/eligibility\/\">Presentar solicitud<\/a><\/li>\n\n\n\n<li><a href=\"https:\/\/www.youtube.com\/watch?v=LLyHkQ2R6BY\">Admisi\u00f3n\/Evaluaci\u00f3n<\/a><\/li>\n\n\n\n<li><a href=\"https:\/\/www.dds.ca.gov\/wp-content\/uploads\/2019\/03\/CCA_DS1802_20190312.pdf\">Informaci\u00f3n sobre el proceso de apelaci\u00f3n<\/a><\/li>\n\n\n\n<li><a href=\"https:\/\/www.youtube.com\/watch?v=RL4PpK8qzT0&amp;feature=youtu.be\">Plan de servicios familiares individualizado (IFSP)<\/a><\/li>\n\n\n\n<li><a href=\"https:\/\/www.youtube.com\/watch?v=G5CLeutecDU\">Gesti\u00f3n de casos\/servicios<\/a><\/li>\n<\/ul>\n\n\n\n<h6 class=\"wp-block-heading\">Recursos adicionales:<\/h6>\n\n\n\n<ol class=\"wp-block-list\">\n<li><a href=\"https:\/\/www.nlacrc.org\/wp-content\/uploads\/2024\/06\/Consumer-Guide-Spanish.pdf\">Gu\u00eda para consumidores y familias<\/a><\/li>\n\n\n\n<li><a href=\"https:\/\/www.nlacrc.org\/wp-content\/uploads\/2024\/06\/Early-Start-Common-Services-Spanish.pdf\">Folleto de servicios comunes de inicio temprano<\/a><\/li>\n\n\n\n<li><a href=\"https:\/\/www.nlacrc.org\/wp-content\/uploads\/2024\/06\/Common-Services-and-Descriptions-Spanish.pdf\">Servicios y descripciones del Centro Regional<\/a><\/li>\n<\/ol>","protected":false},"excerpt":{"rendered":"Haga clic aqu\u00ed para ver la Hoja de Ruta interactiva para Ni\u00f1os Menores de 3 A\u00f1os Tambi\u00e9n puede hacer clic en los elementos [\u2026]","protected":false},"author":3,"featured_media":0,"parent":36593,"menu_order":66,"comment_status":"closed","ping_status":"closed","template":"","meta":{"_acf_changed":false,"advgb_blocks_editor_width":"","advgb_blocks_columns_visual_guide":"","_EventAllDay":false,"_EventTimezone":"","_EventStartDate":"","_EventEndDate":"","_EventStartDateUTC":"","_EventEndDateUTC":"","_EventShowMap":false,"_EventShowMapLink":false,"_EventURL":"","_EventCost":"","_EventCostDescription":"","_EventCurrencySymbol":"","_EventCurrencyCode":"","_EventCurrencyPosition":"","_EventDateTimeSeparator":"","_EventTimeRangeSeparator":"","_EventOrganizerID":[],"_EventVenueID":[],"_OrganizerEmail":"","_OrganizerPhone":"","_OrganizerWebsite":"","_VenueAddress":"","_VenueCity":"","_VenueCountry":"","_VenueProvince":"","_VenueState":"","_VenueZip":"","_VenuePhone":"","_VenueURL":"","_VenueStateProvince":"","_VenueLat":"","_VenueLng":"","_VenueShowMap":false,"_VenueShowMapLink":false,"_tribe_blocks_recurrence_rules":"","_tribe_blocks_recurrence_description":"","_tribe_blocks_recurrence_exclusions":"","footnotes":""},"class_list":["post-36597","page","type-page","status-publish","hentry"],"acf":[],"yoast_head":"<!-- This site is optimized with the Yoast SEO plugin v26.4 - https:\/\/yoast.com\/wordpress\/plugins\/seo\/ -->\n<title>Roadmap -<\/title>\n<meta name=\"description\" content=\"Roadmap - Please click here to view the interactive Roadmap for Children Under 3 Years You can also click on the items below to be taken to the links shown above\" \/>\n<meta name=\"robots\" content=\"index, follow, max-snippet:-1, max-image-preview:large, max-video-preview:-1\" \/>\n<link rel=\"canonical\" href=\"https:\/\/nlacrc.org\/consumers-families\/early-start\/roadmap\/\" \/>\n<meta property=\"og:locale\" content=\"es_MX\" \/>\n<meta property=\"og:type\" content=\"article\" \/>\n<meta property=\"og:title\" content=\"Roadmap -\" \/>\n<meta property=\"og:description\" content=\"Roadmap - Please click here to view the interactive Roadmap for Children Under 3 Years You can also click on the items below to be taken to the links shown above\" \/>\n<meta property=\"og:url\" content=\"https:\/\/nlacrc.org\/consumers-families\/early-start\/roadmap\/\" \/>\n<meta property=\"og:site_name\" content=\"North Los Angeles County\" \/>\n<meta property=\"article:publisher\" content=\"https:\/\/www.facebook.com\/NLACRC\/\" \/>\n<meta property=\"article:modified_time\" content=\"2024-08-22T22:59:50+00:00\" \/>\n<meta property=\"og:image\" content=\"https:\/\/www.nlacrc.org\/wp-content\/uploads\/2024\/08\/interactive-roadmap-for-intake-under-3-years-final-english-1024x576.png\" \/>\n<meta name=\"twitter:card\" content=\"summary_large_image\" \/>\n<meta name=\"twitter:site\" content=\"@NLACRC\" \/>\n<meta name=\"twitter:label1\" content=\"Est. reading time\" \/>\n\t<meta name=\"twitter:data1\" content=\"1 minuto\" \/>\n<script type=\"application\/ld+json\" class=\"yoast-schema-graph\">{\"@context\":\"https:\/\/schema.org\",\"@graph\":[{\"@type\":\"WebPage\",\"@id\":\"https:\/\/nlacrc.org\/consumers-families\/early-start\/roadmap\/\",\"url\":\"https:\/\/nlacrc.org\/consumers-families\/early-start\/roadmap\/\",\"name\":\"Roadmap -\",\"isPartOf\":{\"@id\":\"https:\/\/www.nlacrc.org\/fa\/#website\"},\"primaryImageOfPage\":{\"@id\":\"https:\/\/nlacrc.org\/consumers-families\/early-start\/roadmap\/#primaryimage\"},\"image\":{\"@id\":\"https:\/\/nlacrc.org\/consumers-families\/early-start\/roadmap\/#primaryimage\"},\"thumbnailUrl\":\"https:\/\/www.nlacrc.org\/wp-content\/uploads\/2024\/08\/interactive-roadmap-for-intake-under-3-years-final-english-1024x576.png\",\"datePublished\":\"2024-06-05T18:05:21+00:00\",\"dateModified\":\"2024-08-22T22:59:50+00:00\",\"description\":\"Roadmap - Please click here to view the interactive Roadmap for Children Under 3 Years You can also click on the items below to be taken to the links shown above\",\"breadcrumb\":{\"@id\":\"https:\/\/nlacrc.org\/consumers-families\/early-start\/roadmap\/#breadcrumb\"},\"inLanguage\":\"es\",\"potentialAction\":[{\"@type\":\"ReadAction\",\"target\":[\"https:\/\/nlacrc.org\/consumers-families\/early-start\/roadmap\/\"]}]},{\"@type\":\"ImageObject\",\"inLanguage\":\"es\",\"@id\":\"https:\/\/nlacrc.org\/consumers-families\/early-start\/roadmap\/#primaryimage\",\"url\":\"https:\/\/www.nlacrc.org\/wp-content\/uploads\/2024\/08\/interactive-roadmap-for-intake-under-3-years-final-english-1024x576.png\",\"contentUrl\":\"https:\/\/www.nlacrc.org\/wp-content\/uploads\/2024\/08\/interactive-roadmap-for-intake-under-3-years-final-english-1024x576.png\"},{\"@type\":\"BreadcrumbList\",\"@id\":\"https:\/\/nlacrc.org\/consumers-families\/early-start\/roadmap\/#breadcrumb\",\"itemListElement\":[{\"@type\":\"ListItem\",\"position\":1,\"name\":\"Home\",\"item\":\"https:\/\/www.nlacrc.org\/\"},{\"@type\":\"ListItem\",\"position\":2,\"name\":\"Consumers &amp; Families\",\"item\":\"https:\/\/nlacrc.org\/consumers-families\/\"},{\"@type\":\"ListItem\",\"position\":3,\"name\":\"Early Start\",\"item\":\"https:\/\/www.nlacrc.org\/consumers-families\/early-start\/\"},{\"@type\":\"ListItem\",\"position\":4,\"name\":\"Roadmap\"}]},{\"@type\":\"WebSite\",\"@id\":\"https:\/\/www.nlacrc.org\/fa\/#website\",\"url\":\"https:\/\/www.nlacrc.org\/fa\/\",\"name\":\"North Los Angeles County\",\"description\":\"Regional Center\",\"publisher\":{\"@id\":\"https:\/\/www.nlacrc.org\/fa\/#organization\"},\"potentialAction\":[{\"@type\":\"SearchAction\",\"target\":{\"@type\":\"EntryPoint\",\"urlTemplate\":\"https:\/\/www.nlacrc.org\/fa\/?s={search_term_string}\"},\"query-input\":{\"@type\":\"PropertyValueSpecification\",\"valueRequired\":true,\"valueName\":\"search_term_string\"}}],\"inLanguage\":\"es\"},{\"@type\":\"Organization\",\"@id\":\"https:\/\/www.nlacrc.org\/fa\/#organization\",\"name\":\"North Los Angeles County\",\"url\":\"https:\/\/www.nlacrc.org\/fa\/\",\"logo\":{\"@type\":\"ImageObject\",\"inLanguage\":\"es\",\"@id\":\"https:\/\/www.nlacrc.org\/fa\/#\/schema\/logo\/image\/\",\"url\":\"https:\/\/www.nlacrc.org\/wp-content\/uploads\/2024\/06\/logo.svg\",\"contentUrl\":\"https:\/\/www.nlacrc.org\/wp-content\/uploads\/2024\/06\/logo.svg\",\"width\":131,\"height\":130,\"caption\":\"North Los Angeles County\"},\"image\":{\"@id\":\"https:\/\/www.nlacrc.org\/fa\/#\/schema\/logo\/image\/\"},\"sameAs\":[\"https:\/\/www.facebook.com\/NLACRC\/\",\"https:\/\/x.com\/NLACRC\"]}]}<\/script>\n<!-- \/ Yoast SEO plugin. -->","yoast_head_json":{"title":"Roadmap -","description":"Roadmap - Please click here to view the interactive Roadmap for Children Under 3 Years You can also click on the items below to be taken to the links shown above","robots":{"index":"index","follow":"follow","max-snippet":"max-snippet:-1","max-image-preview":"max-image-preview:large","max-video-preview":"max-video-preview:-1"},"canonical":"https:\/\/nlacrc.org\/consumers-families\/early-start\/roadmap\/","og_locale":"es_MX","og_type":"article","og_title":"Roadmap -","og_description":"Roadmap - Please click here to view the interactive Roadmap for Children Under 3 Years You can also click on the items below to be taken to the links shown above","og_url":"https:\/\/nlacrc.org\/consumers-families\/early-start\/roadmap\/","og_site_name":"North Los Angeles County","article_publisher":"https:\/\/www.facebook.com\/NLACRC\/","article_modified_time":"2024-08-22T22:59:50+00:00","og_image":[{"url":"https:\/\/www.nlacrc.org\/wp-content\/uploads\/2024\/08\/interactive-roadmap-for-intake-under-3-years-final-english-1024x576.png","type":"","width":"","height":""}],"twitter_card":"summary_large_image","twitter_site":"@NLACRC","twitter_misc":{"Est. reading time":"1 minuto"},"schema":{"@context":"https:\/\/schema.org","@graph":[{"@type":"WebPage","@id":"https:\/\/nlacrc.org\/consumers-families\/early-start\/roadmap\/","url":"https:\/\/nlacrc.org\/consumers-families\/early-start\/roadmap\/","name":"Roadmap -","isPartOf":{"@id":"https:\/\/www.nlacrc.org\/fa\/#website"},"primaryImageOfPage":{"@id":"https:\/\/nlacrc.org\/consumers-families\/early-start\/roadmap\/#primaryimage"},"image":{"@id":"https:\/\/nlacrc.org\/consumers-families\/early-start\/roadmap\/#primaryimage"},"thumbnailUrl":"https:\/\/www.nlacrc.org\/wp-content\/uploads\/2024\/08\/interactive-roadmap-for-intake-under-3-years-final-english-1024x576.png","datePublished":"2024-06-05T18:05:21+00:00","dateModified":"2024-08-22T22:59:50+00:00","description":"Roadmap - Please click here to view the interactive Roadmap for Children Under 3 Years You can also click on the items below to be taken to the links shown above","breadcrumb":{"@id":"https:\/\/nlacrc.org\/consumers-families\/early-start\/roadmap\/#breadcrumb"},"inLanguage":"es","potentialAction":[{"@type":"ReadAction","target":["https:\/\/nlacrc.org\/consumers-families\/early-start\/roadmap\/"]}]},{"@type":"ImageObject","inLanguage":"es","@id":"https:\/\/nlacrc.org\/consumers-families\/early-start\/roadmap\/#primaryimage","url":"https:\/\/www.nlacrc.org\/wp-content\/uploads\/2024\/08\/interactive-roadmap-for-intake-under-3-years-final-english-1024x576.png","contentUrl":"https:\/\/www.nlacrc.org\/wp-content\/uploads\/2024\/08\/interactive-roadmap-for-intake-under-3-years-final-english-1024x576.png"},{"@type":"BreadcrumbList","@id":"https:\/\/nlacrc.org\/consumers-families\/early-start\/roadmap\/#breadcrumb","itemListElement":[{"@type":"ListItem","position":1,"name":"Home","item":"https:\/\/www.nlacrc.org\/"},{"@type":"ListItem","position":2,"name":"Consumers &amp; Families","item":"https:\/\/nlacrc.org\/consumers-families\/"},{"@type":"ListItem","position":3,"name":"Early Start","item":"https:\/\/www.nlacrc.org\/consumers-families\/early-start\/"},{"@type":"ListItem","position":4,"name":"Roadmap"}]},{"@type":"WebSite","@id":"https:\/\/www.nlacrc.org\/fa\/#website","url":"https:\/\/www.nlacrc.org\/fa\/","name":"Norte del condado de Los \u00c1ngeles","description":"Centro Regional","publisher":{"@id":"https:\/\/www.nlacrc.org\/fa\/#organization"},"potentialAction":[{"@type":"SearchAction","target":{"@type":"EntryPoint","urlTemplate":"https:\/\/www.nlacrc.org\/fa\/?s={search_term_string}"},"query-input":{"@type":"PropertyValueSpecification","valueRequired":true,"valueName":"search_term_string"}}],"inLanguage":"es"},{"@type":"Organization","@id":"https:\/\/www.nlacrc.org\/fa\/#organization","name":"Norte del condado de Los \u00c1ngeles","url":"https:\/\/www.nlacrc.org\/fa\/","logo":{"@type":"ImageObject","inLanguage":"es","@id":"https:\/\/www.nlacrc.org\/fa\/#\/schema\/logo\/image\/","url":"https:\/\/www.nlacrc.org\/wp-content\/uploads\/2024\/06\/logo.svg","contentUrl":"https:\/\/www.nlacrc.org\/wp-content\/uploads\/2024\/06\/logo.svg","width":131,"height":130,"caption":"North Los Angeles County"},"image":{"@id":"https:\/\/www.nlacrc.org\/fa\/#\/schema\/logo\/image\/"},"sameAs":["https:\/\/www.facebook.com\/NLACRC\/","https:\/\/x.com\/NLACRC"]}]}},"coauthors":[],"author_meta":{"author_link":"https:\/\/www.nlacrc.org\/es\/author\/planeteria\/","display_name":"planeteria"},"relative_dates":{"created":"Publicado 2 a\u00f1os hace","modified":"Actualizado 2 a\u00f1os hace"},"absolute_dates":{"created":"Publicado el junio 5, 2024","modified":"Actualizado el agosto 22, 2024"},"absolute_dates_time":{"created":"Publicado el junio 5, 2024 11:05 am","modified":"Actualizado el agosto 22, 2024 3:59 pm"},"featured_img_caption":"","featured_img":false,"series_order":"","_links":{"self":[{"href":"https:\/\/www.nlacrc.org\/es\/wp-json\/wp\/v2\/pages\/36597","targetHints":{"allow":["GET"]}}],"collection":[{"href":"https:\/\/www.nlacrc.org\/es\/wp-json\/wp\/v2\/pages"}],"about":[{"href":"https:\/\/www.nlacrc.org\/es\/wp-json\/wp\/v2\/types\/page"}],"author":[{"embeddable":true,"href":"https:\/\/www.nlacrc.org\/es\/wp-json\/wp\/v2\/users\/3"}],"replies":[{"embeddable":true,"href":"https:\/\/www.nlacrc.org\/es\/wp-json\/wp\/v2\/comments?post=36597"}],"version-history":[{"count":5,"href":"https:\/\/www.nlacrc.org\/es\/wp-json\/wp\/v2\/pages\/36597\/revisions"}],"predecessor-version":[{"id":50682,"href":"https:\/\/www.nlacrc.org\/es\/wp-json\/wp\/v2\/pages\/36597\/revisions\/50682"}],"up":[{"embeddable":true,"href":"https:\/\/www.nlacrc.org\/es\/wp-json\/wp\/v2\/pages\/36593"}],"wp:attachment":[{"href":"https:\/\/www.nlacrc.org\/es\/wp-json\/wp\/v2\/media?parent=36597"}],"curies":[{"name":"wp","href":"https:\/\/api.w.org\/{rel}","templated":true}]}}