{"id":36589,"date":"2024-06-05T11:05:56","date_gmt":"2024-06-05T18:05:56","guid":{"rendered":"https:\/\/www.nlacrc.org\/?page_id=36589"},"modified":"2026-02-03T10:57:06","modified_gmt":"2026-02-03T18:57:06","slug":"service-standards","status":"publish","type":"page","link":"https:\/\/www.nlacrc.org\/es\/consumers-families\/general\/service-standards\/","title":{"rendered":"Est\u00e1ndares de servicio"},"content":{"rendered":"<div class=\"wp-block-group is-layout-constrained wp-block-group-is-layout-constrained\">\n<h2 class=\"wp-block-heading has-text-align-center\">Pol\u00edticas de Compra de Servicios<\/h2>\n\n\n\n<p>Las pol\u00edticas de compra de servicios, conocidas como est\u00e1ndares de servicio, brindan orientaci\u00f3n sobre los tipos de servicios que NLACRC puede comprar para los consumidores. Cada centro regional desarrolla su propia pol\u00edtica de est\u00e1ndares de servicio que es exclusiva para la comunidad a la que presta servicios. Estos est\u00e1ndares son aprobados por el Departamento de Servicios de Desarrollo de California para garantizar que cumplan con la Ley Lanterman.<\/p>\n\n\n\n<p>Adem\u00e1s, se modific\u00f3 la secci\u00f3n 4629.5(b)(5) del C\u00f3digo W&amp;I para exigir que los centros regionales publiquen en sus sitios web de Internet las pol\u00edticas de POS y cualquier otra pol\u00edtica, directriz o herramienta de evaluaci\u00f3n desarrollada por el centro regional utilizada para determinar las necesidades de transporte, asistencia personal o servicios de vida independiente o con apoyo de un consumidor.<\/p>\n<\/div>\n\n\n\n<div class=\"wp-block-group is-layout-constrained wp-block-group-is-layout-constrained\">\n<h2 class=\"wp-block-heading has-text-align-center\">Actualizaci\u00f3n de los est\u00e1ndares de servicio del NLACRC<\/h2>\n\n\n\n<p>El NLACRC se complace en anunciar la aprobaci\u00f3n de la norma modificada de procedimiento y servicio de informaci\u00f3n p\u00fablica y de b\u00fasqueda de casos por parte del Departamento de Discapacidades del Desarrollo. Esta norma de servicio se revis\u00f3 para incluir lo siguiente:<\/p>\n\n\n\n<ul class=\"wp-block-list\">\n<li>Se agregaron encabezados para los programas Lanterman, Early Start y Provisional Eligibility para que la informaci\u00f3n sobre el cronograma de admisi\u00f3n y evaluaci\u00f3n sea m\u00e1s f\u00e1cil de encontrar (p\u00e1ginas 8, 9 y 10).<\/li>\n\n\n\n<li>Plazo de 45 d\u00edas para las determinaciones de elegibilidad de los solicitantes que regresan dentro de los 24 meses con un diagn\u00f3stico calificado (consulte la p\u00e1gina 9).<\/li>\n\n\n\n<li>Criterios de elegibilidad para el inicio temprano, incluidos los nuevos <strong>Umbral de retraso del desarrollo 25%<\/strong> en las seis \u00e1reas de desarrollo y la adici\u00f3n del s\u00edndrome de alcoholismo fetal como una condici\u00f3n de riesgo establecida (p\u00e1gina 9).<\/li>\n\n\n\n<li>Criterios de elegibilidad provisionales (p\u00e1gina 10)<\/li>\n<\/ul>\n\n\n<section class=\"button_list list\">\n              <div class=\"container\">\n               <!--<h2 class=\"text-center\">Button List<\/h2>-->\n               <div class=\"simple_list_wrap\">\n                    <div class=\"simple_list_info\">\n                        <div class=\"row no-margin three\">\n\t\t\t\t\t\t\t                            \t\t\t\t\t\t\t\t\t\t\t\t\t\t<div class=\"col-lg-4 col-md-4 simple_list_col\">\n\t\t\t\t\t\t\t                                <a href=\"https:\/\/www.nlacrc.org\/wp-content\/uploads\/2025\/04\/service-standards-updated-12.15.25.pdf\" class=\"\" target=\"_blank\">View Service Standard Policy<\/a>\n                            <\/div>\n                            \t\t\t\t\t\t\t                            \t\t\t\t\t\t\t\t\t\t\t\t\t\t<div class=\"col-lg-4 col-md-4 simple_list_col\">\n\t\t\t\t\t\t\t                                <a href=\"https:\/\/www.dds.ca.gov\/rc\/rc-services\/\" class=\"\" target=\"_blank\">Obtenga m\u00e1s informaci\u00f3n de DDS<\/a>\n                            <\/div>\n                            \t\t\t\t\t\t\t                            \t\t\t\t\t\t\t\t\t\t\t\t\t\t<div class=\"col-lg-4 col-md-4 simple_list_col\">\n\t\t\t\t\t\t\t                                <a href=\"https:\/\/www.nlacrc.org\/wp-content\/uploads\/2025\/04\/service-standards-updated-12.15.25-spanish.pdf\" class=\"\" target=\"_blank\">Ver la normas de servicio<\/a>\n                            <\/div>\n                            \t\t\t\t\t\t\t                        <\/div>\n                    <\/div>\n            <\/div>\n              <\/div>\n      <\/section>\n<\/div>","protected":false},"excerpt":{"rendered":"Pol\u00edticas de Compra de Servicios Las Pol\u00edticas de Compra de Servicios, conocidas como Est\u00e1ndares de Servicio, brindan orientaci\u00f3n sobre los tipos de [\u2026]","protected":false},"author":3,"featured_media":0,"parent":36587,"menu_order":70,"comment_status":"closed","ping_status":"closed","template":"","meta":{"_acf_changed":false,"advgb_blocks_editor_width":"","advgb_blocks_columns_visual_guide":"","_EventAllDay":false,"_EventTimezone":"","_EventStartDate":"","_EventEndDate":"","_EventStartDateUTC":"","_EventEndDateUTC":"","_EventShowMap":false,"_EventShowMapLink":false,"_EventURL":"","_EventCost":"","_EventCostDescription":"","_EventCurrencySymbol":"","_EventCurrencyCode":"","_EventCurrencyPosition":"","_EventDateTimeSeparator":"","_EventTimeRangeSeparator":"","_EventOrganizerID":[],"_EventVenueID":[],"_OrganizerEmail":"","_OrganizerPhone":"","_OrganizerWebsite":"","_VenueAddress":"","_VenueCity":"","_VenueCountry":"","_VenueProvince":"","_VenueState":"","_VenueZip":"","_VenuePhone":"","_VenueURL":"","_VenueStateProvince":"","_VenueLat":"","_VenueLng":"","_VenueShowMap":false,"_VenueShowMapLink":false,"_tribe_blocks_recurrence_rules":"","_tribe_blocks_recurrence_description":"","_tribe_blocks_recurrence_exclusions":"","footnotes":""},"class_list":["post-36589","page","type-page","status-publish","hentry"],"acf":[],"yoast_head":"<!-- This site is optimized with the Yoast SEO plugin v26.4 - https:\/\/yoast.com\/wordpress\/plugins\/seo\/ -->\n<title>Service Standards -<\/title>\n<meta name=\"description\" content=\"Service Standards - Purchase of Service Policies The Purchase of Service Policies, referred to as Service Standards, provide direction about the types of services that NLACRC\" \/>\n<meta name=\"robots\" content=\"index, follow, max-snippet:-1, max-image-preview:large, max-video-preview:-1\" \/>\n<link rel=\"canonical\" href=\"https:\/\/nlacrc.org\/consumers-families\/general\/service-standards\/\" \/>\n<meta property=\"og:locale\" content=\"es_MX\" \/>\n<meta property=\"og:type\" content=\"article\" \/>\n<meta property=\"og:title\" content=\"Service Standards -\" \/>\n<meta property=\"og:description\" content=\"Service Standards - Purchase of Service Policies The Purchase of Service Policies, referred to as Service Standards, provide direction about the types of services that NLACRC\" \/>\n<meta property=\"og:url\" content=\"https:\/\/nlacrc.org\/consumers-families\/general\/service-standards\/\" \/>\n<meta property=\"og:site_name\" content=\"North Los Angeles County\" \/>\n<meta property=\"article:publisher\" content=\"https:\/\/www.facebook.com\/NLACRC\/\" \/>\n<meta property=\"article:modified_time\" content=\"2026-02-03T18:57:06+00:00\" \/>\n<meta name=\"twitter:card\" content=\"summary_large_image\" \/>\n<meta name=\"twitter:site\" content=\"@NLACRC\" \/>\n<meta name=\"twitter:label1\" content=\"Est. reading time\" \/>\n\t<meta name=\"twitter:data1\" content=\"2 minutos\" \/>\n<script type=\"application\/ld+json\" class=\"yoast-schema-graph\">{\"@context\":\"https:\/\/schema.org\",\"@graph\":[{\"@type\":\"WebPage\",\"@id\":\"https:\/\/nlacrc.org\/consumers-families\/general\/service-standards\/\",\"url\":\"https:\/\/nlacrc.org\/consumers-families\/general\/service-standards\/\",\"name\":\"Service Standards -\",\"isPartOf\":{\"@id\":\"https:\/\/www.nlacrc.org\/fa\/#website\"},\"datePublished\":\"2024-06-05T18:05:56+00:00\",\"dateModified\":\"2026-02-03T18:57:06+00:00\",\"description\":\"Service Standards - Purchase of Service Policies The Purchase of Service Policies, referred to as Service Standards, provide direction about the types of services that NLACRC\",\"breadcrumb\":{\"@id\":\"https:\/\/nlacrc.org\/consumers-families\/general\/service-standards\/#breadcrumb\"},\"inLanguage\":\"es\",\"potentialAction\":[{\"@type\":\"ReadAction\",\"target\":[\"https:\/\/nlacrc.org\/consumers-families\/general\/service-standards\/\"]}]},{\"@type\":\"BreadcrumbList\",\"@id\":\"https:\/\/nlacrc.org\/consumers-families\/general\/service-standards\/#breadcrumb\",\"itemListElement\":[{\"@type\":\"ListItem\",\"position\":1,\"name\":\"Home\",\"item\":\"https:\/\/www.nlacrc.org\/\"},{\"@type\":\"ListItem\",\"position\":2,\"name\":\"Consumers &amp; Families\",\"item\":\"https:\/\/nlacrc.org\/consumers-families\/\"},{\"@type\":\"ListItem\",\"position\":3,\"name\":\"General\",\"item\":\"https:\/\/www.nlacrc.org\/consumers-families\/general\/\"},{\"@type\":\"ListItem\",\"position\":4,\"name\":\"Service Standards\"}]},{\"@type\":\"WebSite\",\"@id\":\"https:\/\/www.nlacrc.org\/fa\/#website\",\"url\":\"https:\/\/www.nlacrc.org\/fa\/\",\"name\":\"North Los Angeles County\",\"description\":\"Regional Center\",\"publisher\":{\"@id\":\"https:\/\/www.nlacrc.org\/fa\/#organization\"},\"potentialAction\":[{\"@type\":\"SearchAction\",\"target\":{\"@type\":\"EntryPoint\",\"urlTemplate\":\"https:\/\/www.nlacrc.org\/fa\/?s={search_term_string}\"},\"query-input\":{\"@type\":\"PropertyValueSpecification\",\"valueRequired\":true,\"valueName\":\"search_term_string\"}}],\"inLanguage\":\"es\"},{\"@type\":\"Organization\",\"@id\":\"https:\/\/www.nlacrc.org\/fa\/#organization\",\"name\":\"North Los Angeles County\",\"url\":\"https:\/\/www.nlacrc.org\/fa\/\",\"logo\":{\"@type\":\"ImageObject\",\"inLanguage\":\"es\",\"@id\":\"https:\/\/www.nlacrc.org\/fa\/#\/schema\/logo\/image\/\",\"url\":\"https:\/\/www.nlacrc.org\/wp-content\/uploads\/2024\/06\/logo.svg\",\"contentUrl\":\"https:\/\/www.nlacrc.org\/wp-content\/uploads\/2024\/06\/logo.svg\",\"width\":131,\"height\":130,\"caption\":\"North Los Angeles County\"},\"image\":{\"@id\":\"https:\/\/www.nlacrc.org\/fa\/#\/schema\/logo\/image\/\"},\"sameAs\":[\"https:\/\/www.facebook.com\/NLACRC\/\",\"https:\/\/x.com\/NLACRC\"]}]}<\/script>\n<!-- \/ Yoast SEO plugin. -->","yoast_head_json":{"title":"Service Standards -","description":"Service Standards - Purchase of Service Policies The Purchase of Service Policies, referred to as Service Standards, provide direction about the types of services that NLACRC","robots":{"index":"index","follow":"follow","max-snippet":"max-snippet:-1","max-image-preview":"max-image-preview:large","max-video-preview":"max-video-preview:-1"},"canonical":"https:\/\/nlacrc.org\/consumers-families\/general\/service-standards\/","og_locale":"es_MX","og_type":"article","og_title":"Service Standards -","og_description":"Service Standards - Purchase of Service Policies The Purchase of Service Policies, referred to as Service Standards, provide direction about the types of services that NLACRC","og_url":"https:\/\/nlacrc.org\/consumers-families\/general\/service-standards\/","og_site_name":"North Los Angeles County","article_publisher":"https:\/\/www.facebook.com\/NLACRC\/","article_modified_time":"2026-02-03T18:57:06+00:00","twitter_card":"summary_large_image","twitter_site":"@NLACRC","twitter_misc":{"Est. reading time":"2 minutos"},"schema":{"@context":"https:\/\/schema.org","@graph":[{"@type":"WebPage","@id":"https:\/\/nlacrc.org\/consumers-families\/general\/service-standards\/","url":"https:\/\/nlacrc.org\/consumers-families\/general\/service-standards\/","name":"Service Standards -","isPartOf":{"@id":"https:\/\/www.nlacrc.org\/fa\/#website"},"datePublished":"2024-06-05T18:05:56+00:00","dateModified":"2026-02-03T18:57:06+00:00","description":"Service Standards - Purchase of Service Policies The Purchase of Service Policies, referred to as Service Standards, provide direction about the types of services that NLACRC","breadcrumb":{"@id":"https:\/\/nlacrc.org\/consumers-families\/general\/service-standards\/#breadcrumb"},"inLanguage":"es","potentialAction":[{"@type":"ReadAction","target":["https:\/\/nlacrc.org\/consumers-families\/general\/service-standards\/"]}]},{"@type":"BreadcrumbList","@id":"https:\/\/nlacrc.org\/consumers-families\/general\/service-standards\/#breadcrumb","itemListElement":[{"@type":"ListItem","position":1,"name":"Home","item":"https:\/\/www.nlacrc.org\/"},{"@type":"ListItem","position":2,"name":"Consumers &amp; Families","item":"https:\/\/nlacrc.org\/consumers-families\/"},{"@type":"ListItem","position":3,"name":"General","item":"https:\/\/www.nlacrc.org\/consumers-families\/general\/"},{"@type":"ListItem","position":4,"name":"Service Standards"}]},{"@type":"WebSite","@id":"https:\/\/www.nlacrc.org\/fa\/#website","url":"https:\/\/www.nlacrc.org\/fa\/","name":"Norte del condado de Los \u00c1ngeles","description":"Centro Regional","publisher":{"@id":"https:\/\/www.nlacrc.org\/fa\/#organization"},"potentialAction":[{"@type":"SearchAction","target":{"@type":"EntryPoint","urlTemplate":"https:\/\/www.nlacrc.org\/fa\/?s={search_term_string}"},"query-input":{"@type":"PropertyValueSpecification","valueRequired":true,"valueName":"search_term_string"}}],"inLanguage":"es"},{"@type":"Organization","@id":"https:\/\/www.nlacrc.org\/fa\/#organization","name":"Norte del condado de Los \u00c1ngeles","url":"https:\/\/www.nlacrc.org\/fa\/","logo":{"@type":"ImageObject","inLanguage":"es","@id":"https:\/\/www.nlacrc.org\/fa\/#\/schema\/logo\/image\/","url":"https:\/\/www.nlacrc.org\/wp-content\/uploads\/2024\/06\/logo.svg","contentUrl":"https:\/\/www.nlacrc.org\/wp-content\/uploads\/2024\/06\/logo.svg","width":131,"height":130,"caption":"North Los Angeles County"},"image":{"@id":"https:\/\/www.nlacrc.org\/fa\/#\/schema\/logo\/image\/"},"sameAs":["https:\/\/www.facebook.com\/NLACRC\/","https:\/\/x.com\/NLACRC"]}]}},"coauthors":[],"author_meta":{"author_link":"https:\/\/www.nlacrc.org\/es\/author\/planeteria\/","display_name":"planeteria"},"relative_dates":{"created":"Publicado 2 a\u00f1os hace","modified":"Actualizado 2 meses hace"},"absolute_dates":{"created":"Publicado el junio 5, 2024","modified":"Actualizado el febrero 3, 2026"},"absolute_dates_time":{"created":"Publicado el junio 5, 2024 11:05 am","modified":"Actualizado el febrero 3, 2026 10:57 am"},"featured_img_caption":"","featured_img":false,"series_order":"","_links":{"self":[{"href":"https:\/\/www.nlacrc.org\/es\/wp-json\/wp\/v2\/pages\/36589","targetHints":{"allow":["GET"]}}],"collection":[{"href":"https:\/\/www.nlacrc.org\/es\/wp-json\/wp\/v2\/pages"}],"about":[{"href":"https:\/\/www.nlacrc.org\/es\/wp-json\/wp\/v2\/types\/page"}],"author":[{"embeddable":true,"href":"https:\/\/www.nlacrc.org\/es\/wp-json\/wp\/v2\/users\/3"}],"replies":[{"embeddable":true,"href":"https:\/\/www.nlacrc.org\/es\/wp-json\/wp\/v2\/comments?post=36589"}],"version-history":[{"count":8,"href":"https:\/\/www.nlacrc.org\/es\/wp-json\/wp\/v2\/pages\/36589\/revisions"}],"predecessor-version":[{"id":59533,"href":"https:\/\/www.nlacrc.org\/es\/wp-json\/wp\/v2\/pages\/36589\/revisions\/59533"}],"up":[{"embeddable":true,"href":"https:\/\/www.nlacrc.org\/es\/wp-json\/wp\/v2\/pages\/36587"}],"wp:attachment":[{"href":"https:\/\/www.nlacrc.org\/es\/wp-json\/wp\/v2\/media?parent=36589"}],"curies":[{"name":"wp","href":"https:\/\/api.w.org\/{rel}","templated":true}]}}