{"id":36584,"date":"2024-06-05T09:35:53","date_gmt":"2024-06-05T16:35:53","guid":{"rendered":"https:\/\/www.nlacrc.org\/?page_id=36584"},"modified":"2026-03-17T10:23:42","modified_gmt":"2026-03-17T17:23:42","slug":"publications","status":"publish","type":"page","link":"https:\/\/www.nlacrc.org\/es\/about-us\/publications\/","title":{"rendered":"Publicaciones"},"content":{"rendered":"<p>El NLACRC tiene varias publicaciones disponibles para consumidores y familias. Continuaremos publicando nuevas publicaciones a medida que est\u00e9n disponibles.<\/p>\n\n\n\n<p>La p\u00e1gina de publicaciones \u201crecomendadas\u201d es un buen punto de partida para los consumidores y las familias que son nuevos en el centro regional o para aquellos que buscan informaci\u00f3n general.<br>La p\u00e1gina de publicaciones \u201copcionales\u201d cubre una amplia variedad de temas para aquellos que buscan informaci\u00f3n m\u00e1s espec\u00edfica.<\/p>\n\n\n\n<p>La p\u00e1gina \u201cotros sitios\u201d incluye enlaces a otros sitios web que tienen publicaciones disponibles.<br>Tenga en cuenta que el NLACRC no puede garantizar la exactitud de las publicaciones disponibles en este sitio web, ya que la informaci\u00f3n est\u00e1 sujeta a cambios. Los enlaces a otros sitios se proporcionan con fines informativos y no constituyen un respaldo a las agencias u organizaciones representadas.<\/p>\n\n\n\n<div class=\"wp-block-advgb-accordions advgb-accordions-d5593106-26d2-483a-b679-771dd737bb77 advgb-accordion-wrapper\">\n<div class=\"wp-block-advgb-accordion-item advgb-accordion-item\" style=\"margin-bottom:15px\"><div class=\"advgb-accordion-header\" style=\"background-color:#000;color:#eee;border-style:solid;border-width:1px;border-radius:2px\"><span class=\"advgb-accordion-header-icon\"><svg fill=\"#fff\" xmlns=\"http:\/\/www.w3.org\/2000\/svg\" width=\"24\" height=\"24\" viewbox=\"0 0 24 24\"><path fill=\"none\" d=\"M0,0h24v24H0V0z\"><\/path><path d=\"M12,5.83L15.17,9l1.41-1.41L12,3L7.41,7.59L8.83,9L12,5.83z M12,18.17L8.83,15l-1.41,1.41L12,21l4.59-4.59L15.17,15 L12,18.17z\"><\/path><\/svg><\/span><h4 class=\"advgb-accordion-header-title\" style=\"color:inherit\">A Guide to California&#8217;s Regional Center System<\/h4><\/div><div class=\"advgb-accordion-body\" style=\"border-style:solid !important;border-width:1px !important;border-color:undefined !important;border-top:none !important;border-radius:2px !important\">\n<p><a href=\"https:\/\/www.nlacrc.org\/wp-content\/uploads\/2026\/03\/a-guide-to-ca-rc-services-system-armenian.pdf\">A Guide to California&#8217;s Regional Center System &#8211; Armenian<\/a><\/p>\n<\/div><\/div>\n<\/div>\n\n\n\n<div class=\"wp-block-advgb-accordions advgb-accordions-bb6184be-4496-44c7-b438-b503a3045aa5 advgb-accordion-wrapper\">\n<div class=\"wp-block-advgb-accordion-item advgb-accordion-item\" style=\"margin-bottom:15px\"><div class=\"advgb-accordion-header\" style=\"background-color:#000;color:#eee;border-style:solid;border-width:1px;border-radius:2px\"><span class=\"advgb-accordion-header-icon\"><svg fill=\"#fff\" xmlns=\"http:\/\/www.w3.org\/2000\/svg\" width=\"24\" height=\"24\" viewbox=\"0 0 24 24\"><path fill=\"none\" d=\"M0,0h24v24H0V0z\"><\/path><path d=\"M12,5.83L15.17,9l1.41-1.41L12,3L7.41,7.59L8.83,9L12,5.83z M12,18.17L8.83,15l-1.41,1.41L12,21l4.59-4.59L15.17,15 L12,18.17z\"><\/path><\/svg><\/span><h4 class=\"advgb-accordion-header-title\" style=\"color:inherit\">Texto del encabezado<\/h4><\/div><div class=\"advgb-accordion-body\" style=\"border-style:solid !important;border-width:1px !important;border-color:undefined !important;border-top:none !important;border-radius:2px !important\"><\/div><\/div>\n<\/div>","protected":false},"excerpt":{"rendered":"El NLACRC tiene varias publicaciones disponibles para consumidores y familias. Continuaremos publicando nuevas a medida que est\u00e9n disponibles. [\u2026]","protected":false},"author":3,"featured_media":0,"parent":36312,"menu_order":72,"comment_status":"closed","ping_status":"closed","template":"template-documents.php","meta":{"_acf_changed":false,"advgb_blocks_editor_width":"","advgb_blocks_columns_visual_guide":"","_EventAllDay":false,"_EventTimezone":"","_EventStartDate":"","_EventEndDate":"","_EventStartDateUTC":"","_EventEndDateUTC":"","_EventShowMap":false,"_EventShowMapLink":false,"_EventURL":"","_EventCost":"","_EventCostDescription":"","_EventCurrencySymbol":"","_EventCurrencyCode":"","_EventCurrencyPosition":"","_EventDateTimeSeparator":"","_EventTimeRangeSeparator":"","_EventOrganizerID":[],"_EventVenueID":[],"_OrganizerEmail":"","_OrganizerPhone":"","_OrganizerWebsite":"","_VenueAddress":"","_VenueCity":"","_VenueCountry":"","_VenueProvince":"","_VenueState":"","_VenueZip":"","_VenuePhone":"","_VenueURL":"","_VenueStateProvince":"","_VenueLat":"","_VenueLng":"","_VenueShowMap":false,"_VenueShowMapLink":false,"_tribe_blocks_recurrence_rules":"","_tribe_blocks_recurrence_description":"","_tribe_blocks_recurrence_exclusions":"","footnotes":""},"class_list":["post-36584","page","type-page","status-publish","hentry"],"acf":[],"yoast_head":"<!-- This site is optimized with the Yoast SEO plugin v26.4 - https:\/\/yoast.com\/wordpress\/plugins\/seo\/ -->\n<title>Publications -<\/title>\n<meta name=\"description\" content=\"Publications - NLACRC has several publications available to consumers and families. We will continue to post new ones as they become available. The &quot;recommended&quot;\" \/>\n<meta name=\"robots\" content=\"index, follow, max-snippet:-1, max-image-preview:large, max-video-preview:-1\" \/>\n<link rel=\"canonical\" href=\"https:\/\/nlacrc.org\/hy\/about-us\/publications\/\" \/>\n<meta property=\"og:locale\" content=\"es_MX\" \/>\n<meta property=\"og:type\" content=\"article\" \/>\n<meta property=\"og:title\" content=\"Publications -\" \/>\n<meta property=\"og:description\" content=\"Publications - NLACRC has several publications available to consumers and families. We will continue to post new ones as they become available. The &quot;recommended&quot;\" \/>\n<meta property=\"og:url\" content=\"https:\/\/nlacrc.org\/hy\/about-us\/publications\/\" \/>\n<meta property=\"og:site_name\" content=\"North Los Angeles County\" \/>\n<meta property=\"article:publisher\" content=\"https:\/\/www.facebook.com\/NLACRC\/\" \/>\n<meta property=\"article:modified_time\" content=\"2026-03-17T17:23:42+00:00\" \/>\n<meta name=\"twitter:card\" content=\"summary_large_image\" \/>\n<meta name=\"twitter:site\" content=\"@NLACRC\" \/>\n<meta name=\"twitter:label1\" content=\"Est. reading time\" \/>\n\t<meta name=\"twitter:data1\" content=\"1 minuto\" \/>\n<script type=\"application\/ld+json\" class=\"yoast-schema-graph\">{\"@context\":\"https:\/\/schema.org\",\"@graph\":[{\"@type\":\"WebPage\",\"@id\":\"https:\/\/nlacrc.org\/hy\/about-us\/publications\/\",\"url\":\"https:\/\/nlacrc.org\/hy\/about-us\/publications\/\",\"name\":\"Publications -\",\"isPartOf\":{\"@id\":\"https:\/\/www.nlacrc.org\/fa\/#website\"},\"datePublished\":\"2024-06-05T16:35:53+00:00\",\"dateModified\":\"2026-03-17T17:23:42+00:00\",\"description\":\"Publications - NLACRC has several publications available to consumers and families. We will continue to post new ones as they become available. The \\\"recommended\\\"\",\"breadcrumb\":{\"@id\":\"https:\/\/nlacrc.org\/hy\/about-us\/publications\/#breadcrumb\"},\"inLanguage\":\"es\",\"potentialAction\":[{\"@type\":\"ReadAction\",\"target\":[\"https:\/\/nlacrc.org\/hy\/about-us\/publications\/\"]}]},{\"@type\":\"BreadcrumbList\",\"@id\":\"https:\/\/nlacrc.org\/hy\/about-us\/publications\/#breadcrumb\",\"itemListElement\":[{\"@type\":\"ListItem\",\"position\":1,\"name\":\"Home\",\"item\":\"https:\/\/www.nlacrc.org\/\"},{\"@type\":\"ListItem\",\"position\":2,\"name\":\"About Us\",\"item\":\"https:\/\/nlacrc.org\/es\/about-us\/\"},{\"@type\":\"ListItem\",\"position\":3,\"name\":\"Publications\"}]},{\"@type\":\"WebSite\",\"@id\":\"https:\/\/www.nlacrc.org\/fa\/#website\",\"url\":\"https:\/\/www.nlacrc.org\/fa\/\",\"name\":\"North Los Angeles County\",\"description\":\"Regional Center\",\"publisher\":{\"@id\":\"https:\/\/www.nlacrc.org\/fa\/#organization\"},\"potentialAction\":[{\"@type\":\"SearchAction\",\"target\":{\"@type\":\"EntryPoint\",\"urlTemplate\":\"https:\/\/www.nlacrc.org\/fa\/?s={search_term_string}\"},\"query-input\":{\"@type\":\"PropertyValueSpecification\",\"valueRequired\":true,\"valueName\":\"search_term_string\"}}],\"inLanguage\":\"es\"},{\"@type\":\"Organization\",\"@id\":\"https:\/\/www.nlacrc.org\/fa\/#organization\",\"name\":\"North Los Angeles County\",\"url\":\"https:\/\/www.nlacrc.org\/fa\/\",\"logo\":{\"@type\":\"ImageObject\",\"inLanguage\":\"es\",\"@id\":\"https:\/\/www.nlacrc.org\/fa\/#\/schema\/logo\/image\/\",\"url\":\"https:\/\/www.nlacrc.org\/wp-content\/uploads\/2024\/06\/logo.svg\",\"contentUrl\":\"https:\/\/www.nlacrc.org\/wp-content\/uploads\/2024\/06\/logo.svg\",\"width\":131,\"height\":130,\"caption\":\"North Los Angeles County\"},\"image\":{\"@id\":\"https:\/\/www.nlacrc.org\/fa\/#\/schema\/logo\/image\/\"},\"sameAs\":[\"https:\/\/www.facebook.com\/NLACRC\/\",\"https:\/\/x.com\/NLACRC\"]}]}<\/script>\n<!-- \/ Yoast SEO plugin. -->","yoast_head_json":{"title":"Publications -","description":"Publications - NLACRC has several publications available to consumers and families. We will continue to post new ones as they become available. The \"recommended\"","robots":{"index":"index","follow":"follow","max-snippet":"max-snippet:-1","max-image-preview":"max-image-preview:large","max-video-preview":"max-video-preview:-1"},"canonical":"https:\/\/nlacrc.org\/hy\/about-us\/publications\/","og_locale":"es_MX","og_type":"article","og_title":"Publications -","og_description":"Publications - NLACRC has several publications available to consumers and families. We will continue to post new ones as they become available. The \"recommended\"","og_url":"https:\/\/nlacrc.org\/hy\/about-us\/publications\/","og_site_name":"North Los Angeles County","article_publisher":"https:\/\/www.facebook.com\/NLACRC\/","article_modified_time":"2026-03-17T17:23:42+00:00","twitter_card":"summary_large_image","twitter_site":"@NLACRC","twitter_misc":{"Est. reading time":"1 minuto"},"schema":{"@context":"https:\/\/schema.org","@graph":[{"@type":"WebPage","@id":"https:\/\/nlacrc.org\/hy\/about-us\/publications\/","url":"https:\/\/nlacrc.org\/hy\/about-us\/publications\/","name":"Publications -","isPartOf":{"@id":"https:\/\/www.nlacrc.org\/fa\/#website"},"datePublished":"2024-06-05T16:35:53+00:00","dateModified":"2026-03-17T17:23:42+00:00","description":"Publications - NLACRC has several publications available to consumers and families. We will continue to post new ones as they become available. The \"recommended\"","breadcrumb":{"@id":"https:\/\/nlacrc.org\/hy\/about-us\/publications\/#breadcrumb"},"inLanguage":"es","potentialAction":[{"@type":"ReadAction","target":["https:\/\/nlacrc.org\/hy\/about-us\/publications\/"]}]},{"@type":"BreadcrumbList","@id":"https:\/\/nlacrc.org\/hy\/about-us\/publications\/#breadcrumb","itemListElement":[{"@type":"ListItem","position":1,"name":"Home","item":"https:\/\/www.nlacrc.org\/"},{"@type":"ListItem","position":2,"name":"About Us","item":"https:\/\/nlacrc.org\/es\/about-us\/"},{"@type":"ListItem","position":3,"name":"Publications"}]},{"@type":"WebSite","@id":"https:\/\/www.nlacrc.org\/fa\/#website","url":"https:\/\/www.nlacrc.org\/fa\/","name":"Norte del condado de Los \u00c1ngeles","description":"Centro Regional","publisher":{"@id":"https:\/\/www.nlacrc.org\/fa\/#organization"},"potentialAction":[{"@type":"SearchAction","target":{"@type":"EntryPoint","urlTemplate":"https:\/\/www.nlacrc.org\/fa\/?s={search_term_string}"},"query-input":{"@type":"PropertyValueSpecification","valueRequired":true,"valueName":"search_term_string"}}],"inLanguage":"es"},{"@type":"Organization","@id":"https:\/\/www.nlacrc.org\/fa\/#organization","name":"Norte del condado de Los \u00c1ngeles","url":"https:\/\/www.nlacrc.org\/fa\/","logo":{"@type":"ImageObject","inLanguage":"es","@id":"https:\/\/www.nlacrc.org\/fa\/#\/schema\/logo\/image\/","url":"https:\/\/www.nlacrc.org\/wp-content\/uploads\/2024\/06\/logo.svg","contentUrl":"https:\/\/www.nlacrc.org\/wp-content\/uploads\/2024\/06\/logo.svg","width":131,"height":130,"caption":"North Los Angeles County"},"image":{"@id":"https:\/\/www.nlacrc.org\/fa\/#\/schema\/logo\/image\/"},"sameAs":["https:\/\/www.facebook.com\/NLACRC\/","https:\/\/x.com\/NLACRC"]}]}},"coauthors":[],"author_meta":{"author_link":"https:\/\/www.nlacrc.org\/es\/author\/planeteria\/","display_name":"planeteria"},"relative_dates":{"created":"Publicado 2 a\u00f1os hace","modified":"Actualizado 3 semanas hace"},"absolute_dates":{"created":"Publicado el junio 5, 2024","modified":"Actualizado el marzo 17, 2026"},"absolute_dates_time":{"created":"Publicado el junio 5, 2024 9:35 am","modified":"Actualizado el marzo 17, 2026 10:23 am"},"featured_img_caption":"","featured_img":false,"series_order":"","_links":{"self":[{"href":"https:\/\/www.nlacrc.org\/es\/wp-json\/wp\/v2\/pages\/36584","targetHints":{"allow":["GET"]}}],"collection":[{"href":"https:\/\/www.nlacrc.org\/es\/wp-json\/wp\/v2\/pages"}],"about":[{"href":"https:\/\/www.nlacrc.org\/es\/wp-json\/wp\/v2\/types\/page"}],"author":[{"embeddable":true,"href":"https:\/\/www.nlacrc.org\/es\/wp-json\/wp\/v2\/users\/3"}],"replies":[{"embeddable":true,"href":"https:\/\/www.nlacrc.org\/es\/wp-json\/wp\/v2\/comments?post=36584"}],"version-history":[{"count":5,"href":"https:\/\/www.nlacrc.org\/es\/wp-json\/wp\/v2\/pages\/36584\/revisions"}],"predecessor-version":[{"id":59932,"href":"https:\/\/www.nlacrc.org\/es\/wp-json\/wp\/v2\/pages\/36584\/revisions\/59932"}],"up":[{"embeddable":true,"href":"https:\/\/www.nlacrc.org\/es\/wp-json\/wp\/v2\/pages\/36312"}],"wp:attachment":[{"href":"https:\/\/www.nlacrc.org\/es\/wp-json\/wp\/v2\/media?parent=36584"}],"curies":[{"name":"wp","href":"https:\/\/api.w.org\/{rel}","templated":true}]}}