{"id":36549,"date":"2024-06-05T09:31:16","date_gmt":"2024-06-05T16:31:16","guid":{"rendered":"https:\/\/www.nlacrc.org\/?page_id=36549"},"modified":"2026-01-21T16:59:58","modified_gmt":"2026-01-22T00:59:58","slug":"board-of-trustees","status":"publish","type":"page","link":"https:\/\/www.nlacrc.org\/es\/about-us\/public-meetings-governance\/board-of-trustees\/","title":{"rendered":"Junta directiva"},"content":{"rendered":"<div class=\"wp-block-group is-layout-constrained wp-block-group-is-layout-constrained\">\n<h2 class=\"wp-block-heading has-text-align-center\">\u00bfQu\u00e9 es la Junta Directiva del NLACRC?<\/h2>\n\n\n\n<p>La Ley Lanterman exige que cada junta de un centro regional refleje a trav\u00e9s de su composici\u00f3n la comunidad a la que sirve. Los requisitos de composici\u00f3n de las juntas de los centros regionales se describen en la Secci\u00f3n 4622 de la Ley Lanterman e incluyen categor\u00edas como residencia, geograf\u00eda, etnia y discapacidad.<\/p>\n\n\n\n<p>Los miembros de la junta directiva del NLACRC pueden ser personas con discapacidades del desarrollo, sus familiares o miembros de la comunidad que tengan habilidades en gesti\u00f3n organizacional. Para ser elegible para formar parte de la junta directiva, una persona debe vivir o trabajar dentro del \u00e1rea de influencia del centro o ser familiar de un consumidor que viva en el \u00e1rea de influencia.<\/p>\n\n\n\n<p>La junta establece pol\u00edticas para el centro regional y lleva a cabo la mayor parte de su trabajo a trav\u00e9s de subcomit\u00e9s que incluyen Asuntos Administrativos, Servicios al Consumidor, Relaciones Gubernamentales y Comunitarias, Planificaci\u00f3n Estrat\u00e9gica y Nominaciones. La junta tambi\u00e9n supervisa los Comit\u00e9s Asesores de Proveedores y Asesores de Consumidores.<\/p>\n\n\n\n<p>Para ser miembro de la junta directiva es necesario asistir a las reuniones dos noches al mes y tener el deseo de ayudar a establecer pol\u00edticas de servicio para el centro regional.<\/p>\n\n\n\n<p>Los consumidores y las familias a las que atiende este centro regional necesitan su apoyo. Lo invitamos a unirse a nosotros como miembro de nuestra junta directiva.<\/p>\n<\/div>\n\n\n\n<div class=\"wp-block-group has-background-background-color has-background is-layout-constrained wp-block-group-is-layout-constrained\">\n<h2 class=\"wp-block-heading has-text-align-center\">NLACRC est\u00e1 buscando actualmente<br>Nuevos miembros de la Junta Directiva<\/h2>\n\n\n\n<p>El Centro Regional del Norte del Condado de Los \u00c1ngeles est\u00e1 reclutando nuevos miembros para la junta directiva que tengan experiencia en finanzas, relaciones comunitarias, marketing, relaciones p\u00fablicas y otras \u00e1reas relacionadas. Si usted o alguien que conoce est\u00e1 interesado en trabajar como voluntario en esa funci\u00f3n, env\u00ede su solicitud a continuaci\u00f3n.<\/p>\n\n\n\n<div class=\"wp-block-buttons is-content-justification-center is-layout-flex wp-container-core-buttons-is-layout-a89b3969 wp-block-buttons-is-layout-flex\">\n<div class=\"wp-block-button\"><a class=\"wp-block-button__link wp-element-button\" href=\"https:\/\/nlacrc.jotform.com\/260086228810050\">Complete Online Board Application<\/a><\/div>\n<\/div>\n\n\n\n<div class=\"wp-block-buttons is-content-justification-center is-layout-flex wp-container-core-buttons-is-layout-a89b3969 wp-block-buttons-is-layout-flex\">\n<div class=\"wp-block-button\"><a class=\"wp-block-button__link wp-element-button\" href=\"https:\/\/www.nlacrc.org\/wp-content\/uploads\/2024\/11\/Board-Member-Appllication_2024-25_fillable09.22.2024w_COI.pdf\">Download Board Application PDF<\/a><\/div>\n<\/div>\n<\/div>\n\n\n\n<div class=\"wp-block-group is-layout-constrained wp-block-group-is-layout-constrained\">\n<h2 class=\"wp-block-heading has-text-align-center\" id=\"board-recognition\">Premio Jynny Retzinger al servicio comunitario para personas que han hecho una contribuci\u00f3n significativa a la comunidad de personas con discapacidad del desarrollo<\/h2>\n\n\n\n<p>\u00bfConoce a una persona que haya hecho una contribuci\u00f3n destacada en la vida de las personas con discapacidades del desarrollo y que merezca reconocimiento por sus esfuerzos? La persona debe vivir dentro de nuestra zona de influencia (San Fernando, Santa Clarita y Antelope Valleys) y la contribuci\u00f3n debe haberse producido durante un per\u00edodo de tiempo sostenido, impactando positivamente en la vida de muchos consumidores.<\/p>\n\n\n\n<h3 class=\"wp-block-heading has-text-align-left\">Pol\u00edtica de reconocimiento<\/h3>\n\n\n\n<div class=\"wp-block-advgb-accordions advgb-accordions-a6bfc349-b8ed-45e2-b0f5-bc017caa6062 advgb-accordion-wrapper\" data-collapsed=\"true\">\n<div class=\"wp-block-advgb-accordion-item advgb-accordion-item\" style=\"margin-bottom:15px\"><div class=\"advgb-accordion-header\" style=\"background-color:#000;color:#eee;border-style:solid;border-width:1px;border-radius:2px\"><span class=\"advgb-accordion-header-icon\"><svg fill=\"#fff\" xmlns=\"http:\/\/www.w3.org\/2000\/svg\" width=\"24\" height=\"24\" viewbox=\"0 0 24 24\"><path fill=\"none\" d=\"M0,0h24v24H0V0z\"><\/path><path d=\"M12,5.83L15.17,9l1.41-1.41L12,3L7.41,7.59L8.83,9L12,5.83z M12,18.17L8.83,15l-1.41,1.41L12,21l4.59-4.59L15.17,15 L12,18.17z\"><\/path><\/svg><\/span><h4 class=\"advgb-accordion-header-title\" style=\"color:inherit\">Pol\u00edtica<\/h4><\/div><div class=\"advgb-accordion-body\" style=\"border-style:solid !important;border-width:1px !important;border-color:undefined !important;border-top:none !important;border-radius:2px !important\">\n<p>El prop\u00f3sito de esta pol\u00edtica es orientar a la junta en sus esfuerzos por reconocer a las personas que han hecho una contribuci\u00f3n distinguible en las vidas de las personas con discapacidades del desarrollo. La junta debe considerar, entre otros, los factores que se enumeran a continuaci\u00f3n para determinar a qui\u00e9n reconocer. La contribuci\u00f3n de la persona debe ser a lo largo de un per\u00edodo de tiempo sostenido, realizada dentro del \u00e1rea de influencia del centro y haber tenido un impacto positivo en las vidas de muchos consumidores. Adem\u00e1s, la persona debe ser muy estimada por sus pares. La junta puede optar por reconocer a las personas de la siguiente manera:<\/p>\n\n\n\n<ul class=\"wp-block-list\">\n<li>Otorgar una placa<\/li>\n\n\n\n<li>Aprobar una resoluci\u00f3n<\/li>\n\n\n\n<li>Enviar una carta<\/li>\n<\/ul>\n\n\n\n<p>El premio m\u00e1s alto es una placa, seguida de una resoluci\u00f3n y luego una carta.<\/p>\n<\/div><\/div>\n\n\n\n<div class=\"wp-block-advgb-accordion-item advgb-accordion-item\" style=\"margin-bottom:15px\"><div class=\"advgb-accordion-header\" style=\"background-color:#000;color:#eee;border-style:solid;border-width:1px;border-radius:2px\"><span class=\"advgb-accordion-header-icon\"><svg fill=\"#fff\" xmlns=\"http:\/\/www.w3.org\/2000\/svg\" width=\"24\" height=\"24\" viewbox=\"0 0 24 24\"><path fill=\"none\" d=\"M0,0h24v24H0V0z\"><\/path><path d=\"M12,5.83L15.17,9l1.41-1.41L12,3L7.41,7.59L8.83,9L12,5.83z M12,18.17L8.83,15l-1.41,1.41L12,21l4.59-4.59L15.17,15 L12,18.17z\"><\/path><\/svg><\/span><h4 class=\"advgb-accordion-header-title\" style=\"color:inherit\">Procedimiento<\/h4><\/div><div class=\"advgb-accordion-body\" style=\"border-style:solid !important;border-width:1px !important;border-color:undefined !important;border-top:none !important;border-radius:2px !important\">\n<p>The Community Relations Committee will determine those individuals that the board may consider to recognize.<\/p>\n\n\n<!---HOW TO SECTION-->\n\t<section class=\"howto list\">\n            <div class=\"container\">\n                <div class=\"how_to_cont\">\n\t\t\t\t\t                    <div class=\"row no-margin how_row\">\n\t\t\t\t\t\t\t\t\t\t\t\t\t<div class=\"number\">\n\t\t\t\t\t\t\t\t1\t\t\t\t\t\t\t<\/div>\n\t\t\t\t\t\t\t\t\t\t\t\t\t                        <div class=\"desc\">\n\t\t\t\t\t\t\t<h6 class=\"how_title\"><strong>El comit\u00e9 examina la solicitud<\/strong><\/h6>\t\t\t\t\t\t\t<p>El comit\u00e9 puede considerar la solicitud de reconocimiento presentada por una persona con conocimiento de las contribuciones de la persona. La solicitud debe estar completa y debe ir acompa\u00f1ada de una o m\u00e1s cartas de recomendaci\u00f3n.<\/p>\n                        <\/div>\n\t\t\t\t\t\t                    <\/div>\n\t\t\t\t\t                    <div class=\"row no-margin how_row\">\n\t\t\t\t\t\t\t\t\t\t\t\t\t<div class=\"number\">\n\t\t\t\t\t\t\t\t2\t\t\t\t\t\t\t<\/div>\n\t\t\t\t\t\t\t\t\t\t\t\t\t                        <div class=\"desc\">\n\t\t\t\t\t\t\t<h6 class=\"how_title\"><strong>El comit\u00e9 vota para reconocer a un individuo<\/strong><\/h6>\t\t\t\t\t\t\t<p>El comit\u00e9, a su discreci\u00f3n, podr\u00e1 recomendar a la junta en pleno que se reconozca la contribuci\u00f3n de la persona. La recomendaci\u00f3n del comit\u00e9 incluir\u00e1 el tipo de reconocimiento mencionado anteriormente.<\/p>\n                        <\/div>\n\t\t\t\t\t\t                    <\/div>\n\t\t\t\t\t                    <div class=\"row no-margin how_row\">\n\t\t\t\t\t\t\t\t\t\t\t\t\t<div class=\"number\">\n\t\t\t\t\t\t\t\t3\t\t\t\t\t\t\t<\/div>\n\t\t\t\t\t\t\t\t\t\t\t\t\t                        <div class=\"desc\">\n\t\t\t\t\t\t\t<h6 class=\"how_title\"><strong>La Junta aprueba una moci\u00f3n para reconocer a un individuo<\/strong><\/h6>\t\t\t\t\t\t\t<p>La junta, por mayor\u00eda de votos de los miembros presentes en una reuni\u00f3n programada regularmente, puede aprobar una moci\u00f3n para que el centro reconozca al individuo por sus contribuciones.<\/p>\n                        <\/div>\n\t\t\t\t\t\t                    <\/div>\n\t\t\t\t\t                <\/div>\n            <\/div>\n        <\/section>\n\n\n\n<div class=\"wp-block-buttons is-layout-flex wp-block-buttons-is-layout-flex\">\n<div class=\"wp-block-button\"><a class=\"wp-block-button__link wp-element-button\" href=\"https:\/\/www.nlacrc.org\/wp-content\/uploads\/2024\/10\/Board-Recognition-c5.-GCRC-6-14-2023.pdf\">Ver PDF de la Pol\u00edtica de Reconocimiento de la Junta Directiva<\/a><\/div>\n<\/div>\n<\/div><\/div>\n\n\n\n<div class=\"wp-block-advgb-accordion-item advgb-accordion-item\" style=\"margin-bottom:15px\"><div class=\"advgb-accordion-header\" style=\"background-color:#000;color:#eee;border-style:solid;border-width:1px;border-radius:2px\"><span class=\"advgb-accordion-header-icon\"><svg fill=\"#fff\" xmlns=\"http:\/\/www.w3.org\/2000\/svg\" width=\"24\" height=\"24\" viewbox=\"0 0 24 24\"><path fill=\"none\" d=\"M0,0h24v24H0V0z\"><\/path><path d=\"M12,5.83L15.17,9l1.41-1.41L12,3L7.41,7.59L8.83,9L12,5.83z M12,18.17L8.83,15l-1.41,1.41L12,21l4.59-4.59L15.17,15 L12,18.17z\"><\/path><\/svg><\/span><h4 class=\"advgb-accordion-header-title\" style=\"color:inherit\">Solicitudes de reconocimiento al premio al servicio comunitario Jynny Retzinger<\/h4><\/div><div class=\"advgb-accordion-body\" style=\"border-style:solid !important;border-width:1px !important;border-color:undefined !important;border-top:none !important;border-radius:2px !important\">\n<div class=\"wp-block-buttons is-layout-flex wp-block-buttons-is-layout-flex\">\n<div class=\"wp-block-button\"><a class=\"wp-block-button__link wp-element-button\" href=\"https:\/\/nlacrc.jotform.com\/242597547670974\">Nominaciones completas en l\u00ednea al premio Jynny Retzinger<\/a><\/div>\n\n\n\n<div class=\"wp-block-button\"><a class=\"wp-block-button__link wp-element-button\" href=\"https:\/\/nlacrc.jotform.com\/242597547670974\">PDF de la solicitud de reconocimiento de la junta<\/a><\/div>\n<\/div>\n<\/div><\/div>\n<\/div>\n<\/div>","protected":false},"excerpt":{"rendered":"\u00bfQu\u00e9 es la Junta Directiva del NLACRC? La Ley Lanterman exige que la junta de cada centro regional refleje la comunidad [\u2026]","protected":false},"author":3,"featured_media":0,"parent":36546,"menu_order":89,"comment_status":"closed","ping_status":"closed","template":"","meta":{"_acf_changed":false,"advgb_blocks_editor_width":"","advgb_blocks_columns_visual_guide":"","_EventAllDay":false,"_EventTimezone":"","_EventStartDate":"","_EventEndDate":"","_EventStartDateUTC":"","_EventEndDateUTC":"","_EventShowMap":false,"_EventShowMapLink":false,"_EventURL":"","_EventCost":"","_EventCostDescription":"","_EventCurrencySymbol":"","_EventCurrencyCode":"","_EventCurrencyPosition":"","_EventDateTimeSeparator":"","_EventTimeRangeSeparator":"","_EventOrganizerID":[],"_EventVenueID":[],"_OrganizerEmail":"","_OrganizerPhone":"","_OrganizerWebsite":"","_VenueAddress":"","_VenueCity":"","_VenueCountry":"","_VenueProvince":"","_VenueState":"","_VenueZip":"","_VenuePhone":"","_VenueURL":"","_VenueStateProvince":"","_VenueLat":"","_VenueLng":"","_VenueShowMap":false,"_VenueShowMapLink":false,"_tribe_blocks_recurrence_rules":"","_tribe_blocks_recurrence_description":"","_tribe_blocks_recurrence_exclusions":"","footnotes":""},"class_list":["post-36549","page","type-page","status-publish","hentry"],"acf":[],"yoast_head":"<!-- This site is optimized with the Yoast SEO plugin v26.4 - https:\/\/yoast.com\/wordpress\/plugins\/seo\/ -->\n<title>Board of Trustees -<\/title>\n<meta name=\"description\" content=\"Board of Trustees - What is the NLACRC Board of Trustees? The Lanterman Act requires each regional center board to reflect the community that it serves through its\" \/>\n<meta name=\"robots\" content=\"index, follow, max-snippet:-1, max-image-preview:large, max-video-preview:-1\" \/>\n<link rel=\"canonical\" href=\"https:\/\/nlacrc.org\/about-us\/public-meetings-governance\/board-of-trustees\/\" \/>\n<meta property=\"og:locale\" content=\"es_MX\" \/>\n<meta property=\"og:type\" content=\"article\" \/>\n<meta property=\"og:title\" content=\"Board of Trustees -\" \/>\n<meta property=\"og:description\" content=\"Board of Trustees - What is the NLACRC Board of Trustees? The Lanterman Act requires each regional center board to reflect the community that it serves through its\" \/>\n<meta property=\"og:url\" content=\"https:\/\/nlacrc.org\/about-us\/public-meetings-governance\/board-of-trustees\/\" \/>\n<meta property=\"og:site_name\" content=\"North Los Angeles County\" \/>\n<meta property=\"article:publisher\" content=\"https:\/\/www.facebook.com\/NLACRC\/\" \/>\n<meta property=\"article:modified_time\" content=\"2026-01-22T00:59:58+00:00\" \/>\n<meta name=\"twitter:card\" content=\"summary_large_image\" \/>\n<meta name=\"twitter:site\" content=\"@NLACRC\" \/>\n<meta name=\"twitter:label1\" content=\"Est. reading time\" \/>\n\t<meta name=\"twitter:data1\" content=\"3 minutos\" \/>\n<script type=\"application\/ld+json\" class=\"yoast-schema-graph\">{\"@context\":\"https:\/\/schema.org\",\"@graph\":[{\"@type\":\"WebPage\",\"@id\":\"https:\/\/nlacrc.org\/about-us\/public-meetings-governance\/board-of-trustees\/\",\"url\":\"https:\/\/nlacrc.org\/about-us\/public-meetings-governance\/board-of-trustees\/\",\"name\":\"Board of Trustees -\",\"isPartOf\":{\"@id\":\"https:\/\/www.nlacrc.org\/fa\/#website\"},\"datePublished\":\"2024-06-05T16:31:16+00:00\",\"dateModified\":\"2026-01-22T00:59:58+00:00\",\"description\":\"Board of Trustees - What is the NLACRC Board of Trustees? The Lanterman Act requires each regional center board to reflect the community that it serves through its\",\"breadcrumb\":{\"@id\":\"https:\/\/nlacrc.org\/about-us\/public-meetings-governance\/board-of-trustees\/#breadcrumb\"},\"inLanguage\":\"es\",\"potentialAction\":[{\"@type\":\"ReadAction\",\"target\":[\"https:\/\/nlacrc.org\/about-us\/public-meetings-governance\/board-of-trustees\/\"]}]},{\"@type\":\"BreadcrumbList\",\"@id\":\"https:\/\/nlacrc.org\/about-us\/public-meetings-governance\/board-of-trustees\/#breadcrumb\",\"itemListElement\":[{\"@type\":\"ListItem\",\"position\":1,\"name\":\"Home\",\"item\":\"https:\/\/www.nlacrc.org\/\"},{\"@type\":\"ListItem\",\"position\":2,\"name\":\"About Us\",\"item\":\"https:\/\/nlacrc.org\/es\/about-us\/\"},{\"@type\":\"ListItem\",\"position\":3,\"name\":\"Public Meetings, Governance\",\"item\":\"https:\/\/nlacrc.org\/es\/about-us\/public-meetings-governance\/\"},{\"@type\":\"ListItem\",\"position\":4,\"name\":\"Board of Trustees\"}]},{\"@type\":\"WebSite\",\"@id\":\"https:\/\/www.nlacrc.org\/fa\/#website\",\"url\":\"https:\/\/www.nlacrc.org\/fa\/\",\"name\":\"North Los Angeles County\",\"description\":\"Regional Center\",\"publisher\":{\"@id\":\"https:\/\/www.nlacrc.org\/fa\/#organization\"},\"potentialAction\":[{\"@type\":\"SearchAction\",\"target\":{\"@type\":\"EntryPoint\",\"urlTemplate\":\"https:\/\/www.nlacrc.org\/fa\/?s={search_term_string}\"},\"query-input\":{\"@type\":\"PropertyValueSpecification\",\"valueRequired\":true,\"valueName\":\"search_term_string\"}}],\"inLanguage\":\"es\"},{\"@type\":\"Organization\",\"@id\":\"https:\/\/www.nlacrc.org\/fa\/#organization\",\"name\":\"North Los Angeles County\",\"url\":\"https:\/\/www.nlacrc.org\/fa\/\",\"logo\":{\"@type\":\"ImageObject\",\"inLanguage\":\"es\",\"@id\":\"https:\/\/www.nlacrc.org\/fa\/#\/schema\/logo\/image\/\",\"url\":\"https:\/\/www.nlacrc.org\/wp-content\/uploads\/2024\/06\/logo.svg\",\"contentUrl\":\"https:\/\/www.nlacrc.org\/wp-content\/uploads\/2024\/06\/logo.svg\",\"width\":131,\"height\":130,\"caption\":\"North Los Angeles County\"},\"image\":{\"@id\":\"https:\/\/www.nlacrc.org\/fa\/#\/schema\/logo\/image\/\"},\"sameAs\":[\"https:\/\/www.facebook.com\/NLACRC\/\",\"https:\/\/x.com\/NLACRC\"]}]}<\/script>\n<!-- \/ Yoast SEO plugin. -->","yoast_head_json":{"title":"Board of Trustees -","description":"Board of Trustees - What is the NLACRC Board of Trustees? The Lanterman Act requires each regional center board to reflect the community that it serves through its","robots":{"index":"index","follow":"follow","max-snippet":"max-snippet:-1","max-image-preview":"max-image-preview:large","max-video-preview":"max-video-preview:-1"},"canonical":"https:\/\/nlacrc.org\/about-us\/public-meetings-governance\/board-of-trustees\/","og_locale":"es_MX","og_type":"article","og_title":"Board of Trustees -","og_description":"Board of Trustees - What is the NLACRC Board of Trustees? The Lanterman Act requires each regional center board to reflect the community that it serves through its","og_url":"https:\/\/nlacrc.org\/about-us\/public-meetings-governance\/board-of-trustees\/","og_site_name":"North Los Angeles County","article_publisher":"https:\/\/www.facebook.com\/NLACRC\/","article_modified_time":"2026-01-22T00:59:58+00:00","twitter_card":"summary_large_image","twitter_site":"@NLACRC","twitter_misc":{"Est. reading time":"3 minutos"},"schema":{"@context":"https:\/\/schema.org","@graph":[{"@type":"WebPage","@id":"https:\/\/nlacrc.org\/about-us\/public-meetings-governance\/board-of-trustees\/","url":"https:\/\/nlacrc.org\/about-us\/public-meetings-governance\/board-of-trustees\/","name":"Board of Trustees -","isPartOf":{"@id":"https:\/\/www.nlacrc.org\/fa\/#website"},"datePublished":"2024-06-05T16:31:16+00:00","dateModified":"2026-01-22T00:59:58+00:00","description":"Board of Trustees - What is the NLACRC Board of Trustees? The Lanterman Act requires each regional center board to reflect the community that it serves through its","breadcrumb":{"@id":"https:\/\/nlacrc.org\/about-us\/public-meetings-governance\/board-of-trustees\/#breadcrumb"},"inLanguage":"es","potentialAction":[{"@type":"ReadAction","target":["https:\/\/nlacrc.org\/about-us\/public-meetings-governance\/board-of-trustees\/"]}]},{"@type":"BreadcrumbList","@id":"https:\/\/nlacrc.org\/about-us\/public-meetings-governance\/board-of-trustees\/#breadcrumb","itemListElement":[{"@type":"ListItem","position":1,"name":"Home","item":"https:\/\/www.nlacrc.org\/"},{"@type":"ListItem","position":2,"name":"About Us","item":"https:\/\/nlacrc.org\/es\/about-us\/"},{"@type":"ListItem","position":3,"name":"Public Meetings, Governance","item":"https:\/\/nlacrc.org\/es\/about-us\/public-meetings-governance\/"},{"@type":"ListItem","position":4,"name":"Board of Trustees"}]},{"@type":"WebSite","@id":"https:\/\/www.nlacrc.org\/fa\/#website","url":"https:\/\/www.nlacrc.org\/fa\/","name":"Norte del condado de Los \u00c1ngeles","description":"Centro Regional","publisher":{"@id":"https:\/\/www.nlacrc.org\/fa\/#organization"},"potentialAction":[{"@type":"SearchAction","target":{"@type":"EntryPoint","urlTemplate":"https:\/\/www.nlacrc.org\/fa\/?s={search_term_string}"},"query-input":{"@type":"PropertyValueSpecification","valueRequired":true,"valueName":"search_term_string"}}],"inLanguage":"es"},{"@type":"Organization","@id":"https:\/\/www.nlacrc.org\/fa\/#organization","name":"Norte del condado de Los \u00c1ngeles","url":"https:\/\/www.nlacrc.org\/fa\/","logo":{"@type":"ImageObject","inLanguage":"es","@id":"https:\/\/www.nlacrc.org\/fa\/#\/schema\/logo\/image\/","url":"https:\/\/www.nlacrc.org\/wp-content\/uploads\/2024\/06\/logo.svg","contentUrl":"https:\/\/www.nlacrc.org\/wp-content\/uploads\/2024\/06\/logo.svg","width":131,"height":130,"caption":"North Los Angeles County"},"image":{"@id":"https:\/\/www.nlacrc.org\/fa\/#\/schema\/logo\/image\/"},"sameAs":["https:\/\/www.facebook.com\/NLACRC\/","https:\/\/x.com\/NLACRC"]}]}},"coauthors":[],"author_meta":{"author_link":"https:\/\/www.nlacrc.org\/es\/author\/planeteria\/","display_name":"planeteria"},"relative_dates":{"created":"Publicado 2 a\u00f1os hace","modified":"Actualizado 3 meses hace"},"absolute_dates":{"created":"Publicado el junio 5, 2024","modified":"Actualizado el enero 21, 2026"},"absolute_dates_time":{"created":"Publicado el junio 5, 2024 9:31 am","modified":"Actualizado el enero 21, 2026 4:59 pm"},"featured_img_caption":"","featured_img":false,"series_order":"","_links":{"self":[{"href":"https:\/\/www.nlacrc.org\/es\/wp-json\/wp\/v2\/pages\/36549","targetHints":{"allow":["GET"]}}],"collection":[{"href":"https:\/\/www.nlacrc.org\/es\/wp-json\/wp\/v2\/pages"}],"about":[{"href":"https:\/\/www.nlacrc.org\/es\/wp-json\/wp\/v2\/types\/page"}],"author":[{"embeddable":true,"href":"https:\/\/www.nlacrc.org\/es\/wp-json\/wp\/v2\/users\/3"}],"replies":[{"embeddable":true,"href":"https:\/\/www.nlacrc.org\/es\/wp-json\/wp\/v2\/comments?post=36549"}],"version-history":[{"count":6,"href":"https:\/\/www.nlacrc.org\/es\/wp-json\/wp\/v2\/pages\/36549\/revisions"}],"predecessor-version":[{"id":59318,"href":"https:\/\/www.nlacrc.org\/es\/wp-json\/wp\/v2\/pages\/36549\/revisions\/59318"}],"up":[{"embeddable":true,"href":"https:\/\/www.nlacrc.org\/es\/wp-json\/wp\/v2\/pages\/36546"}],"wp:attachment":[{"href":"https:\/\/www.nlacrc.org\/es\/wp-json\/wp\/v2\/media?parent=36549"}],"curies":[{"name":"wp","href":"https:\/\/api.w.org\/{rel}","templated":true}]}}