{"id":36544,"date":"2024-06-05T09:35:58","date_gmt":"2024-06-05T16:35:58","guid":{"rendered":"https:\/\/www.nlacrc.org\/?page_id=36544"},"modified":"2025-07-22T18:00:53","modified_gmt":"2025-07-23T01:00:53","slug":"regional-center-funding","status":"publish","type":"page","link":"https:\/\/www.nlacrc.org\/es\/about-us\/regional-center-funding\/","title":{"rendered":"Financiamiento del centro regional"},"content":{"rendered":"<figure class=\"wp-block-image aligncenter size-large\"><img loading=\"lazy\" decoding=\"async\" width=\"1024\" height=\"318\" src=\"https:\/\/www.nlacrc.org\/wp-content\/uploads\/2024\/06\/provider_and_kids_3-22_1_2200-1024x318.jpg\" alt=\"two providers with disabled kids around a table\" class=\"wp-image-40296\" srcset=\"https:\/\/www.nlacrc.org\/wp-content\/uploads\/2024\/06\/provider_and_kids_3-22_1_2200-1024x318.jpg 1024w, https:\/\/www.nlacrc.org\/wp-content\/uploads\/2024\/06\/provider_and_kids_3-22_1_2200-300x93.jpg 300w, https:\/\/www.nlacrc.org\/wp-content\/uploads\/2024\/06\/provider_and_kids_3-22_1_2200-768x238.jpg 768w, https:\/\/www.nlacrc.org\/wp-content\/uploads\/2024\/06\/provider_and_kids_3-22_1_2200-1536x477.jpg 1536w, https:\/\/www.nlacrc.org\/wp-content\/uploads\/2024\/06\/provider_and_kids_3-22_1_2200-2048x636.jpg 2048w, https:\/\/www.nlacrc.org\/wp-content\/uploads\/2024\/06\/provider_and_kids_3-22_1_2200-24x7.jpg 24w, https:\/\/www.nlacrc.org\/wp-content\/uploads\/2024\/06\/provider_and_kids_3-22_1_2200-36x11.jpg 36w, https:\/\/www.nlacrc.org\/wp-content\/uploads\/2024\/06\/provider_and_kids_3-22_1_2200-48x15.jpg 48w\" sizes=\"auto, (max-width: 1024px) 100vw, 1024px\" \/><\/figure>\n\n\n\n<p>El Centro Regional del Condado de North Los Angeles (NLACRC), al igual que todos los centros regionales, est\u00e1 financiado por el estado de California, espec\u00edficamente a trav\u00e9s del Departamento de Servicios de Desarrollo (DDS) del estado. El NLACRC es una corporaci\u00f3n privada sin fines de lucro que opera bajo un contrato anual con el DDS. Todos los fondos del centro regional provienen de sus impuestos.<\/p>\n\n\n\n<p>El dinero que recibe el NLACRC del DDS se denomina asignaci\u00f3n de contrato o presupuesto. El NLACRC recibe la asignaci\u00f3n preliminar del presupuesto en julio y luego recibe modificaciones peri\u00f3dicas al presupuesto durante todo el a\u00f1o. El presupuesto tiene dos \u201crecipientes\u201d de dinero:<\/p>\n\n\n\n<ol class=\"wp-block-list\">\n<li><strong>Operaciones,<\/strong> que paga el funcionamiento del centro regional (salarios de los empleados, beneficios y gastos operativos)<\/li>\n\n\n\n<li><strong>Compra de Servicio (POS)<\/strong> que paga los servicios y el soporte adquiridos para los consumidores elegibles.<\/li>\n<\/ol>\n\n\n\n<p>The Parental Fee Program was repealed effective July 1, 2025. As a result, families no longer will be assessed or charged fees under the Parental Fee Program for eligible 24-hour out-of-home care services provided on or after July 1, 2025.<br><br><strong>Informes<br><\/strong>There no longer is a requirement for regional centers to submit a monthly report to the Department listing new placements, terminated cases, and client deaths.<br><br><strong>Collection Activities<br><\/strong>The Department will continue monthly billing and collection efforts for outstanding and past due parental fees incurred up to and through June 30, 2025, consistent with the law through that date. The Department\u2019s Parental Fee Program staff may contact regional centers for information about families, as needed.<br><br><strong>Audit Activities<br><\/strong>For time periods after June 30, 2025, requirements related to the Parental Fee Program will no longer be part of the Department\u2019s Regional Center biennial audit protocol.<\/p>\n\n\n\n<p><br><a href=\"https:\/\/www.nlacrc.org\/wp-content\/uploads\/2025\/07\/d-2025-case-management-010-repeal-of-the-parental-fee-program.pdf\">Click here to learn more.<\/a><\/p>\n\n\n\n<p><\/p>","protected":false},"excerpt":{"rendered":"El Centro Regional del Norte de Los \u00c1ngeles (NLACRC), como todos los centros regionales, est\u00e1 financiado por el estado de California, espec\u00edficamente a trav\u00e9s de [\u2026]","protected":false},"author":3,"featured_media":0,"parent":36312,"menu_order":91,"comment_status":"closed","ping_status":"closed","template":"","meta":{"_acf_changed":false,"advgb_blocks_editor_width":"","advgb_blocks_columns_visual_guide":"","_EventAllDay":false,"_EventTimezone":"","_EventStartDate":"","_EventEndDate":"","_EventStartDateUTC":"","_EventEndDateUTC":"","_EventShowMap":false,"_EventShowMapLink":false,"_EventURL":"","_EventCost":"","_EventCostDescription":"","_EventCurrencySymbol":"","_EventCurrencyCode":"","_EventCurrencyPosition":"","_EventDateTimeSeparator":"","_EventTimeRangeSeparator":"","_EventOrganizerID":[],"_EventVenueID":[],"_OrganizerEmail":"","_OrganizerPhone":"","_OrganizerWebsite":"","_VenueAddress":"","_VenueCity":"","_VenueCountry":"","_VenueProvince":"","_VenueState":"","_VenueZip":"","_VenuePhone":"","_VenueURL":"","_VenueStateProvince":"","_VenueLat":"","_VenueLng":"","_VenueShowMap":false,"_VenueShowMapLink":false,"_tribe_blocks_recurrence_rules":"","_tribe_blocks_recurrence_description":"","_tribe_blocks_recurrence_exclusions":"","footnotes":""},"class_list":["post-36544","page","type-page","status-publish","hentry"],"acf":[],"yoast_head":"<!-- This site is optimized with the Yoast SEO plugin v26.4 - https:\/\/yoast.com\/wordpress\/plugins\/seo\/ -->\n<title>Regional Center Funding -<\/title>\n<meta name=\"description\" content=\"Regional Center Funding - North Los Angeles Country Regional Center (NLACRC), like all regional centers, is funded by the state of California, specifically through the State\" \/>\n<meta name=\"robots\" content=\"index, follow, max-snippet:-1, max-image-preview:large, max-video-preview:-1\" \/>\n<link rel=\"canonical\" href=\"https:\/\/www.nlacrc.org\/es\/about-us\/regional-center-funding\/\" \/>\n<meta property=\"og:locale\" content=\"es_MX\" \/>\n<meta property=\"og:type\" content=\"article\" \/>\n<meta property=\"og:title\" content=\"Regional Center Funding -\" \/>\n<meta property=\"og:description\" content=\"Regional Center Funding - North Los Angeles Country Regional Center (NLACRC), like all regional centers, is funded by the state of California, specifically through the State\" \/>\n<meta property=\"og:url\" content=\"https:\/\/www.nlacrc.org\/es\/about-us\/regional-center-funding\/\" \/>\n<meta property=\"og:site_name\" content=\"North Los Angeles County\" \/>\n<meta property=\"article:publisher\" content=\"https:\/\/www.facebook.com\/NLACRC\/\" \/>\n<meta property=\"article:modified_time\" content=\"2025-07-23T01:00:53+00:00\" \/>\n<meta property=\"og:image\" content=\"https:\/\/www.nlacrc.org\/wp-content\/uploads\/2024\/06\/provider_and_kids_3-22_1_2200-1024x318.jpg\" \/>\n<meta name=\"twitter:card\" content=\"summary_large_image\" \/>\n<meta name=\"twitter:site\" content=\"@NLACRC\" \/>\n<meta name=\"twitter:label1\" content=\"Est. reading time\" \/>\n\t<meta name=\"twitter:data1\" content=\"2 minutos\" \/>\n<script type=\"application\/ld+json\" class=\"yoast-schema-graph\">{\"@context\":\"https:\/\/schema.org\",\"@graph\":[{\"@type\":\"WebPage\",\"@id\":\"https:\/\/www.nlacrc.org\/about-us\/regional-center-funding\/\",\"url\":\"https:\/\/www.nlacrc.org\/about-us\/regional-center-funding\/\",\"name\":\"Regional Center Funding -\",\"isPartOf\":{\"@id\":\"https:\/\/www.nlacrc.org\/fa\/#website\"},\"primaryImageOfPage\":{\"@id\":\"https:\/\/www.nlacrc.org\/about-us\/regional-center-funding\/#primaryimage\"},\"image\":{\"@id\":\"https:\/\/www.nlacrc.org\/about-us\/regional-center-funding\/#primaryimage\"},\"thumbnailUrl\":\"https:\/\/www.nlacrc.org\/wp-content\/uploads\/2024\/06\/provider_and_kids_3-22_1_2200-1024x318.jpg\",\"datePublished\":\"2024-06-05T16:35:58+00:00\",\"dateModified\":\"2025-07-23T01:00:53+00:00\",\"description\":\"Regional Center Funding - North Los Angeles Country Regional Center (NLACRC), like all regional centers, is funded by the state of California, specifically through the State\",\"breadcrumb\":{\"@id\":\"https:\/\/www.nlacrc.org\/about-us\/regional-center-funding\/#breadcrumb\"},\"inLanguage\":\"es\",\"potentialAction\":[{\"@type\":\"ReadAction\",\"target\":[\"https:\/\/www.nlacrc.org\/about-us\/regional-center-funding\/\"]}]},{\"@type\":\"ImageObject\",\"inLanguage\":\"es\",\"@id\":\"https:\/\/www.nlacrc.org\/about-us\/regional-center-funding\/#primaryimage\",\"url\":\"https:\/\/www.nlacrc.org\/wp-content\/uploads\/2024\/06\/provider_and_kids_3-22_1_2200-1024x318.jpg\",\"contentUrl\":\"https:\/\/www.nlacrc.org\/wp-content\/uploads\/2024\/06\/provider_and_kids_3-22_1_2200-1024x318.jpg\"},{\"@type\":\"BreadcrumbList\",\"@id\":\"https:\/\/www.nlacrc.org\/about-us\/regional-center-funding\/#breadcrumb\",\"itemListElement\":[{\"@type\":\"ListItem\",\"position\":1,\"name\":\"Home\",\"item\":\"https:\/\/www.nlacrc.org\/\"},{\"@type\":\"ListItem\",\"position\":2,\"name\":\"About Us\",\"item\":\"https:\/\/nlacrc.org\/es\/about-us\/\"},{\"@type\":\"ListItem\",\"position\":3,\"name\":\"Regional Center Funding\"}]},{\"@type\":\"WebSite\",\"@id\":\"https:\/\/www.nlacrc.org\/fa\/#website\",\"url\":\"https:\/\/www.nlacrc.org\/fa\/\",\"name\":\"North Los Angeles County\",\"description\":\"Regional Center\",\"publisher\":{\"@id\":\"https:\/\/www.nlacrc.org\/fa\/#organization\"},\"potentialAction\":[{\"@type\":\"SearchAction\",\"target\":{\"@type\":\"EntryPoint\",\"urlTemplate\":\"https:\/\/www.nlacrc.org\/fa\/?s={search_term_string}\"},\"query-input\":{\"@type\":\"PropertyValueSpecification\",\"valueRequired\":true,\"valueName\":\"search_term_string\"}}],\"inLanguage\":\"es\"},{\"@type\":\"Organization\",\"@id\":\"https:\/\/www.nlacrc.org\/fa\/#organization\",\"name\":\"North Los Angeles County\",\"url\":\"https:\/\/www.nlacrc.org\/fa\/\",\"logo\":{\"@type\":\"ImageObject\",\"inLanguage\":\"es\",\"@id\":\"https:\/\/www.nlacrc.org\/fa\/#\/schema\/logo\/image\/\",\"url\":\"https:\/\/www.nlacrc.org\/wp-content\/uploads\/2024\/06\/logo.svg\",\"contentUrl\":\"https:\/\/www.nlacrc.org\/wp-content\/uploads\/2024\/06\/logo.svg\",\"width\":131,\"height\":130,\"caption\":\"North Los Angeles County\"},\"image\":{\"@id\":\"https:\/\/www.nlacrc.org\/fa\/#\/schema\/logo\/image\/\"},\"sameAs\":[\"https:\/\/www.facebook.com\/NLACRC\/\",\"https:\/\/x.com\/NLACRC\"]}]}<\/script>\n<!-- \/ Yoast SEO plugin. -->","yoast_head_json":{"title":"Regional Center Funding -","description":"Regional Center Funding - North Los Angeles Country Regional Center (NLACRC), like all regional centers, is funded by the state of California, specifically through the State","robots":{"index":"index","follow":"follow","max-snippet":"max-snippet:-1","max-image-preview":"max-image-preview:large","max-video-preview":"max-video-preview:-1"},"canonical":"https:\/\/www.nlacrc.org\/es\/about-us\/regional-center-funding\/","og_locale":"es_MX","og_type":"article","og_title":"Regional Center Funding -","og_description":"Regional Center Funding - North Los Angeles Country Regional Center (NLACRC), like all regional centers, is funded by the state of California, specifically through the State","og_url":"https:\/\/www.nlacrc.org\/es\/about-us\/regional-center-funding\/","og_site_name":"North Los Angeles County","article_publisher":"https:\/\/www.facebook.com\/NLACRC\/","article_modified_time":"2025-07-23T01:00:53+00:00","og_image":[{"url":"https:\/\/www.nlacrc.org\/wp-content\/uploads\/2024\/06\/provider_and_kids_3-22_1_2200-1024x318.jpg","type":"","width":"","height":""}],"twitter_card":"summary_large_image","twitter_site":"@NLACRC","twitter_misc":{"Est. reading time":"2 minutos"},"schema":{"@context":"https:\/\/schema.org","@graph":[{"@type":"WebPage","@id":"https:\/\/www.nlacrc.org\/about-us\/regional-center-funding\/","url":"https:\/\/www.nlacrc.org\/about-us\/regional-center-funding\/","name":"Regional Center Funding -","isPartOf":{"@id":"https:\/\/www.nlacrc.org\/fa\/#website"},"primaryImageOfPage":{"@id":"https:\/\/www.nlacrc.org\/about-us\/regional-center-funding\/#primaryimage"},"image":{"@id":"https:\/\/www.nlacrc.org\/about-us\/regional-center-funding\/#primaryimage"},"thumbnailUrl":"https:\/\/www.nlacrc.org\/wp-content\/uploads\/2024\/06\/provider_and_kids_3-22_1_2200-1024x318.jpg","datePublished":"2024-06-05T16:35:58+00:00","dateModified":"2025-07-23T01:00:53+00:00","description":"Regional Center Funding - North Los Angeles Country Regional Center (NLACRC), like all regional centers, is funded by the state of California, specifically through the State","breadcrumb":{"@id":"https:\/\/www.nlacrc.org\/about-us\/regional-center-funding\/#breadcrumb"},"inLanguage":"es","potentialAction":[{"@type":"ReadAction","target":["https:\/\/www.nlacrc.org\/about-us\/regional-center-funding\/"]}]},{"@type":"ImageObject","inLanguage":"es","@id":"https:\/\/www.nlacrc.org\/about-us\/regional-center-funding\/#primaryimage","url":"https:\/\/www.nlacrc.org\/wp-content\/uploads\/2024\/06\/provider_and_kids_3-22_1_2200-1024x318.jpg","contentUrl":"https:\/\/www.nlacrc.org\/wp-content\/uploads\/2024\/06\/provider_and_kids_3-22_1_2200-1024x318.jpg"},{"@type":"BreadcrumbList","@id":"https:\/\/www.nlacrc.org\/about-us\/regional-center-funding\/#breadcrumb","itemListElement":[{"@type":"ListItem","position":1,"name":"Home","item":"https:\/\/www.nlacrc.org\/"},{"@type":"ListItem","position":2,"name":"About Us","item":"https:\/\/nlacrc.org\/es\/about-us\/"},{"@type":"ListItem","position":3,"name":"Regional Center Funding"}]},{"@type":"WebSite","@id":"https:\/\/www.nlacrc.org\/fa\/#website","url":"https:\/\/www.nlacrc.org\/fa\/","name":"Norte del condado de Los \u00c1ngeles","description":"Centro Regional","publisher":{"@id":"https:\/\/www.nlacrc.org\/fa\/#organization"},"potentialAction":[{"@type":"SearchAction","target":{"@type":"EntryPoint","urlTemplate":"https:\/\/www.nlacrc.org\/fa\/?s={search_term_string}"},"query-input":{"@type":"PropertyValueSpecification","valueRequired":true,"valueName":"search_term_string"}}],"inLanguage":"es"},{"@type":"Organization","@id":"https:\/\/www.nlacrc.org\/fa\/#organization","name":"Norte del condado de Los \u00c1ngeles","url":"https:\/\/www.nlacrc.org\/fa\/","logo":{"@type":"ImageObject","inLanguage":"es","@id":"https:\/\/www.nlacrc.org\/fa\/#\/schema\/logo\/image\/","url":"https:\/\/www.nlacrc.org\/wp-content\/uploads\/2024\/06\/logo.svg","contentUrl":"https:\/\/www.nlacrc.org\/wp-content\/uploads\/2024\/06\/logo.svg","width":131,"height":130,"caption":"North Los Angeles County"},"image":{"@id":"https:\/\/www.nlacrc.org\/fa\/#\/schema\/logo\/image\/"},"sameAs":["https:\/\/www.facebook.com\/NLACRC\/","https:\/\/x.com\/NLACRC"]}]}},"coauthors":[],"author_meta":{"author_link":"https:\/\/www.nlacrc.org\/es\/author\/planeteria\/","display_name":"planeteria"},"relative_dates":{"created":"Publicado 2 a\u00f1os hace","modified":"Actualizado 9 meses hace"},"absolute_dates":{"created":"Publicado el junio 5, 2024","modified":"Actualizado el julio 22, 2025"},"absolute_dates_time":{"created":"Publicado el junio 5, 2024 9:35 am","modified":"Actualizado el julio 22, 2025 6:00 pm"},"featured_img_caption":"","featured_img":false,"series_order":"","_links":{"self":[{"href":"https:\/\/www.nlacrc.org\/es\/wp-json\/wp\/v2\/pages\/36544","targetHints":{"allow":["GET"]}}],"collection":[{"href":"https:\/\/www.nlacrc.org\/es\/wp-json\/wp\/v2\/pages"}],"about":[{"href":"https:\/\/www.nlacrc.org\/es\/wp-json\/wp\/v2\/types\/page"}],"author":[{"embeddable":true,"href":"https:\/\/www.nlacrc.org\/es\/wp-json\/wp\/v2\/users\/3"}],"replies":[{"embeddable":true,"href":"https:\/\/www.nlacrc.org\/es\/wp-json\/wp\/v2\/comments?post=36544"}],"version-history":[{"count":6,"href":"https:\/\/www.nlacrc.org\/es\/wp-json\/wp\/v2\/pages\/36544\/revisions"}],"predecessor-version":[{"id":56281,"href":"https:\/\/www.nlacrc.org\/es\/wp-json\/wp\/v2\/pages\/36544\/revisions\/56281"}],"up":[{"embeddable":true,"href":"https:\/\/www.nlacrc.org\/es\/wp-json\/wp\/v2\/pages\/36312"}],"wp:attachment":[{"href":"https:\/\/www.nlacrc.org\/es\/wp-json\/wp\/v2\/media?parent=36544"}],"curies":[{"name":"wp","href":"https:\/\/api.w.org\/{rel}","templated":true}]}}