{"id":36539,"date":"2024-06-05T09:34:41","date_gmt":"2024-06-05T16:34:41","guid":{"rendered":"https:\/\/www.nlacrc.org\/?page_id=36539"},"modified":"2024-08-20T14:59:38","modified_gmt":"2024-08-20T21:59:38","slug":"mission-vision-values","status":"publish","type":"page","link":"https:\/\/www.nlacrc.org\/es\/about-us\/mission-vision-values\/","title":{"rendered":"Misi\u00f3n, Visi\u00f3n, Valores"},"content":{"rendered":"<div class=\"wp-block-advgb-adv-tabs advgb-tabs-wrapper advgb-tab-horz-desktop advgb-tab-vert-tablet advgb-tab-stack-mobile advgb-tabs-5ce1758d-dd36-47cc-a688-45e61a14d63b\" data-tab-active=\"0\"><ul class=\"advgb-tabs-panel\"><li class=\"advgb-tab\" style=\"background-color:#e0e0e0;border-style:solid;border-width:1px;border-radius:10px\"><a id=\"\" href=\"#advgb-tabs-tab0\" style=\"color:#fff\"><span>Declaraci\u00f3n de misi\u00f3n<\/span><\/a><\/li><li class=\"advgb-tab\" style=\"background-color:#e0e0e0;border-style:solid;border-width:1px;border-radius:10px\"><a id=\"Visio\" href=\"#advgb-tabs-tab1\" style=\"color:#fff\"><span>Declaraci\u00f3n de visi\u00f3n<\/span><\/a><\/li><li class=\"advgb-tab\" style=\"background-color:#e0e0e0;border-style:solid;border-width:1px;border-radius:10px\"><a id=\"\" href=\"#advgb-tabs-tab2\" style=\"color:#fff\"><span>Valores<\/span><\/a><\/li><\/ul><div class=\"advgb-tab-body-wrapper\" style=\"border-style:solid;border-width:1px;border-radius:10px\">\n<div class=\"wp-block-advgb-tab advgb-tab-body-container\"><div class=\"advgb-tab-body-header advgb-tab-class-\">Declaraci\u00f3n de misi\u00f3n<\/div><div class=\"advgb-tab-_175d44-ce advgb-tab-body\" aria-labelledby=\"advgb-tabs-tab0\">\n<div class=\"wp-block-media-text is-stacked-on-mobile\"><figure class=\"wp-block-media-text__media\"><img loading=\"lazy\" decoding=\"async\" width=\"900\" height=\"600\" src=\"https:\/\/www.nlacrc.org\/wp-content\/uploads\/2024\/06\/Inclusivity_900.jpg\" alt=\"\" class=\"wp-image-37403 size-full\" srcset=\"https:\/\/www.nlacrc.org\/wp-content\/uploads\/2024\/06\/Inclusivity_900.jpg 900w, https:\/\/www.nlacrc.org\/wp-content\/uploads\/2024\/06\/Inclusivity_900-300x200.jpg 300w, https:\/\/www.nlacrc.org\/wp-content\/uploads\/2024\/06\/Inclusivity_900-768x512.jpg 768w, https:\/\/www.nlacrc.org\/wp-content\/uploads\/2024\/06\/Inclusivity_900-720x480.jpg 720w, https:\/\/www.nlacrc.org\/wp-content\/uploads\/2024\/06\/Inclusivity_900-600x400.jpg 600w, https:\/\/www.nlacrc.org\/wp-content\/uploads\/2024\/06\/Inclusivity_900-24x16.jpg 24w, https:\/\/www.nlacrc.org\/wp-content\/uploads\/2024\/06\/Inclusivity_900-36x24.jpg 36w, https:\/\/www.nlacrc.org\/wp-content\/uploads\/2024\/06\/Inclusivity_900-48x32.jpg 48w\" sizes=\"auto, (max-width: 900px) 100vw, 900px\" \/><\/figure><div class=\"wp-block-media-text__content\">\n<p><\/p>\n\n\n\n<h2 class=\"wp-block-heading\">Declaraci\u00f3n de misi\u00f3n<\/h2>\n\n\n\n<p>Nuestra Misi\u00f3n: qu\u00e9 hacemos y para qui\u00e9n: La misi\u00f3n de NLACRC es crear una comunidad (incluidas las familias) donde cada individuo con una discapacidad del desarrollo tenga la oportunidad de vivir una vida saludable, productiva e inclusiva.<\/p>\n<\/div><\/div>\n<\/div><\/div>\n\n\n\n<div class=\"wp-block-advgb-tab advgb-tab-body-container\"><div class=\"advgb-tab-body-header advgb-tab-class-Visio\">Declaraci\u00f3n de visi\u00f3n<\/div><div class=\"advgb-tab-_1faad4-75 advgb-tab-body\" aria-labelledby=\"advgb-tabs-tab1\">\n<div class=\"wp-block-media-text has-media-on-the-right is-stacked-on-mobile\"><div class=\"wp-block-media-text__content\">\n<h2 class=\"wp-block-heading\">Declaraci\u00f3n de visi\u00f3n<\/h2>\n\n\n\n<p>Nuestra visi\u00f3n: la diferencia que nos gustar\u00eda hacer en nuestro mundo: NLACRC empodera a las personas con discapacidades del desarrollo para que tengan oportunidades de alcanzar su m\u00e1ximo potencial en todos los aspectos de la vida.<\/p>\n<\/div><figure class=\"wp-block-media-text__media\"><img loading=\"lazy\" decoding=\"async\" width=\"900\" height=\"600\" src=\"https:\/\/www.nlacrc.org\/wp-content\/uploads\/2024\/06\/Vision_900.jpg\" alt=\"Two women gardening together\" class=\"wp-image-37439 size-full\" srcset=\"https:\/\/www.nlacrc.org\/wp-content\/uploads\/2024\/06\/Vision_900.jpg 900w, https:\/\/www.nlacrc.org\/wp-content\/uploads\/2024\/06\/Vision_900-300x200.jpg 300w, https:\/\/www.nlacrc.org\/wp-content\/uploads\/2024\/06\/Vision_900-768x512.jpg 768w, https:\/\/www.nlacrc.org\/wp-content\/uploads\/2024\/06\/Vision_900-720x480.jpg 720w, https:\/\/www.nlacrc.org\/wp-content\/uploads\/2024\/06\/Vision_900-600x400.jpg 600w, https:\/\/www.nlacrc.org\/wp-content\/uploads\/2024\/06\/Vision_900-24x16.jpg 24w, https:\/\/www.nlacrc.org\/wp-content\/uploads\/2024\/06\/Vision_900-36x24.jpg 36w, https:\/\/www.nlacrc.org\/wp-content\/uploads\/2024\/06\/Vision_900-48x32.jpg 48w\" sizes=\"auto, (max-width: 900px) 100vw, 900px\" \/><\/figure><\/div>\n<\/div><\/div>\n\n\n\n<div class=\"wp-block-advgb-tab advgb-tab-body-container\"><div class=\"advgb-tab-body-header advgb-tab-class-\">Valores<\/div><div class=\"advgb-tab-_3a7020-46 advgb-tab-body\" aria-labelledby=\"advgb-tabs-tab2\">\n<div class=\"wp-block-media-text is-stacked-on-mobile\"><figure class=\"wp-block-media-text__media\"><img loading=\"lazy\" decoding=\"async\" width=\"900\" height=\"600\" src=\"https:\/\/www.nlacrc.org\/wp-content\/uploads\/2024\/06\/Family_900.jpg\" alt=\"\" class=\"wp-image-37437 size-full\" srcset=\"https:\/\/www.nlacrc.org\/wp-content\/uploads\/2024\/06\/Family_900.jpg 900w, https:\/\/www.nlacrc.org\/wp-content\/uploads\/2024\/06\/Family_900-300x200.jpg 300w, https:\/\/www.nlacrc.org\/wp-content\/uploads\/2024\/06\/Family_900-768x512.jpg 768w, https:\/\/www.nlacrc.org\/wp-content\/uploads\/2024\/06\/Family_900-720x480.jpg 720w, https:\/\/www.nlacrc.org\/wp-content\/uploads\/2024\/06\/Family_900-600x400.jpg 600w, https:\/\/www.nlacrc.org\/wp-content\/uploads\/2024\/06\/Family_900-24x16.jpg 24w, https:\/\/www.nlacrc.org\/wp-content\/uploads\/2024\/06\/Family_900-36x24.jpg 36w, https:\/\/www.nlacrc.org\/wp-content\/uploads\/2024\/06\/Family_900-48x32.jpg 48w\" sizes=\"auto, (max-width: 900px) 100vw, 900px\" \/><\/figure><div class=\"wp-block-media-text__content\">\n<h2 class=\"wp-block-heading\">Declaraci\u00f3n de valores<\/h2>\n\n\n\n<p>Nuestros valores: las creencias que gu\u00edan nuestro trabajo y nuestras relaciones:<\/p>\n\n\n\n<div class=\"wp-block-advgb-list\"><ul class=\"advgblist-34fbfce1-cb65-43b9-a8ea-b3f0281d6153\">\n<li>Dignidad y respeto<\/li>\n\n\n\n<li>Inclusi\u00f3n y pertenencia<\/li>\n\n\n\n<li>Equidad<\/li>\n\n\n\n<li>Empoderamiento<\/li>\n\n\n\n<li>Creatividad e Innovaci\u00f3n<\/li>\n<\/ul><\/div>\n\n\n\n<p><\/p>\n<\/div><\/div>\n\n\n\n<div style=\"height:30px\" aria-hidden=\"true\" class=\"wp-block-spacer\"><\/div>\n\n\n\n<h2 class=\"wp-block-heading\">Valores<\/h2>\n\n\n\n<p>Respeto\/Dignidad \u2013 Las personas con discapacidades del desarrollo tienen antecedentes de recibir un trato que carec\u00eda de dignidad, lo que dio lugar a una legislaci\u00f3n que exige que las personas con discapacidades del desarrollo sean tratadas con dignidad como un derecho legal. El diccionario Merriam-Webster define \u201cdignidad\u201d como \u201cla cualidad de ser digno de honor o respeto\u201d. (\u201cDignity\u201d. Merriam-Webster.com. Merriam-Webster, nd Web. 20 de junio de 2018). En esencia, una violaci\u00f3n del derecho de una persona a la dignidad se relaciona con acciones que buscan disminuir el valor de esa persona.<\/p>\n\n\n\n<p><br>Inclusi\u00f3n\/Pertenencia \u2013 Nos esforzamos por lograr la inclusi\u00f3n de personas con discapacidades del desarrollo y sus familias en todos los aspectos de la vida diaria y por lograr una cultura de pertenencia dentro de nuestra organizaci\u00f3n.<\/p>\n\n\n\n<p><br>Equidad \u2013 Reconocemos que cada persona tiene diferentes circunstancias y necesidades y creemos en la igualdad de oportunidades para acceder a los servicios, participar en el empleo, participar en la comunidad; tambi\u00e9n, igualdad de oportunidades para que los miembros de diversas comunidades adquieran empleo en el Centro, se asocien con el Centro en los negocios e igualdad de oportunidades para que el personal se desarrolle profesionalmente y avance en la organizaci\u00f3n.<\/p>\n\n\n\n<p><br>Empoderamiento: Creemos en educar y defender a nuestra comunidad para que tomen decisiones informadas sobre sus vidas, aseguren los servicios que necesitan para lograr sus objetivos y protejan sus derechos.<\/p>\n\n\n\n<p><br>Creatividad\/Innovaci\u00f3n \u2013 Tendremos el coraje de fomentar ideas originales, ser creativos al encontrar soluciones, adoptar el uso de investigaciones y conocimientos de vanguardia y practicar la flexibilidad.<\/p>\n<\/div><\/div>\n<\/div><\/div>\n\n\n\n<p><\/p>\n<style class=\"advgb-styles-renderer\">.wp-block-advgb-list ul.advgblist-34fbfce1-cb65-43b9-a8ea-b3f0281d6153 > li{font-size:16px;}.wp-block-advgb-list ul.advgblist-34fbfce1-cb65-43b9-a8ea-b3f0281d6153 > li{font-size:16px;}.wp-block-advgb-list ul.advgblist-34fbfce1-cb65-43b9-a8ea-b3f0281d6153 > li{font-size:16px;}.advgb-tabs-5ce1758d-dd36-47cc-a688-45e61a14d63b ul.advgb-tabs-panel li.advgb-tab.advgb-tab-active {background-color:#5954d6 !important;color:#fff !important;}#advgb-tabs-5ce1758d-dd36-47cc-a688-45e61a14d63b .advgb-tab-body-header.header-active, .advgb-tabs-5ce1758d-dd36-47cc-a688-45e61a14d63b .advgb-tab-body-header.header-active{background-color:#5954d6 !important;color:#fff !important;}.wp-block-advgb-list ul.advgblist-34fbfce1-cb65-43b9-a8ea-b3f0281d6153 > li{font-size:16px;}<\/style>","protected":false},"excerpt":{"rendered":"","protected":false},"author":3,"featured_media":0,"parent":36312,"menu_order":93,"comment_status":"closed","ping_status":"closed","template":"","meta":{"_acf_changed":false,"advgb_blocks_editor_width":"","advgb_blocks_columns_visual_guide":"","_EventAllDay":false,"_EventTimezone":"","_EventStartDate":"","_EventEndDate":"","_EventStartDateUTC":"","_EventEndDateUTC":"","_EventShowMap":false,"_EventShowMapLink":false,"_EventURL":"","_EventCost":"","_EventCostDescription":"","_EventCurrencySymbol":"","_EventCurrencyCode":"","_EventCurrencyPosition":"","_EventDateTimeSeparator":"","_EventTimeRangeSeparator":"","_EventOrganizerID":[],"_EventVenueID":[],"_OrganizerEmail":"","_OrganizerPhone":"","_OrganizerWebsite":"","_VenueAddress":"","_VenueCity":"","_VenueCountry":"","_VenueProvince":"","_VenueState":"","_VenueZip":"","_VenuePhone":"","_VenueURL":"","_VenueStateProvince":"","_VenueLat":"","_VenueLng":"","_VenueShowMap":false,"_VenueShowMapLink":false,"_tribe_blocks_recurrence_rules":"","_tribe_blocks_recurrence_description":"","_tribe_blocks_recurrence_exclusions":"","footnotes":""},"class_list":["post-36539","page","type-page","status-publish","hentry"],"acf":[],"yoast_head":"<!-- This site is optimized with the Yoast SEO plugin v26.4 - https:\/\/yoast.com\/wordpress\/plugins\/seo\/ -->\n<title>Mission, Vision, Values -<\/title>\n<meta name=\"description\" content=\"Mission, Vision, Values - Mission StatementVision StatementValues Mission Statement Mission Statement Our Mission\u2013what we do and for whom: NLACRC\u2019s mission is to create a community\" \/>\n<meta name=\"robots\" content=\"index, follow, max-snippet:-1, max-image-preview:large, max-video-preview:-1\" \/>\n<link rel=\"canonical\" href=\"https:\/\/nlacrc.org\/about-us\/mission-vision-values\/\" \/>\n<meta property=\"og:locale\" content=\"es_MX\" \/>\n<meta property=\"og:type\" content=\"article\" \/>\n<meta property=\"og:title\" content=\"Mission, Vision, Values -\" \/>\n<meta property=\"og:description\" content=\"Mission, Vision, Values - Mission StatementVision StatementValues Mission Statement Mission Statement Our Mission\u2013what we do and for whom: NLACRC\u2019s mission is to create a community\" \/>\n<meta property=\"og:url\" content=\"https:\/\/nlacrc.org\/about-us\/mission-vision-values\/\" \/>\n<meta property=\"og:site_name\" content=\"North Los Angeles County\" \/>\n<meta property=\"article:publisher\" content=\"https:\/\/www.facebook.com\/NLACRC\/\" \/>\n<meta property=\"article:modified_time\" content=\"2024-08-20T21:59:38+00:00\" \/>\n<meta property=\"og:image\" content=\"https:\/\/www.nlacrc.org\/wp-content\/uploads\/2024\/06\/Inclusivity_900.jpg\" \/>\n<meta name=\"twitter:card\" content=\"summary_large_image\" \/>\n<meta name=\"twitter:site\" content=\"@NLACRC\" \/>\n<meta name=\"twitter:label1\" content=\"Est. reading time\" \/>\n\t<meta name=\"twitter:data1\" content=\"3 minutos\" \/>\n<script type=\"application\/ld+json\" class=\"yoast-schema-graph\">{\"@context\":\"https:\/\/schema.org\",\"@graph\":[{\"@type\":\"WebPage\",\"@id\":\"https:\/\/nlacrc.org\/about-us\/mission-vision-values\/\",\"url\":\"https:\/\/nlacrc.org\/about-us\/mission-vision-values\/\",\"name\":\"Mission, Vision, Values -\",\"isPartOf\":{\"@id\":\"https:\/\/www.nlacrc.org\/fa\/#website\"},\"primaryImageOfPage\":{\"@id\":\"https:\/\/nlacrc.org\/about-us\/mission-vision-values\/#primaryimage\"},\"image\":{\"@id\":\"https:\/\/nlacrc.org\/about-us\/mission-vision-values\/#primaryimage\"},\"thumbnailUrl\":\"https:\/\/www.nlacrc.org\/wp-content\/uploads\/2024\/06\/Inclusivity_900.jpg\",\"datePublished\":\"2024-06-05T16:34:41+00:00\",\"dateModified\":\"2024-08-20T21:59:38+00:00\",\"description\":\"Mission, Vision, Values - Mission StatementVision StatementValues Mission Statement Mission Statement Our Mission\u2013what we do and for whom: NLACRC\u2019s mission is to create a community\",\"breadcrumb\":{\"@id\":\"https:\/\/nlacrc.org\/about-us\/mission-vision-values\/#breadcrumb\"},\"inLanguage\":\"es\",\"potentialAction\":[{\"@type\":\"ReadAction\",\"target\":[\"https:\/\/nlacrc.org\/about-us\/mission-vision-values\/\"]}]},{\"@type\":\"ImageObject\",\"inLanguage\":\"es\",\"@id\":\"https:\/\/nlacrc.org\/about-us\/mission-vision-values\/#primaryimage\",\"url\":\"https:\/\/www.nlacrc.org\/wp-content\/uploads\/2024\/06\/Inclusivity_900.jpg\",\"contentUrl\":\"https:\/\/www.nlacrc.org\/wp-content\/uploads\/2024\/06\/Inclusivity_900.jpg\"},{\"@type\":\"BreadcrumbList\",\"@id\":\"https:\/\/nlacrc.org\/about-us\/mission-vision-values\/#breadcrumb\",\"itemListElement\":[{\"@type\":\"ListItem\",\"position\":1,\"name\":\"Home\",\"item\":\"https:\/\/www.nlacrc.org\/\"},{\"@type\":\"ListItem\",\"position\":2,\"name\":\"About Us\",\"item\":\"https:\/\/nlacrc.org\/es\/about-us\/\"},{\"@type\":\"ListItem\",\"position\":3,\"name\":\"Mission, Vision, Values\"}]},{\"@type\":\"WebSite\",\"@id\":\"https:\/\/www.nlacrc.org\/fa\/#website\",\"url\":\"https:\/\/www.nlacrc.org\/fa\/\",\"name\":\"North Los Angeles County\",\"description\":\"Regional Center\",\"publisher\":{\"@id\":\"https:\/\/www.nlacrc.org\/fa\/#organization\"},\"potentialAction\":[{\"@type\":\"SearchAction\",\"target\":{\"@type\":\"EntryPoint\",\"urlTemplate\":\"https:\/\/www.nlacrc.org\/fa\/?s={search_term_string}\"},\"query-input\":{\"@type\":\"PropertyValueSpecification\",\"valueRequired\":true,\"valueName\":\"search_term_string\"}}],\"inLanguage\":\"es\"},{\"@type\":\"Organization\",\"@id\":\"https:\/\/www.nlacrc.org\/fa\/#organization\",\"name\":\"North Los Angeles County\",\"url\":\"https:\/\/www.nlacrc.org\/fa\/\",\"logo\":{\"@type\":\"ImageObject\",\"inLanguage\":\"es\",\"@id\":\"https:\/\/www.nlacrc.org\/fa\/#\/schema\/logo\/image\/\",\"url\":\"https:\/\/www.nlacrc.org\/wp-content\/uploads\/2024\/06\/logo.svg\",\"contentUrl\":\"https:\/\/www.nlacrc.org\/wp-content\/uploads\/2024\/06\/logo.svg\",\"width\":131,\"height\":130,\"caption\":\"North Los Angeles County\"},\"image\":{\"@id\":\"https:\/\/www.nlacrc.org\/fa\/#\/schema\/logo\/image\/\"},\"sameAs\":[\"https:\/\/www.facebook.com\/NLACRC\/\",\"https:\/\/x.com\/NLACRC\"]}]}<\/script>\n<!-- \/ Yoast SEO plugin. -->","yoast_head_json":{"title":"Mission, Vision, Values -","description":"Mission, Vision, Values - Mission StatementVision StatementValues Mission Statement Mission Statement Our Mission\u2013what we do and for whom: NLACRC\u2019s mission is to create a community","robots":{"index":"index","follow":"follow","max-snippet":"max-snippet:-1","max-image-preview":"max-image-preview:large","max-video-preview":"max-video-preview:-1"},"canonical":"https:\/\/nlacrc.org\/about-us\/mission-vision-values\/","og_locale":"es_MX","og_type":"article","og_title":"Mission, Vision, Values -","og_description":"Mission, Vision, Values - Mission StatementVision StatementValues Mission Statement Mission Statement Our Mission\u2013what we do and for whom: NLACRC\u2019s mission is to create a community","og_url":"https:\/\/nlacrc.org\/about-us\/mission-vision-values\/","og_site_name":"North Los Angeles County","article_publisher":"https:\/\/www.facebook.com\/NLACRC\/","article_modified_time":"2024-08-20T21:59:38+00:00","og_image":[{"url":"https:\/\/www.nlacrc.org\/wp-content\/uploads\/2024\/06\/Inclusivity_900.jpg","type":"","width":"","height":""}],"twitter_card":"summary_large_image","twitter_site":"@NLACRC","twitter_misc":{"Est. reading time":"3 minutos"},"schema":{"@context":"https:\/\/schema.org","@graph":[{"@type":"WebPage","@id":"https:\/\/nlacrc.org\/about-us\/mission-vision-values\/","url":"https:\/\/nlacrc.org\/about-us\/mission-vision-values\/","name":"Mission, Vision, Values -","isPartOf":{"@id":"https:\/\/www.nlacrc.org\/fa\/#website"},"primaryImageOfPage":{"@id":"https:\/\/nlacrc.org\/about-us\/mission-vision-values\/#primaryimage"},"image":{"@id":"https:\/\/nlacrc.org\/about-us\/mission-vision-values\/#primaryimage"},"thumbnailUrl":"https:\/\/www.nlacrc.org\/wp-content\/uploads\/2024\/06\/Inclusivity_900.jpg","datePublished":"2024-06-05T16:34:41+00:00","dateModified":"2024-08-20T21:59:38+00:00","description":"Mission, Vision, Values - Mission StatementVision StatementValues Mission Statement Mission Statement Our Mission\u2013what we do and for whom: NLACRC\u2019s mission is to create a community","breadcrumb":{"@id":"https:\/\/nlacrc.org\/about-us\/mission-vision-values\/#breadcrumb"},"inLanguage":"es","potentialAction":[{"@type":"ReadAction","target":["https:\/\/nlacrc.org\/about-us\/mission-vision-values\/"]}]},{"@type":"ImageObject","inLanguage":"es","@id":"https:\/\/nlacrc.org\/about-us\/mission-vision-values\/#primaryimage","url":"https:\/\/www.nlacrc.org\/wp-content\/uploads\/2024\/06\/Inclusivity_900.jpg","contentUrl":"https:\/\/www.nlacrc.org\/wp-content\/uploads\/2024\/06\/Inclusivity_900.jpg"},{"@type":"BreadcrumbList","@id":"https:\/\/nlacrc.org\/about-us\/mission-vision-values\/#breadcrumb","itemListElement":[{"@type":"ListItem","position":1,"name":"Home","item":"https:\/\/www.nlacrc.org\/"},{"@type":"ListItem","position":2,"name":"About Us","item":"https:\/\/nlacrc.org\/es\/about-us\/"},{"@type":"ListItem","position":3,"name":"Mission, Vision, Values"}]},{"@type":"WebSite","@id":"https:\/\/www.nlacrc.org\/fa\/#website","url":"https:\/\/www.nlacrc.org\/fa\/","name":"Norte del condado de Los \u00c1ngeles","description":"Centro Regional","publisher":{"@id":"https:\/\/www.nlacrc.org\/fa\/#organization"},"potentialAction":[{"@type":"SearchAction","target":{"@type":"EntryPoint","urlTemplate":"https:\/\/www.nlacrc.org\/fa\/?s={search_term_string}"},"query-input":{"@type":"PropertyValueSpecification","valueRequired":true,"valueName":"search_term_string"}}],"inLanguage":"es"},{"@type":"Organization","@id":"https:\/\/www.nlacrc.org\/fa\/#organization","name":"Norte del condado de Los \u00c1ngeles","url":"https:\/\/www.nlacrc.org\/fa\/","logo":{"@type":"ImageObject","inLanguage":"es","@id":"https:\/\/www.nlacrc.org\/fa\/#\/schema\/logo\/image\/","url":"https:\/\/www.nlacrc.org\/wp-content\/uploads\/2024\/06\/logo.svg","contentUrl":"https:\/\/www.nlacrc.org\/wp-content\/uploads\/2024\/06\/logo.svg","width":131,"height":130,"caption":"North Los Angeles County"},"image":{"@id":"https:\/\/www.nlacrc.org\/fa\/#\/schema\/logo\/image\/"},"sameAs":["https:\/\/www.facebook.com\/NLACRC\/","https:\/\/x.com\/NLACRC"]}]}},"coauthors":[],"author_meta":{"author_link":"https:\/\/www.nlacrc.org\/es\/author\/planeteria\/","display_name":"planeteria"},"relative_dates":{"created":"Publicado 2 a\u00f1os hace","modified":"Actualizado 2 a\u00f1os hace"},"absolute_dates":{"created":"Publicado el junio 5, 2024","modified":"Actualizado el agosto 20, 2024"},"absolute_dates_time":{"created":"Publicado el junio 5, 2024 9:34 am","modified":"Actualizado el agosto 20, 2024 2:59 pm"},"featured_img_caption":"","featured_img":false,"series_order":"","_links":{"self":[{"href":"https:\/\/www.nlacrc.org\/es\/wp-json\/wp\/v2\/pages\/36539","targetHints":{"allow":["GET"]}}],"collection":[{"href":"https:\/\/www.nlacrc.org\/es\/wp-json\/wp\/v2\/pages"}],"about":[{"href":"https:\/\/www.nlacrc.org\/es\/wp-json\/wp\/v2\/types\/page"}],"author":[{"embeddable":true,"href":"https:\/\/www.nlacrc.org\/es\/wp-json\/wp\/v2\/users\/3"}],"replies":[{"embeddable":true,"href":"https:\/\/www.nlacrc.org\/es\/wp-json\/wp\/v2\/comments?post=36539"}],"version-history":[{"count":5,"href":"https:\/\/www.nlacrc.org\/es\/wp-json\/wp\/v2\/pages\/36539\/revisions"}],"predecessor-version":[{"id":45874,"href":"https:\/\/www.nlacrc.org\/es\/wp-json\/wp\/v2\/pages\/36539\/revisions\/45874"}],"up":[{"embeddable":true,"href":"https:\/\/www.nlacrc.org\/es\/wp-json\/wp\/v2\/pages\/36312"}],"wp:attachment":[{"href":"https:\/\/www.nlacrc.org\/es\/wp-json\/wp\/v2\/media?parent=36539"}],"curies":[{"name":"wp","href":"https:\/\/api.w.org\/{rel}","templated":true}]}}